{"id":4179,"date":"2014-12-18T11:14:25","date_gmt":"2014-12-18T13:14:25","guid":{"rendered":"https:\/\/wp.ufpel.edu.br\/esa\/?page_id=4179"},"modified":"2024-10-29T15:48:33","modified_gmt":"2024-10-29T18:48:33","slug":"curriculo-do-curso","status":"publish","type":"page","link":"https:\/\/wp.ufpel.edu.br\/esa\/curriculo-do-curso\/","title":{"rendered":"Curr\u00edculo do Curso"},"content":{"rendered":"<p><a href=\"https:\/\/wp.ufpel.edu.br\/esa\/files\/2022\/03\/curriculo_curso_6200-versao-4.pdf\">curriculo_curso_6200 &#8211; vers\u00e3o 4 (ingressantes anteriores a 2018)<\/a><\/p>\n<p><a href=\"https:\/\/wp.ufpel.edu.br\/esa\/files\/2023\/07\/curriculo_curso_6200-versao-5.pdf\">curriculo_curso_6200 &#8211; vers\u00e3o 5<\/a> (ingressantes ap\u00f3s 2018)<\/p>\n<p><a href=\"https:\/\/wp.ufpel.edu.br\/esa\/files\/2024\/09\/curriculo_curso_6200-versao-6.pdf\">curriculo_curso_6200 &#8211; vers\u00e3o 6<\/a> (ingressantes a partir de 2022)<\/p>\n<p><a href=\"https:\/\/wp.ufpel.edu.br\/esa\/files\/2024\/10\/Cobalto-Cursos-_-Cadastros-_-Equivalencias-_-Editar-_-Engenharia-Ambiental-e-Sanitaria-1.pdf\">Lista_de_equival\u00eancias_curr\u00edculo 6<\/a><\/p>\n<p>&nbsp;<\/p>\n","protected":false},"excerpt":{"rendered":"<p>curriculo_curso_6200 &#8211; vers\u00e3o 4 (ingressantes anteriores a 2018) curriculo_curso_6200 &#8211; vers\u00e3o 5 (ingressantes ap\u00f3s 2018) curriculo_curso_6200 &#8211; vers\u00e3o 6 (ingressantes a partir de 2022) Lista_de_equival\u00eancias_curr\u00edculo 6 &nbsp;<\/p>\n","protected":false},"author":36,"featured_media":0,"parent":0,"menu_order":0,"comment_status":"closed","ping_status":"closed","template":"","meta":{"footnotes":""},"class_list":["post-4179","page","type-page","status-publish","hentry"],"_links":{"self":[{"href":"https:\/\/wp.ufpel.edu.br\/esa\/wp-json\/wp\/v2\/pages\/4179","targetHints":{"allow":["GET"]}}],"collection":[{"href":"https:\/\/wp.ufpel.edu.br\/esa\/wp-json\/wp\/v2\/pages"}],"about":[{"href":"https:\/\/wp.ufpel.edu.br\/esa\/wp-json\/wp\/v2\/types\/page"}],"author":[{"embeddable":true,"href":"https:\/\/wp.ufpel.edu.br\/esa\/wp-json\/wp\/v2\/users\/36"}],"replies":[{"embeddable":true,"href":"https:\/\/wp.ufpel.edu.br\/esa\/wp-json\/wp\/v2\/comments?post=4179"}],"version-history":[{"count":9,"href":"https:\/\/wp.ufpel.edu.br\/esa\/wp-json\/wp\/v2\/pages\/4179\/revisions"}],"predecessor-version":[{"id":7645,"href":"https:\/\/wp.ufpel.edu.br\/esa\/wp-json\/wp\/v2\/pages\/4179\/revisions\/7645"}],"wp:attachment":[{"href":"https:\/\/wp.ufpel.edu.br\/esa\/wp-json\/wp\/v2\/media?parent=4179"}],"curies":[{"name":"wp","href":"https:\/\/api.w.org\/{rel}","templated":true}]}}