{"id":4054,"date":"2021-07-26T13:59:20","date_gmt":"2021-07-26T16:59:20","guid":{"rendered":"https:\/\/wp.ufpel.edu.br\/esa\/?page_id=4054"},"modified":"2024-11-14T16:07:32","modified_gmt":"2024-11-14T19:07:32","slug":"horarios-201402","status":"publish","type":"page","link":"https:\/\/wp.ufpel.edu.br\/esa\/horarios-201402\/","title":{"rendered":"Hor\u00e1rios e Salas 2024\/2"},"content":{"rendered":"<p><strong>HOR\u00c1RIOS e salas 2024\/2<\/strong><\/p>\n<p>Recados importantes sobre as ofertas e reofertas de 2024\/2:<\/p>\n<p>&#8211; At\u00e9 o 6\u00ba semestre, foram ofertadas e reofertadas, majoritariamente, as disciplinas do novo curr\u00edculo (tarde e noite). Alunos de curr\u00edculos anteriores que precisam de disciplinas de algum desses semestres poder\u00e3o se matricular nas disciplinas equivalentes entre os curr\u00edculos.<\/p>\n<p>&#8211; At\u00e9 o 6\u00ba semestre, tamb\u00e9m foram ofertadas e reofertadas disciplinas dos curr\u00edculos anteriores (manh\u00e3 e tarde) que n\u00e3o fazem mais parte do novo curr\u00edculo.<\/p>\n<p>&#8211; A partir do 7\u00ba semestre, foram ofertadas prioritariamente as disciplinas do curr\u00edculo antigo.<\/p>\n<p>&#8211; Alunos que desejam se matricular na disciplina optativa 15000005 -Mec\u00e2nica dos Solos dever\u00e3o se matricular na disciplina 15000872 &#8211; Mec\u00e2nica dos Solos I da Engenharia Agr\u00edcola no per\u00edodo de <strong>MATR\u00cdCULA ESPECIAL<\/strong> e solicitar aproveitamento posteriormente.<\/p>\n<p>&#8211; A disciplina de TCC ser\u00e1 ofertada de acordo com as novas diretrizes da UFPel, conforme novo PPC do curso. Desta forma, no per\u00edodo de matr\u00edculas, o aluno dever\u00e1 se matricular cuidadosamente no n\u00famero da turma correspondente ao professor orientador, atentando para o limite de vagas determinado por cada professor.<\/p>\n<p><a href=\"https:\/\/wp.ufpel.edu.br\/esa\/files\/2024\/11\/Horarios-EAS-2024-02-com-salas-e-turmas-9.pdf\">Hor\u00e1rios EAS 2024-02 (com salas e turmas)<\/a><\/p>\n","protected":false},"excerpt":{"rendered":"<p>HOR\u00c1RIOS e salas 2024\/2 Recados importantes sobre as ofertas e reofertas de 2024\/2: &#8211; At\u00e9 o 6\u00ba semestre, foram ofertadas e reofertadas, majoritariamente, as disciplinas do novo curr\u00edculo (tarde e noite). Alunos de curr\u00edculos anteriores que precisam de disciplinas de algum desses semestres poder\u00e3o se matricular nas disciplinas equivalentes entre os curr\u00edculos. &#8211; At\u00e9 o [&hellip;]<\/p>\n","protected":false},"author":36,"featured_media":0,"parent":0,"menu_order":0,"comment_status":"closed","ping_status":"closed","template":"","meta":{"footnotes":""},"class_list":["post-4054","page","type-page","status-publish","hentry"],"_links":{"self":[{"href":"https:\/\/wp.ufpel.edu.br\/esa\/wp-json\/wp\/v2\/pages\/4054","targetHints":{"allow":["GET"]}}],"collection":[{"href":"https:\/\/wp.ufpel.edu.br\/esa\/wp-json\/wp\/v2\/pages"}],"about":[{"href":"https:\/\/wp.ufpel.edu.br\/esa\/wp-json\/wp\/v2\/types\/page"}],"author":[{"embeddable":true,"href":"https:\/\/wp.ufpel.edu.br\/esa\/wp-json\/wp\/v2\/users\/36"}],"replies":[{"embeddable":true,"href":"https:\/\/wp.ufpel.edu.br\/esa\/wp-json\/wp\/v2\/comments?post=4054"}],"version-history":[{"count":76,"href":"https:\/\/wp.ufpel.edu.br\/esa\/wp-json\/wp\/v2\/pages\/4054\/revisions"}],"predecessor-version":[{"id":7664,"href":"https:\/\/wp.ufpel.edu.br\/esa\/wp-json\/wp\/v2\/pages\/4054\/revisions\/7664"}],"wp:attachment":[{"href":"https:\/\/wp.ufpel.edu.br\/esa\/wp-json\/wp\/v2\/media?parent=4054"}],"curies":[{"name":"wp","href":"https:\/\/api.w.org\/{rel}","templated":true}]}}