{"id":3923,"date":"2014-10-02T10:29:21","date_gmt":"2014-10-02T13:29:21","guid":{"rendered":"https:\/\/wp.ufpel.edu.br\/esa\/?page_id=3923"},"modified":"2014-10-09T10:43:17","modified_gmt":"2014-10-09T13:43:17","slug":"tcc-20141","status":"publish","type":"page","link":"https:\/\/wp.ufpel.edu.br\/esa\/tc\/tcc-20141\/","title":{"rendered":"TCC 2014\/1"},"content":{"rendered":"<p>1 &#8211; NOME: <strong>Bruno Lopes<\/strong> &#8211; T\u00cdTULO:<strong>\u00a0Efici\u00eancia de Coagulantes na Remo\u00e7\u00e3o de Diferentes Concentra\u00e7\u00f5es de Ferro e Mangan\u00eas para ETA Terras Baixas<\/strong> &#8211; \u00a0<a href=\"https:\/\/wp.ufpel.edu.br\/esa\/files\/2014\/10\/TCC-BRUNO-LOPES.pdf\">TCC BRUNO LOPES<\/a><\/p>\n<p>2 &#8211; NOME:\u00a0<strong>Carolina Couto<\/strong> &#8211; T\u00cdTULO:\u00a0<strong>Estimativa do Poder Calor\u00edfico de Madeiras de Ac\u00e1cia-Negra e Eucalipto do Munic\u00edpio de Pelotas &#8211; RS &#8211;\u00a0<\/strong><a href=\"https:\/\/wp.ufpel.edu.br\/esa\/files\/2014\/10\/TCC-CAROLINA-COUTO.pdf\">TCC CAROLINA COUTO<\/a><strong>\u00a0<\/strong><\/p>\n<p>3 &#8211; NOME: <strong>Edenara Marco<\/strong>\u00a0 &#8211; T\u00cdTULO:\u00a0<strong>Estudo do Plano de Gerenciamento Integrado de Res\u00edduos S\u00f3lidos do Munic\u00edpio de Cotipor\u00e3 &#8211; RS &#8211;\u00a0<\/strong><a href=\"https:\/\/wp.ufpel.edu.br\/esa\/files\/2014\/10\/TCC-EDENARA-MARCO.pdf\">TCC EDENARA MARCO<\/a><\/p>\n<p>4 &#8211; NOME: <strong>Heron Pereira<\/strong> &#8211; T\u00cdTULO:\u00a0<strong>Estudo da Caracteriza\u00e7\u00e3o do Efluente do Campus Universit\u00e1rio Cap\u00e3o do Le\u00e3o e Possibilidade de Re\u00faso &#8211;\u00a0<\/strong><a href=\"https:\/\/wp.ufpel.edu.br\/esa\/files\/2014\/10\/TCC-HERON-PEREIRA.pdf\">TCC HERON PEREIRA<\/a><\/p>\n<p>5 &#8211; NOME: <strong>Marcus Pilotto<\/strong> &#8211; T\u00cdTULO:\u00a0<strong>Compostagem dos Res\u00edduos de Filetagem da Atividade Pesqueira da Col\u00f4nia de Pescadores Z3, Pelotas \u2013 RS &#8211;\u00a0<\/strong><a href=\"https:\/\/wp.ufpel.edu.br\/esa\/files\/2014\/10\/TCC-MARCUS-PILOTTO.pdf\">TCC MARCUS PILOTTO<\/a><\/p>\n<p>6 &#8211; NOME: <strong>Mariel Lapa &#8211; <\/strong>T\u00cdTULO<strong>:\u00a0Avalia\u00e7\u00e3o Ecotoxicol\u00f3gica de Solos Impactados com Borra Oleosa Submetidos a Diferentes Tratamentos de Biorremedia\u00e7\u00e3o &#8211;\u00a0<\/strong><a href=\"https:\/\/wp.ufpel.edu.br\/esa\/files\/2014\/10\/TCC-MARIEL-LAPA.pdf\">TCC MARIEL LAPA<\/a><\/p>\n<p>7 &#8211; NOME: <strong>Vanderleia Sinhor &#8211; <\/strong>T\u00cdTULO:<strong>\u00a0Separa\u00e7\u00e3o de Biomassa Microalgal Gerada no Tratamento de Efluente &#8211;\u00a0<\/strong><a href=\"https:\/\/wp.ufpel.edu.br\/esa\/files\/2014\/10\/TCC-VANDERLEIA-SINHOR.pdf\">TCC VANDERLEIA SINHOR<\/a><\/p>\n","protected":false},"excerpt":{"rendered":"<p>1 &#8211; NOME: Bruno Lopes &#8211; T\u00cdTULO:\u00a0Efici\u00eancia de Coagulantes na Remo\u00e7\u00e3o de Diferentes Concentra\u00e7\u00f5es de Ferro e Mangan\u00eas para ETA Terras Baixas &#8211; \u00a0TCC BRUNO LOPES 2 &#8211; NOME:\u00a0Carolina Couto &#8211; T\u00cdTULO:\u00a0Estimativa do Poder Calor\u00edfico de Madeiras de Ac\u00e1cia-Negra e Eucalipto do Munic\u00edpio de Pelotas &#8211; RS &#8211;\u00a0TCC CAROLINA COUTO\u00a0 3 &#8211; NOME: Edenara Marco\u00a0 [&hellip;]<\/p>\n","protected":false},"author":36,"featured_media":0,"parent":29,"menu_order":2,"comment_status":"closed","ping_status":"closed","template":"","meta":{"footnotes":""},"class_list":["post-3923","page","type-page","status-publish","hentry"],"_links":{"self":[{"href":"https:\/\/wp.ufpel.edu.br\/esa\/wp-json\/wp\/v2\/pages\/3923","targetHints":{"allow":["GET"]}}],"collection":[{"href":"https:\/\/wp.ufpel.edu.br\/esa\/wp-json\/wp\/v2\/pages"}],"about":[{"href":"https:\/\/wp.ufpel.edu.br\/esa\/wp-json\/wp\/v2\/types\/page"}],"author":[{"embeddable":true,"href":"https:\/\/wp.ufpel.edu.br\/esa\/wp-json\/wp\/v2\/users\/36"}],"replies":[{"embeddable":true,"href":"https:\/\/wp.ufpel.edu.br\/esa\/wp-json\/wp\/v2\/comments?post=3923"}],"version-history":[{"count":9,"href":"https:\/\/wp.ufpel.edu.br\/esa\/wp-json\/wp\/v2\/pages\/3923\/revisions"}],"predecessor-version":[{"id":3939,"href":"https:\/\/wp.ufpel.edu.br\/esa\/wp-json\/wp\/v2\/pages\/3923\/revisions\/3939"}],"up":[{"embeddable":true,"href":"https:\/\/wp.ufpel.edu.br\/esa\/wp-json\/wp\/v2\/pages\/29"}],"wp:attachment":[{"href":"https:\/\/wp.ufpel.edu.br\/esa\/wp-json\/wp\/v2\/media?parent=3923"}],"curies":[{"name":"wp","href":"https:\/\/api.w.org\/{rel}","templated":true}]}}