{"id":3200,"date":"2013-10-22T12:00:11","date_gmt":"2013-10-22T14:00:11","guid":{"rendered":"https:\/\/wp.ufpel.edu.br\/esa\/?page_id=3200"},"modified":"2014-10-30T10:40:42","modified_gmt":"2014-10-30T12:40:42","slug":"2013-2","status":"publish","type":"page","link":"https:\/\/wp.ufpel.edu.br\/esa\/tc\/2013-2\/","title":{"rendered":"TCC 2013\/2"},"content":{"rendered":"<p>1- NOME: <strong>C\u00e1tia Vieira \u00a0&#8211;\u00a0<\/strong>T\u00cdTULO: <strong>An\u00e1lise do Manejo dos Res\u00edduos de Servi\u00e7os de Sa\u00fade em Unidade B\u00e1sica de Sa\u00fade Vinculada a uma Institui\u00e7\u00e3o de Ensino Superior \u00a0&#8211;\u00a0<\/strong><span style=\"color: #000000\"><a href=\"https:\/\/wp.ufpel.edu.br\/esa\/files\/2013\/10\/TCC-CATIA-VIEIRA.pdf\"><span style=\"color: #000000\">TCC CATIA VIEIRA<\/span><\/a><\/span><\/p>\n<p>2- NOME: <strong>Daiane Casarin &#8211;\u00a0<\/strong>T\u00cdTULO: <strong>Diagn\u00f3stico dos Res\u00edduos S\u00f3lidos Urbanos no Munic\u00edpio de Morro Redondo\/RS &#8211; \u00a0<\/strong><span style=\"color: #000000\"><a href=\"https:\/\/wp.ufpel.edu.br\/esa\/files\/2013\/10\/TCC_DAIANE-CASARIN.pdf\"><span style=\"color: #000000\">TCC DAIANE CASARIN<\/span><\/a><\/span><\/p>\n<p>3- NOME:\u00a0<strong>Eveline Araujo &#8211;\u00a0<\/strong>T\u00cdTULO:\u00a0<strong>Avalia\u00e7\u00e3o dos Res\u00edduos Gerados no Processo Produtivo de Pescado na Col\u00f4nia de Pescadores Z3, Pelotas &#8211; RS<\/strong>\u00a0&#8211; \u00a0<span style=\"color: #000000\"><a href=\"https:\/\/wp.ufpel.edu.br\/esa\/files\/2013\/10\/TCC-EVELINE-ARAUJO3.pdf\"><span style=\"color: #000000\">TCC EVELINE ARAUJO<\/span><\/a><\/span><\/p>\n<p>4- NOME: <strong>Henrique Hansmann &#8211;\u00a0<\/strong>T\u00cdTULO:\u00a0<strong>Descri\u00e7\u00e3o e Caracteriza\u00e7\u00e3o das Principais Enchentes e Alagamentos de Pelotas-RS<\/strong>\u00a0 &#8211; \u00a0<span style=\"color: #000000\"><a href=\"https:\/\/wp.ufpel.edu.br\/esa\/files\/2013\/10\/TCC-HENRIQUE-HANSMANN1.pdf\"><span style=\"color: #000000\">TCC HENRIQUE HANSMANN<\/span><\/a><\/span><\/p>\n<p>5- NOME: <strong>Jaqueline Almeida \u00a0&#8211;\u00a0<\/strong>T\u00cdTULO:\u00a0<strong>Avalia\u00e7\u00e3o do \u00cdndice de Qualidade da \u00c1gua\u00a0na Lagoa dos Patos \u00a0&#8211;<\/strong>\u00a0 <span style=\"color: #000000\"><a href=\"https:\/\/wp.ufpel.edu.br\/esa\/files\/2013\/10\/TCC-JAQUELINE-ALMEIDA.pdf\"><span style=\"color: #000000\">TCC JAQUELINE ALMEIDA<\/span><\/a><\/span><\/p>\n<p>6- NOME: <strong>Tiago Sena \u00a0&#8211;\u00a0<\/strong>T\u00cdTULO:<strong>\u00a0Levantamento dos Res\u00edduos S\u00f3lidos Gerados em uma\u00a0Empresa de Refino de Petr\u00f3leo &#8211;\u00a0<\/strong><span style=\"color: #000000\"><a href=\"https:\/\/wp.ufpel.edu.br\/esa\/files\/2013\/10\/TCC-TIAGO-SENA2.pdf\"><span style=\"color: #000000\">TCC TIAGO SENA<\/span><\/a><\/span><\/p>\n<p>7- NOME: <strong>V\u00e2nia Pereira \u00a0&#8211;\u00a0<\/strong>T\u00cdTULO:\u00a0<strong>Estudos dos Aspectos Socioambientais e Parasitol\u00f3gicos de Catadores de Material Recicl\u00e1vel que Trabalham em uma Associa\u00e7\u00e3o no Munic\u00edpio de Pelotas &#8211; RS<\/strong>\u00a0&#8211;\u00a0<span style=\"color: #000000\"><a href=\"https:\/\/wp.ufpel.edu.br\/esa\/files\/2013\/10\/TCC-Vania.pdf\"><span style=\"color: #000000\">TCC V\u00c2NIA PEREIRA<\/span><\/a><\/span><\/p>\n","protected":false},"excerpt":{"rendered":"<p>1- NOME: C\u00e1tia Vieira \u00a0&#8211;\u00a0T\u00cdTULO: An\u00e1lise do Manejo dos Res\u00edduos de Servi\u00e7os de Sa\u00fade em Unidade B\u00e1sica de Sa\u00fade Vinculada a uma Institui\u00e7\u00e3o de Ensino Superior \u00a0&#8211;\u00a0TCC CATIA VIEIRA 2- NOME: Daiane Casarin &#8211;\u00a0T\u00cdTULO: Diagn\u00f3stico dos Res\u00edduos S\u00f3lidos Urbanos no Munic\u00edpio de Morro Redondo\/RS &#8211; \u00a0TCC DAIANE CASARIN 3- NOME:\u00a0Eveline Araujo &#8211;\u00a0T\u00cdTULO:\u00a0Avalia\u00e7\u00e3o dos Res\u00edduos Gerados [&hellip;]<\/p>\n","protected":false},"author":36,"featured_media":0,"parent":29,"menu_order":1,"comment_status":"closed","ping_status":"open","template":"","meta":{"footnotes":""},"class_list":["post-3200","page","type-page","status-publish","hentry"],"_links":{"self":[{"href":"https:\/\/wp.ufpel.edu.br\/esa\/wp-json\/wp\/v2\/pages\/3200","targetHints":{"allow":["GET"]}}],"collection":[{"href":"https:\/\/wp.ufpel.edu.br\/esa\/wp-json\/wp\/v2\/pages"}],"about":[{"href":"https:\/\/wp.ufpel.edu.br\/esa\/wp-json\/wp\/v2\/types\/page"}],"author":[{"embeddable":true,"href":"https:\/\/wp.ufpel.edu.br\/esa\/wp-json\/wp\/v2\/users\/36"}],"replies":[{"embeddable":true,"href":"https:\/\/wp.ufpel.edu.br\/esa\/wp-json\/wp\/v2\/comments?post=3200"}],"version-history":[{"count":70,"href":"https:\/\/wp.ufpel.edu.br\/esa\/wp-json\/wp\/v2\/pages\/3200\/revisions"}],"predecessor-version":[{"id":3993,"href":"https:\/\/wp.ufpel.edu.br\/esa\/wp-json\/wp\/v2\/pages\/3200\/revisions\/3993"}],"up":[{"embeddable":true,"href":"https:\/\/wp.ufpel.edu.br\/esa\/wp-json\/wp\/v2\/pages\/29"}],"wp:attachment":[{"href":"https:\/\/wp.ufpel.edu.br\/esa\/wp-json\/wp\/v2\/media?parent=3200"}],"curies":[{"name":"wp","href":"https:\/\/api.w.org\/{rel}","templated":true}]}}