{"id":32,"date":"2009-12-03T14:18:08","date_gmt":"2009-12-03T16:18:08","guid":{"rendered":"https:\/\/wp.ufpel.edu.br\/esa\/?page_id=32"},"modified":"2013-08-01T13:19:59","modified_gmt":"2013-08-01T16:19:59","slug":"eventos","status":"publish","type":"page","link":"https:\/\/wp.ufpel.edu.br\/esa\/eventos\/","title":{"rendered":"Eventos Acad\u00eamicos"},"content":{"rendered":"<p>A IV Semana Acad\u00eamica do Curso de Engenharia Sanit\u00e1ria e Ambiental ocorrer\u00e1 em junho de 2013. O tema ser\u00e1 Desenvolvimento Profissional: Saneamento e Meio Ambiente. Em breve maiores informa\u00e7\u00f5es.<\/p>\n<p>Vinculado a IV Semana Acad\u00eamica da Engenharia Sanit\u00e1ria e Ambiental vai ser realizada a I Mostra de Produ\u00e7\u00e3o Acad\u00eamica do Curso. Os resumos devem se enquadrar nos seguintes eixos tem\u00e1ticos: saneamento e meio ambiente. Os trabalhos devem ser de autoria dos discentes do Curso da ESA e suas propostas devem ser enviadas no formato PDF na data estabelecida para o e-mail saesa.ufpel@gmail.com, de acordo com o modelo de resumo (Anexo I). As propostas ser\u00e3o submetidas \u00e0 avalia\u00e7\u00e3o dos professores do Curso da ESA.<\/p>\n<p>Para maiores informa\u00e7\u00f5es, acesse o edital:<\/p>\n<p><a href=\"https:\/\/wp.ufpel.edu.br\/esa\/files\/2009\/12\/EDITAL-MOSTRA-IV-SAESA.pdf\">EDITAL-MOSTRA IV SAESA<\/a><\/p>\n<p><a href=\"https:\/\/wp.ufpel.edu.br\/esa\/files\/2009\/12\/Poster2.jpg\"><img src=\"https:\/\/wp.ufpel.edu.br\/esa\/files\/2009\/12\/Poster2-628x1024.jpg\" alt=\"\" width=\"628\" height=\"1024\" class=\"aligncenter size-large wp-image-2955\" srcset=\"https:\/\/wp.ufpel.edu.br\/esa\/files\/2009\/12\/Poster2-628x1024.jpg 628w, https:\/\/wp.ufpel.edu.br\/esa\/files\/2009\/12\/Poster2-92x150.jpg 92w, https:\/\/wp.ufpel.edu.br\/esa\/files\/2009\/12\/Poster2-184x300.jpg 184w\" sizes=\"(max-width: 628px) 100vw, 628px\" \/><\/a><\/p>\n<p>Pagamento: Banco Santander<br \/>\nAg\u00eancia: 1145 CC: 01018343-5<br \/>\nEncaminhar comprovante para o e-mail saesa.ufpel@gmail.com com nome completo e n\u00famero de matricula.<\/p>\n<p>&nbsp;<\/p>\n<ul>\n<li><strong><a href=\"https:\/\/wp.ufpel.edu.br\/esa\/semanaacademica\/i-semana-academica\/\">I Semana Acad\u00eamica<\/a><\/strong><\/li>\n<li><strong><a href=\"https:\/\/wp.ufpel.edu.br\/esa\/semanaacademica\/ii-semana-academica\/\">II Semana Acad\u00eamica<\/a><\/strong><\/li>\n<li><strong><a href=\"https:\/\/wp.ufpel.edu.br\/esa\/semanaacademica\/iii-semana-academica\/\">III Semana Acad\u00eamica<\/a><\/strong><\/li>\n<\/ul>\n","protected":false},"excerpt":{"rendered":"<p>A IV Semana Acad\u00eamica do Curso de Engenharia Sanit\u00e1ria e Ambiental ocorrer\u00e1 em junho de 2013. O tema ser\u00e1 Desenvolvimento Profissional: Saneamento e Meio Ambiente. Em breve maiores informa\u00e7\u00f5es. Vinculado a IV Semana Acad\u00eamica da Engenharia Sanit\u00e1ria e Ambiental vai ser realizada a I Mostra de Produ\u00e7\u00e3o Acad\u00eamica do Curso. Os resumos devem se enquadrar [&hellip;]<\/p>\n","protected":false},"author":36,"featured_media":0,"parent":0,"menu_order":5,"comment_status":"closed","ping_status":"closed","template":"","meta":{"footnotes":""},"class_list":["post-32","page","type-page","status-publish","hentry"],"_links":{"self":[{"href":"https:\/\/wp.ufpel.edu.br\/esa\/wp-json\/wp\/v2\/pages\/32","targetHints":{"allow":["GET"]}}],"collection":[{"href":"https:\/\/wp.ufpel.edu.br\/esa\/wp-json\/wp\/v2\/pages"}],"about":[{"href":"https:\/\/wp.ufpel.edu.br\/esa\/wp-json\/wp\/v2\/types\/page"}],"author":[{"embeddable":true,"href":"https:\/\/wp.ufpel.edu.br\/esa\/wp-json\/wp\/v2\/users\/36"}],"replies":[{"embeddable":true,"href":"https:\/\/wp.ufpel.edu.br\/esa\/wp-json\/wp\/v2\/comments?post=32"}],"version-history":[{"count":90,"href":"https:\/\/wp.ufpel.edu.br\/esa\/wp-json\/wp\/v2\/pages\/32\/revisions"}],"predecessor-version":[{"id":3097,"href":"https:\/\/wp.ufpel.edu.br\/esa\/wp-json\/wp\/v2\/pages\/32\/revisions\/3097"}],"wp:attachment":[{"href":"https:\/\/wp.ufpel.edu.br\/esa\/wp-json\/wp\/v2\/media?parent=32"}],"curies":[{"name":"wp","href":"https:\/\/api.w.org\/{rel}","templated":true}]}}