{"id":3188,"date":"2017-10-15T09:46:55","date_gmt":"2017-10-15T11:46:55","guid":{"rendered":"https:\/\/wp.ufpel.edu.br\/esa\/?page_id=3188"},"modified":"2023-06-22T15:32:40","modified_gmt":"2023-06-22T18:32:40","slug":"documentos","status":"publish","type":"page","link":"https:\/\/wp.ufpel.edu.br\/esa\/colegiado\/documentos\/","title":{"rendered":"Documentos"},"content":{"rendered":"<p><em><strong>Documentos Gerais<\/strong><\/em><\/p>\n<p><a href=\"https:\/\/wp.ufpel.edu.br\/esa\/files\/2013\/10\/Formul\u00e1rio-Aproveitamento-de-Disciplina_2013.pdf\">* Formul\u00e1rio-Aproveitamento-de-Disciplina_<\/a><\/p>\n<p><a href=\"https:\/\/wp.ufpel.edu.br\/esa\/colegiado\/documentos\/quebra-de-pre-requisito-2\/\" rel=\"attachment wp-att-6310\">Quebra-de-Pr\u00e9-requisito<\/a><\/p>\n<p><a href=\"https:\/\/wp.ufpel.edu.br\/esa\/colegiado\/documentos\/recurso-quebra-de-pre-requisito\/\" rel=\"attachment wp-att-6311\">Recurso-Quebra-de-Pr\u00e9-requisito<\/a><\/p>\n<p>&nbsp;<\/p>\n<p><em><strong>Documentos para as Matr\u00edculas<\/strong><\/em><\/p>\n<p><a href=\"https:\/\/wp.ufpel.edu.br\/esa\/files\/2018\/08\/procura\u00e7\u00e3o.docx\">\u00a0* Modelo de procura\u00e7\u00e3o para as Matr\u00edculas<\/a><\/p>\n<p>&nbsp;<\/p>\n<p><em><strong>Trancamentos de disciplinas e curso<\/strong><\/em><\/p>\n<p>&nbsp;<\/p>\n<p><a href=\"https:\/\/wp.ufpel.edu.br\/cra\/informacoes-academicas\/trancamentos\/\">https:\/\/wp.ufpel.edu.br\/cra\/informacoes-academicas\/trancamentos\/<\/a><\/p>\n<p>&nbsp;<\/p>\n","protected":false},"excerpt":{"rendered":"<p>Documentos Gerais * Formul\u00e1rio-Aproveitamento-de-Disciplina_ Quebra-de-Pr\u00e9-requisito Recurso-Quebra-de-Pr\u00e9-requisito &nbsp; Documentos para as Matr\u00edculas \u00a0* Modelo de procura\u00e7\u00e3o para as Matr\u00edculas &nbsp; Trancamentos de disciplinas e curso &nbsp; https:\/\/wp.ufpel.edu.br\/cra\/informacoes-academicas\/trancamentos\/ &nbsp;<\/p>\n","protected":false},"author":36,"featured_media":0,"parent":2911,"menu_order":0,"comment_status":"closed","ping_status":"closed","template":"","meta":{"footnotes":""},"class_list":["post-3188","page","type-page","status-publish","hentry"],"_links":{"self":[{"href":"https:\/\/wp.ufpel.edu.br\/esa\/wp-json\/wp\/v2\/pages\/3188","targetHints":{"allow":["GET"]}}],"collection":[{"href":"https:\/\/wp.ufpel.edu.br\/esa\/wp-json\/wp\/v2\/pages"}],"about":[{"href":"https:\/\/wp.ufpel.edu.br\/esa\/wp-json\/wp\/v2\/types\/page"}],"author":[{"embeddable":true,"href":"https:\/\/wp.ufpel.edu.br\/esa\/wp-json\/wp\/v2\/users\/36"}],"replies":[{"embeddable":true,"href":"https:\/\/wp.ufpel.edu.br\/esa\/wp-json\/wp\/v2\/comments?post=3188"}],"version-history":[{"count":20,"href":"https:\/\/wp.ufpel.edu.br\/esa\/wp-json\/wp\/v2\/pages\/3188\/revisions"}],"predecessor-version":[{"id":3445,"href":"https:\/\/wp.ufpel.edu.br\/esa\/wp-json\/wp\/v2\/pages\/3188\/revisions\/3445"}],"up":[{"embeddable":true,"href":"https:\/\/wp.ufpel.edu.br\/esa\/wp-json\/wp\/v2\/pages\/2911"}],"wp:attachment":[{"href":"https:\/\/wp.ufpel.edu.br\/esa\/wp-json\/wp\/v2\/media?parent=3188"}],"curies":[{"name":"wp","href":"https:\/\/api.w.org\/{rel}","templated":true}]}}