{"id":3101,"date":"2013-08-01T13:59:26","date_gmt":"2013-08-01T16:59:26","guid":{"rendered":"https:\/\/wp.ufpel.edu.br\/esa\/?page_id=3101"},"modified":"2013-08-01T14:01:14","modified_gmt":"2013-08-01T17:01:14","slug":"i-mostra-academica-de-alunos","status":"publish","type":"page","link":"https:\/\/wp.ufpel.edu.br\/esa\/eventos\/i-mostra-academica-de-alunos\/","title":{"rendered":"I Mostra Acad\u00eamica"},"content":{"rendered":"<p>Juntamente com a IV Semana Acad\u00eamica ocorreu a I Mostra Acad\u00eamica de alunos do curso de Engenharia Ambiental e Sanit\u00e1ria.<br \/>\n<a href=\"https:\/\/wp.ufpel.edu.br\/esa\/2013\/05\/04\/iv-semana-academica\/banner5-copy-2\/\" rel=\"attachment wp-att-2959\"><img src=\"https:\/\/wp.ufpel.edu.br\/esa\/files\/2013\/05\/banner5-copy-1024x738.jpg\" alt=\"banner5 copy\" width=\"590\" height=\"425\" class=\"aligncenter size-large wp-image-2959\" srcset=\"https:\/\/wp.ufpel.edu.br\/esa\/files\/2013\/05\/banner5-copy-1024x738.jpg 1024w, https:\/\/wp.ufpel.edu.br\/esa\/files\/2013\/05\/banner5-copy-150x108.jpg 150w, https:\/\/wp.ufpel.edu.br\/esa\/files\/2013\/05\/banner5-copy-300x216.jpg 300w\" sizes=\"(max-width: 590px) 100vw, 590px\" \/><\/a><\/p>\n<p>No final das apresenta\u00e7\u00f5es a &#8220;banca mediadora&#8221; composta pelas professoras Andr\u00e9a Castro e Adriana Manetti escolheram o melhor trabalho.<\/p>\n<p>No total foram 9 apresenta\u00e7\u00f5es sobre diversos temas:<br \/>\nAna Luisa Lopes da Cunha Ferr\u00e3o &#8211; Caracteriza\u00e7\u00e3o da gera\u00e7\u00e3o de res\u00edduos s\u00f3lidos em um meio de hospedagem no munic\u00edpio de Pelotas \u2013 RS.<br \/>\n<a href=\"https:\/\/wp.ufpel.edu.br\/esa\/i-mostra-academica-de-alunos\/ana-luisa\/\" rel=\"attachment wp-att-3103\"><img src=\"https:\/\/wp.ufpel.edu.br\/esa\/files\/2013\/08\/ana-luisa.jpg\" alt=\"ana luisa\" width=\"800\" height=\"530\" class=\"aligncenter size-full wp-image-3103\" srcset=\"https:\/\/wp.ufpel.edu.br\/esa\/files\/2013\/08\/ana-luisa.jpg 800w, https:\/\/wp.ufpel.edu.br\/esa\/files\/2013\/08\/ana-luisa-150x99.jpg 150w, https:\/\/wp.ufpel.edu.br\/esa\/files\/2013\/08\/ana-luisa-300x198.jpg 300w\" sizes=\"(max-width: 800px) 100vw, 800px\" \/><\/a><\/p>\n<p>Bianca Peruchin &#8211; Analise do gerenciamento de res\u00edduos s\u00f3lidos de um restaurante universit\u00e1rio.<br \/>\n<a href=\"https:\/\/wp.ufpel.edu.br\/esa\/i-mostra-academica-de-alunos\/bianca\/\" rel=\"attachment wp-att-3104\"><img src=\"https:\/\/wp.ufpel.edu.br\/esa\/files\/2013\/08\/bianca.jpg\" alt=\"bianca\" width=\"800\" height=\"530\" class=\"aligncenter size-full wp-image-3104\" srcset=\"https:\/\/wp.ufpel.edu.br\/esa\/files\/2013\/08\/bianca.jpg 800w, https:\/\/wp.ufpel.edu.br\/esa\/files\/2013\/08\/bianca-150x99.jpg 150w, https:\/\/wp.ufpel.edu.br\/esa\/files\/2013\/08\/bianca-300x198.jpg 300w\" sizes=\"(max-width: 800px) 100vw, 800px\" \/><\/a><\/p>\n<p>Daniela Medeiros da Rosa &#8211; Emprego da quitosana obtida de res\u00edduos gerados pela carcinicultura na biorremedia\u00e7\u00e3o de ambientes contaminados com metais e compostos org\u00e2nicos.<br \/>\n<a href=\"https:\/\/wp.ufpel.edu.br\/esa\/i-mostra-academica-de-alunos\/daniela\/\" rel=\"attachment wp-att-3105\"><img src=\"https:\/\/wp.ufpel.edu.br\/esa\/files\/2013\/08\/daniela.jpg\" alt=\"daniela\" width=\"800\" height=\"530\" class=\"aligncenter size-full wp-image-3105\" srcset=\"https:\/\/wp.ufpel.edu.br\/esa\/files\/2013\/08\/daniela.jpg 800w, https:\/\/wp.ufpel.edu.br\/esa\/files\/2013\/08\/daniela-150x99.jpg 150w, https:\/\/wp.ufpel.edu.br\/esa\/files\/2013\/08\/daniela-300x198.jpg 300w\" sizes=\"(max-width: 800px) 100vw, 800px\" \/><\/a><\/p>\n<p>Gustavo Stolzenberg Colares &#8211; Estudo da participa\u00e7\u00e3o da popula\u00e7\u00e3o em um programa de coleta seletiva de res\u00edduos domiciliares.<br \/>\n<a href=\"https:\/\/wp.ufpel.edu.br\/esa\/i-mostra-academica-de-alunos\/gustavo\/\" rel=\"attachment wp-att-3106\"><img src=\"https:\/\/wp.ufpel.edu.br\/esa\/files\/2013\/08\/gustavo.jpg\" alt=\"gustavo\" width=\"800\" height=\"530\" class=\"aligncenter size-full wp-image-3106\" srcset=\"https:\/\/wp.ufpel.edu.br\/esa\/files\/2013\/08\/gustavo.jpg 800w, https:\/\/wp.ufpel.edu.br\/esa\/files\/2013\/08\/gustavo-150x99.jpg 150w, https:\/\/wp.ufpel.edu.br\/esa\/files\/2013\/08\/gustavo-300x198.jpg 300w\" sizes=\"(max-width: 800px) 100vw, 800px\" \/><\/a><\/p>\n<p>Lucas Louren\u00e7o Castiglione Guidoni &#8211; 1\u00ba lugar da I Mostra Acad\u00eamica da ESA com o trabalho Aproveitamento de res\u00edduos org\u00e2nicos dom\u00e9sticos atrav\u00e9s da compostagem domiciliar.<br \/>\n<a href=\"https:\/\/wp.ufpel.edu.br\/esa\/i-mostra-academica-de-alunos\/lucas\/\" rel=\"attachment wp-att-3107\"><img src=\"https:\/\/wp.ufpel.edu.br\/esa\/files\/2013\/08\/lucas.jpg\" alt=\"lucas\" width=\"800\" height=\"530\" class=\"aligncenter size-full wp-image-3107\" srcset=\"https:\/\/wp.ufpel.edu.br\/esa\/files\/2013\/08\/lucas.jpg 800w, https:\/\/wp.ufpel.edu.br\/esa\/files\/2013\/08\/lucas-150x99.jpg 150w, https:\/\/wp.ufpel.edu.br\/esa\/files\/2013\/08\/lucas-300x198.jpg 300w\" sizes=\"(max-width: 800px) 100vw, 800px\" \/><\/a><\/p>\n<p>Nat\u00e1lia Golin &#8211; A utiliza\u00e7\u00e3o do macerado de Umbu (Phytolacca di\u00f3ica) na substitui\u00e7\u00e3o de agrot\u00f3xicos.<br \/>\n<a href=\"https:\/\/wp.ufpel.edu.br\/esa\/i-mostra-academica-de-alunos\/natalia\/\" rel=\"attachment wp-att-3108\"><img src=\"https:\/\/wp.ufpel.edu.br\/esa\/files\/2013\/08\/nat\u00e1lia.jpg\" alt=\"nat\u00e1lia\" width=\"800\" height=\"530\" class=\"aligncenter size-full wp-image-3108\" srcset=\"https:\/\/wp.ufpel.edu.br\/esa\/files\/2013\/08\/nat\u00e1lia.jpg 800w, https:\/\/wp.ufpel.edu.br\/esa\/files\/2013\/08\/nat\u00e1lia-150x99.jpg 150w, https:\/\/wp.ufpel.edu.br\/esa\/files\/2013\/08\/nat\u00e1lia-300x198.jpg 300w\" sizes=\"(max-width: 800px) 100vw, 800px\" \/><\/a><\/p>\n<p>Vanderleia Sinhor &#8211; Avalia\u00e7\u00e3o de coagulante org\u00e2nico no tratamento de efluente na ind\u00fastria de latic\u00ednios.<br \/>\n<a href=\"https:\/\/wp.ufpel.edu.br\/esa\/i-mostra-academica-de-alunos\/vanderleia\/\" rel=\"attachment wp-att-3109\"><img src=\"https:\/\/wp.ufpel.edu.br\/esa\/files\/2013\/08\/vanderleia.jpg\" alt=\"vanderleia\" width=\"800\" height=\"530\" class=\"aligncenter size-full wp-image-3109\" srcset=\"https:\/\/wp.ufpel.edu.br\/esa\/files\/2013\/08\/vanderleia.jpg 800w, https:\/\/wp.ufpel.edu.br\/esa\/files\/2013\/08\/vanderleia-150x99.jpg 150w, https:\/\/wp.ufpel.edu.br\/esa\/files\/2013\/08\/vanderleia-300x198.jpg 300w\" sizes=\"(max-width: 800px) 100vw, 800px\" \/><\/a><\/p>\n<p>Weslei Santos &#8211; Estudo da participa\u00e7\u00e3o da popula\u00e7\u00e3o em um programa de coleta seletiva de res\u00edduos domiciliares.<br \/>\n<a href=\"https:\/\/wp.ufpel.edu.br\/esa\/i-mostra-academica-de-alunos\/weslei\/\" rel=\"attachment wp-att-3110\"><img src=\"https:\/\/wp.ufpel.edu.br\/esa\/files\/2013\/08\/weslei.jpg\" alt=\"weslei\" width=\"800\" height=\"530\" class=\"aligncenter size-full wp-image-3110\" \/><\/a><\/p>\n<p>Lucas Louren\u00e7o Castiglione Guidoni foi o ganhador e como pr\u00eamio recebeu uma bolsa de estudos do Y\u00e1zigi. Na foto Lucas, prof.\u00aa Andr\u00e9a e prof.\u00aa Adriana.<br \/>\n<a href=\"https:\/\/wp.ufpel.edu.br\/esa\/i-mostra-academica-de-alunos\/ganhador\/\" rel=\"attachment wp-att-3111\"><img src=\"https:\/\/wp.ufpel.edu.br\/esa\/files\/2013\/08\/ganhador.jpg\" alt=\"ganhador\" width=\"800\" height=\"530\" class=\"aligncenter size-full wp-image-3111\" srcset=\"https:\/\/wp.ufpel.edu.br\/esa\/files\/2013\/08\/ganhador.jpg 800w, https:\/\/wp.ufpel.edu.br\/esa\/files\/2013\/08\/ganhador-150x99.jpg 150w, https:\/\/wp.ufpel.edu.br\/esa\/files\/2013\/08\/ganhador-300x198.jpg 300w\" sizes=\"(max-width: 800px) 100vw, 800px\" \/><\/a><\/p>\n","protected":false},"excerpt":{"rendered":"<p>Juntamente com a IV Semana Acad\u00eamica ocorreu a I Mostra Acad\u00eamica de alunos do curso de Engenharia Ambiental e Sanit\u00e1ria. No final das apresenta\u00e7\u00f5es a &#8220;banca mediadora&#8221; composta pelas professoras Andr\u00e9a Castro e Adriana Manetti escolheram o melhor trabalho. No total foram 9 apresenta\u00e7\u00f5es sobre diversos temas: Ana Luisa Lopes da Cunha Ferr\u00e3o &#8211; Caracteriza\u00e7\u00e3o [&hellip;]<\/p>\n","protected":false},"author":36,"featured_media":0,"parent":32,"menu_order":5,"comment_status":"closed","ping_status":"open","template":"","meta":{"footnotes":""},"class_list":["post-3101","page","type-page","status-publish","hentry"],"_links":{"self":[{"href":"https:\/\/wp.ufpel.edu.br\/esa\/wp-json\/wp\/v2\/pages\/3101","targetHints":{"allow":["GET"]}}],"collection":[{"href":"https:\/\/wp.ufpel.edu.br\/esa\/wp-json\/wp\/v2\/pages"}],"about":[{"href":"https:\/\/wp.ufpel.edu.br\/esa\/wp-json\/wp\/v2\/types\/page"}],"author":[{"embeddable":true,"href":"https:\/\/wp.ufpel.edu.br\/esa\/wp-json\/wp\/v2\/users\/36"}],"replies":[{"embeddable":true,"href":"https:\/\/wp.ufpel.edu.br\/esa\/wp-json\/wp\/v2\/comments?post=3101"}],"version-history":[{"count":4,"href":"https:\/\/wp.ufpel.edu.br\/esa\/wp-json\/wp\/v2\/pages\/3101\/revisions"}],"predecessor-version":[{"id":3115,"href":"https:\/\/wp.ufpel.edu.br\/esa\/wp-json\/wp\/v2\/pages\/3101\/revisions\/3115"}],"up":[{"embeddable":true,"href":"https:\/\/wp.ufpel.edu.br\/esa\/wp-json\/wp\/v2\/pages\/32"}],"wp:attachment":[{"href":"https:\/\/wp.ufpel.edu.br\/esa\/wp-json\/wp\/v2\/media?parent=3101"}],"curies":[{"name":"wp","href":"https:\/\/api.w.org\/{rel}","templated":true}]}}