{"id":3077,"date":"2013-08-01T12:38:09","date_gmt":"2013-08-01T15:38:09","guid":{"rendered":"https:\/\/wp.ufpel.edu.br\/esa\/?page_id=3077"},"modified":"2018-09-17T13:24:38","modified_gmt":"2018-09-17T16:24:38","slug":"fotos","status":"publish","type":"page","link":"https:\/\/wp.ufpel.edu.br\/esa\/eventos\/4-semana-academica\/fotos\/","title":{"rendered":"Fotos"},"content":{"rendered":"<p>Abertura da IV Semana Acad\u00eamica do curso de Engenharia Ambiental e Sanit\u00e1ria &#8211; Presentes da Abertura o Magn\u00edfico Reitor Mauro Del Pino, Prefeito da cidade de Pelotas Eduardo Leite, Diretor do Centro de Engenharias prof\u00ba Carlos Tillmann, Coordenador do curso de Engenharia Ambiental e Sanit\u00e1ria \u00c9rico Kunde Corr\u00eaa, Coordenadora da IV Semana Acad\u00eamica prof\u00aa Luciara Bilhalva Corr\u00eaa e acad\u00eamica representante dos alunos Evelyn Moreira<br \/>\n<a href=\"https:\/\/wp.ufpel.edu.br\/esa\/semanaacademica\/4-semana-academica\/fotos\/abertura-saesa\/\" rel=\"attachment wp-att-3081\"><img class=\"aligncenter size-full wp-image-3081\" src=\"https:\/\/wp.ufpel.edu.br\/esa\/files\/2013\/08\/abertura-SAESA.jpg\" alt=\"abertura SAESA\" width=\"960\" height=\"640\" srcset=\"https:\/\/wp.ufpel.edu.br\/esa\/files\/2013\/08\/abertura-SAESA.jpg 960w, https:\/\/wp.ufpel.edu.br\/esa\/files\/2013\/08\/abertura-SAESA-150x100.jpg 150w, https:\/\/wp.ufpel.edu.br\/esa\/files\/2013\/08\/abertura-SAESA-300x200.jpg 300w\" sizes=\"(max-width: 960px) 100vw, 960px\" \/><\/a><\/p>\n<p>Palestra de Carlos Vin\u00edcius Qu\u00edmico Respons\u00e1vel da Esta\u00e7\u00e3o de Tratamento do SANEP<br \/>\n<a href=\"https:\/\/wp.ufpel.edu.br\/esa\/semanaacademica\/4-semana-academica\/fotos\/carlos-vinicius-sanep\/\" rel=\"attachment wp-att-3084\"><img class=\"aligncenter size-full wp-image-3084\" src=\"https:\/\/wp.ufpel.edu.br\/esa\/files\/2013\/08\/Carlos-V\u00ednicius-SANEP.jpg\" alt=\"Carlos V\u00ednicius SANEP\" width=\"960\" height=\"640\" srcset=\"https:\/\/wp.ufpel.edu.br\/esa\/files\/2013\/08\/Carlos-V\u00ednicius-SANEP.jpg 960w, https:\/\/wp.ufpel.edu.br\/esa\/files\/2013\/08\/Carlos-V\u00ednicius-SANEP-150x100.jpg 150w, https:\/\/wp.ufpel.edu.br\/esa\/files\/2013\/08\/Carlos-V\u00ednicius-SANEP-300x200.jpg 300w\" sizes=\"(max-width: 960px) 100vw, 960px\" \/><\/a><\/p>\n<p>Palestra de Cla\u00fadio Jarbas sobre Res\u00edduos S\u00f3lidos<br \/>\n<a href=\"https:\/\/wp.ufpel.edu.br\/esa\/semanaacademica\/4-semana-academica\/fotos\/claudio-jarbas\/\" rel=\"attachment wp-att-3085\"><img class=\"aligncenter size-full wp-image-3085\" src=\"https:\/\/wp.ufpel.edu.br\/esa\/files\/2013\/08\/Cla\u00fadio-Jarbas.jpg\" alt=\"Cla\u00fadio Jarbas\" width=\"800\" height=\"530\" srcset=\"https:\/\/wp.ufpel.edu.br\/esa\/files\/2013\/08\/Cla\u00fadio-Jarbas.jpg 800w, https:\/\/wp.ufpel.edu.br\/esa\/files\/2013\/08\/Cla\u00fadio-Jarbas-150x99.jpg 150w, https:\/\/wp.ufpel.edu.br\/esa\/files\/2013\/08\/Cla\u00fadio-Jarbas-300x198.jpg 300w\" sizes=\"(max-width: 800px) 100vw, 800px\" \/><\/a><\/p>\n<p>Palestra do Prefeito da cidade de Pelotas Eduardo Leite conversando sobre saneamento e meio ambiente no munic\u00edpio<br \/>\n<a href=\"https:\/\/wp.ufpel.edu.br\/esa\/semanaacademica\/4-semana-academica\/fotos\/dudu-leite\/\" rel=\"attachment wp-att-3086\"><img class=\"aligncenter size-full wp-image-3086\" src=\"https:\/\/wp.ufpel.edu.br\/esa\/files\/2013\/08\/dudu-leite.jpg\" alt=\"dudu leite\" width=\"640\" height=\"960\" srcset=\"https:\/\/wp.ufpel.edu.br\/esa\/files\/2013\/08\/dudu-leite.jpg 640w, https:\/\/wp.ufpel.edu.br\/esa\/files\/2013\/08\/dudu-leite-100x150.jpg 100w, https:\/\/wp.ufpel.edu.br\/esa\/files\/2013\/08\/dudu-leite-200x300.jpg 200w\" sizes=\"(max-width: 640px) 100vw, 640px\" \/><\/a><\/p>\n<p>Visita ao Aterro Sanit\u00e1rio fechado da cidade de Pelotas acompanhado pelo Engenheiro Agr\u00f4nomo do SANEP \u00c9dson Pl\u00e1<br \/>\n<a href=\"https:\/\/wp.ufpel.edu.br\/esa\/semanaacademica\/4-semana-academica\/fotos\/edson-pla-sanep\/\" rel=\"attachment wp-att-3088\"><img class=\"aligncenter size-full wp-image-3088\" src=\"https:\/\/wp.ufpel.edu.br\/esa\/files\/2013\/08\/\u00e9dson-Pl\u00e1-SANEP.jpg\" alt=\"\u00e9dson Pl\u00e1 SANEP\" width=\"960\" height=\"640\" srcset=\"https:\/\/wp.ufpel.edu.br\/esa\/files\/2013\/08\/\u00e9dson-Pl\u00e1-SANEP.jpg 960w, https:\/\/wp.ufpel.edu.br\/esa\/files\/2013\/08\/\u00e9dson-Pl\u00e1-SANEP-150x100.jpg 150w, https:\/\/wp.ufpel.edu.br\/esa\/files\/2013\/08\/\u00e9dson-Pl\u00e1-SANEP-300x200.jpg 300w\" sizes=\"(max-width: 960px) 100vw, 960px\" \/><\/a><br \/>\n<a href=\"https:\/\/wp.ufpel.edu.br\/esa\/semanaacademica\/4-semana-academica\/fotos\/visita-tecnica-aterro\/\" rel=\"attachment wp-att-3093\"><img class=\"aligncenter size-full wp-image-3093\" src=\"https:\/\/wp.ufpel.edu.br\/esa\/files\/2013\/08\/visita-t\u00e9cnica-aterro.jpg\" alt=\"visita t\u00e9cnica aterro\" width=\"960\" height=\"640\" srcset=\"https:\/\/wp.ufpel.edu.br\/esa\/files\/2013\/08\/visita-t\u00e9cnica-aterro.jpg 960w, https:\/\/wp.ufpel.edu.br\/esa\/files\/2013\/08\/visita-t\u00e9cnica-aterro-150x100.jpg 150w, https:\/\/wp.ufpel.edu.br\/esa\/files\/2013\/08\/visita-t\u00e9cnica-aterro-300x200.jpg 300w\" sizes=\"(max-width: 960px) 100vw, 960px\" \/><\/a><\/p>\n<p>Engenheiro Civil F\u00e1bio representando a Empresa Maccaferri<br \/>\n<a href=\"https:\/\/wp.ufpel.edu.br\/esa\/semanaacademica\/4-semana-academica\/fotos\/fabio-maccaferri\/\" rel=\"attachment wp-att-3090\"><img class=\"aligncenter size-full wp-image-3090\" src=\"https:\/\/wp.ufpel.edu.br\/esa\/files\/2013\/08\/F\u00e1bio-MACCAFERRI.jpg\" alt=\"F\u00e1bio MACCAFERRI\" width=\"800\" height=\"530\" \/><\/a><\/p>\n<p>Murilo Real Heidrich da Empresa Ecosul<br \/>\n<a href=\"https:\/\/wp.ufpel.edu.br\/esa\/semanaacademica\/4-semana-academica\/fotos\/murilo-real-heidrich-ecosul\/\" rel=\"attachment wp-att-3091\"><img class=\"aligncenter size-full wp-image-3091\" src=\"https:\/\/wp.ufpel.edu.br\/esa\/files\/2013\/08\/Murilo-Real-Heidrich-ECOSUL.jpg\" alt=\"Murilo Real Heidrich ECOSUL\" width=\"309\" height=\"206\" srcset=\"https:\/\/wp.ufpel.edu.br\/esa\/files\/2013\/08\/Murilo-Real-Heidrich-ECOSUL.jpg 309w, https:\/\/wp.ufpel.edu.br\/esa\/files\/2013\/08\/Murilo-Real-Heidrich-ECOSUL-150x100.jpg 150w, https:\/\/wp.ufpel.edu.br\/esa\/files\/2013\/08\/Murilo-Real-Heidrich-ECOSUL-300x200.jpg 300w\" sizes=\"(max-width: 309px) 100vw, 309px\" \/><\/a><\/p>\n<p>Representante da Empresa TECOM de Rio Grande<br \/>\n<a href=\"https:\/\/wp.ufpel.edu.br\/esa\/semanaacademica\/4-semana-academica\/fotos\/tecom\/\" rel=\"attachment wp-att-3092\"><img class=\"aligncenter size-full wp-image-3092\" src=\"https:\/\/wp.ufpel.edu.br\/esa\/files\/2013\/08\/TECOM.jpg\" alt=\"TECOM\" width=\"309\" height=\"206\" srcset=\"https:\/\/wp.ufpel.edu.br\/esa\/files\/2013\/08\/TECOM.jpg 309w, https:\/\/wp.ufpel.edu.br\/esa\/files\/2013\/08\/TECOM-150x100.jpg 150w, https:\/\/wp.ufpel.edu.br\/esa\/files\/2013\/08\/TECOM-300x200.jpg 300w\" sizes=\"(max-width: 309px) 100vw, 309px\" \/><\/a><\/p>\n<p>Comiss\u00e3o Organizadora da IV Semana Acad\u00eamica juntamente com o prefeito de Pelotas Eduardo Leite, Coordenador do curso de Engenharia Ambiental e Sanit\u00e1ria \u00c9rico Kunde Corr\u00eaa e Coordenadora da IV Semana Acad\u00eamica prof\u00aa Luciara Bilhalva Corr\u00eaa<\/p>\n","protected":false},"excerpt":{"rendered":"<p>Abertura da IV Semana Acad\u00eamica do curso de Engenharia Ambiental e Sanit\u00e1ria &#8211; Presentes da Abertura o Magn\u00edfico Reitor Mauro Del Pino, Prefeito da cidade de Pelotas Eduardo Leite, Diretor do Centro de Engenharias prof\u00ba Carlos Tillmann, Coordenador do curso de Engenharia Ambiental e Sanit\u00e1ria \u00c9rico Kunde Corr\u00eaa, Coordenadora da IV Semana Acad\u00eamica prof\u00aa Luciara [&hellip;]<\/p>\n","protected":false},"author":36,"featured_media":0,"parent":3033,"menu_order":0,"comment_status":"closed","ping_status":"closed","template":"","meta":{"footnotes":""},"class_list":["post-3077","page","type-page","status-publish","hentry"],"_links":{"self":[{"href":"https:\/\/wp.ufpel.edu.br\/esa\/wp-json\/wp\/v2\/pages\/3077","targetHints":{"allow":["GET"]}}],"collection":[{"href":"https:\/\/wp.ufpel.edu.br\/esa\/wp-json\/wp\/v2\/pages"}],"about":[{"href":"https:\/\/wp.ufpel.edu.br\/esa\/wp-json\/wp\/v2\/types\/page"}],"author":[{"embeddable":true,"href":"https:\/\/wp.ufpel.edu.br\/esa\/wp-json\/wp\/v2\/users\/36"}],"replies":[{"embeddable":true,"href":"https:\/\/wp.ufpel.edu.br\/esa\/wp-json\/wp\/v2\/comments?post=3077"}],"version-history":[{"count":5,"href":"https:\/\/wp.ufpel.edu.br\/esa\/wp-json\/wp\/v2\/pages\/3077\/revisions"}],"predecessor-version":[{"id":5864,"href":"https:\/\/wp.ufpel.edu.br\/esa\/wp-json\/wp\/v2\/pages\/3077\/revisions\/5864"}],"up":[{"embeddable":true,"href":"https:\/\/wp.ufpel.edu.br\/esa\/wp-json\/wp\/v2\/pages\/3033"}],"wp:attachment":[{"href":"https:\/\/wp.ufpel.edu.br\/esa\/wp-json\/wp\/v2\/media?parent=3077"}],"curies":[{"name":"wp","href":"https:\/\/api.w.org\/{rel}","templated":true}]}}