{"id":3048,"date":"2013-07-24T12:40:41","date_gmt":"2013-07-24T15:40:41","guid":{"rendered":"https:\/\/wp.ufpel.edu.br\/esa\/?page_id=3048"},"modified":"2024-03-14T14:15:23","modified_gmt":"2024-03-14T17:15:23","slug":"portarias","status":"publish","type":"page","link":"https:\/\/wp.ufpel.edu.br\/esa\/curso\/portarias\/","title":{"rendered":"Portarias"},"content":{"rendered":"<p>Nesse espa\u00e7o voc\u00ea encontrar\u00e1 todas as Portarias emitidas pela Reitoria da Universidade Federal de Pelotas destinadas ao curso de Engenharia Ambiental e Sanit\u00e1ria.<\/p>\n<p><a href=\"https:\/\/wp.ufpel.edu.br\/esa\/files\/2018\/09\/Altera\u00e7\u00e3o-do-nome-do-Curso.pdf\">Altera\u00e7\u00e3o do nome do Curso<\/a><\/p>\n<p><a href=\"https:\/\/wp.ufpel.edu.br\/esa\/files\/2018\/09\/Portaria-de-Cria\u00e7\u00e3o-do-Curso-EAS.pdf\">Portaria de Cria\u00e7\u00e3o do Curso EAS<\/a><\/p>\n<p><a href=\"https:\/\/wp.ufpel.edu.br\/esa\/files\/2024\/03\/Portaria-Coordenacao-2024.pdf\">Portaria Coordena\u00e7\u00e3o 2024<\/a><\/p>\n<p><a href=\"https:\/\/wp.ufpel.edu.br\/esa\/files\/2024\/03\/Portaria-NDE-2024.pdf\">Portaria NDE 2024<\/a><\/p>\n<p><a href=\"https:\/\/wp.ufpel.edu.br\/esa\/files\/2024\/03\/Portaria-Colegiado-2024.pdf\">Portaria Colegiado 2024<\/a><\/p>\n<p><a href=\"https:\/\/wp.ufpel.edu.br\/esa\/files\/2022\/03\/Portaria-comissao-horas-livres.pdf\">Portaria comiss\u00e3o horas livres<\/a><\/p>\n<p><a href=\"https:\/\/wp.ufpel.edu.br\/esa\/files\/2013\/07\/0208_2014.pdf\">po<\/a><a href=\"https:\/\/wp.ufpel.edu.br\/esa\/files\/2018\/02\/portaria-da-comiss\u00e3o-de-estagios-da-EAS.pdf\">rtaria da comiss\u00e3o de estagios da EAS<\/a><\/p>\n<p>&nbsp;<\/p>\n<p><a href=\"https:\/\/wp.ufpel.edu.br\/esa\/files\/2018\/09\/PORTARIA-N.-01-03-17.jpeg\"><img class=\"alignleft size-full wp-image-5835\" src=\"https:\/\/wp.ufpel.edu.br\/esa\/files\/2018\/09\/PORTARIA-N.-01-03-17.jpeg\" alt=\"\" width=\"1700\" height=\"2338\" srcset=\"https:\/\/wp.ufpel.edu.br\/esa\/files\/2018\/09\/PORTARIA-N.-01-03-17.jpeg 1700w, https:\/\/wp.ufpel.edu.br\/esa\/files\/2018\/09\/PORTARIA-N.-01-03-17-291x400.jpeg 291w, https:\/\/wp.ufpel.edu.br\/esa\/files\/2018\/09\/PORTARIA-N.-01-03-17-768x1056.jpeg 768w, https:\/\/wp.ufpel.edu.br\/esa\/files\/2018\/09\/PORTARIA-N.-01-03-17-745x1024.jpeg 745w\" sizes=\"(max-width: 1700px) 100vw, 1700px\" \/><\/a><br \/>\n<a href=\"https:\/\/wp.ufpel.edu.br\/esa\/curso\/portarias\/portaria-1-625-2013-altera-a-denominacao-do-curso-para-engenharia-ambiental-e-sanitaria\/\" rel=\"attachment wp-att-3053\"><img class=\"aligncenter size-large wp-image-3053\" src=\"https:\/\/wp.ufpel.edu.br\/esa\/files\/2013\/07\/Portaria-1.625-2013-Altera-a-denomina\u00e7\u00e3o-do-curso-para-Engenharia-Ambiental-e-Sanit\u00e1ria-738x1024.jpg\" alt=\"Portaria 1.625-2013 - Altera a denomina\u00e7\u00e3o do curso para Engenharia Ambiental e Sanit\u00e1ria\" width=\"590\" height=\"818\" srcset=\"https:\/\/wp.ufpel.edu.br\/esa\/files\/2013\/07\/Portaria-1.625-2013-Altera-a-denomina\u00e7\u00e3o-do-curso-para-Engenharia-Ambiental-e-Sanit\u00e1ria-738x1024.jpg 738w, https:\/\/wp.ufpel.edu.br\/esa\/files\/2013\/07\/Portaria-1.625-2013-Altera-a-denomina\u00e7\u00e3o-do-curso-para-Engenharia-Ambiental-e-Sanit\u00e1ria-108x150.jpg 108w, https:\/\/wp.ufpel.edu.br\/esa\/files\/2013\/07\/Portaria-1.625-2013-Altera-a-denomina\u00e7\u00e3o-do-curso-para-Engenharia-Ambiental-e-Sanit\u00e1ria-216x300.jpg 216w\" sizes=\"(max-width: 590px) 100vw, 590px\" \/><\/a><a href=\"https:\/\/wp.ufpel.edu.br\/esa\/curso\/portarias\/portaria-1-567-2010-criacao-do-curso-de-engenharia-sanitaria-e-ambiental-ufpel\/\" rel=\"attachment wp-att-3051\"><img class=\"aligncenter size-large wp-image-3051\" src=\"https:\/\/wp.ufpel.edu.br\/esa\/files\/2013\/07\/Portaria-1.567-2010-Cria\u00e7\u00e3o-do-Curso-de-Engenharia-Sanit\u00e1ria-e-Ambiental-UFPel-738x1024.jpg\" alt=\"Portaria 1.567-2010 - Cria\u00e7\u00e3o do Curso de Engenharia Sanit\u00e1ria e Ambiental - UFPel\" width=\"590\" height=\"818\" srcset=\"https:\/\/wp.ufpel.edu.br\/esa\/files\/2013\/07\/Portaria-1.567-2010-Cria\u00e7\u00e3o-do-Curso-de-Engenharia-Sanit\u00e1ria-e-Ambiental-UFPel-738x1024.jpg 738w, https:\/\/wp.ufpel.edu.br\/esa\/files\/2013\/07\/Portaria-1.567-2010-Cria\u00e7\u00e3o-do-Curso-de-Engenharia-Sanit\u00e1ria-e-Ambiental-UFPel-108x150.jpg 108w, https:\/\/wp.ufpel.edu.br\/esa\/files\/2013\/07\/Portaria-1.567-2010-Cria\u00e7\u00e3o-do-Curso-de-Engenharia-Sanit\u00e1ria-e-Ambiental-UFPel-216x300.jpg 216w\" sizes=\"(max-width: 590px) 100vw, 590px\" \/><\/a><\/p>\n","protected":false},"excerpt":{"rendered":"<p>Nesse espa\u00e7o voc\u00ea encontrar\u00e1 todas as Portarias emitidas pela Reitoria da Universidade Federal de Pelotas destinadas ao curso de Engenharia Ambiental e Sanit\u00e1ria. Altera\u00e7\u00e3o do nome do Curso Portaria de Cria\u00e7\u00e3o do Curso EAS Portaria Coordena\u00e7\u00e3o 2024 Portaria NDE 2024 Portaria Colegiado 2024 Portaria comiss\u00e3o horas livres portaria da comiss\u00e3o de estagios da EAS &nbsp;<\/p>\n","protected":false},"author":36,"featured_media":0,"parent":2,"menu_order":4,"comment_status":"closed","ping_status":"closed","template":"","meta":{"footnotes":""},"class_list":["post-3048","page","type-page","status-publish","hentry"],"_links":{"self":[{"href":"https:\/\/wp.ufpel.edu.br\/esa\/wp-json\/wp\/v2\/pages\/3048","targetHints":{"allow":["GET"]}}],"collection":[{"href":"https:\/\/wp.ufpel.edu.br\/esa\/wp-json\/wp\/v2\/pages"}],"about":[{"href":"https:\/\/wp.ufpel.edu.br\/esa\/wp-json\/wp\/v2\/types\/page"}],"author":[{"embeddable":true,"href":"https:\/\/wp.ufpel.edu.br\/esa\/wp-json\/wp\/v2\/users\/36"}],"replies":[{"embeddable":true,"href":"https:\/\/wp.ufpel.edu.br\/esa\/wp-json\/wp\/v2\/comments?post=3048"}],"version-history":[{"count":28,"href":"https:\/\/wp.ufpel.edu.br\/esa\/wp-json\/wp\/v2\/pages\/3048\/revisions"}],"predecessor-version":[{"id":7502,"href":"https:\/\/wp.ufpel.edu.br\/esa\/wp-json\/wp\/v2\/pages\/3048\/revisions\/7502"}],"up":[{"embeddable":true,"href":"https:\/\/wp.ufpel.edu.br\/esa\/wp-json\/wp\/v2\/pages\/2"}],"wp:attachment":[{"href":"https:\/\/wp.ufpel.edu.br\/esa\/wp-json\/wp\/v2\/media?parent=3048"}],"curies":[{"name":"wp","href":"https:\/\/api.w.org\/{rel}","templated":true}]}}