{"id":2911,"date":"2013-04-27T14:51:12","date_gmt":"2013-04-27T17:51:12","guid":{"rendered":"https:\/\/wp.ufpel.edu.br\/esa\/?page_id=2911"},"modified":"2026-04-24T14:11:55","modified_gmt":"2026-04-24T17:11:55","slug":"colegiado","status":"publish","type":"page","link":"https:\/\/wp.ufpel.edu.br\/esa\/colegiado\/","title":{"rendered":"Colegiado"},"content":{"rendered":"<p>O Colegiado de Curso \u00e9 o \u00f3rg\u00e3o de coordena\u00e7\u00e3o did\u00e1tica que tem por finalidade superintender o ensino no \u00e2mbito do Curso de Engenharia Ambiental e Sanit\u00e1ria. \u00c9 dirigido por um Coordenador \u00a0 e dele fazem parte docentes da \u00e1rea b\u00e1sica e profissional e representa\u00e7\u00e3o discente. Entre suas atribui\u00e7\u00f5es, destacam-se: coordenar e supervisionar o curso; elaborar e\/ou rever o curr\u00edculo, submetendo-o aos \u00f3rg\u00e3os superiores da UFPel; emitir parecer sobre os processos relativos a aproveitamento de estudos e adapta\u00e7\u00e3o curricular; supervisionar a elabora\u00e7\u00e3o dos hor\u00e1rios; receber reclama\u00e7\u00f5es e recursos na \u00e1rea de ensino; apreciar os pedidos de transfer\u00eancia e estudar os casos de equival\u00eancia de disciplinas de outras Universidades para efeito de transfer\u00eancia.<\/p>\n<pre><strong> Coordena\u00e7\u00e3o:<\/strong> Prof. Willian C\u00e9zar Nadaleti<strong>\r\n Coordenadora Adjunta: <\/strong>Prof. \u00c9rico Kunde Corr\u00eaa <strong>\r\n Endere\u00e7o: <\/strong>Cotada \u2013 Rua Benjamin Constant N\u00ba 989 \u2013 3\u00ba andar A, Sala 309<strong>\r\n Contato: <\/strong>COLEGIADOS CEng<\/pre>\n<p>Secret\u00e1rio do curso:<br \/>\nHumberto Campelo Silveira<\/p>\n<p style=\"text-align: left\"><strong>Fone: (53) 32841694 ou ccesa.ufpel@gmail.com<\/strong><\/p>\n<p>Hor\u00e1rio de funcionamento da Secret\u00e1ria Acad\u00eamica dos cursos do CEng:<br \/>\nSeg \u00e0 Sex 8:00h \u2013 20:00h<\/p>\n<pre><strong>\u00a0<\/strong><\/pre>\n","protected":false},"excerpt":{"rendered":"<p>O Colegiado de Curso \u00e9 o \u00f3rg\u00e3o de coordena\u00e7\u00e3o did\u00e1tica que tem por finalidade superintender o ensino no \u00e2mbito do Curso de Engenharia Ambiental e Sanit\u00e1ria. \u00c9 dirigido por um Coordenador \u00a0 e dele fazem parte docentes da \u00e1rea b\u00e1sica e profissional e representa\u00e7\u00e3o discente. Entre suas atribui\u00e7\u00f5es, destacam-se: coordenar e supervisionar o curso; elaborar [&hellip;]<\/p>\n","protected":false},"author":36,"featured_media":0,"parent":0,"menu_order":3,"comment_status":"closed","ping_status":"closed","template":"","meta":{"footnotes":""},"class_list":["post-2911","page","type-page","status-publish","hentry"],"_links":{"self":[{"href":"https:\/\/wp.ufpel.edu.br\/esa\/wp-json\/wp\/v2\/pages\/2911","targetHints":{"allow":["GET"]}}],"collection":[{"href":"https:\/\/wp.ufpel.edu.br\/esa\/wp-json\/wp\/v2\/pages"}],"about":[{"href":"https:\/\/wp.ufpel.edu.br\/esa\/wp-json\/wp\/v2\/types\/page"}],"author":[{"embeddable":true,"href":"https:\/\/wp.ufpel.edu.br\/esa\/wp-json\/wp\/v2\/users\/36"}],"replies":[{"embeddable":true,"href":"https:\/\/wp.ufpel.edu.br\/esa\/wp-json\/wp\/v2\/comments?post=2911"}],"version-history":[{"count":4,"href":"https:\/\/wp.ufpel.edu.br\/esa\/wp-json\/wp\/v2\/pages\/2911\/revisions"}],"predecessor-version":[{"id":7903,"href":"https:\/\/wp.ufpel.edu.br\/esa\/wp-json\/wp\/v2\/pages\/2911\/revisions\/7903"}],"wp:attachment":[{"href":"https:\/\/wp.ufpel.edu.br\/esa\/wp-json\/wp\/v2\/media?parent=2911"}],"curies":[{"name":"wp","href":"https:\/\/api.w.org\/{rel}","templated":true}]}}