{"id":1915,"date":"2017-11-01T08:29:35","date_gmt":"2017-11-01T10:29:35","guid":{"rendered":"https:\/\/wp.ufpel.edu.br\/esa\/"},"modified":"2026-03-19T09:44:19","modified_gmt":"2026-03-19T12:44:19","slug":"estagios","status":"publish","type":"page","link":"https:\/\/wp.ufpel.edu.br\/esa\/estagios\/","title":{"rendered":"Est\u00e1gios"},"content":{"rendered":"<div>\n<p><em><img class=\"aligncenter wp-image-7756\" src=\"https:\/\/wp.ufpel.edu.br\/esa\/files\/2025\/07\/WhatsApp-Image-2025-07-03-at-14.59.32-400x225.jpeg\" alt=\"\" width=\"621\" height=\"349\" srcset=\"https:\/\/wp.ufpel.edu.br\/esa\/files\/2025\/07\/WhatsApp-Image-2025-07-03-at-14.59.32-400x225.jpeg 400w, https:\/\/wp.ufpel.edu.br\/esa\/files\/2025\/07\/WhatsApp-Image-2025-07-03-at-14.59.32-1024x576.jpeg 1024w, https:\/\/wp.ufpel.edu.br\/esa\/files\/2025\/07\/WhatsApp-Image-2025-07-03-at-14.59.32-768x432.jpeg 768w, https:\/\/wp.ufpel.edu.br\/esa\/files\/2025\/07\/WhatsApp-Image-2025-07-03-at-14.59.32-1536x864.jpeg 1536w, https:\/\/wp.ufpel.edu.br\/esa\/files\/2025\/07\/WhatsApp-Image-2025-07-03-at-14.59.32.jpeg 1599w\" sizes=\"(max-width: 621px) 100vw, 621px\" \/><\/em><em><br \/>\n<\/em><span style=\"color: var(--cor-texto);font-family: var(--fonte-corpo)\">Informamos que a Comiss\u00e3o de Est\u00e1gios da EAS \u00e9 constitu\u00edda pelas seguintes professoras:<\/span><\/p>\n<\/div>\n<ul>\n<li><strong>Prof\u00aa. Claudia Lemons<\/strong><\/li>\n<li><strong>Prof\u00aa. Adriana Manetti<\/strong><\/li>\n<li><strong>Prof\u00aa. Rubia Flores Romani<\/strong><\/li>\n<\/ul>\n<p>Os\u00a0<strong>Est\u00e1gios Obrigat\u00f3rios<\/strong> s\u00e3o de responsabilidade da Professora Cl\u00e1udia Lemons, enquanto os <strong>Est\u00e1gios N\u00e3o Obrigat\u00f3rios<\/strong> s\u00e3o de responsabilidade das professoras Adriana Manetti e Rubia Romani.<\/p>\n<p>Os documentos necess\u00e1rios est\u00e3o dispon\u00edveis abaixo:<\/p>\n<p>&#8211; Plano de Atividades <a href=\"https:\/\/wp.ufpel.edu.br\/esa\/files\/2026\/02\/Plano-de-atividades-2.docx\">(anexo I)<\/a><\/p>\n<p>&#8211; Termo de Compromisso &#8211; UFPel como Institui\u00e7\u00e3o de Ensino <a href=\"https:\/\/wp.ufpel.edu.br\/esa\/files\/2026\/03\/Termo-de-Compromisso-UFPel-como-INSTITUICAO-DE-ENSINO-1.doc\">(anexo II)<\/a><\/p>\n<p>&#8211; Termo de Compromisso &#8211; UFPel como parte concedente <a href=\"https:\/\/wp.ufpel.edu.br\/esa\/files\/2026\/03\/Termo-de-Compromisso-UFPel-como-PARTE-CONCEDENTE.doc\">(anexo III)<\/a><\/p>\n<p>&#8211; Termo Aditivo (anexo IV)<\/p>\n<p>&#8211; Termo de Distrato <a href=\"https:\/\/wp.ufpel.edu.br\/esa\/files\/2026\/03\/Termo-de-Distrato-1.doc\">(anexo V)<\/a><\/p>\n<p>Em caso de d\u00favidas, entre em contato pelo email: <em><a href=\"mailto:comissaoestagioseas@gmail.com\" target=\"_blank\" rel=\"noopener\">comissaoestagioseas@gmail.com<\/a><\/em><\/p>\n<p>&nbsp;<\/p>\n","protected":false},"excerpt":{"rendered":"<p>Informamos que a Comiss\u00e3o de Est\u00e1gios da EAS \u00e9 constitu\u00edda pelas seguintes professoras: Prof\u00aa. Claudia Lemons Prof\u00aa. Adriana Manetti Prof\u00aa. Rubia Flores Romani Os\u00a0Est\u00e1gios Obrigat\u00f3rios s\u00e3o de responsabilidade da Professora Cl\u00e1udia Lemons, enquanto os Est\u00e1gios N\u00e3o Obrigat\u00f3rios s\u00e3o de responsabilidade das professoras Adriana Manetti e Rubia Romani. Os documentos necess\u00e1rios est\u00e3o dispon\u00edveis abaixo: &#8211; Plano [&hellip;]<\/p>\n","protected":false},"author":36,"featured_media":0,"parent":0,"menu_order":8,"comment_status":"closed","ping_status":"closed","template":"","meta":{"footnotes":""},"class_list":["post-1915","page","type-page","status-publish","hentry"],"_links":{"self":[{"href":"https:\/\/wp.ufpel.edu.br\/esa\/wp-json\/wp\/v2\/pages\/1915","targetHints":{"allow":["GET"]}}],"collection":[{"href":"https:\/\/wp.ufpel.edu.br\/esa\/wp-json\/wp\/v2\/pages"}],"about":[{"href":"https:\/\/wp.ufpel.edu.br\/esa\/wp-json\/wp\/v2\/types\/page"}],"author":[{"embeddable":true,"href":"https:\/\/wp.ufpel.edu.br\/esa\/wp-json\/wp\/v2\/users\/36"}],"replies":[{"embeddable":true,"href":"https:\/\/wp.ufpel.edu.br\/esa\/wp-json\/wp\/v2\/comments?post=1915"}],"version-history":[{"count":3,"href":"https:\/\/wp.ufpel.edu.br\/esa\/wp-json\/wp\/v2\/pages\/1915\/revisions"}],"predecessor-version":[{"id":7898,"href":"https:\/\/wp.ufpel.edu.br\/esa\/wp-json\/wp\/v2\/pages\/1915\/revisions\/7898"}],"wp:attachment":[{"href":"https:\/\/wp.ufpel.edu.br\/esa\/wp-json\/wp\/v2\/media?parent=1915"}],"curies":[{"name":"wp","href":"https:\/\/api.w.org\/{rel}","templated":true}]}}