{"id":1725,"date":"2011-09-19T18:01:40","date_gmt":"2011-09-19T21:01:40","guid":{"rendered":"https:\/\/wp.ufpel.edu.br\/esa\/"},"modified":"2011-10-04T18:13:42","modified_gmt":"2011-10-04T21:13:42","slug":"palestrantes","status":"publish","type":"page","link":"https:\/\/wp.ufpel.edu.br\/esa\/eventos\/3-semana-academica\/palestrantes\/","title":{"rendered":"Palestrantes"},"content":{"rendered":"<li><strong>Fernando Marroni<\/strong><br \/>\nDeputado Federal<\/li>\n<p>______________________________________________________________<\/p>\n<li><strong>Catarina<\/strong><br \/>\nDeputado Estadual<\/li>\n<p>______________________________________________________________<\/p>\n<li><strong>Eduardo Soffioni<\/strong><br \/>\nDiretor da <a href=\"http:\/\/www.andritz.com\/ANONIDZ94B8E03B4749349D\/index\">Andritz <\/a>Sprout<\/li>\n<p>______________________________________________________________<\/p>\n<li><strong>Rafael da Silva Messias<\/strong> (<a href=\"http:\/\/www.cpact.embrapa.br\/index.php\">Embrapa Clima Temperado<\/a>)<br \/>\nDoutor em Ci\u00eancia e Tecnologia Agroindustrial<br \/>\n<a href=\"http:\/\/lattes.cnpq.br\/7664014444929453\">Curr\u00edculo Lattes<\/a><\/li>\n<p>______________________________________________________________<\/p>\n<li><strong>Edson Pl\u00e1<\/strong><br \/>\nChefe do Departamento de Lixo do SANEP<\/li>\n<p>______________________________________________________________<\/p>\n<li><strong>Denis da Costa (Rio Grande Ambiental\/ReVita)<\/strong><\/li>\n<p>______________________________________________________________<\/p>\n<li><strong>Carlos Andr\u00e9 Birnfeld<\/strong><br \/>\nProfessor Doutor da Faculdade de Direito &#8211; UFPel <\/li>\n<p>______________________________________________________________<\/p>\n<li><strong>Rozane do Nascimento Nogueira<\/strong> (<a href=\"http:\/\/www.bourscheid.com.br\/Content\/area_atuacao\/\">Bourscheid Engenharia e Meio Ambiente S.A<\/a>)<br \/>\nEngenheira Florestal<br \/>\nEspecialista em Planejamento Ambiental<\/li>\n<p>______________________________________________________________<\/p>\n<li><strong>Alexandre Schefer<\/strong><br \/>\nAssessor de Meio Ambiente da Fetag\/RS<\/li>\n<p>______________________________________________________________<\/p>\n<li><strong>Lilian Brusamarello<\/strong><br \/>\nAdvogada representante da Comiss\u00e3o Especial de Meio Ambiente da OAB<\/li>\n<p><span style=\"color: #ffffff\"> .<br \/>\n.<\/span><br \/>\n<a href=\"https:\/\/wp.ufpel.edu.br\/esa\/semanaacademica\/\">Voltar<\/a><\/p>\n","protected":false},"excerpt":{"rendered":"<p>Fernando Marroni Deputado Federal ______________________________________________________________ Catarina Deputado Estadual ______________________________________________________________ Eduardo Soffioni Diretor da Andritz Sprout ______________________________________________________________ Rafael da Silva Messias (Embrapa Clima Temperado) Doutor em Ci\u00eancia e Tecnologia Agroindustrial Curr\u00edculo Lattes ______________________________________________________________ Edson Pl\u00e1 Chefe do Departamento de Lixo do SANEP ______________________________________________________________ Denis da Costa (Rio Grande Ambiental\/ReVita) ______________________________________________________________ Carlos Andr\u00e9 Birnfeld Professor Doutor da [&hellip;]<\/p>\n","protected":false},"author":36,"featured_media":0,"parent":1714,"menu_order":1,"comment_status":"closed","ping_status":"closed","template":"","meta":{"footnotes":""},"class_list":["post-1725","page","type-page","status-publish","hentry"],"_links":{"self":[{"href":"https:\/\/wp.ufpel.edu.br\/esa\/wp-json\/wp\/v2\/pages\/1725","targetHints":{"allow":["GET"]}}],"collection":[{"href":"https:\/\/wp.ufpel.edu.br\/esa\/wp-json\/wp\/v2\/pages"}],"about":[{"href":"https:\/\/wp.ufpel.edu.br\/esa\/wp-json\/wp\/v2\/types\/page"}],"author":[{"embeddable":true,"href":"https:\/\/wp.ufpel.edu.br\/esa\/wp-json\/wp\/v2\/users\/36"}],"replies":[{"embeddable":true,"href":"https:\/\/wp.ufpel.edu.br\/esa\/wp-json\/wp\/v2\/comments?post=1725"}],"version-history":[{"count":12,"href":"https:\/\/wp.ufpel.edu.br\/esa\/wp-json\/wp\/v2\/pages\/1725\/revisions"}],"predecessor-version":[{"id":1873,"href":"https:\/\/wp.ufpel.edu.br\/esa\/wp-json\/wp\/v2\/pages\/1725\/revisions\/1873"}],"up":[{"embeddable":true,"href":"https:\/\/wp.ufpel.edu.br\/esa\/wp-json\/wp\/v2\/pages\/1714"}],"wp:attachment":[{"href":"https:\/\/wp.ufpel.edu.br\/esa\/wp-json\/wp\/v2\/media?parent=1725"}],"curies":[{"name":"wp","href":"https:\/\/api.w.org\/{rel}","templated":true}]}}