{"id":2,"date":"2012-02-23T11:01:15","date_gmt":"2012-02-23T11:01:15","guid":{"rendered":"https:\/\/wp.ufpel.edu.br\/eruab\/?page_id=2"},"modified":"2012-03-01T11:05:11","modified_gmt":"2012-03-01T14:05:11","slug":"sobre","status":"publish","type":"page","link":"https:\/\/wp.ufpel.edu.br\/eruab\/sobre\/","title":{"rendered":"Inscri\u00e7\u00e3o"},"content":{"rendered":"<p>Clique no link abaixo para fazer a inscri\u00e7\u00e3o:<\/p>\n<p><a class=\"alignleft\" title=\"Formul\u00e1rio de Inscri\u00e7\u00e3o\" href=\"http:\/\/cead.ufpel.edu.br\/dev\/eruab.php\" target=\"_blank\">Formul\u00e1rio de Inscri\u00e7\u00e3o<\/a><\/p>\n","protected":false},"excerpt":{"rendered":"<p>Clique no link abaixo para fazer a inscri\u00e7\u00e3o: Formul\u00e1rio de Inscri\u00e7\u00e3o<\/p>\n","protected":false},"author":165,"featured_media":0,"parent":0,"menu_order":0,"comment_status":"closed","ping_status":"open","template":"","meta":{"footnotes":""},"class_list":["post-2","page","type-page","status-publish","hentry"],"_links":{"self":[{"href":"https:\/\/wp.ufpel.edu.br\/eruab\/wp-json\/wp\/v2\/pages\/2","targetHints":{"allow":["GET"]}}],"collection":[{"href":"https:\/\/wp.ufpel.edu.br\/eruab\/wp-json\/wp\/v2\/pages"}],"about":[{"href":"https:\/\/wp.ufpel.edu.br\/eruab\/wp-json\/wp\/v2\/types\/page"}],"author":[{"embeddable":true,"href":"https:\/\/wp.ufpel.edu.br\/eruab\/wp-json\/wp\/v2\/users\/165"}],"replies":[{"embeddable":true,"href":"https:\/\/wp.ufpel.edu.br\/eruab\/wp-json\/wp\/v2\/comments?post=2"}],"version-history":[{"count":4,"href":"https:\/\/wp.ufpel.edu.br\/eruab\/wp-json\/wp\/v2\/pages\/2\/revisions"}],"predecessor-version":[{"id":46,"href":"https:\/\/wp.ufpel.edu.br\/eruab\/wp-json\/wp\/v2\/pages\/2\/revisions\/46"}],"wp:attachment":[{"href":"https:\/\/wp.ufpel.edu.br\/eruab\/wp-json\/wp\/v2\/media?parent=2"}],"curies":[{"name":"wp","href":"https:\/\/api.w.org\/{rel}","templated":true}]}}