{"id":14,"date":"2012-03-01T09:25:59","date_gmt":"2012-03-01T12:25:59","guid":{"rendered":"https:\/\/wp.ufpel.edu.br\/eruab\/"},"modified":"2012-03-01T12:59:02","modified_gmt":"2012-03-01T15:59:02","slug":"programacao","status":"publish","type":"page","link":"https:\/\/wp.ufpel.edu.br\/eruab\/programacao\/","title":{"rendered":"Programa\u00e7\u00e3o"},"content":{"rendered":"<div align=\"justify\">\n<p>08:30 Recep\u00e7\u00e3o<\/p>\n<p>09:00 Abertura<\/p>\n<p>09:30 Panorama atual da UAB\/UFPel: cursos e polos<\/p>\n<p>10:00 Coordenadoria das Licenciaturas da UFPel<\/p>\n<p>12:00 Almo\u00e7o por ades\u00e3o<\/p>\n<p>14:00 Est\u00e1gios dos cursos UAB\/UFPel<\/p>\n<p>15:30 Coffee break<\/p>\n<p>16:00 PARFOR<\/p>\n<p>17:30 Encerramento<\/p>\n<\/div>\n","protected":false},"excerpt":{"rendered":"<p>08:30 Recep\u00e7\u00e3o 09:00 Abertura 09:30 Panorama atual da UAB\/UFPel: cursos e polos 10:00 Coordenadoria das Licenciaturas da UFPel 12:00 Almo\u00e7o por ades\u00e3o 14:00 Est\u00e1gios dos cursos UAB\/UFPel 15:30 Coffee break 16:00 PARFOR 17:30 Encerramento<\/p>\n","protected":false},"author":165,"featured_media":0,"parent":0,"menu_order":0,"comment_status":"closed","ping_status":"closed","template":"onecolumn-page.php","meta":{"footnotes":""},"class_list":["post-14","page","type-page","status-publish","hentry"],"_links":{"self":[{"href":"https:\/\/wp.ufpel.edu.br\/eruab\/wp-json\/wp\/v2\/pages\/14","targetHints":{"allow":["GET"]}}],"collection":[{"href":"https:\/\/wp.ufpel.edu.br\/eruab\/wp-json\/wp\/v2\/pages"}],"about":[{"href":"https:\/\/wp.ufpel.edu.br\/eruab\/wp-json\/wp\/v2\/types\/page"}],"author":[{"embeddable":true,"href":"https:\/\/wp.ufpel.edu.br\/eruab\/wp-json\/wp\/v2\/users\/165"}],"replies":[{"embeddable":true,"href":"https:\/\/wp.ufpel.edu.br\/eruab\/wp-json\/wp\/v2\/comments?post=14"}],"version-history":[{"count":7,"href":"https:\/\/wp.ufpel.edu.br\/eruab\/wp-json\/wp\/v2\/pages\/14\/revisions"}],"predecessor-version":[{"id":50,"href":"https:\/\/wp.ufpel.edu.br\/eruab\/wp-json\/wp\/v2\/pages\/14\/revisions\/50"}],"wp:attachment":[{"href":"https:\/\/wp.ufpel.edu.br\/eruab\/wp-json\/wp\/v2\/media?parent=14"}],"curies":[{"name":"wp","href":"https:\/\/api.w.org\/{rel}","templated":true}]}}