{"id":36,"date":"2022-12-20T11:40:27","date_gmt":"2022-12-20T14:40:27","guid":{"rendered":"https:\/\/wp.ufpel.edu.br\/ermacrs23\/?page_id=36"},"modified":"2023-04-28T12:48:05","modified_gmt":"2023-04-28T15:48:05","slug":"submissao","status":"publish","type":"page","link":"https:\/\/wp.ufpel.edu.br\/ermacrs23\/submissao\/","title":{"rendered":"Submiss\u00e3o"},"content":{"rendered":"<h3>Regras para submiss\u00e3o<\/h3>\n<p>A submiss\u00e3o de trabalhos para o XI ERMAC-RS deve ser feita de <strong>01\/03\/23 a <\/strong><span style=\"color: #999999;\"><del>31\/03\/23<\/del><\/span><span style=\"color: #ff0000;\"><strong> 19\/04\/23 (\u00faltima oportunidade!)<\/strong><\/span>, exclusivamente, pelo seguinte link<\/p>\n<p><a href=\"https:\/\/www.even3.com.br\/xiermacrs\/\">https:\/\/www.even3.com.br\/xiermacrs\/<\/a><\/p>\n<p>Os trabalhos submetidos devem seguir rigorosamente os modelos disponibilizados nesta p\u00e1gina.<\/p>\n<p>Cada inscri\u00e7\u00e3o d\u00e1 direito a apenas uma submiss\u00e3o de trabalho. O(a) autor(a) que submete o trabalho \u00e9 considerado(a) o(a) autor(a) principal e os(as) demais autores(as) s\u00e3o cadastrados(as) como coautores(as). No evento, o trabalho poder\u00e1 ser apresentado pelo(a) autor(a) principal ou qualquer um(a) de seus(suas) coautores(as), desde que o(a) apresentador(a) esteja inscrito(a) no evento. Para que o trabalho aceito seja inclu\u00eddo na programa\u00e7\u00e3o e nos anais do evento, <strong>o(a) autor(a) principal<\/strong> deve realizar sua <strong>inscri\u00e7\u00e3o at\u00e9<\/strong>, no m\u00e1ximo, dia <del>15\/05\/23<\/del><strong> 25\/05\/23<\/strong>.<\/p>\n<p>Os trabalhos podem ser submetidos na forma de resumo ou de trabalho completo.<\/p>\n<h4><strong>Submiss\u00e3o de resumo<\/strong><\/h4>\n<p>Trabalho submetido na forma de resumo (at\u00e9 2 p\u00e1ginas) dever\u00e1 ser apresentado no formato de p\u00f4ster durante o evento. Para mais informa\u00e7\u00f5es, consulte o modelo de submiss\u00e3o dispon\u00edvel nos seguintes links<\/p>\n<ul>\n<li><a href=\"https:\/\/www.overleaf.com\/latex\/templates\/modelo-ermac-rs-2023-resumo\/nxxfdtnytkvd\">Modelo no Overleaf<\/a><\/li>\n<li><a href=\"https:\/\/wp.ufpel.edu.br\/ermacrs23\/files\/2023\/03\/Template-ERMAC-RS-2023-Resumo.zip\">Download do modelo<\/a><\/li>\n<\/ul>\n<h4>Submiss\u00e3o de trabalho completo<\/h4>\n<p>Trabalho submetido no formato de trabalho completo (de 5 a 8 p\u00e1ginas) dever\u00e1 ser apresentado de forma oral em sess\u00e3o t\u00e9cnica. Para mais informa\u00e7\u00f5es, consulte o modelo de submiss\u00e3o dispon\u00edvel nos seguintes links<\/p>\n<ul>\n<li><a href=\"https:\/\/www.overleaf.com\/latex\/templates\/modelo-ermac-rs-2023-trabalho-completo\/qjcmprkwfdbt\">Modelo no Overleaf<\/a><\/li>\n<li><a href=\"https:\/\/wp.ufpel.edu.br\/ermacrs23\/files\/2023\/03\/Template-ERMAC-RS-2023-Trabalho-Completo.zip\">Download do modelo<\/a><\/li>\n<\/ul>\n<h3>Sess\u00f5es T\u00e9cnicas<\/h3>\n<p>Trabalhos podem ser submetidos para as seguintes sess\u00f5es t\u00e9cnicas:<\/p>\n<ul class=\"list\">\n<li class=\"list-item\">ST1 &#8211; An\u00e1lise Aplicada<\/li>\n<li class=\"list-item\">ST2 &#8211; Biomatem\u00e1tica<\/li>\n<li class=\"list-item\">ST3 &#8211; F\u00edsica-Matem\u00e1tica, Mec\u00e2nica dos Fluidos e Sistemas Din\u00e2micos<\/li>\n<li class=\"list-item\">ST4 &#8211; Matem\u00e1tica Aplicada \u00e0 Engenharia<\/li>\n<li class=\"list-item\">ST5 &#8211; Modelagem Matem\u00e1tica e Computacional<\/li>\n<li class=\"list-item\">ST6 &#8211; M\u00e9todos Estoc\u00e1sticos e Estat\u00edsticos<\/li>\n<li class=\"list-item\">ST7 &#8211; M\u00e9todos Num\u00e9ricos e Computa\u00e7\u00e3o Cient\u00edfica<\/li>\n<li class=\"list-item\">ST8 &#8211; Matem\u00e1tica Discreta e Otimiza\u00e7\u00e3o<\/li>\n<li class=\"list-item\">ST9 &#8211; Ensino e Extens\u00e3o em Matem\u00e1tica Aplicada e Computacional<\/li>\n<li>ST10 &#8211; An\u00e1lise<\/li>\n<li>ST11 &#8211; Geometria<\/li>\n<li>ST12 &#8211; \u00c1lgebra<\/li>\n<li>ST13 &#8211; Teoria dos N\u00fameros<\/li>\n<li>ST14 &#8211; Modelagem Matem\u00e1tica Aplicada \u00e0s Ci\u00eancias Naturais<\/li>\n<\/ul>\n","protected":false},"excerpt":{"rendered":"<p>Regras para submiss\u00e3o A submiss\u00e3o de trabalhos para o XI ERMAC-RS deve ser feita de 01\/03\/23 a 31\/03\/23 19\/04\/23 (\u00faltima oportunidade!), exclusivamente, pelo seguinte link https:\/\/www.even3.com.br\/xiermacrs\/ Os trabalhos submetidos devem seguir rigorosamente os modelos disponibilizados nesta p\u00e1gina. Cada inscri\u00e7\u00e3o d\u00e1 direito a apenas uma submiss\u00e3o de trabalho. O(a) autor(a) que submete o trabalho \u00e9 considerado(a) [&hellip;]<\/p>\n","protected":false},"author":1276,"featured_media":0,"parent":0,"menu_order":0,"comment_status":"closed","ping_status":"closed","template":"","meta":{"footnotes":""},"class_list":["post-36","page","type-page","status-publish","hentry"],"_links":{"self":[{"href":"https:\/\/wp.ufpel.edu.br\/ermacrs23\/wp-json\/wp\/v2\/pages\/36","targetHints":{"allow":["GET"]}}],"collection":[{"href":"https:\/\/wp.ufpel.edu.br\/ermacrs23\/wp-json\/wp\/v2\/pages"}],"about":[{"href":"https:\/\/wp.ufpel.edu.br\/ermacrs23\/wp-json\/wp\/v2\/types\/page"}],"author":[{"embeddable":true,"href":"https:\/\/wp.ufpel.edu.br\/ermacrs23\/wp-json\/wp\/v2\/users\/1276"}],"replies":[{"embeddable":true,"href":"https:\/\/wp.ufpel.edu.br\/ermacrs23\/wp-json\/wp\/v2\/comments?post=36"}],"version-history":[{"count":23,"href":"https:\/\/wp.ufpel.edu.br\/ermacrs23\/wp-json\/wp\/v2\/pages\/36\/revisions"}],"predecessor-version":[{"id":165,"href":"https:\/\/wp.ufpel.edu.br\/ermacrs23\/wp-json\/wp\/v2\/pages\/36\/revisions\/165"}],"wp:attachment":[{"href":"https:\/\/wp.ufpel.edu.br\/ermacrs23\/wp-json\/wp\/v2\/media?parent=36"}],"curies":[{"name":"wp","href":"https:\/\/api.w.org\/{rel}","templated":true}]}}