{"id":31,"date":"2022-12-20T11:35:06","date_gmt":"2022-12-20T14:35:06","guid":{"rendered":"https:\/\/wp.ufpel.edu.br\/ermacrs23\/?page_id=31"},"modified":"2023-04-28T12:47:12","modified_gmt":"2023-04-28T15:47:12","slug":"datas","status":"publish","type":"page","link":"https:\/\/wp.ufpel.edu.br\/ermacrs23\/datas\/","title":{"rendered":"Datas"},"content":{"rendered":"<ul>\n<li><a href=\"https:\/\/wp.ufpel.edu.br\/ermacrs23\/submissao\/\">Submiss\u00e3o de trabalhos (clique aqui!)<\/a>\n<ul>\n<li><span style=\"color: #999999;\"><del>01-31\/Mar\/2023<\/del><\/span><\/li>\n<li><span style=\"color: #808080;\"><del>01\/03 &#8211; 15\/04\/2023<\/del><\/span><span style=\"color: #ff0000;\"><strong><br \/>\n<\/strong><\/span><\/li>\n<li><strong><span style=\"color: #ff0000;\">01\/03 &#8211; 19\/04\/2023 (\u00faltima oportunidade!)<\/span><\/strong><\/li>\n<\/ul>\n<\/li>\n<li><a href=\"https:\/\/www.even3.com.br\/xiermacrs\/\">Inscri\u00e7\u00f5es (clique aqui!)<\/a>\n<ul>\n<li>Normal: de 01\/03\/23 at\u00e9 <del>15\/05\/23<\/del> <strong>25\/05\/23<\/strong><\/li>\n<li>Inscri\u00e7\u00f5es tardias: de <del>16\/05\/23<\/del> 26\/05\/23 at\u00e9 <strong>15\/06\/23<\/strong><\/li>\n<\/ul>\n<\/li>\n<li>Divulga\u00e7\u00e3o dos aceites\n<ul>\n<li>at\u00e9 <strong>22\/05\/23<\/strong><\/li>\n<\/ul>\n<\/li>\n<li>Realiza\u00e7\u00e3o do evento\n<ul>\n<li><strong>28-30\/Jun\/2023<\/strong><\/li>\n<\/ul>\n<\/li>\n<\/ul>\n","protected":false},"excerpt":{"rendered":"<p>Submiss\u00e3o de trabalhos (clique aqui!) 01-31\/Mar\/2023 01\/03 &#8211; 15\/04\/2023 01\/03 &#8211; 19\/04\/2023 (\u00faltima oportunidade!) Inscri\u00e7\u00f5es (clique aqui!) Normal: de 01\/03\/23 at\u00e9 15\/05\/23 25\/05\/23 Inscri\u00e7\u00f5es tardias: de 16\/05\/23 26\/05\/23 at\u00e9 15\/06\/23 Divulga\u00e7\u00e3o dos aceites at\u00e9 22\/05\/23 Realiza\u00e7\u00e3o do evento 28-30\/Jun\/2023<\/p>\n","protected":false},"author":1276,"featured_media":0,"parent":0,"menu_order":0,"comment_status":"closed","ping_status":"closed","template":"","meta":{"footnotes":""},"class_list":["post-31","page","type-page","status-publish","hentry"],"_links":{"self":[{"href":"https:\/\/wp.ufpel.edu.br\/ermacrs23\/wp-json\/wp\/v2\/pages\/31","targetHints":{"allow":["GET"]}}],"collection":[{"href":"https:\/\/wp.ufpel.edu.br\/ermacrs23\/wp-json\/wp\/v2\/pages"}],"about":[{"href":"https:\/\/wp.ufpel.edu.br\/ermacrs23\/wp-json\/wp\/v2\/types\/page"}],"author":[{"embeddable":true,"href":"https:\/\/wp.ufpel.edu.br\/ermacrs23\/wp-json\/wp\/v2\/users\/1276"}],"replies":[{"embeddable":true,"href":"https:\/\/wp.ufpel.edu.br\/ermacrs23\/wp-json\/wp\/v2\/comments?post=31"}],"version-history":[{"count":11,"href":"https:\/\/wp.ufpel.edu.br\/ermacrs23\/wp-json\/wp\/v2\/pages\/31\/revisions"}],"predecessor-version":[{"id":164,"href":"https:\/\/wp.ufpel.edu.br\/ermacrs23\/wp-json\/wp\/v2\/pages\/31\/revisions\/164"}],"wp:attachment":[{"href":"https:\/\/wp.ufpel.edu.br\/ermacrs23\/wp-json\/wp\/v2\/media?parent=31"}],"curies":[{"name":"wp","href":"https:\/\/api.w.org\/{rel}","templated":true}]}}