{"id":2,"date":"2022-12-19T14:31:09","date_gmt":"2022-12-19T17:31:09","guid":{"rendered":"https:\/\/wp.ufpel.edu.br\/ermacrs23\/?page_id=2"},"modified":"2023-10-09T17:57:52","modified_gmt":"2023-10-09T20:57:52","slug":"inicio","status":"publish","type":"page","link":"https:\/\/wp.ufpel.edu.br\/ermacrs23\/inicio\/","title":{"rendered":"In\u00edcio"},"content":{"rendered":"<div id=\"attachment_86\" style=\"width: 410px\" class=\"wp-caption alignleft\"><img aria-describedby=\"caption-attachment-86\" class=\"wp-image-86 size-medium\" src=\"https:\/\/wp.ufpel.edu.br\/ermacrs23\/files\/2023\/01\/index-400x373.jpeg\" alt=\"XI ERMAC RS 2023\" width=\"400\" height=\"373\" srcset=\"https:\/\/wp.ufpel.edu.br\/ermacrs23\/files\/2023\/01\/index-400x373.jpeg 400w, https:\/\/wp.ufpel.edu.br\/ermacrs23\/files\/2023\/01\/index-1024x956.jpeg 1024w, https:\/\/wp.ufpel.edu.br\/ermacrs23\/files\/2023\/01\/index-768x717.jpeg 768w, https:\/\/wp.ufpel.edu.br\/ermacrs23\/files\/2023\/01\/index.jpeg 1280w\" sizes=\"(max-width: 400px) 100vw, 400px\" \/><p id=\"caption-attachment-86\" class=\"wp-caption-text\">Imagem: @professorjuliolombaldo<\/p><\/div>\n<p><strong>Consulte os <span style=\"background-color: #ffff00;\"><a style=\"background-color: #ffff00;\" href=\"https:\/\/www.even3.com.br\/anais\/xiermacrs\/\">Anais do XI ERMAC-RS 2023<\/a><\/span>!<br \/>\n<\/strong><\/p>\n<p>O XI Encontro Regional de Matem\u00e1tica Aplicada e Computacional do Rio Grande do Sul (XI ERMAC-RS) ser\u00e1 realizado na cidade de Pelotas, RS, de 28 a 30 de junho de 2023. Promovido pela Sociedade Brasileira de Matem\u00e1tica Aplicada e Computacional (SBMAC), segue uma longa tradi\u00e7\u00e3o de eventos de Matem\u00e1tica Aplicada e Computacional no Rio Grande do Sul. Essa edi\u00e7\u00e3o \u00e9 sediada pela Universidade Federal de Pelotas (UFPEL) e conta com a colabora\u00e7\u00e3o de diversas institui\u00e7\u00f5es de ensino e pesquisa do estado do Rio Grande do Sul.<\/p>\n<p>O evento tem o objetivo de contribuir com o desenvolvimento e a divulga\u00e7\u00e3o da pesquisa realizada em Matem\u00e1tica Aplicada e Computacional, compreendida de maneira ampla, atrav\u00e9s da integra\u00e7\u00e3o de estudantes, profissionais, pesquisadoras e pesquisadores das mais diversas institui\u00e7\u00f5es de ensino, de inova\u00e7\u00e3o, de desenvolvimento e de pesquisa. A programa\u00e7\u00e3o contar\u00e1 com semin\u00e1rios, mesas redondas, minicursos, apresenta\u00e7\u00e3o de trabalhos e f\u00f3runs de discuss\u00e3o.<\/p>\n<h4>Fa\u00e7a o <a href=\"https:\/\/wp.ufpel.edu.br\/ermacrs23\/files\/2023\/03\/banner.jpeg\">download do banner oficial<\/a> do evento e ajude a divulgar!<\/h4>\n<p>Consulte, tamb\u00e9m, o site da edi\u00e7\u00e3o X ERMAC-RS 2020<\/p>\n<p><a href=\"https:\/\/www.ufrgs.br\/ermacrs2020\/\">https:\/\/www.ufrgs.br\/ermacrs2020\/<\/a><\/p>\n<h3>Sess\u00f5es T\u00e9cnicas<\/h3>\n<p>Trabalhos podem ser submetidos para as seguintes sess\u00f5es t\u00e9cnicas:<\/p>\n<ul class=\"list\">\n<li class=\"list-item\">ST1 &#8211; An\u00e1lise Aplicada<\/li>\n<li class=\"list-item\">ST2 &#8211; Biomatem\u00e1tica<\/li>\n<li class=\"list-item\">ST3 &#8211; F\u00edsica-Matem\u00e1tica, Mec\u00e2nica dos Fluidos e Sistemas Din\u00e2micos<\/li>\n<li class=\"list-item\">ST4 &#8211; Matem\u00e1tica Aplicada \u00e0 Engenharia<\/li>\n<li class=\"list-item\">ST5 &#8211; Modelagem Matem\u00e1tica e Computacional<\/li>\n<li class=\"list-item\">ST6 &#8211; M\u00e9todos Estoc\u00e1sticos e Estat\u00edsticos<\/li>\n<li class=\"list-item\">ST7 &#8211; M\u00e9todos Num\u00e9ricos e Computa\u00e7\u00e3o Cient\u00edfica<\/li>\n<li class=\"list-item\">ST8 &#8211; Matem\u00e1tica Discreta e Otimiza\u00e7\u00e3o<\/li>\n<li class=\"list-item\">ST9 &#8211; Ensino e Extens\u00e3o em Matem\u00e1tica Aplicada e Computacional<\/li>\n<li>ST10 &#8211; An\u00e1lise<\/li>\n<li>ST11 &#8211; Geometria<\/li>\n<li>ST12 &#8211; \u00c1lgebra<\/li>\n<li>ST13 &#8211; Teoria dos N\u00fameros<\/li>\n<li>ST14 &#8211; Modelagem Matem\u00e1tica Aplicada \u00e0s Ci\u00eancias Naturais<\/li>\n<\/ul>\n","protected":false},"excerpt":{"rendered":"<p>Consulte os Anais do XI ERMAC-RS 2023! O XI Encontro Regional de Matem\u00e1tica Aplicada e Computacional do Rio Grande do Sul (XI ERMAC-RS) ser\u00e1 realizado na cidade de Pelotas, RS, de 28 a 30 de junho de 2023. Promovido pela Sociedade Brasileira de Matem\u00e1tica Aplicada e Computacional (SBMAC), segue uma longa tradi\u00e7\u00e3o de eventos de [&hellip;]<\/p>\n","protected":false},"author":1276,"featured_media":0,"parent":0,"menu_order":0,"comment_status":"closed","ping_status":"closed","template":"","meta":{"footnotes":""},"class_list":["post-2","page","type-page","status-publish","hentry"],"_links":{"self":[{"href":"https:\/\/wp.ufpel.edu.br\/ermacrs23\/wp-json\/wp\/v2\/pages\/2","targetHints":{"allow":["GET"]}}],"collection":[{"href":"https:\/\/wp.ufpel.edu.br\/ermacrs23\/wp-json\/wp\/v2\/pages"}],"about":[{"href":"https:\/\/wp.ufpel.edu.br\/ermacrs23\/wp-json\/wp\/v2\/types\/page"}],"author":[{"embeddable":true,"href":"https:\/\/wp.ufpel.edu.br\/ermacrs23\/wp-json\/wp\/v2\/users\/1276"}],"replies":[{"embeddable":true,"href":"https:\/\/wp.ufpel.edu.br\/ermacrs23\/wp-json\/wp\/v2\/comments?post=2"}],"version-history":[{"count":14,"href":"https:\/\/wp.ufpel.edu.br\/ermacrs23\/wp-json\/wp\/v2\/pages\/2\/revisions"}],"predecessor-version":[{"id":195,"href":"https:\/\/wp.ufpel.edu.br\/ermacrs23\/wp-json\/wp\/v2\/pages\/2\/revisions\/195"}],"wp:attachment":[{"href":"https:\/\/wp.ufpel.edu.br\/ermacrs23\/wp-json\/wp\/v2\/media?parent=2"}],"curies":[{"name":"wp","href":"https:\/\/api.w.org\/{rel}","templated":true}]}}