{"id":178,"date":"2023-06-02T09:53:38","date_gmt":"2023-06-02T12:53:38","guid":{"rendered":"https:\/\/wp.ufpel.edu.br\/ermacrs23\/?page_id=178"},"modified":"2023-06-27T06:52:24","modified_gmt":"2023-06-27T09:52:24","slug":"mais-infos","status":"publish","type":"page","link":"https:\/\/wp.ufpel.edu.br\/ermacrs23\/mais-infos\/","title":{"rendered":"Mais Infos"},"content":{"rendered":"<h3>Local<\/h3>\n<p>O evento ocorre UFPel, Campus Cap\u00e3o do Le\u00e3o, Pelotas, RS.<\/p>\n<p><a href=\"https:\/\/wp.ufpel.edu.br\/ermacrs23\/mais-infos\/mapa\/\" rel=\"attachment wp-att-188\"><img class=\"alignnone size-medium wp-image-188\" src=\"https:\/\/wp.ufpel.edu.br\/ermacrs23\/files\/2023\/06\/mapa-400x225.jpeg\" alt=\"\" width=\"400\" height=\"225\" srcset=\"https:\/\/wp.ufpel.edu.br\/ermacrs23\/files\/2023\/06\/mapa-400x225.jpeg 400w, https:\/\/wp.ufpel.edu.br\/ermacrs23\/files\/2023\/06\/mapa-1024x576.jpeg 1024w, https:\/\/wp.ufpel.edu.br\/ermacrs23\/files\/2023\/06\/mapa-768x432.jpeg 768w, https:\/\/wp.ufpel.edu.br\/ermacrs23\/files\/2023\/06\/mapa-1536x864.jpeg 1536w, https:\/\/wp.ufpel.edu.br\/ermacrs23\/files\/2023\/06\/mapa.jpeg 1600w\" sizes=\"(max-width: 400px) 100vw, 400px\" \/><\/a><\/p>\n<h3>Indica\u00e7\u00f5es de hospedagem<\/h3>\n<ul>\n<li>Curi Palace Hotel &#8211; <a href=\"https:\/\/www.curipalacehotel.com.br\/\">https:\/\/www.curipalacehotel.com.br\/<\/a>\n<ul>\n<li>SGL &#8211; R$217,00<\/li>\n<li>Duplo &#8211; R$272,00<\/li>\n<li>Triplo &#8211; R$377,00<\/li>\n<\/ul>\n<\/li>\n<li>Hotel Manta &#8211; <a href=\"https:\/\/www.hoteismanta.com.br\/\">https:\/\/www.hoteismanta.com.br\/<\/a>\n<ul>\n<li>SGL &#8211; R$185,00<\/li>\n<li>Duplo &#8211; R$247,00<\/li>\n<li>Triplo &#8211; R$345,00<\/li>\n<\/ul>\n<\/li>\n<li>Hotel M Tower &#8211; <a href=\"https:\/\/www.mtowerhotel.com.br\/\">https:\/\/www.mtowerhotel.com.br\/<\/a>\n<ul>\n<li>SGL &#8211; R$234,00<\/li>\n<li>Duplo &#8211; R$294,00<\/li>\n<li>Flat (at\u00e9 4) &#8211; R$449,00<\/li>\n<\/ul>\n<\/li>\n<\/ul>\n<p>&nbsp;<\/p>\n","protected":false},"excerpt":{"rendered":"<p>Local O evento ocorre UFPel, Campus Cap\u00e3o do Le\u00e3o, Pelotas, RS. Indica\u00e7\u00f5es de hospedagem Curi Palace Hotel &#8211; https:\/\/www.curipalacehotel.com.br\/ SGL &#8211; R$217,00 Duplo &#8211; R$272,00 Triplo &#8211; R$377,00 Hotel Manta &#8211; https:\/\/www.hoteismanta.com.br\/ SGL &#8211; R$185,00 Duplo &#8211; R$247,00 Triplo &#8211; R$345,00 Hotel M Tower &#8211; https:\/\/www.mtowerhotel.com.br\/ SGL &#8211; R$234,00 Duplo &#8211; R$294,00 Flat (at\u00e9 4) [&hellip;]<\/p>\n","protected":false},"author":1276,"featured_media":0,"parent":0,"menu_order":0,"comment_status":"closed","ping_status":"closed","template":"","meta":{"footnotes":""},"class_list":["post-178","page","type-page","status-publish","hentry"],"_links":{"self":[{"href":"https:\/\/wp.ufpel.edu.br\/ermacrs23\/wp-json\/wp\/v2\/pages\/178","targetHints":{"allow":["GET"]}}],"collection":[{"href":"https:\/\/wp.ufpel.edu.br\/ermacrs23\/wp-json\/wp\/v2\/pages"}],"about":[{"href":"https:\/\/wp.ufpel.edu.br\/ermacrs23\/wp-json\/wp\/v2\/types\/page"}],"author":[{"embeddable":true,"href":"https:\/\/wp.ufpel.edu.br\/ermacrs23\/wp-json\/wp\/v2\/users\/1276"}],"replies":[{"embeddable":true,"href":"https:\/\/wp.ufpel.edu.br\/ermacrs23\/wp-json\/wp\/v2\/comments?post=178"}],"version-history":[{"count":3,"href":"https:\/\/wp.ufpel.edu.br\/ermacrs23\/wp-json\/wp\/v2\/pages\/178\/revisions"}],"predecessor-version":[{"id":189,"href":"https:\/\/wp.ufpel.edu.br\/ermacrs23\/wp-json\/wp\/v2\/pages\/178\/revisions\/189"}],"wp:attachment":[{"href":"https:\/\/wp.ufpel.edu.br\/ermacrs23\/wp-json\/wp\/v2\/media?parent=178"}],"curies":[{"name":"wp","href":"https:\/\/api.w.org\/{rel}","templated":true}]}}