{"id":104,"date":"2023-02-24T11:04:46","date_gmt":"2023-02-24T14:04:46","guid":{"rendered":"https:\/\/wp.ufpel.edu.br\/ermacrs23\/?page_id=104"},"modified":"2023-06-08T08:40:26","modified_gmt":"2023-06-08T11:40:26","slug":"inscricao","status":"publish","type":"page","link":"https:\/\/wp.ufpel.edu.br\/ermacrs23\/inscricao\/","title":{"rendered":"Inscri\u00e7\u00e3o"},"content":{"rendered":"<p><span style=\"background-color: #ffff00;\">As inscri\u00e7\u00f5es<\/span> no evento podem ser feitas de <strong><span style=\"background-color: #ffff00;\">01\/03 a<\/span><span style=\"color: #000000; background-color: #ffff00;\"> 15\/06\/23<\/span><\/strong>, exclusivamente, pelo seguinte link<\/p>\n<p><a href=\"https:\/\/www.even3.com.br\/xiermacrs\/\">https:\/\/www.even3.com.br\/xiermacrs\/<\/a><\/p>\n<p>Aten\u00e7\u00e3o! <strong>Autor(a) principal de trabalho<\/strong> deve realizar <strong>inscri\u00e7\u00e3o at\u00e9 <span style=\"color: #333333;\">15\/06\/23<\/span><\/strong>. Caso a inscri\u00e7\u00e3o n\u00e3o seja realizada at\u00e9 esta data, o trabalho, mesmo que aceito, n\u00e3o ser\u00e1 inclu\u00eddo na programa\u00e7\u00e3o e nos anais do evento.<\/p>\n<h3>Alojamento<\/h3>\n<p><span style=\"background-color: #ffff00;\"><strong>Alojamento inclu\u00eddos caf\u00e9 da manh\u00e3, almo\u00e7o e janta no restaurante universit\u00e1rio.<\/strong><\/span> Os dormit\u00f3rios ser\u00e3o organizados em salas de aula da universidade e pr\u00f3ximos de banheiros com chuveiro. N\u00e3o ser\u00e3o oferecidas cama, roupas de cama e toalhas, ficando a cargo de cada participante trazer seu pr\u00f3prio colchonete\/saco de dormir\/roupa de cama\/toalha\/etc..<\/p>\n<p><strong>Aten\u00e7\u00e3o!<\/strong> Para reservar o alojamento \u00e9 necess\u00e1rio estar devidamente inscrito no evento. Consulte as categorias e links para inscri\u00e7\u00e3o acima. <span style=\"background-color: #ffff00;\"><strong>Inscritos podem fazer a reserva na se\u00e7\u00e3o Atividades dispon\u00edvel na plataforma da Even3.<\/strong><\/span><\/p>\n<p><a href=\"https:\/\/www.even3.com.br\/xiermacrs\/\"><span style=\"background-color: #ffff00;\">Reservar alojamento<\/span><\/a><br \/>\nSomente at\u00e9 <del><span style=\"color: #999999;\">15\/05\/23<\/span><\/del> <span style=\"background-color: #ffff00;\"><strong>15\/06\/23<\/strong>: R$ 100,00<\/span><\/p>\n<h3>Taxa de inscri\u00e7\u00e3o<\/h3>\n<ul>\n<li><a href=\"https:\/\/www.even3.com.br\/xiermacrs\/\">Estudante de gradua\u00e7\u00e3o<\/a>\n<ul>\n<li>At\u00e9 <span style=\"color: #999999;\"><del>15\/05\/23<\/del><\/span> 25\/05\/23: R$ 50,00<\/li>\n<li>A partir de <span style=\"color: #999999;\"><del>26\/05\/23<\/del><\/span> 26\/05\/23: R$ 80,00<\/li>\n<\/ul>\n<\/li>\n<li><a href=\"https:\/\/www.even3.com.br\/xiermacrs\/\">Estudante de gradua\u00e7\u00e3o s\u00f3cio da SBMAC<\/a>\n<ul>\n<li>At\u00e9 <span style=\"color: #999999;\"><del>15\/05\/23<\/del><\/span> 25\/05\/23:\u00a0R$ 25,00<\/li>\n<li>A partir de <span style=\"color: #999999;\"><del>16\/05\/23<\/del><\/span> 26\/05\/23: R$ 55,00<\/li>\n<\/ul>\n<\/li>\n<li><a href=\"https:\/\/www.even3.com.br\/xiermacrs\/\">Estudante de mestrado<\/a>\n<ul>\n<li>At\u00e9 <del><span style=\"color: #999999;\">15\/05\/23<\/span><\/del> 25\/05\/23: R$ 75,00<\/li>\n<li>A partir de <span style=\"color: #999999;\"><del>16\/05\/23<\/del><\/span> 26\/05\/23: R$ 125,00<\/li>\n<\/ul>\n<\/li>\n<li><a href=\"https:\/\/www.even3.com.br\/xiermacrs\/\">Estudante de mestrado s\u00f3cio da SBMAC<\/a>\n<ul>\n<li>At\u00e9 <span style=\"color: #999999;\"><del>15\/05\/23<\/del><\/span> 25\/05\/23: R$ 50,00<\/li>\n<li>A partir de <span style=\"color: #999999;\"><del>16\/05\/23<\/del><\/span> 26\/05\/23: R$ 100,00<\/li>\n<\/ul>\n<\/li>\n<li><a href=\"https:\/\/www.even3.com.br\/xiermacrs\/\">Estudante de doutorado<\/a>\n<ul>\n<li>At\u00e9 <span style=\"color: #999999;\"><del>15\/05\/23<\/del><\/span> 25\/05\/23: R$ 100,00<\/li>\n<li>A partir de <span style=\"color: #999999;\"><del>16\/05\/23<\/del><\/span> 16\/05\/23: R$ 150,00<\/li>\n<\/ul>\n<\/li>\n<li><a href=\"https:\/\/www.even3.com.br\/xiermacrs\/\">Estudante de doutorado s\u00f3cio da SBMAC<\/a>\n<ul>\n<li>At\u00e9 <span style=\"color: #999999;\"><del>15\/05\/23<\/del><\/span> 25\/05\/23: R$ 75,00<\/li>\n<li>A partir de <span style=\"color: #999999;\"><del>16\/05\/23<\/del><\/span> 26\/05\/23: R$ 125,00<\/li>\n<\/ul>\n<\/li>\n<li><a href=\"https:\/\/www.even3.com.br\/xiermacrs\/\">Profissional<\/a>\n<ul>\n<li>At\u00e9 <span style=\"color: #999999;\"><del>15\/05\/23<\/del><\/span> 25\/05\/23: R$ 200,00<\/li>\n<li>A partir de <span style=\"color: #999999;\"><del>16\/05\/23<\/del><\/span> 26\/05\/23: R$ 300,00<\/li>\n<\/ul>\n<\/li>\n<li><a href=\"https:\/\/www.even3.com.br\/xiermacrs\/\">Profissional s\u00f3cio da SBMAC<\/a>\n<ul>\n<li>At\u00e9 <span style=\"color: #999999;\"><del>15\/05\/23<\/del><\/span> 25\/05\/23: R$ 175,00<\/li>\n<li>A partir de <span style=\"color: #999999;\"><del>16\/05\/23<\/del><\/span> 26\/05\/23: R$ 275,00<\/li>\n<\/ul>\n<\/li>\n<\/ul>\n","protected":false},"excerpt":{"rendered":"<p>As inscri\u00e7\u00f5es no evento podem ser feitas de 01\/03 a 15\/06\/23, exclusivamente, pelo seguinte link https:\/\/www.even3.com.br\/xiermacrs\/ Aten\u00e7\u00e3o! Autor(a) principal de trabalho deve realizar inscri\u00e7\u00e3o at\u00e9 15\/06\/23. Caso a inscri\u00e7\u00e3o n\u00e3o seja realizada at\u00e9 esta data, o trabalho, mesmo que aceito, n\u00e3o ser\u00e1 inclu\u00eddo na programa\u00e7\u00e3o e nos anais do evento. Alojamento Alojamento inclu\u00eddos caf\u00e9 da [&hellip;]<\/p>\n","protected":false},"author":1276,"featured_media":0,"parent":0,"menu_order":0,"comment_status":"closed","ping_status":"closed","template":"","meta":{"footnotes":""},"class_list":["post-104","page","type-page","status-publish","hentry"],"_links":{"self":[{"href":"https:\/\/wp.ufpel.edu.br\/ermacrs23\/wp-json\/wp\/v2\/pages\/104","targetHints":{"allow":["GET"]}}],"collection":[{"href":"https:\/\/wp.ufpel.edu.br\/ermacrs23\/wp-json\/wp\/v2\/pages"}],"about":[{"href":"https:\/\/wp.ufpel.edu.br\/ermacrs23\/wp-json\/wp\/v2\/types\/page"}],"author":[{"embeddable":true,"href":"https:\/\/wp.ufpel.edu.br\/ermacrs23\/wp-json\/wp\/v2\/users\/1276"}],"replies":[{"embeddable":true,"href":"https:\/\/wp.ufpel.edu.br\/ermacrs23\/wp-json\/wp\/v2\/comments?post=104"}],"version-history":[{"count":19,"href":"https:\/\/wp.ufpel.edu.br\/ermacrs23\/wp-json\/wp\/v2\/pages\/104\/revisions"}],"predecessor-version":[{"id":182,"href":"https:\/\/wp.ufpel.edu.br\/ermacrs23\/wp-json\/wp\/v2\/pages\/104\/revisions\/182"}],"wp:attachment":[{"href":"https:\/\/wp.ufpel.edu.br\/ermacrs23\/wp-json\/wp\/v2\/media?parent=104"}],"curies":[{"name":"wp","href":"https:\/\/api.w.org\/{rel}","templated":true}]}}