{"id":612,"date":"2021-05-21T14:27:33","date_gmt":"2021-05-21T17:27:33","guid":{"rendered":"https:\/\/wp.ufpel.edu.br\/eprodjr\/?page_id=612"},"modified":"2021-05-24T17:06:58","modified_gmt":"2021-05-24T20:06:58","slug":"nossos-servicos","status":"publish","type":"page","link":"https:\/\/wp.ufpel.edu.br\/eprodjr\/nossos-servicos\/","title":{"rendered":"SERVI\u00c7OS"},"content":{"rendered":"<div id=\"pl-612\"  class=\"panel-layout\" ><div id=\"pg-612-0\"  class=\"panel-grid panel-has-style\" ><div class=\"siteorigin-panels-stretch panel-row-style panel-row-style-for-612-0\" data-stretch-type=\"full-stretched\" ><div id=\"pgc-612-0-0\"  class=\"panel-grid-cell panel-grid-cell-empty\" ><\/div><\/div><\/div><div id=\"pg-612-1\"  class=\"panel-grid panel-has-style\" ><div class=\"siteorigin-panels-stretch panel-row-style panel-row-style-for-612-1\" data-stretch-type=\"full\" ><div id=\"pgc-612-1-0\"  class=\"panel-grid-cell\" ><div id=\"panel-612-1-0-0\" class=\"so-panel widget widget_sow-headline panel-first-child\" data-index=\"0\" ><div\n\t\t\t\n\t\t\tclass=\"so-widget-sow-headline so-widget-sow-headline-default-00c01aba5dd2-612 so-widget-fittext-wrapper\"\n\t\t\t data-fit-text-compressor=\"0.85\"\n\t\t><div class=\"sow-headline-container \">\n\t\t\t\t\t\t\t<h1 class=\"sow-headline\">\n\t\t\t\t\t\tNossos Servi\u00e7os\t\t\t\t\t\t<\/h1>\n\t\t\t\t\t\t<\/div>\n<\/div><\/div><div id=\"panel-612-1-0-1\" class=\"so-panel widget widget_sow-features panel-last-child\" data-index=\"1\" ><div class=\"panel-widget-style panel-widget-style-for-612-1-0-1\" ><div\n\t\t\t\n\t\t\tclass=\"so-widget-sow-features so-widget-sow-features-default-f820b859f3ac-612\"\n\t\t\t\n\t\t><ul\n\tclass=\"sow-features-list\n\tsow-features-responsive\">\n\n\t\t\t<li\n\t\t\tclass=\"sow-features-feature sow-icon-container-position-top\"\n\t\t\tstyle=\"display: flex; flex-direction: column; width: calc(33.333% - 25px);\"\n\t\t>\n\t\t\t\n\t\t\t\t\t\t<div\t\t\t\tclass=\"sow-icon-container sow-container-sticker\"\n\t\t\t\tstyle=\"color: #ffffff; \"\n\t\t\t\ttitle=\"marketing\"\n\t\t\t\t\t\t\t>\n\t\t\t\t\t\t\t\t\t\t<div class=\"sow-icon-image\" style=\"background-image: url(https:\/\/wp.ufpel.edu.br\/eprodjr\/files\/2021\/05\/marketing-1.png); font-size: 70px\"><\/div>\n\t\t\t\t\t\t\t\t\t<\/div>\n\n\t\t\t<div class=\"textwidget\">\n\t\t\t\t\n\t\t\t\t\t\t\t\t\t<h5 class=\"sow-features-feature-title\">\n\t\t\t\t\t\tMarketing Digital\t\t\t\t\t<\/h5>\n\t\t\t\t\n\t\t\t\t\t\t\t\t\t<div class=\"sow-features-feature-text\">\n\t\t\t\t\t<p style=\"text-align: center\">Solu\u00e7\u00f5es para melhorar a efici\u00eancia da divulga\u00e7\u00e3o e comercializa\u00e7\u00e3o dos seus produtos, conquistando novos clientes e melhorando a rede de relacionamentos, e promover novos produtos ou servi\u00e7os pela utiliza\u00e7\u00e3o de canais de distribui\u00e7\u00e3o eletr\u00f4nicos.<\/p>\n\t\t\t\t\t<\/div>\n\t\t\t\t\t\t\t\t<\/div>\n\t\t\t\t\t\t\t\t<\/li>\n\n\t\t\t<li\n\t\t\tclass=\"sow-features-feature sow-icon-container-position-top\"\n\t\t\tstyle=\"display: flex; flex-direction: column; width: calc(33.333% - 25px);\"\n\t\t>\n\t\t\t\n\t\t\t\t\t\t<div\t\t\t\tclass=\"sow-icon-container sow-container-sticker\"\n\t\t\t\tstyle=\"color: #ffffff; \"\n\t\t\t\ttitle=\"branding\"\n\t\t\t\t\t\t\t>\n\t\t\t\t\t\t\t\t\t\t<div class=\"sow-icon-image\" style=\"background-image: url(https:\/\/wp.ufpel.edu.br\/eprodjr\/files\/2021\/05\/branding-1.png); font-size: 70px\"><\/div>\n\t\t\t\t\t\t\t\t\t<\/div>\n\n\t\t\t<div class=\"textwidget\">\n\t\t\t\t\n\t\t\t\t\t\t\t\t\t<h5 class=\"sow-features-feature-title\">\n\t\t\t\t\t\tBranding\t\t\t\t\t<\/h5>\n\t\t\t\t\n\t\t\t\t\t\t\t\t\t<div class=\"sow-features-feature-text\">\n\t\t\t\t\t<p style=\"text-align: center\">Desenvolvimento de elementos de identidade visual como slogans, s\u00edmbolos e logotipos que estejam associados aos produtos e servi\u00e7os, de forma a colaborar tamb\u00e9m com as a\u00e7\u00f5es internas na empresa, para transmitir e materializar a imagem pretendida.<\/p>\n\t\t\t\t\t<\/div>\n\t\t\t\t\t\t\t\t<\/div>\n\t\t\t\t\t\t\t\t<\/li>\n\n\t\t\t<li\n\t\t\tclass=\"sow-features-feature sow-icon-container-position-top\"\n\t\t\tstyle=\"display: flex; flex-direction: column; width: calc(33.333% - 25px);\"\n\t\t>\n\t\t\t\n\t\t\t\t\t\t<div\t\t\t\tclass=\"sow-icon-container sow-container-sticker\"\n\t\t\t\tstyle=\"color: #ffffff; \"\n\t\t\t\ttitle=\"mapeamento\"\n\t\t\t\t\t\t\t>\n\t\t\t\t\t\t\t\t\t\t<div class=\"sow-icon-image\" style=\"background-image: url(https:\/\/wp.ufpel.edu.br\/eprodjr\/files\/2021\/05\/mapeamento-1.png); font-size: 70px\"><\/div>\n\t\t\t\t\t\t\t\t\t<\/div>\n\n\t\t\t<div class=\"textwidget\">\n\t\t\t\t\n\t\t\t\t\t\t\t\t\t<h5 class=\"sow-features-feature-title\">\n\t\t\t\t\t\tMapeamento de Processos\t\t\t\t\t<\/h5>\n\t\t\t\t\n\t\t\t\t\t\t\t\t\t<div class=\"sow-features-feature-text\">\n\t\t\t\t\t<p style=\"text-align: center\">Utilizando Softwares de modelagem computacional, podemos melhorar a compreens\u00e3o dos processos envolvidos na institui\u00e7\u00e3o, desmembrando e descrevendo os procedimentos, aprimorando a tomada de decis\u00f5es e a fluidez do neg\u00f3cio.<\/p>\n\t\t\t\t\t<\/div>\n\t\t\t\t\t\t\t\t<\/div>\n\t\t\t\t\t\t\t\t<\/li>\n\n\t\t\t<li\n\t\t\tclass=\"sow-features-feature sow-icon-container-position-top\"\n\t\t\tstyle=\"display: flex; flex-direction: column; width: calc(33.333% - 25px);\"\n\t\t>\n\t\t\t\n\t\t\t\t\t\t<div\t\t\t\tclass=\"sow-icon-container sow-container-sticker\"\n\t\t\t\tstyle=\"color: #ffffff; \"\n\t\t\t\ttitle=\"indicadores\"\n\t\t\t\t\t\t\t>\n\t\t\t\t\t\t\t\t\t\t<div class=\"sow-icon-image\" style=\"background-image: url(https:\/\/wp.ufpel.edu.br\/eprodjr\/files\/2021\/05\/qualidade.png); font-size: 70px\"><\/div>\n\t\t\t\t\t\t\t\t\t<\/div>\n\n\t\t\t<div class=\"textwidget\">\n\t\t\t\t\n\t\t\t\t\t\t\t\t\t<h5 class=\"sow-features-feature-title\">\n\t\t\t\t\t\tIndicadores de Qualidade\t\t\t\t\t<\/h5>\n\t\t\t\t\n\t\t\t\t\t\t\t\t\t<div class=\"sow-features-feature-text\">\n\t\t\t\t\t<p style=\"text-align: center\">Poderemos mensurar a quantidade de recursos necess\u00e1rios para a realiza\u00e7\u00e3o da produ\u00e7\u00e3o e tamb\u00e9m compreender a entrega de valor que est\u00e1 sendo feita \u00e0 rotina dos clientes, como o Indicador de Produtividade e o Indicador de Valor.<\/p>\n\t\t\t\t\t<\/div>\n\t\t\t\t\t\t\t\t<\/div>\n\t\t\t\t\t\t\t\t<\/li>\n\n\t\t\t<li\n\t\t\tclass=\"sow-features-feature sow-icon-container-position-top\"\n\t\t\tstyle=\"display: flex; flex-direction: column; width: calc(33.333% - 25px);\"\n\t\t>\n\t\t\t\n\t\t\t\t\t\t<div\t\t\t\tclass=\"sow-icon-container sow-container-sticker\"\n\t\t\t\tstyle=\"color: #ffffff; \"\n\t\t\t\ttitle=\"financeiro\"\n\t\t\t\t\t\t\t>\n\t\t\t\t\t\t\t\t\t\t<div class=\"sow-icon-image\" style=\"background-image: url(https:\/\/wp.ufpel.edu.br\/eprodjr\/files\/2021\/05\/financeira.png); font-size: 70px\"><\/div>\n\t\t\t\t\t\t\t\t\t<\/div>\n\n\t\t\t<div class=\"textwidget\">\n\t\t\t\t\n\t\t\t\t\t\t\t\t\t<h5 class=\"sow-features-feature-title\">\n\t\t\t\t\t\tGest\u00e3o Financeira\t\t\t\t\t<\/h5>\n\t\t\t\t\n\t\t\t\t\t\t\t\t\t<div class=\"sow-features-feature-text\">\n\t\t\t\t\t<p style=\"text-align: center\">Trabalhamos utilizando uma carteira de conjuntos e procedimentos, executando a\u00e7\u00f5es administrativas ligadas \u00e0 inspe\u00e7\u00e3o, ao planejamento e ao controle de todas as atividades financeiras da organiza\u00e7\u00e3o, otimizando e balanceando o setor.<\/p>\n\t\t\t\t\t<\/div>\n\t\t\t\t\t\t\t\t<\/div>\n\t\t\t\t\t\t\t\t<\/li>\n\n\t\t\t<li\n\t\t\tclass=\"sow-features-feature sow-icon-container-position-top\"\n\t\t\tstyle=\"display: flex; flex-direction: column; width: calc(33.333% - 25px);\"\n\t\t>\n\t\t\t\n\t\t\t\t\t\t<div\t\t\t\tclass=\"sow-icon-container sow-container-sticker\"\n\t\t\t\tstyle=\"color: #ffffff; \"\n\t\t\t\ttitle=\"custeamento\"\n\t\t\t\t\t\t\t>\n\t\t\t\t\t\t\t\t\t\t<div class=\"sow-icon-image\" style=\"background-image: url(https:\/\/wp.ufpel.edu.br\/eprodjr\/files\/2021\/05\/custeamento-1.png); font-size: 70px\"><\/div>\n\t\t\t\t\t\t\t\t\t<\/div>\n\n\t\t\t<div class=\"textwidget\">\n\t\t\t\t\n\t\t\t\t\t\t\t\t\t<h5 class=\"sow-features-feature-title\">\n\t\t\t\t\t\tCusteamento de Produ\u00e7\u00e3o\t\t\t\t\t<\/h5>\n\t\t\t\t\n\t\t\t\t\t\t\t\t\t<div class=\"sow-features-feature-text\">\n\t\t\t\t\t<p style=\"text-align: center\">Utilizando o mapeamento de custos na organiza\u00e7\u00e3o podemos estabelecer uma vis\u00e3o ampla de todos os gastos gerados em processos de produ\u00e7\u00e3o, tanto de um servi\u00e7o como de um produto, identificando as necessidades e direcionando os custos com maior foco para que a organiza\u00e7\u00e3o possa maximizar seus ganhos.<\/p>\n\t\t\t\t\t<\/div>\n\t\t\t\t\t\t\t\t<\/div>\n\t\t\t\t\t\t\t\t<\/li>\n\n\t\t\t<li\n\t\t\tclass=\"sow-features-feature sow-icon-container-position-top\"\n\t\t\tstyle=\"display: flex; flex-direction: column; width: calc(33.333% - 25px);\"\n\t\t>\n\t\t\t\n\t\t\t\t\t\t<div\t\t\t\tclass=\"sow-icon-container sow-container-sticker\"\n\t\t\t\tstyle=\"color: #ffffff; \"\n\t\t\t\ttitle=\"processoseletivo\"\n\t\t\t\t\t\t\t>\n\t\t\t\t\t\t\t\t\t\t<div class=\"sow-icon-image\" style=\"background-image: url(https:\/\/wp.ufpel.edu.br\/eprodjr\/files\/2021\/05\/processo-1.png); font-size: 70px\"><\/div>\n\t\t\t\t\t\t\t\t\t<\/div>\n\n\t\t\t<div class=\"textwidget\">\n\t\t\t\t\n\t\t\t\t\t\t\t\t\t<h5 class=\"sow-features-feature-title\">\n\t\t\t\t\t\tProcesso Seletivo\t\t\t\t\t<\/h5>\n\t\t\t\t\n\t\t\t\t\t\t\t\t\t<div class=\"sow-features-feature-text\">\n\t\t\t\t\t<p style=\"text-align: center\">Mapeando as etapas do processo seletivo na organiza\u00e7\u00e3o ser\u00e1 elaborado um novo modelo (manual) de processo seletivo para guiar os recrutamentos, desta forma, melhorar a triagem na sele\u00e7\u00e3o, visando contrata\u00e7\u00f5es inteligentes focadas em tra\u00e7amento de perfis e conhecimentos t\u00e9cnicos necess\u00e1rios e alinhados \u00e0 necessidade da organiza\u00e7\u00e3o. Al\u00e9m de aux\u00edlio com a elabora\u00e7\u00e3o de contratos trabalhistas<\/p>\n\t\t\t\t\t<\/div>\n\t\t\t\t\t\t\t\t<\/div>\n\t\t\t\t\t\t\t\t<\/li>\n\n\t\t\t<li\n\t\t\tclass=\"sow-features-feature sow-icon-container-position-top\"\n\t\t\tstyle=\"display: flex; flex-direction: column; width: calc(33.333% - 25px);\"\n\t\t>\n\t\t\t\n\t\t\t\t\t\t<div\t\t\t\tclass=\"sow-icon-container sow-container-sticker\"\n\t\t\t\tstyle=\"color: #ffffff; \"\n\t\t\t\ttitle=\"climaorganizacional\"\n\t\t\t\t\t\t\t>\n\t\t\t\t\t\t\t\t\t\t<div class=\"sow-icon-image\" style=\"background-image: url(https:\/\/wp.ufpel.edu.br\/eprodjr\/files\/2021\/05\/climaorg.png); font-size: 70px\"><\/div>\n\t\t\t\t\t\t\t\t\t<\/div>\n\n\t\t\t<div class=\"textwidget\">\n\t\t\t\t\n\t\t\t\t\t\t\t\t\t<h5 class=\"sow-features-feature-title\">\n\t\t\t\t\t\tClima Organizacional \t\t\t\t\t<\/h5>\n\t\t\t\t\n\t\t\t\t\t\t\t\t\t<div class=\"sow-features-feature-text\">\n\t\t\t\t\t<p style=\"text-align: center\">Avalia-se a cultura da organiza\u00e7\u00e3o a fim de aperfei\u00e7oar a rela\u00e7\u00e3o entre os colaboradores, melhorando a produtividade, fortalecendo a cultura organizacional da institui\u00e7\u00e3o e acima de tudo retornando ganhos de longo prazo em produtividade e desenvolvimento interno.<\/p>\n\t\t\t\t\t<\/div>\n\t\t\t\t\t\t\t\t<\/div>\n\t\t\t\t\t\t\t\t<\/li>\n\n\t\t\t<li\n\t\t\tclass=\"sow-features-feature sow-icon-container-position-top\"\n\t\t\tstyle=\"display: flex; flex-direction: column; width: calc(33.333% - 25px);\"\n\t\t>\n\t\t\t\n\t\t\t\t\t\t<div\t\t\t\tclass=\"sow-icon-container sow-container-sticker\"\n\t\t\t\tstyle=\"color: #ffffff; \"\n\t\t\t\ttitle=\"lideranca\"\n\t\t\t\t\t\t\t>\n\t\t\t\t\t\t\t\t\t\t<div class=\"sow-icon-image\" style=\"background-image: url(https:\/\/wp.ufpel.edu.br\/eprodjr\/files\/2021\/05\/lideranca-1.png); font-size: 70px\"><\/div>\n\t\t\t\t\t\t\t\t\t<\/div>\n\n\t\t\t<div class=\"textwidget\">\n\t\t\t\t\n\t\t\t\t\t\t\t\t\t<h5 class=\"sow-features-feature-title\">\n\t\t\t\t\t\tLideran\u00e7a\t\t\t\t\t<\/h5>\n\t\t\t\t\n\t\t\t\t\t\t\t\t\t<div class=\"sow-features-feature-text\">\n\t\t\t\t\t<p style=\"text-align: center\">Desenvolvimento pessoal dos l\u00edderes, aquisi\u00e7\u00e3o de confian\u00e7a, m\u00e9todos para distribui\u00e7\u00e3o de tarefas aos membros. Habilidades t\u00e9cnicas e intelig\u00eancia emocional a serem trabalhados com o intuito a obter expectativas pessoais e profissionais.<\/p>\n\t\t\t\t\t<\/div>\n\t\t\t\t\t\t\t\t<\/div>\n\t\t\t\t\t\t\t\t<\/li>\n\n\t<\/ul>\n<\/div><\/div><\/div><\/div><\/div><\/div><div id=\"pg-612-2\"  class=\"panel-grid panel-has-style\" ><div class=\"siteorigin-panels-stretch panel-row-style panel-row-style-for-612-2\" data-stretch-type=\"full-stretched\" ><div id=\"pgc-612-2-0\"  class=\"panel-grid-cell panel-grid-cell-empty\" ><\/div><\/div><\/div><\/div>","protected":false},"excerpt":{"rendered":"<p>Nossos Servi\u00e7os Marketing Digital Solu\u00e7\u00f5es para melhorar a efici\u00eancia da divulga\u00e7\u00e3o e comercializa\u00e7\u00e3o dos seus produtos, conquistando novos clientes e melhorando a rede de relacionamentos, e promover novos produtos ou servi\u00e7os pela utiliza\u00e7\u00e3o de canais de distribui\u00e7\u00e3o eletr\u00f4nicos. Branding Desenvolvimento de elementos de identidade visual como slogans, s\u00edmbolos e logotipos que estejam associados aos produtos [&hellip;]<\/p>\n","protected":false},"author":225,"featured_media":0,"parent":0,"menu_order":0,"comment_status":"closed","ping_status":"closed","template":"","meta":{"footnotes":""},"class_list":["post-612","page","type-page","status-publish","hentry"],"jetpack_sharing_enabled":true,"_links":{"self":[{"href":"https:\/\/wp.ufpel.edu.br\/eprodjr\/wp-json\/wp\/v2\/pages\/612","targetHints":{"allow":["GET"]}}],"collection":[{"href":"https:\/\/wp.ufpel.edu.br\/eprodjr\/wp-json\/wp\/v2\/pages"}],"about":[{"href":"https:\/\/wp.ufpel.edu.br\/eprodjr\/wp-json\/wp\/v2\/types\/page"}],"author":[{"embeddable":true,"href":"https:\/\/wp.ufpel.edu.br\/eprodjr\/wp-json\/wp\/v2\/users\/225"}],"replies":[{"embeddable":true,"href":"https:\/\/wp.ufpel.edu.br\/eprodjr\/wp-json\/wp\/v2\/comments?post=612"}],"version-history":[{"count":14,"href":"https:\/\/wp.ufpel.edu.br\/eprodjr\/wp-json\/wp\/v2\/pages\/612\/revisions"}],"predecessor-version":[{"id":708,"href":"https:\/\/wp.ufpel.edu.br\/eprodjr\/wp-json\/wp\/v2\/pages\/612\/revisions\/708"}],"wp:attachment":[{"href":"https:\/\/wp.ufpel.edu.br\/eprodjr\/wp-json\/wp\/v2\/media?parent=612"}],"curies":[{"name":"wp","href":"https:\/\/api.w.org\/{rel}","templated":true}]}}