{"id":2,"date":"2012-07-20T03:46:49","date_gmt":"2012-07-20T03:46:49","guid":{"rendered":"https:\/\/wp.ufpel.edu.br\/eprodjr\/?page_id=2"},"modified":"2021-05-21T20:55:56","modified_gmt":"2021-05-21T23:55:56","slug":"nossa-historia","status":"publish","type":"page","link":"https:\/\/wp.ufpel.edu.br\/eprodjr\/nossa-historia\/","title":{"rendered":"Nossa Hist\u00f3ria"},"content":{"rendered":"<p id=\"wnd_TextBlock_837963427_inner_0\" data-wnd_is_separable=\"1\" data-wnd_separable_index=\"0\" data-wnd_separable_id=\"wnd_TextBlock_837963427\">A Eprod J\u00fanior, fundada em 22 de Novembro de 2012 na cidade de Pelotas &#8211; RS, \u00e9 uma associa\u00e7\u00e3o civil sem fins lucrativos e com fins educacionais. Atualmente \u00e9 formada e gerida exclusivamente pelos alunos de gradua\u00e7\u00e3o da Universidade Federal de Pelotas, regulamentada no Brasil atrav\u00e9s da Lei 13.267\/2016. O intuito era colocar em pr\u00e1tica o conhecimento adquirido nas aulas, ideia bem vista pelos professores, levando assim para uma assembleia em que a Eprod foi oficialmente fundada.<\/p>\n<p id=\"wnd_TextBlock_837963427_inner_1\" data-wnd_is_separable=\"1\" data-wnd_separable_index=\"1\" data-wnd_separable_id=\"wnd_TextBlock_837963427\">A nossa principal miss\u00e3o \u00e9 atuar como agente transformador do conhecimento acad\u00eamico, na evolu\u00e7\u00e3o e na constru\u00e7\u00e3o pessoal dos nossos membros, e na vida dos nossos clientes e da sociedade. Nossos principais valores s\u00e3o a \u00e9tica, a diversidade, o comprometimento, a sinergia, o intraempreendedorismo, e ubuntu (&#8221;eu sou porque n\u00f3s somos&#8221;). A vis\u00e3o que a Eprod tem ao longo dos anos, \u00e9 tornar-se refer\u00eancia pelos nossos clientes e pela comunidade como Empresa J\u00fanior de engenharia de produ\u00e7\u00e3o, por nosso conhecimento e principalmente pela qualidade do servi\u00e7o.<\/p>\n<p><img loading=\"lazy\" decoding=\"async\" class=\"alignleft wp-image-579\" src=\"https:\/\/wp.ufpel.edu.br\/eprodjr\/files\/2021\/05\/Ativo-5MARCA-NOVA-EPROD-1024x312.png\" alt=\"\" width=\"413\" height=\"126\" srcset=\"https:\/\/wp.ufpel.edu.br\/eprodjr\/files\/2021\/05\/Ativo-5MARCA-NOVA-EPROD-1024x312.png 1024w, https:\/\/wp.ufpel.edu.br\/eprodjr\/files\/2021\/05\/Ativo-5MARCA-NOVA-EPROD-400x122.png 400w, https:\/\/wp.ufpel.edu.br\/eprodjr\/files\/2021\/05\/Ativo-5MARCA-NOVA-EPROD-768x234.png 768w, https:\/\/wp.ufpel.edu.br\/eprodjr\/files\/2021\/05\/Ativo-5MARCA-NOVA-EPROD-1536x467.png 1536w, https:\/\/wp.ufpel.edu.br\/eprodjr\/files\/2021\/05\/Ativo-5MARCA-NOVA-EPROD-2048x623.png 2048w\" sizes=\"auto, (max-width: 413px) 100vw, 413px\" \/><\/p>\n<p id=\"wnd_TextBlock_837963427_inner_2\" data-wnd_is_separable=\"1\" data-wnd_separable_index=\"2\" data-wnd_separable_id=\"wnd_TextBlock_837963427\">A Eprod tem sua \u00e1rea de atua\u00e7\u00e3o nos diversos ramos da Engenharia de Produ\u00e7\u00e3o, trazendo conhecimento qualificado para as empresas por meio de aplica\u00e7\u00e3o das ferramentas dessa \u00e1rea do conhecimento. A realiza\u00e7\u00e3o de projetos \u00e9 feita atrav\u00e9s de um gerente de projetos e pelos consultores selecionados.<\/p>\n<p id=\"wnd_TextBlock_837963427_inner_3\" data-wnd_is_separable=\"1\" data-wnd_separable_index=\"3\" data-wnd_separable_id=\"wnd_TextBlock_837963427\">N\u00f3s somos uma empresa que visa a melhoria cont\u00ednua, a efici\u00eancia, a efic\u00e1cia, produzindo com consci\u00eancia e com qualidade, aumentando os lucros e diminuindo os custos. Trabalhamos em um modelo de ambiente horizontal, onde h\u00e1 respeito m\u00fatuo. Todos os colaboradores ouvem, t\u00eam voz, se desenvolvem, evoluem e colaboram para que a empresa possa crescer cada vez mais. Prezamos pela satisfa\u00e7\u00e3o de nossos clientes e colaboradores, pois estes s\u00e3o os que tornam a Eprod o que ela \u00e9.<\/p>\n","protected":false},"excerpt":{"rendered":"<p>A Eprod J\u00fanior, fundada em 22 de Novembro de 2012 na cidade de Pelotas &#8211; RS, \u00e9 uma associa\u00e7\u00e3o civil sem fins lucrativos e com fins educacionais. Atualmente \u00e9 formada e gerida exclusivamente pelos alunos de gradua\u00e7\u00e3o da Universidade Federal de Pelotas, regulamentada no Brasil atrav\u00e9s da Lei 13.267\/2016. O intuito era colocar em pr\u00e1tica [&hellip;]<\/p>\n","protected":false},"author":225,"featured_media":0,"parent":0,"menu_order":0,"comment_status":"closed","ping_status":"closed","template":"","meta":{"footnotes":""},"class_list":["post-2","page","type-page","status-publish","hentry"],"jetpack_sharing_enabled":true,"_links":{"self":[{"href":"https:\/\/wp.ufpel.edu.br\/eprodjr\/wp-json\/wp\/v2\/pages\/2","targetHints":{"allow":["GET"]}}],"collection":[{"href":"https:\/\/wp.ufpel.edu.br\/eprodjr\/wp-json\/wp\/v2\/pages"}],"about":[{"href":"https:\/\/wp.ufpel.edu.br\/eprodjr\/wp-json\/wp\/v2\/types\/page"}],"author":[{"embeddable":true,"href":"https:\/\/wp.ufpel.edu.br\/eprodjr\/wp-json\/wp\/v2\/users\/225"}],"replies":[{"embeddable":true,"href":"https:\/\/wp.ufpel.edu.br\/eprodjr\/wp-json\/wp\/v2\/comments?post=2"}],"version-history":[{"count":21,"href":"https:\/\/wp.ufpel.edu.br\/eprodjr\/wp-json\/wp\/v2\/pages\/2\/revisions"}],"predecessor-version":[{"id":681,"href":"https:\/\/wp.ufpel.edu.br\/eprodjr\/wp-json\/wp\/v2\/pages\/2\/revisions\/681"}],"wp:attachment":[{"href":"https:\/\/wp.ufpel.edu.br\/eprodjr\/wp-json\/wp\/v2\/media?parent=2"}],"curies":[{"name":"wp","href":"https:\/\/api.w.org\/{rel}","templated":true}]}}