{"id":112,"date":"2013-05-22T11:55:14","date_gmt":"2013-05-22T14:55:14","guid":{"rendered":"https:\/\/wp.ufpel.edu.br\/eprodjr\/?page_id=112"},"modified":"2019-06-15T20:37:19","modified_gmt":"2019-06-15T23:37:19","slug":"quem-somos","status":"publish","type":"page","link":"https:\/\/wp.ufpel.edu.br\/eprodjr\/quem-somos\/","title":{"rendered":"Quem somos"},"content":{"rendered":"<p style=\"text-align: justify\">A Eprod \u00e9 uma Empresa J\u00fanior composta por graduandos em Engenharia de Produ\u00e7\u00e3o da Universidade Federal de Pelotas. Nela os alunos s\u00e3o treinados para solucionar problemas e otimizar os processos das empresas de Pelotas e regi\u00e3o.<\/p>\n<p style=\"text-align: justify\"><span style=\"font-weight: 400\">Contamos com quatro diretorias: Diretoria de Administra\u00e7\u00e3o e Finan\u00e7as, Diretoria de Marketing, Diretoria de Pessoas \u00a0e Diretoria de Projetos. Atualmente estamos com 16 colaboradores. Prestamos servi\u00e7os de consultoria nas seguintes \u00e1reas:<\/span><\/p>\n<ul>\n<li style=\"font-weight: 400;text-align: justify\"><span style=\"font-weight: 400\">Qualidade;<\/span><\/li>\n<li style=\"font-weight: 400;text-align: justify\"><span style=\"font-weight: 400\">Produ\u00e7\u00e3o Enxuta;<\/span><\/li>\n<li style=\"font-weight: 400;text-align: justify\"><span style=\"font-weight: 400\">Financeira;<\/span><\/li>\n<li style=\"font-weight: 400;text-align: justify\"><span style=\"font-weight: 400\">Marketing;<\/span><\/li>\n<li style=\"font-weight: 400;text-align: justify\"><span style=\"font-weight: 400\">Gest\u00e3o de Pessoas.<\/span><\/li>\n<\/ul>\n","protected":false},"excerpt":{"rendered":"<p>A Eprod \u00e9 uma Empresa J\u00fanior composta por graduandos em Engenharia de Produ\u00e7\u00e3o da Universidade Federal de Pelotas. Nela os alunos s\u00e3o treinados para solucionar problemas e otimizar os processos das empresas de Pelotas e regi\u00e3o. Contamos com quatro diretorias: Diretoria de Administra\u00e7\u00e3o e Finan\u00e7as, Diretoria de Marketing, Diretoria de Pessoas \u00a0e Diretoria de Projetos. [&hellip;]<\/p>\n","protected":false},"author":225,"featured_media":0,"parent":0,"menu_order":0,"comment_status":"closed","ping_status":"closed","template":"","meta":{"footnotes":""},"class_list":["post-112","page","type-page","status-publish","hentry"],"jetpack_sharing_enabled":true,"_links":{"self":[{"href":"https:\/\/wp.ufpel.edu.br\/eprodjr\/wp-json\/wp\/v2\/pages\/112","targetHints":{"allow":["GET"]}}],"collection":[{"href":"https:\/\/wp.ufpel.edu.br\/eprodjr\/wp-json\/wp\/v2\/pages"}],"about":[{"href":"https:\/\/wp.ufpel.edu.br\/eprodjr\/wp-json\/wp\/v2\/types\/page"}],"author":[{"embeddable":true,"href":"https:\/\/wp.ufpel.edu.br\/eprodjr\/wp-json\/wp\/v2\/users\/225"}],"replies":[{"embeddable":true,"href":"https:\/\/wp.ufpel.edu.br\/eprodjr\/wp-json\/wp\/v2\/comments?post=112"}],"version-history":[{"count":11,"href":"https:\/\/wp.ufpel.edu.br\/eprodjr\/wp-json\/wp\/v2\/pages\/112\/revisions"}],"predecessor-version":[{"id":493,"href":"https:\/\/wp.ufpel.edu.br\/eprodjr\/wp-json\/wp\/v2\/pages\/112\/revisions\/493"}],"wp:attachment":[{"href":"https:\/\/wp.ufpel.edu.br\/eprodjr\/wp-json\/wp\/v2\/media?parent=112"}],"curies":[{"name":"wp","href":"https:\/\/api.w.org\/{rel}","templated":true}]}}