{"id":866,"date":"2021-07-14T11:26:04","date_gmt":"2021-07-14T14:26:04","guid":{"rendered":"https:\/\/wp.ufpel.edu.br\/epmu\/?page_id=866"},"modified":"2022-08-15T18:42:15","modified_gmt":"2022-08-15T21:42:15","slug":"publicacoes","status":"publish","type":"page","link":"https:\/\/wp.ufpel.edu.br\/epmu\/epmu\/publicacoes\/","title":{"rendered":"PUBLICA\u00c7\u00d5ES EPMU"},"content":{"rendered":"<h3 style=\"text-align: justify;\"><\/h3>\n<h3 style=\"text-align: justify;\">\u00c9 com alegria que trazemos a p\u00fablico as publica\u00e7\u00f5es dos Encontros de Pesquisa em M\u00fasica da UFPel, evento que vem se consolidando como um espa\u00e7o aberto para a divulga\u00e7\u00e3o e debate do quanto se faz em pesquisa em m\u00fasica na UFPEL e tamb\u00e9m em outras institui\u00e7\u00f5es.<\/h3>\n<p style=\"text-align: justify;\">Na primeira edi\u00e7\u00e3o do EPMU em 2016 foram apresentados dezesseis trabalhos, n\u00famero que se manteve pr\u00f3ximo em 2017, quando foram apresentadas dezoito comunica\u00e7\u00f5es. Em 2018 houve um incremento de 50% nas submiss\u00f5es, quando o EPMU registrou a marca de vinte e sete trabalhos. Na quarta edi\u00e7\u00e3o em 2022, mais uma vez houve um aumento de 50% nas submiss\u00f5es em rela\u00e7\u00e3o \u00e0 edi\u00e7\u00e3o anterior, contabilizando 43 comunica\u00e7\u00f5es que resultaram em 29 artigos publicados nos Anais do evento.<\/p>\n<p style=\"text-align: justify;\">Desde o in\u00edcio, a proposta do Encontro de Pesquisa em M\u00fasica da UFPEL tem sido a de acolher, da forma mais abrangente poss\u00edvel, trabalhos dentro das mais diferentes tem\u00e1ticas, e de modo a contemplar os diversos n\u00edveis, da gradua\u00e7\u00e3o \u00e0 p\u00f3s-gradua\u00e7\u00e3o. Acreditamos que esta diversidade tem um efeito positivo, tanto na ampla socializa\u00e7\u00e3o quanto na gera\u00e7\u00e3o de interesse e motiva\u00e7\u00e3o para a pesquisa, principalmente para aqueles que iniciam sua vida acad\u00eamica como estudantes de m\u00fasica, seja de bacharelado ou licenciatura. As publica\u00e7\u00f5es dos EPMUs apresentam uma multiplicidade de temas, que contemplam \u00e1reas como etnomusicologia; musicologia hist\u00f3rica; estudos de performance, did\u00e1tica e t\u00e9cnica instrumental; educa\u00e7\u00e3o musical; an\u00e1lise e arranjo musical.<\/p>\n<p style=\"text-align: justify;\">Desde a III edi\u00e7\u00e3o em 2018, o evento realiza chamada de textos completos para os anais. Os trabalhos recebidos dentro do prazo foram aceitos e encontram-se aqui publicados. Deste modo, est\u00e3o representados os esfor\u00e7os de pesquisa de estudantes em diferentes momentos de suas trajet\u00f3rias acad\u00eamicas: de pesquisas avan\u00e7adas, a n\u00edvel de mestrado e doutorado, at\u00e9 trabalhos onde se ensaiam os passos iniciais \u2013 e igualmente importantes \u2013 da pesquisa em n\u00edvel superior, como o recorte e problematiza\u00e7\u00e3o do tema, estudo da bibliografia e adequa\u00e7\u00e3o \u00e0 normas acad\u00eamicas.<\/p>\n<p style=\"text-align: justify;\">Somos gratos \u00e0 Dire\u00e7\u00e3o do Centro de Artes da UFPel, pelo constante apoio, aos colegas professores dos cursos de m\u00fasica da UFPel, Bacharelado e Licenciatura, pelo interesse e colabora\u00e7\u00e3o, bem como a todos os estudantes de gradua\u00e7\u00e3o e p\u00f3s-gradua\u00e7\u00e3o que t\u00eam participado da proposta com curiosidade e entusiasmo. Que venham os pr\u00f3ximos Encontros de Pesquisa em M\u00fasica da UFPel e que possamos seguir contribuindo, atrav\u00e9s do trabalho acad\u00eamico, para a produ\u00e7\u00e3o do conhecimento, a promo\u00e7\u00e3o do pensamento e a valoriza\u00e7\u00e3o da cultura, indispens\u00e1veis para a constru\u00e7\u00e3o de um pa\u00eds s\u00e9rio e uma sociedade humanamente saud\u00e1vel.<\/p>\n<p style=\"text-align: justify;\">A todos uma proveitosa leitura!<\/p>\n<p>&nbsp;<\/p>\n<p>&nbsp;<\/p>\n<h5><a href=\"https:\/\/wp.ufpel.edu.br\/epmu\/files\/2018\/02\/IEPMU-2016-CADERNO-RESUMOS.pdf\" target=\"_blank\" rel=\"noopener\">\u00a0\u00a0\u00a0\u00a0 I EPMU 2016 \u2013 CADERNO de RESUMOS<\/a><\/h5>\n<h5><\/h5>\n<h5><a href=\"https:\/\/wp.ufpel.edu.br\/epmu\/files\/2018\/04\/II-EPMU-CADERNO-RESUMOS.pdf\" target=\"_blank\" rel=\"noopener\">\u00a0\u00a0\u00a0\u00a0 II EPMU 2017 \u2013 CADERNO de RESUMOS<\/a><\/h5>\n<h5><\/h5>\n<h5><a href=\"https:\/\/wp.ufpel.edu.br\/epmu\/files\/2018\/12\/III-EPMU-2018-CADERNO-RESUMOS-VF.pdf\" target=\"_blank\" rel=\"noopener\">\u00a0\u00a0\u00a0\u00a0 III EPMU 2018 \u2013 CADERNO de RESUMOS<\/a><\/h5>\n<h5><\/h5>\n<h5 style=\"text-align: justify;\"><a href=\"https:\/\/wp.ufpel.edu.br\/epmu\/files\/2019\/09\/III-EPMU-2018-ANAIS-VF.pdf\" target=\"_blank\" rel=\"noopener noreferrer\">\u00a0\u00a0\u00a0\u00a0 III EPMU 2019 \u2013 ANAIS<\/a><\/h5>\n<h5><\/h5>\n<h5><a href=\"https:\/\/wp.ufpel.edu.br\/epmu\/files\/2022\/08\/IVEPMU-2021-ANAIS-F.pdf\" target=\"_blank\" rel=\"noopener\">\u00a0\u00a0\u00a0\u00a0 IV EPMU 2021 \u2013 ANAIS<\/a><\/h5>\n<p style=\"text-align: justify;\">\n","protected":false},"excerpt":{"rendered":"<p>\u00c9 com alegria que trazemos a p\u00fablico as publica\u00e7\u00f5es dos Encontros de Pesquisa em M\u00fasica da UFPel, evento que vem se consolidando como um espa\u00e7o [&hellip;]<\/p>\n","protected":false},"author":597,"featured_media":0,"parent":913,"menu_order":1,"comment_status":"closed","ping_status":"closed","template":"","meta":{"footnotes":""},"class_list":["post-866","page","type-page","status-publish","hentry","post"],"yoast_head":"<!-- This site is optimized with the Yoast SEO plugin v26.7 - https:\/\/yoast.com\/wordpress\/plugins\/seo\/ -->\n<title>PUBLICA\u00c7\u00d5ES EPMU -<\/title>\n<meta name=\"robots\" content=\"index, follow, max-snippet:-1, max-image-preview:large, max-video-preview:-1\" \/>\n<link rel=\"canonical\" href=\"https:\/\/wp.ufpel.edu.br\/epmu\/epmu\/publicacoes\/\" \/>\n<meta property=\"og:locale\" content=\"pt_BR\" \/>\n<meta property=\"og:type\" content=\"article\" \/>\n<meta property=\"og:title\" content=\"PUBLICA\u00c7\u00d5ES EPMU -\" \/>\n<meta property=\"og:description\" content=\"\u00c9 com alegria que trazemos a p\u00fablico as publica\u00e7\u00f5es dos Encontros de Pesquisa em M\u00fasica da UFPel, evento que vem se consolidando como um espa\u00e7o [&hellip;]\" \/>\n<meta property=\"og:url\" content=\"https:\/\/wp.ufpel.edu.br\/epmu\/epmu\/publicacoes\/\" \/>\n<meta property=\"article:modified_time\" content=\"2022-08-15T21:42:15+00:00\" \/>\n<meta name=\"twitter:card\" content=\"summary_large_image\" \/>\n<meta name=\"twitter:label1\" content=\"Est. tempo de leitura\" \/>\n\t<meta name=\"twitter:data1\" content=\"3 minutos\" \/>\n<script type=\"application\/ld+json\" class=\"yoast-schema-graph\">{\"@context\":\"https:\/\/schema.org\",\"@graph\":[{\"@type\":\"WebPage\",\"@id\":\"https:\/\/wp.ufpel.edu.br\/epmu\/epmu\/publicacoes\/\",\"url\":\"https:\/\/wp.ufpel.edu.br\/epmu\/epmu\/publicacoes\/\",\"name\":\"PUBLICA\u00c7\u00d5ES EPMU -\",\"isPartOf\":{\"@id\":\"https:\/\/wp.ufpel.edu.br\/epmu\/#website\"},\"datePublished\":\"2021-07-14T14:26:04+00:00\",\"dateModified\":\"2022-08-15T21:42:15+00:00\",\"breadcrumb\":{\"@id\":\"https:\/\/wp.ufpel.edu.br\/epmu\/epmu\/publicacoes\/#breadcrumb\"},\"inLanguage\":\"pt-BR\",\"potentialAction\":[{\"@type\":\"ReadAction\",\"target\":[\"https:\/\/wp.ufpel.edu.br\/epmu\/epmu\/publicacoes\/\"]}]},{\"@type\":\"BreadcrumbList\",\"@id\":\"https:\/\/wp.ufpel.edu.br\/epmu\/epmu\/publicacoes\/#breadcrumb\",\"itemListElement\":[{\"@type\":\"ListItem\",\"position\":1,\"name\":\"In\u00edcio\",\"item\":\"https:\/\/wp.ufpel.edu.br\/epmu\/\"},{\"@type\":\"ListItem\",\"position\":2,\"name\":\"Encontro de Pesquisa em M\u00fasica UFPEL\",\"item\":\"https:\/\/wp.ufpel.edu.br\/epmu\/\"},{\"@type\":\"ListItem\",\"position\":3,\"name\":\"PUBLICA\u00c7\u00d5ES EPMU\"}]},{\"@type\":\"WebSite\",\"@id\":\"https:\/\/wp.ufpel.edu.br\/epmu\/#website\",\"url\":\"https:\/\/wp.ufpel.edu.br\/epmu\/\",\"name\":\"\",\"description\":\"ISSN 2595-2765\",\"potentialAction\":[{\"@type\":\"SearchAction\",\"target\":{\"@type\":\"EntryPoint\",\"urlTemplate\":\"https:\/\/wp.ufpel.edu.br\/epmu\/?s={search_term_string}\"},\"query-input\":{\"@type\":\"PropertyValueSpecification\",\"valueRequired\":true,\"valueName\":\"search_term_string\"}}],\"inLanguage\":\"pt-BR\"}]}<\/script>\n<!-- \/ Yoast SEO plugin. -->","yoast_head_json":{"title":"PUBLICA\u00c7\u00d5ES EPMU -","robots":{"index":"index","follow":"follow","max-snippet":"max-snippet:-1","max-image-preview":"max-image-preview:large","max-video-preview":"max-video-preview:-1"},"canonical":"https:\/\/wp.ufpel.edu.br\/epmu\/epmu\/publicacoes\/","og_locale":"pt_BR","og_type":"article","og_title":"PUBLICA\u00c7\u00d5ES EPMU -","og_description":"\u00c9 com alegria que trazemos a p\u00fablico as publica\u00e7\u00f5es dos Encontros de Pesquisa em M\u00fasica da UFPel, evento que vem se consolidando como um espa\u00e7o [&hellip;]","og_url":"https:\/\/wp.ufpel.edu.br\/epmu\/epmu\/publicacoes\/","article_modified_time":"2022-08-15T21:42:15+00:00","twitter_card":"summary_large_image","twitter_misc":{"Est. tempo de leitura":"3 minutos"},"schema":{"@context":"https:\/\/schema.org","@graph":[{"@type":"WebPage","@id":"https:\/\/wp.ufpel.edu.br\/epmu\/epmu\/publicacoes\/","url":"https:\/\/wp.ufpel.edu.br\/epmu\/epmu\/publicacoes\/","name":"PUBLICA\u00c7\u00d5ES EPMU -","isPartOf":{"@id":"https:\/\/wp.ufpel.edu.br\/epmu\/#website"},"datePublished":"2021-07-14T14:26:04+00:00","dateModified":"2022-08-15T21:42:15+00:00","breadcrumb":{"@id":"https:\/\/wp.ufpel.edu.br\/epmu\/epmu\/publicacoes\/#breadcrumb"},"inLanguage":"pt-BR","potentialAction":[{"@type":"ReadAction","target":["https:\/\/wp.ufpel.edu.br\/epmu\/epmu\/publicacoes\/"]}]},{"@type":"BreadcrumbList","@id":"https:\/\/wp.ufpel.edu.br\/epmu\/epmu\/publicacoes\/#breadcrumb","itemListElement":[{"@type":"ListItem","position":1,"name":"In\u00edcio","item":"https:\/\/wp.ufpel.edu.br\/epmu\/"},{"@type":"ListItem","position":2,"name":"Encontro de Pesquisa em M\u00fasica UFPEL","item":"https:\/\/wp.ufpel.edu.br\/epmu\/"},{"@type":"ListItem","position":3,"name":"PUBLICA\u00c7\u00d5ES EPMU"}]},{"@type":"WebSite","@id":"https:\/\/wp.ufpel.edu.br\/epmu\/#website","url":"https:\/\/wp.ufpel.edu.br\/epmu\/","name":"","description":"ISSN 2595-2765","potentialAction":[{"@type":"SearchAction","target":{"@type":"EntryPoint","urlTemplate":"https:\/\/wp.ufpel.edu.br\/epmu\/?s={search_term_string}"},"query-input":{"@type":"PropertyValueSpecification","valueRequired":true,"valueName":"search_term_string"}}],"inLanguage":"pt-BR"}]}},"publishpress_future_action":{"enabled":false,"date":"2026-04-24 08:45:25","action":"change-status","newStatus":"draft","terms":[],"taxonomy":"","extraData":[]},"publishpress_future_workflow_manual_trigger":{"enabledWorkflows":[]},"_links":{"self":[{"href":"https:\/\/wp.ufpel.edu.br\/epmu\/wp-json\/wp\/v2\/pages\/866","targetHints":{"allow":["GET"]}}],"collection":[{"href":"https:\/\/wp.ufpel.edu.br\/epmu\/wp-json\/wp\/v2\/pages"}],"about":[{"href":"https:\/\/wp.ufpel.edu.br\/epmu\/wp-json\/wp\/v2\/types\/page"}],"author":[{"embeddable":true,"href":"https:\/\/wp.ufpel.edu.br\/epmu\/wp-json\/wp\/v2\/users\/597"}],"replies":[{"embeddable":true,"href":"https:\/\/wp.ufpel.edu.br\/epmu\/wp-json\/wp\/v2\/comments?post=866"}],"version-history":[{"count":46,"href":"https:\/\/wp.ufpel.edu.br\/epmu\/wp-json\/wp\/v2\/pages\/866\/revisions"}],"predecessor-version":[{"id":1434,"href":"https:\/\/wp.ufpel.edu.br\/epmu\/wp-json\/wp\/v2\/pages\/866\/revisions\/1434"}],"up":[{"embeddable":true,"href":"https:\/\/wp.ufpel.edu.br\/epmu\/wp-json\/wp\/v2\/pages\/913"}],"wp:attachment":[{"href":"https:\/\/wp.ufpel.edu.br\/epmu\/wp-json\/wp\/v2\/media?parent=866"}],"curies":[{"name":"wp","href":"https:\/\/api.w.org\/{rel}","templated":true}]}}