{"id":600,"date":"2018-03-20T17:18:19","date_gmt":"2018-03-20T20:18:19","guid":{"rendered":"https:\/\/wp.ufpel.edu.br\/epmu\/?page_id=600"},"modified":"2022-08-15T18:45:07","modified_gmt":"2022-08-15T21:45:07","slug":"normas","status":"publish","type":"page","link":"https:\/\/wp.ufpel.edu.br\/epmu\/epmu\/normas\/","title":{"rendered":"INSCRI\u00c7\u00d5ES E SUBMISS\u00d5ES"},"content":{"rendered":"<p style=\"text-align: justify;\">\n<h5 style=\"text-align: justify;\"><span style=\"font-weight: 400;\">O prazo de envio para as duas categorias de submiss\u00e3o encerrou no dia<\/span>\u00a0<b>12 de setembro.<\/b><\/h5>\n<p style=\"text-align: justify;\"><span style=\"font-weight: 400;\">Nesta quarta edi\u00e7\u00e3o, o evento recebeu submiss\u00f5es de trabalhos nos formatos de resumo, bem como apresenta\u00e7\u00f5es art\u00edsticas, atrav\u00e9s de v\u00eddeos acompanhados de narrativas textuais com os seus respectivos prop\u00f3sitos art\u00edsticos e\/ou pedag\u00f3gicos. As propostas de apresenta\u00e7\u00f5es art\u00edsticas est\u00e3o atreladas a projetos de pesquisa, ensino, extens\u00e3o ou componentes curriculares espec\u00edficos. <\/span><\/p>\n<p style=\"text-align: justify;\"><span style=\"font-weight: 400;\">Para fins de certifica\u00e7\u00e3o, \u00e9 imprescind\u00edvel que o(s) \/ a(s) autor(es\/as) apresentem suas pesquisas nas sess\u00f5es de comunica\u00e7\u00f5es do evento.<\/span><\/p>\n<p style=\"text-align: justify;\" align=\"justify\"><span style=\"font-weight: 400;\">O evento recebe tamb\u00e9m textos completos dos trabalhos aceitos a serem publicados posteriormente em anais digitais, os quais contar\u00e3o com <\/span><i><span style=\"font-weight: 400;\">International Standard Serial Number<\/span><\/i><span style=\"font-weight: 400;\"> (ISSN), um indexador internacional de publica\u00e7\u00f5es seriadas.<\/span><\/p>\n<h2 style=\"text-align: justify;\" align=\"justify\"><\/h2>\n<h2 style=\"text-align: justify;\" align=\"justify\"><a href=\"https:\/\/wp.ufpel.edu.br\/epmu\/files\/2021\/09\/TEMPLATE-EPMU-2021-1.doc\" target=\"_blank\" rel=\"noopener\">Template<\/a>\u00a0 \u00a0 \u00a0 \u00a0 \u00a0<a href=\"https:\/\/www.even3.com.br\/ivepmu\" target=\"_blank\" rel=\"noopener\">Inscri\u00e7\u00f5es e Programa\u00e7\u00e3o<\/a>\u00a0 \u00a0 \u00a0 \u00a0 \u00a0<a href=\"https:\/\/wp.ufpel.edu.br\/epmu\/files\/2021\/08\/IV-EPMU-UFPEL-2021\u2013-NORMAS-SUBMISSAO.pdf\" target=\"_blank\" rel=\"noopener\">Chamada de Trabalhos<\/a><\/h2>\n<h2 style=\"text-align: justify;\" align=\"justify\"><\/h2>\n<h2 style=\"text-align: justify;\" align=\"justify\"><\/h2>\n<h2 style=\"text-align: justify;\" align=\"justify\"><\/h2>\n","protected":false},"excerpt":{"rendered":"<p>O prazo de envio para as duas categorias de submiss\u00e3o encerrou no dia\u00a012 de setembro. Nesta quarta edi\u00e7\u00e3o, o evento recebeu submiss\u00f5es de trabalhos nos [&hellip;]<\/p>\n","protected":false},"author":597,"featured_media":0,"parent":913,"menu_order":1,"comment_status":"closed","ping_status":"closed","template":"","meta":{"footnotes":""},"class_list":["post-600","page","type-page","status-publish","hentry","post"],"yoast_head":"<!-- This site is optimized with the Yoast SEO plugin v26.7 - https:\/\/yoast.com\/wordpress\/plugins\/seo\/ -->\n<title>INSCRI\u00c7\u00d5ES E SUBMISS\u00d5ES -<\/title>\n<meta name=\"robots\" content=\"index, follow, max-snippet:-1, max-image-preview:large, max-video-preview:-1\" \/>\n<link rel=\"canonical\" href=\"https:\/\/wp.ufpel.edu.br\/epmu\/epmu\/normas\/\" \/>\n<meta property=\"og:locale\" content=\"pt_BR\" \/>\n<meta property=\"og:type\" content=\"article\" \/>\n<meta property=\"og:title\" content=\"INSCRI\u00c7\u00d5ES E SUBMISS\u00d5ES -\" \/>\n<meta property=\"og:description\" content=\"O prazo de envio para as duas categorias de submiss\u00e3o encerrou no dia\u00a012 de setembro. Nesta quarta edi\u00e7\u00e3o, o evento recebeu submiss\u00f5es de trabalhos nos [&hellip;]\" \/>\n<meta property=\"og:url\" content=\"https:\/\/wp.ufpel.edu.br\/epmu\/epmu\/normas\/\" \/>\n<meta property=\"article:modified_time\" content=\"2022-08-15T21:45:07+00:00\" \/>\n<meta name=\"twitter:card\" content=\"summary_large_image\" \/>\n<meta name=\"twitter:label1\" content=\"Est. tempo de leitura\" \/>\n\t<meta name=\"twitter:data1\" content=\"1 minuto\" \/>\n<script type=\"application\/ld+json\" class=\"yoast-schema-graph\">{\"@context\":\"https:\/\/schema.org\",\"@graph\":[{\"@type\":\"WebPage\",\"@id\":\"https:\/\/wp.ufpel.edu.br\/epmu\/epmu\/normas\/\",\"url\":\"https:\/\/wp.ufpel.edu.br\/epmu\/epmu\/normas\/\",\"name\":\"INSCRI\u00c7\u00d5ES E SUBMISS\u00d5ES -\",\"isPartOf\":{\"@id\":\"https:\/\/wp.ufpel.edu.br\/epmu\/#website\"},\"datePublished\":\"2018-03-20T20:18:19+00:00\",\"dateModified\":\"2022-08-15T21:45:07+00:00\",\"breadcrumb\":{\"@id\":\"https:\/\/wp.ufpel.edu.br\/epmu\/epmu\/normas\/#breadcrumb\"},\"inLanguage\":\"pt-BR\",\"potentialAction\":[{\"@type\":\"ReadAction\",\"target\":[\"https:\/\/wp.ufpel.edu.br\/epmu\/epmu\/normas\/\"]}]},{\"@type\":\"BreadcrumbList\",\"@id\":\"https:\/\/wp.ufpel.edu.br\/epmu\/epmu\/normas\/#breadcrumb\",\"itemListElement\":[{\"@type\":\"ListItem\",\"position\":1,\"name\":\"In\u00edcio\",\"item\":\"https:\/\/wp.ufpel.edu.br\/epmu\/\"},{\"@type\":\"ListItem\",\"position\":2,\"name\":\"Encontro de Pesquisa em M\u00fasica UFPEL\",\"item\":\"https:\/\/wp.ufpel.edu.br\/epmu\/\"},{\"@type\":\"ListItem\",\"position\":3,\"name\":\"INSCRI\u00c7\u00d5ES E SUBMISS\u00d5ES\"}]},{\"@type\":\"WebSite\",\"@id\":\"https:\/\/wp.ufpel.edu.br\/epmu\/#website\",\"url\":\"https:\/\/wp.ufpel.edu.br\/epmu\/\",\"name\":\"\",\"description\":\"ISSN 2595-2765\",\"potentialAction\":[{\"@type\":\"SearchAction\",\"target\":{\"@type\":\"EntryPoint\",\"urlTemplate\":\"https:\/\/wp.ufpel.edu.br\/epmu\/?s={search_term_string}\"},\"query-input\":{\"@type\":\"PropertyValueSpecification\",\"valueRequired\":true,\"valueName\":\"search_term_string\"}}],\"inLanguage\":\"pt-BR\"}]}<\/script>\n<!-- \/ Yoast SEO plugin. -->","yoast_head_json":{"title":"INSCRI\u00c7\u00d5ES E SUBMISS\u00d5ES -","robots":{"index":"index","follow":"follow","max-snippet":"max-snippet:-1","max-image-preview":"max-image-preview:large","max-video-preview":"max-video-preview:-1"},"canonical":"https:\/\/wp.ufpel.edu.br\/epmu\/epmu\/normas\/","og_locale":"pt_BR","og_type":"article","og_title":"INSCRI\u00c7\u00d5ES E SUBMISS\u00d5ES -","og_description":"O prazo de envio para as duas categorias de submiss\u00e3o encerrou no dia\u00a012 de setembro. Nesta quarta edi\u00e7\u00e3o, o evento recebeu submiss\u00f5es de trabalhos nos [&hellip;]","og_url":"https:\/\/wp.ufpel.edu.br\/epmu\/epmu\/normas\/","article_modified_time":"2022-08-15T21:45:07+00:00","twitter_card":"summary_large_image","twitter_misc":{"Est. tempo de leitura":"1 minuto"},"schema":{"@context":"https:\/\/schema.org","@graph":[{"@type":"WebPage","@id":"https:\/\/wp.ufpel.edu.br\/epmu\/epmu\/normas\/","url":"https:\/\/wp.ufpel.edu.br\/epmu\/epmu\/normas\/","name":"INSCRI\u00c7\u00d5ES E SUBMISS\u00d5ES -","isPartOf":{"@id":"https:\/\/wp.ufpel.edu.br\/epmu\/#website"},"datePublished":"2018-03-20T20:18:19+00:00","dateModified":"2022-08-15T21:45:07+00:00","breadcrumb":{"@id":"https:\/\/wp.ufpel.edu.br\/epmu\/epmu\/normas\/#breadcrumb"},"inLanguage":"pt-BR","potentialAction":[{"@type":"ReadAction","target":["https:\/\/wp.ufpel.edu.br\/epmu\/epmu\/normas\/"]}]},{"@type":"BreadcrumbList","@id":"https:\/\/wp.ufpel.edu.br\/epmu\/epmu\/normas\/#breadcrumb","itemListElement":[{"@type":"ListItem","position":1,"name":"In\u00edcio","item":"https:\/\/wp.ufpel.edu.br\/epmu\/"},{"@type":"ListItem","position":2,"name":"Encontro de Pesquisa em M\u00fasica UFPEL","item":"https:\/\/wp.ufpel.edu.br\/epmu\/"},{"@type":"ListItem","position":3,"name":"INSCRI\u00c7\u00d5ES E SUBMISS\u00d5ES"}]},{"@type":"WebSite","@id":"https:\/\/wp.ufpel.edu.br\/epmu\/#website","url":"https:\/\/wp.ufpel.edu.br\/epmu\/","name":"","description":"ISSN 2595-2765","potentialAction":[{"@type":"SearchAction","target":{"@type":"EntryPoint","urlTemplate":"https:\/\/wp.ufpel.edu.br\/epmu\/?s={search_term_string}"},"query-input":{"@type":"PropertyValueSpecification","valueRequired":true,"valueName":"search_term_string"}}],"inLanguage":"pt-BR"}]}},"publishpress_future_action":{"enabled":false,"date":"2026-04-24 21:15:49","action":"change-status","newStatus":"draft","terms":[],"taxonomy":"","extraData":[]},"publishpress_future_workflow_manual_trigger":{"enabledWorkflows":[]},"_links":{"self":[{"href":"https:\/\/wp.ufpel.edu.br\/epmu\/wp-json\/wp\/v2\/pages\/600","targetHints":{"allow":["GET"]}}],"collection":[{"href":"https:\/\/wp.ufpel.edu.br\/epmu\/wp-json\/wp\/v2\/pages"}],"about":[{"href":"https:\/\/wp.ufpel.edu.br\/epmu\/wp-json\/wp\/v2\/types\/page"}],"author":[{"embeddable":true,"href":"https:\/\/wp.ufpel.edu.br\/epmu\/wp-json\/wp\/v2\/users\/597"}],"replies":[{"embeddable":true,"href":"https:\/\/wp.ufpel.edu.br\/epmu\/wp-json\/wp\/v2\/comments?post=600"}],"version-history":[{"count":36,"href":"https:\/\/wp.ufpel.edu.br\/epmu\/wp-json\/wp\/v2\/pages\/600\/revisions"}],"predecessor-version":[{"id":1435,"href":"https:\/\/wp.ufpel.edu.br\/epmu\/wp-json\/wp\/v2\/pages\/600\/revisions\/1435"}],"up":[{"embeddable":true,"href":"https:\/\/wp.ufpel.edu.br\/epmu\/wp-json\/wp\/v2\/pages\/913"}],"wp:attachment":[{"href":"https:\/\/wp.ufpel.edu.br\/epmu\/wp-json\/wp\/v2\/media?parent=600"}],"curies":[{"name":"wp","href":"https:\/\/api.w.org\/{rel}","templated":true}]}}