{"id":592,"date":"2018-03-20T17:12:07","date_gmt":"2018-03-20T20:12:07","guid":{"rendered":"https:\/\/wp.ufpel.edu.br\/epmu\/?page_id=592"},"modified":"2022-07-14T18:07:00","modified_gmt":"2022-07-14T21:07:00","slug":"edicao-atual","status":"publish","type":"page","link":"https:\/\/wp.ufpel.edu.br\/epmu\/epmu\/edicao-atual\/","title":{"rendered":"EDI\u00c7\u00c3O ATUAL"},"content":{"rendered":"<p>&nbsp;<\/p>\n<p>&nbsp;<\/p>\n<h1>IV EPMU 2021: <a href=\"https:\/\/www.even3.com.br\/ivepmu\" target=\"_blank\" rel=\"noopener\">fa\u00e7a sua inscri\u00e7\u00e3o gratuita aqui<\/a><\/h1>\n<p>&nbsp;<\/p>\n<h1><\/h1>\n<h1>Cronograma<\/h1>\n<table style=\"border-collapse: collapse; width: 100%;\" border=\"1\">\n<tbody>\n<tr>\n<td style=\"width: 58.9541%;\">\n<h4><span style=\"color: #808080;\"><del>Submiss\u00e3o de Comunica\u00e7\u00f5es:<\/del><\/span><\/h4>\n<\/td>\n<td style=\"width: 41.0459%;\">\n<h4 style=\"padding-left: 80px;\"><span style=\"color: #808080;\"><del>11 de agosto a 10 de setembro<\/del><\/span><\/h4>\n<\/td>\n<\/tr>\n<tr>\n<td style=\"width: 58.9541%;\">\n<h4><span style=\"color: #808080;\"><del>Divulga\u00e7\u00e3o dos trabalhos selecionados:<\/del><\/span><\/h4>\n<\/td>\n<td style=\"width: 41.0459%;\">\n<h4 style=\"padding-left: 80px;\"><span style=\"color: #808080;\"><del>21 de setembro<\/del><\/span><\/h4>\n<\/td>\n<\/tr>\n<tr>\n<td style=\"width: 58.9541%;\">\n<h4><span style=\"color: #808080;\"><del>Envio dos arquivos audiovisuais das apresenta\u00e7\u00f5es art\u00edsticas<\/del><\/span><\/h4>\n<\/td>\n<td style=\"width: 41.0459%;\">\n<h4 style=\"padding-left: 80px;\"><span style=\"color: #808080;\"><del>28 de setembro<\/del><\/span><\/h4>\n<\/td>\n<\/tr>\n<tr>\n<td style=\"width: 58.9541%;\">\n<h4><span style=\"color: #808080;\"><del>Envio dos slides para as comunica\u00e7\u00f5es de pesquisa<\/del><\/span><\/h4>\n<\/td>\n<td style=\"width: 41.0459%; padding-left: 80px;\">\n<h4><span style=\"color: #808080;\"><del>1\u00b0 de outubro<\/del><\/span><\/h4>\n<\/td>\n<\/tr>\n<tr>\n<td style=\"width: 58.9541%;\">\n<h4><span style=\"color: #808080;\"><del>Realiza\u00e7\u00e3o do encontro:<\/del><\/span><\/h4>\n<\/td>\n<td style=\"width: 41.0459%;\">\n<h4 style=\"padding-left: 80px;\"><span style=\"color: #808080;\"><del>06, 07 e 08 de outubro<\/del><\/span><\/h4>\n<\/td>\n<\/tr>\n<tr>\n<td style=\"width: 58.9541%;\">\n<h4><span style=\"color: #808080;\"><del>Envio de textos completos para os anais:<\/del><\/span><\/h4>\n<\/td>\n<td style=\"width: 41.0459%;\">\n<h4 style=\"padding-left: 80px;\"><span style=\"color: #808080;\"><del>30 de outubro<\/del><\/span><\/h4>\n<\/td>\n<\/tr>\n<\/tbody>\n<\/table>\n<h4><a href=\"https:\/\/wp.ufpel.edu.br\/epmu\/files\/2021\/08\/IV-EPMU-UFPEL-2021\u2013-NORMAS-SUBMISSAO.pdf\" target=\"_blank\" rel=\"noopener\">Chamada de Trabalhos do IV Encontro de Pesquisa em M\u00fasica UFPEL 2021<\/a><\/h4>\n","protected":false},"excerpt":{"rendered":"<p>&nbsp; &nbsp; IV EPMU 2021: fa\u00e7a sua inscri\u00e7\u00e3o gratuita aqui &nbsp; Cronograma Submiss\u00e3o de Comunica\u00e7\u00f5es: 11 de agosto a 10 de setembro Divulga\u00e7\u00e3o dos trabalhos [&hellip;]<\/p>\n","protected":false},"author":597,"featured_media":0,"parent":913,"menu_order":1,"comment_status":"closed","ping_status":"closed","template":"","meta":{"footnotes":""},"class_list":["post-592","page","type-page","status-publish","hentry","post"],"yoast_head":"<!-- This site is optimized with the Yoast SEO plugin v26.7 - https:\/\/yoast.com\/wordpress\/plugins\/seo\/ -->\n<title>EDI\u00c7\u00c3O ATUAL -<\/title>\n<meta name=\"robots\" content=\"index, follow, max-snippet:-1, max-image-preview:large, max-video-preview:-1\" \/>\n<link rel=\"canonical\" href=\"https:\/\/wp.ufpel.edu.br\/epmu\/pagina-inicial\/edicao-atual\/\" \/>\n<meta property=\"og:locale\" content=\"pt_BR\" \/>\n<meta property=\"og:type\" content=\"article\" \/>\n<meta property=\"og:title\" content=\"EDI\u00c7\u00c3O ATUAL -\" \/>\n<meta property=\"og:description\" content=\"&nbsp; &nbsp; IV EPMU 2021: fa\u00e7a sua inscri\u00e7\u00e3o gratuita aqui &nbsp; Cronograma Submiss\u00e3o de Comunica\u00e7\u00f5es: 11 de agosto a 10 de setembro Divulga\u00e7\u00e3o dos trabalhos [&hellip;]\" \/>\n<meta property=\"og:url\" content=\"https:\/\/wp.ufpel.edu.br\/epmu\/pagina-inicial\/edicao-atual\/\" \/>\n<meta property=\"article:modified_time\" content=\"2022-07-14T21:07:00+00:00\" \/>\n<meta name=\"twitter:card\" content=\"summary_large_image\" \/>\n<meta name=\"twitter:label1\" content=\"Est. tempo de leitura\" \/>\n\t<meta name=\"twitter:data1\" content=\"1 minuto\" \/>\n<script type=\"application\/ld+json\" class=\"yoast-schema-graph\">{\"@context\":\"https:\/\/schema.org\",\"@graph\":[{\"@type\":\"WebPage\",\"@id\":\"https:\/\/wp.ufpel.edu.br\/epmu\/pagina-inicial\/edicao-atual\/\",\"url\":\"https:\/\/wp.ufpel.edu.br\/epmu\/pagina-inicial\/edicao-atual\/\",\"name\":\"EDI\u00c7\u00c3O ATUAL -\",\"isPartOf\":{\"@id\":\"https:\/\/wp.ufpel.edu.br\/epmu\/#website\"},\"datePublished\":\"2018-03-20T20:12:07+00:00\",\"dateModified\":\"2022-07-14T21:07:00+00:00\",\"breadcrumb\":{\"@id\":\"https:\/\/wp.ufpel.edu.br\/epmu\/pagina-inicial\/edicao-atual\/#breadcrumb\"},\"inLanguage\":\"pt-BR\",\"potentialAction\":[{\"@type\":\"ReadAction\",\"target\":[\"https:\/\/wp.ufpel.edu.br\/epmu\/pagina-inicial\/edicao-atual\/\"]}]},{\"@type\":\"BreadcrumbList\",\"@id\":\"https:\/\/wp.ufpel.edu.br\/epmu\/pagina-inicial\/edicao-atual\/#breadcrumb\",\"itemListElement\":[{\"@type\":\"ListItem\",\"position\":1,\"name\":\"In\u00edcio\",\"item\":\"https:\/\/wp.ufpel.edu.br\/epmu\/\"},{\"@type\":\"ListItem\",\"position\":2,\"name\":\"Encontro de Pesquisa em M\u00fasica UFPEL\",\"item\":\"https:\/\/wp.ufpel.edu.br\/epmu\/\"},{\"@type\":\"ListItem\",\"position\":3,\"name\":\"EDI\u00c7\u00c3O ATUAL\"}]},{\"@type\":\"WebSite\",\"@id\":\"https:\/\/wp.ufpel.edu.br\/epmu\/#website\",\"url\":\"https:\/\/wp.ufpel.edu.br\/epmu\/\",\"name\":\"\",\"description\":\"ISSN 2595-2765\",\"potentialAction\":[{\"@type\":\"SearchAction\",\"target\":{\"@type\":\"EntryPoint\",\"urlTemplate\":\"https:\/\/wp.ufpel.edu.br\/epmu\/?s={search_term_string}\"},\"query-input\":{\"@type\":\"PropertyValueSpecification\",\"valueRequired\":true,\"valueName\":\"search_term_string\"}}],\"inLanguage\":\"pt-BR\"}]}<\/script>\n<!-- \/ Yoast SEO plugin. -->","yoast_head_json":{"title":"EDI\u00c7\u00c3O ATUAL -","robots":{"index":"index","follow":"follow","max-snippet":"max-snippet:-1","max-image-preview":"max-image-preview:large","max-video-preview":"max-video-preview:-1"},"canonical":"https:\/\/wp.ufpel.edu.br\/epmu\/pagina-inicial\/edicao-atual\/","og_locale":"pt_BR","og_type":"article","og_title":"EDI\u00c7\u00c3O ATUAL -","og_description":"&nbsp; &nbsp; IV EPMU 2021: fa\u00e7a sua inscri\u00e7\u00e3o gratuita aqui &nbsp; Cronograma Submiss\u00e3o de Comunica\u00e7\u00f5es: 11 de agosto a 10 de setembro Divulga\u00e7\u00e3o dos trabalhos [&hellip;]","og_url":"https:\/\/wp.ufpel.edu.br\/epmu\/pagina-inicial\/edicao-atual\/","article_modified_time":"2022-07-14T21:07:00+00:00","twitter_card":"summary_large_image","twitter_misc":{"Est. tempo de leitura":"1 minuto"},"schema":{"@context":"https:\/\/schema.org","@graph":[{"@type":"WebPage","@id":"https:\/\/wp.ufpel.edu.br\/epmu\/pagina-inicial\/edicao-atual\/","url":"https:\/\/wp.ufpel.edu.br\/epmu\/pagina-inicial\/edicao-atual\/","name":"EDI\u00c7\u00c3O ATUAL -","isPartOf":{"@id":"https:\/\/wp.ufpel.edu.br\/epmu\/#website"},"datePublished":"2018-03-20T20:12:07+00:00","dateModified":"2022-07-14T21:07:00+00:00","breadcrumb":{"@id":"https:\/\/wp.ufpel.edu.br\/epmu\/pagina-inicial\/edicao-atual\/#breadcrumb"},"inLanguage":"pt-BR","potentialAction":[{"@type":"ReadAction","target":["https:\/\/wp.ufpel.edu.br\/epmu\/pagina-inicial\/edicao-atual\/"]}]},{"@type":"BreadcrumbList","@id":"https:\/\/wp.ufpel.edu.br\/epmu\/pagina-inicial\/edicao-atual\/#breadcrumb","itemListElement":[{"@type":"ListItem","position":1,"name":"In\u00edcio","item":"https:\/\/wp.ufpel.edu.br\/epmu\/"},{"@type":"ListItem","position":2,"name":"Encontro de Pesquisa em M\u00fasica UFPEL","item":"https:\/\/wp.ufpel.edu.br\/epmu\/"},{"@type":"ListItem","position":3,"name":"EDI\u00c7\u00c3O ATUAL"}]},{"@type":"WebSite","@id":"https:\/\/wp.ufpel.edu.br\/epmu\/#website","url":"https:\/\/wp.ufpel.edu.br\/epmu\/","name":"","description":"ISSN 2595-2765","potentialAction":[{"@type":"SearchAction","target":{"@type":"EntryPoint","urlTemplate":"https:\/\/wp.ufpel.edu.br\/epmu\/?s={search_term_string}"},"query-input":{"@type":"PropertyValueSpecification","valueRequired":true,"valueName":"search_term_string"}}],"inLanguage":"pt-BR"}]}},"publishpress_future_action":{"enabled":false,"date":"2026-05-06 11:18:23","action":"change-status","newStatus":"draft","terms":[],"taxonomy":"","extraData":[]},"publishpress_future_workflow_manual_trigger":{"enabledWorkflows":[]},"_links":{"self":[{"href":"https:\/\/wp.ufpel.edu.br\/epmu\/wp-json\/wp\/v2\/pages\/592","targetHints":{"allow":["GET"]}}],"collection":[{"href":"https:\/\/wp.ufpel.edu.br\/epmu\/wp-json\/wp\/v2\/pages"}],"about":[{"href":"https:\/\/wp.ufpel.edu.br\/epmu\/wp-json\/wp\/v2\/types\/page"}],"author":[{"embeddable":true,"href":"https:\/\/wp.ufpel.edu.br\/epmu\/wp-json\/wp\/v2\/users\/597"}],"replies":[{"embeddable":true,"href":"https:\/\/wp.ufpel.edu.br\/epmu\/wp-json\/wp\/v2\/comments?post=592"}],"version-history":[{"count":44,"href":"https:\/\/wp.ufpel.edu.br\/epmu\/wp-json\/wp\/v2\/pages\/592\/revisions"}],"predecessor-version":[{"id":1381,"href":"https:\/\/wp.ufpel.edu.br\/epmu\/wp-json\/wp\/v2\/pages\/592\/revisions\/1381"}],"up":[{"embeddable":true,"href":"https:\/\/wp.ufpel.edu.br\/epmu\/wp-json\/wp\/v2\/pages\/913"}],"wp:attachment":[{"href":"https:\/\/wp.ufpel.edu.br\/epmu\/wp-json\/wp\/v2\/media?parent=592"}],"curies":[{"name":"wp","href":"https:\/\/api.w.org\/{rel}","templated":true}]}}