{"id":1199,"date":"2021-08-15T14:44:26","date_gmt":"2021-08-15T17:44:26","guid":{"rendered":"https:\/\/wp.ufpel.edu.br\/epmu\/?page_id=1199"},"modified":"2021-08-16T15:28:36","modified_gmt":"2021-08-16T18:28:36","slug":"expediente","status":"publish","type":"page","link":"https:\/\/wp.ufpel.edu.br\/epmu\/epmu\/edicao-atual\/expediente\/","title":{"rendered":"EXPEDIENTE"},"content":{"rendered":"<h1>IV EPMU 2021<\/h1>\n<h2>Comiss\u00e3o Organizadora:<\/h2>\n<p>Prof. Dr. Germano Gastal Mayer<br \/>\nProf. Dr. Lu\u00eds Fernando Hering Coelho<br \/>\nProf. Dr. M\u00e1rcio de Souza<br \/>\nProf. Dr. Rafael da Silva Noleto<br \/>\nProf. Dr. Rafael Henrique Soares Velloso<br \/>\nProf. Dr. Werner Ewald<br \/>\nTAE Eduardo Montagna da Silveira<\/p>\n<h2>Comiss\u00e3o Cient\u00edfica:<\/h2>\n<p>Prof. Dr. Germano Gastal Mayer<br \/>\nProf. Dr. Lu\u00eds Fernando Hering Coelho<br \/>\nProf. Dr. M\u00e1rcio de Souza<br \/>\nProf. Dr. Rafael da Silva Noleto<br \/>\nProf. Dr. Rafael Henrique Soares Velloso<br \/>\nProf. Dr. Werner Ewald<\/p>\n<h2>Colabora\u00e7\u00e3o:<\/h2>\n<p>Acad. Felipe Fran\u00e7a de Andrade Junqueira<br \/>\nAcad. Rebeca Klippel Brehm<br \/>\nAcad. Samara Radtke da Silva<\/p>\n<h2>Projeto gr\u00e1fico e website:<\/h2>\n<p>TAE Eduardo Montagna da Silveira<br \/>\n(Diretor de produ\u00e7\u00e3o \u2013 Discoteca L.C. Vinholes \/ LabEt \u2013 CA \/ UFPEL)<\/p>\n<h1><\/h1>\n","protected":false},"excerpt":{"rendered":"<p>IV EPMU 2021 Comiss\u00e3o Organizadora: Prof. Dr. Germano Gastal Mayer Prof. Dr. Lu\u00eds Fernando Hering Coelho Prof. Dr. M\u00e1rcio de Souza Prof. Dr. Rafael da [&hellip;]<\/p>\n","protected":false},"author":597,"featured_media":0,"parent":592,"menu_order":0,"comment_status":"closed","ping_status":"closed","template":"","meta":{"footnotes":""},"class_list":["post-1199","page","type-page","status-publish","hentry","post"],"yoast_head":"<!-- This site is optimized with the Yoast SEO plugin v26.7 - https:\/\/yoast.com\/wordpress\/plugins\/seo\/ -->\n<title>EXPEDIENTE -<\/title>\n<meta name=\"robots\" content=\"index, follow, max-snippet:-1, max-image-preview:large, max-video-preview:-1\" \/>\n<link rel=\"canonical\" href=\"https:\/\/wp.ufpel.edu.br\/epmu\/pagina-inicial\/edicao-atual\/expediente\/\" \/>\n<meta property=\"og:locale\" content=\"pt_BR\" \/>\n<meta property=\"og:type\" content=\"article\" \/>\n<meta property=\"og:title\" content=\"EXPEDIENTE -\" \/>\n<meta property=\"og:description\" content=\"IV EPMU 2021 Comiss\u00e3o Organizadora: Prof. Dr. Germano Gastal Mayer Prof. Dr. Lu\u00eds Fernando Hering Coelho Prof. Dr. M\u00e1rcio de Souza Prof. Dr. Rafael da [&hellip;]\" \/>\n<meta property=\"og:url\" content=\"https:\/\/wp.ufpel.edu.br\/epmu\/pagina-inicial\/edicao-atual\/expediente\/\" \/>\n<meta property=\"article:modified_time\" content=\"2021-08-16T18:28:36+00:00\" \/>\n<meta name=\"twitter:card\" content=\"summary_large_image\" \/>\n<meta name=\"twitter:label1\" content=\"Est. tempo de leitura\" \/>\n\t<meta name=\"twitter:data1\" content=\"1 minuto\" \/>\n<script type=\"application\/ld+json\" class=\"yoast-schema-graph\">{\"@context\":\"https:\/\/schema.org\",\"@graph\":[{\"@type\":\"WebPage\",\"@id\":\"https:\/\/wp.ufpel.edu.br\/epmu\/pagina-inicial\/edicao-atual\/expediente\/\",\"url\":\"https:\/\/wp.ufpel.edu.br\/epmu\/pagina-inicial\/edicao-atual\/expediente\/\",\"name\":\"EXPEDIENTE -\",\"isPartOf\":{\"@id\":\"https:\/\/wp.ufpel.edu.br\/epmu\/#website\"},\"datePublished\":\"2021-08-15T17:44:26+00:00\",\"dateModified\":\"2021-08-16T18:28:36+00:00\",\"breadcrumb\":{\"@id\":\"https:\/\/wp.ufpel.edu.br\/epmu\/pagina-inicial\/edicao-atual\/expediente\/#breadcrumb\"},\"inLanguage\":\"pt-BR\",\"potentialAction\":[{\"@type\":\"ReadAction\",\"target\":[\"https:\/\/wp.ufpel.edu.br\/epmu\/pagina-inicial\/edicao-atual\/expediente\/\"]}]},{\"@type\":\"BreadcrumbList\",\"@id\":\"https:\/\/wp.ufpel.edu.br\/epmu\/pagina-inicial\/edicao-atual\/expediente\/#breadcrumb\",\"itemListElement\":[{\"@type\":\"ListItem\",\"position\":1,\"name\":\"In\u00edcio\",\"item\":\"https:\/\/wp.ufpel.edu.br\/epmu\/\"},{\"@type\":\"ListItem\",\"position\":2,\"name\":\"Encontro de Pesquisa em M\u00fasica UFPEL\",\"item\":\"https:\/\/wp.ufpel.edu.br\/epmu\/\"},{\"@type\":\"ListItem\",\"position\":3,\"name\":\"EDI\u00c7\u00c3O ATUAL\",\"item\":\"https:\/\/wp.ufpel.edu.br\/epmu\/pagina-inicial\/edicao-atual\/\"},{\"@type\":\"ListItem\",\"position\":4,\"name\":\"EXPEDIENTE\"}]},{\"@type\":\"WebSite\",\"@id\":\"https:\/\/wp.ufpel.edu.br\/epmu\/#website\",\"url\":\"https:\/\/wp.ufpel.edu.br\/epmu\/\",\"name\":\"\",\"description\":\"ISSN 2595-2765\",\"potentialAction\":[{\"@type\":\"SearchAction\",\"target\":{\"@type\":\"EntryPoint\",\"urlTemplate\":\"https:\/\/wp.ufpel.edu.br\/epmu\/?s={search_term_string}\"},\"query-input\":{\"@type\":\"PropertyValueSpecification\",\"valueRequired\":true,\"valueName\":\"search_term_string\"}}],\"inLanguage\":\"pt-BR\"}]}<\/script>\n<!-- \/ Yoast SEO plugin. -->","yoast_head_json":{"title":"EXPEDIENTE -","robots":{"index":"index","follow":"follow","max-snippet":"max-snippet:-1","max-image-preview":"max-image-preview:large","max-video-preview":"max-video-preview:-1"},"canonical":"https:\/\/wp.ufpel.edu.br\/epmu\/pagina-inicial\/edicao-atual\/expediente\/","og_locale":"pt_BR","og_type":"article","og_title":"EXPEDIENTE -","og_description":"IV EPMU 2021 Comiss\u00e3o Organizadora: Prof. Dr. Germano Gastal Mayer Prof. Dr. Lu\u00eds Fernando Hering Coelho Prof. Dr. M\u00e1rcio de Souza Prof. Dr. Rafael da [&hellip;]","og_url":"https:\/\/wp.ufpel.edu.br\/epmu\/pagina-inicial\/edicao-atual\/expediente\/","article_modified_time":"2021-08-16T18:28:36+00:00","twitter_card":"summary_large_image","twitter_misc":{"Est. tempo de leitura":"1 minuto"},"schema":{"@context":"https:\/\/schema.org","@graph":[{"@type":"WebPage","@id":"https:\/\/wp.ufpel.edu.br\/epmu\/pagina-inicial\/edicao-atual\/expediente\/","url":"https:\/\/wp.ufpel.edu.br\/epmu\/pagina-inicial\/edicao-atual\/expediente\/","name":"EXPEDIENTE -","isPartOf":{"@id":"https:\/\/wp.ufpel.edu.br\/epmu\/#website"},"datePublished":"2021-08-15T17:44:26+00:00","dateModified":"2021-08-16T18:28:36+00:00","breadcrumb":{"@id":"https:\/\/wp.ufpel.edu.br\/epmu\/pagina-inicial\/edicao-atual\/expediente\/#breadcrumb"},"inLanguage":"pt-BR","potentialAction":[{"@type":"ReadAction","target":["https:\/\/wp.ufpel.edu.br\/epmu\/pagina-inicial\/edicao-atual\/expediente\/"]}]},{"@type":"BreadcrumbList","@id":"https:\/\/wp.ufpel.edu.br\/epmu\/pagina-inicial\/edicao-atual\/expediente\/#breadcrumb","itemListElement":[{"@type":"ListItem","position":1,"name":"In\u00edcio","item":"https:\/\/wp.ufpel.edu.br\/epmu\/"},{"@type":"ListItem","position":2,"name":"Encontro de Pesquisa em M\u00fasica UFPEL","item":"https:\/\/wp.ufpel.edu.br\/epmu\/"},{"@type":"ListItem","position":3,"name":"EDI\u00c7\u00c3O ATUAL","item":"https:\/\/wp.ufpel.edu.br\/epmu\/pagina-inicial\/edicao-atual\/"},{"@type":"ListItem","position":4,"name":"EXPEDIENTE"}]},{"@type":"WebSite","@id":"https:\/\/wp.ufpel.edu.br\/epmu\/#website","url":"https:\/\/wp.ufpel.edu.br\/epmu\/","name":"","description":"ISSN 2595-2765","potentialAction":[{"@type":"SearchAction","target":{"@type":"EntryPoint","urlTemplate":"https:\/\/wp.ufpel.edu.br\/epmu\/?s={search_term_string}"},"query-input":{"@type":"PropertyValueSpecification","valueRequired":true,"valueName":"search_term_string"}}],"inLanguage":"pt-BR"}]}},"publishpress_future_action":{"enabled":false,"date":"2026-05-14 18:57:22","action":"change-status","newStatus":"draft","terms":[],"taxonomy":"","extraData":[]},"publishpress_future_workflow_manual_trigger":{"enabledWorkflows":[]},"_links":{"self":[{"href":"https:\/\/wp.ufpel.edu.br\/epmu\/wp-json\/wp\/v2\/pages\/1199","targetHints":{"allow":["GET"]}}],"collection":[{"href":"https:\/\/wp.ufpel.edu.br\/epmu\/wp-json\/wp\/v2\/pages"}],"about":[{"href":"https:\/\/wp.ufpel.edu.br\/epmu\/wp-json\/wp\/v2\/types\/page"}],"author":[{"embeddable":true,"href":"https:\/\/wp.ufpel.edu.br\/epmu\/wp-json\/wp\/v2\/users\/597"}],"replies":[{"embeddable":true,"href":"https:\/\/wp.ufpel.edu.br\/epmu\/wp-json\/wp\/v2\/comments?post=1199"}],"version-history":[{"count":3,"href":"https:\/\/wp.ufpel.edu.br\/epmu\/wp-json\/wp\/v2\/pages\/1199\/revisions"}],"predecessor-version":[{"id":1210,"href":"https:\/\/wp.ufpel.edu.br\/epmu\/wp-json\/wp\/v2\/pages\/1199\/revisions\/1210"}],"up":[{"embeddable":true,"href":"https:\/\/wp.ufpel.edu.br\/epmu\/wp-json\/wp\/v2\/pages\/592"}],"wp:attachment":[{"href":"https:\/\/wp.ufpel.edu.br\/epmu\/wp-json\/wp\/v2\/media?parent=1199"}],"curies":[{"name":"wp","href":"https:\/\/api.w.org\/{rel}","templated":true}]}}