{"id":2617,"date":"2021-03-11T15:08:31","date_gmt":"2021-03-11T18:08:31","guid":{"rendered":"https:\/\/wp.ufpel.edu.br\/cit\/?page_id=2617"},"modified":"2022-03-03T17:06:20","modified_gmt":"2022-03-03T20:06:20","slug":"como-fazer-um-pedido-de-patente","status":"publish","type":"page","link":"https:\/\/wp.ufpel.edu.br\/epitte\/como-fazer-um-pedido-de-patente\/","title":{"rendered":"Como fazer um pedido de patente"},"content":{"rendered":"<div id=\"pl-2617\"  class=\"panel-layout\" ><div id=\"pg-2617-0\"  class=\"panel-grid panel-no-style\" ><div id=\"pgc-2617-0-0\"  class=\"panel-grid-cell\" ><div id=\"panel-2617-0-0-0\" class=\"so-panel widget widget_sow-headline panel-first-child\" data-index=\"0\" ><div\n\t\t\t\n\t\t\tclass=\"so-widget-sow-headline so-widget-sow-headline-default-46b75ae3f4c5-2617 so-widget-fittext-wrapper\"\n\t\t\t data-fit-text-compressor=\"0.85\"\n\t\t><div class=\"sow-headline-container \">\n\t\t\t\t\t\t\t<h3 class=\"sow-headline\">\n\t\t\t\t\t\tETAPA 1\t\t\t\t\t\t<\/h3>\n\t\t\t\t\t\t\t\t\t\t\t<div class=\"decoration\">\n\t\t\t\t\t\t<div class=\"decoration-inside\"><\/div>\n\t\t\t\t\t<\/div>\n\t\t\t\t\t\t\t\t\t\t\t<h1 class=\"sow-sub-headline\">\n\t\t\t\t\t\tBUSCA DE ANTERIORIDADE\t\t\t\t\t\t<\/h1>\n\t\t\t\t\t\t<\/div>\n<\/div><\/div><div id=\"panel-2617-0-0-1\" class=\"so-panel widget widget_sow-editor panel-last-child\" data-index=\"1\" ><div\n\t\t\t\n\t\t\tclass=\"so-widget-sow-editor so-widget-sow-editor-base\"\n\t\t\t\n\t\t>\n<div class=\"siteorigin-widget-tinymce textwidget\">\n\t<p><span style=\"font-weight: 400\">A busca de anterioridade pode ser definida como uma atividade de pesquisa sobre informa\u00e7\u00f5es tecnol\u00f3gicas que atestem\/comprovem a inexist\u00eancia de produto, processo ou melhoria id\u00eantica ao objeto de pedido de patente ou registro que se deseja proteger. Tal pesquisa deve ser ampla e deve abranger tanto a pesquisa bibliogr\u00e1fica, quanto a busca em bancos de dados de patentes.<\/span><\/p>\n<p><span style=\"font-weight: 400\">O inventor pode utilizar a busca em documentos de patente para avaliar a possibilidade de concess\u00e3o de uma patente para seu invento e\/ou para identificar as poss\u00edveis formas de prote\u00e7\u00e3o. Os documentos selecionados tamb\u00e9m podem ser de grande ajuda na reda\u00e7\u00e3o do pedido de patente.<\/span><\/p>\n<p><span style=\"font-weight: 400\">Antes de pedir sua patente verifique se ningu\u00e9m desenvolveu algo parecido com sua inven\u00e7\u00e3o ou seu modelo de utilidade. Fazer buscas em bases de dados vai te ajudar a decidir se vale a pena pedir sua patente ou n\u00e3o. O INPI s\u00f3 poder\u00e1 te dar a patente se ningu\u00e9m tiver inventado antes um produto ou processo id\u00eantico ao seu.<\/span><\/p>\n<\/div>\n<\/div><\/div><\/div><\/div><div id=\"pg-2617-1\"  class=\"panel-grid panel-no-style\" ><div id=\"pgc-2617-1-0\"  class=\"panel-grid-cell\" ><div id=\"panel-2617-1-0-0\" class=\"so-panel widget widget_sow-headline panel-first-child\" data-index=\"2\" ><div\n\t\t\t\n\t\t\tclass=\"so-widget-sow-headline so-widget-sow-headline-default-46b75ae3f4c5-2617 so-widget-fittext-wrapper\"\n\t\t\t data-fit-text-compressor=\"0.85\"\n\t\t><div class=\"sow-headline-container \">\n\t\t\t\t\t\t<div class=\"decoration\">\n\t\t\t\t\t\t<div class=\"decoration-inside\"><\/div>\n\t\t\t\t\t<\/div>\n\t\t\t\t\t<\/div>\n<\/div><\/div><div id=\"panel-2617-1-0-1\" class=\"so-panel widget widget_sow-headline\" data-index=\"3\" ><div\n\t\t\t\n\t\t\tclass=\"so-widget-sow-headline so-widget-sow-headline-default-46b75ae3f4c5-2617 so-widget-fittext-wrapper\"\n\t\t\t data-fit-text-compressor=\"0.85\"\n\t\t><div class=\"sow-headline-container \">\n\t\t\t\t\t\t\t<h3 class=\"sow-headline\">\n\t\t\t\t\t\tETAPA 2\t\t\t\t\t\t<\/h3>\n\t\t\t\t\t\t\t\t\t\t\t<div class=\"decoration\">\n\t\t\t\t\t\t<div class=\"decoration-inside\"><\/div>\n\t\t\t\t\t<\/div>\n\t\t\t\t\t\t\t\t\t\t\t<h1 class=\"sow-sub-headline\">\n\t\t\t\t\t\tREDA\u00c7\u00c3O E DOCUMENTA\u00c7\u00c3O\t\t\t\t\t\t<\/h1>\n\t\t\t\t\t\t<\/div>\n<\/div><\/div><div id=\"panel-2617-1-0-2\" class=\"so-panel widget widget_sow-editor panel-last-child\" data-index=\"4\" ><div\n\t\t\t\n\t\t\tclass=\"so-widget-sow-editor so-widget-sow-editor-base\"\n\t\t\t\n\t\t>\n<div class=\"siteorigin-widget-tinymce textwidget\">\n\t<p><span style=\"font-weight: 400\">O pedido de patente \u00e9 um documento formal, que deve ser redigido de forma clara e <\/span><span style=\"font-weight: 400\">precisa, conforme requisitos e formato definido pelas Instru\u00e7\u00f5es Normativas 30 e 31 <\/span><span style=\"font-weight: 400\">do INPI, devendo ser apresentado junto de formul\u00e1rio pr\u00f3prio, sendo composto dos <\/span><span style=\"font-weight: 400\">seguintes documentos:<\/span><\/p>\n<ul>\n<li><span style=\"font-weight: 400\"> Relat\u00f3rio Descritivo: deve descrever o produto ou processo para o qual se requer <\/span>a prote\u00e7\u00e3o. A descri\u00e7\u00e3o deve ser feita de forma a permitir que uma pessoa especializada possa compreender e colocar em pr\u00e1tica a tecnologia;<\/li>\n<\/ul>\n<ul>\n<li><span style=\"font-weight: 400\"> Reivindica\u00e7\u00f5es: caracterizam as peculiaridades do invento para as quais se <\/span>requer a prote\u00e7\u00e3o legal. S\u00e3o elas que estabelecem e delimitam os direitos da patente, s\u00e3o as bases legais da prote\u00e7\u00e3o patent\u00e1ria;<\/li>\n<\/ul>\n<ul>\n<li><span style=\"font-weight: 400\"> Desenhos: quando necess\u00e1rios, t\u00eam a finalidade de completar a descri\u00e7\u00e3o, <\/span>esclarecendo ou delimitando o conte\u00fado da inven\u00e7\u00e3o;<\/li>\n<\/ul>\n<ul>\n<li><span style=\"font-weight: 400\"> Resumo: deve ser uma descri\u00e7\u00e3o clara, objetiva e sucinta do objeto da patente.<\/span><\/li>\n<\/ul>\n<\/div>\n<\/div><\/div><\/div><\/div><div id=\"pg-2617-2\"  class=\"panel-grid panel-no-style\" ><div id=\"pgc-2617-2-0\"  class=\"panel-grid-cell\" ><div id=\"panel-2617-2-0-0\" class=\"so-panel widget widget_sow-headline panel-first-child\" data-index=\"5\" ><div\n\t\t\t\n\t\t\tclass=\"so-widget-sow-headline so-widget-sow-headline-default-46b75ae3f4c5-2617 so-widget-fittext-wrapper\"\n\t\t\t data-fit-text-compressor=\"0.85\"\n\t\t><div class=\"sow-headline-container \">\n\t\t\t\t\t\t<div class=\"decoration\">\n\t\t\t\t\t\t<div class=\"decoration-inside\"><\/div>\n\t\t\t\t\t<\/div>\n\t\t\t\t\t<\/div>\n<\/div><\/div><div id=\"panel-2617-2-0-1\" class=\"so-panel widget widget_sow-headline\" data-index=\"6\" ><div\n\t\t\t\n\t\t\tclass=\"so-widget-sow-headline so-widget-sow-headline-default-46b75ae3f4c5-2617 so-widget-fittext-wrapper\"\n\t\t\t data-fit-text-compressor=\"0.85\"\n\t\t><div class=\"sow-headline-container \">\n\t\t\t\t\t\t\t<h3 class=\"sow-headline\">\n\t\t\t\t\t\tETAPA 3\t\t\t\t\t\t<\/h3>\n\t\t\t\t\t\t\t\t\t\t\t<div class=\"decoration\">\n\t\t\t\t\t\t<div class=\"decoration-inside\"><\/div>\n\t\t\t\t\t<\/div>\n\t\t\t\t\t\t\t\t\t\t\t<h1 class=\"sow-sub-headline\">\n\t\t\t\t\t\tENCAMINHAMENTO DO PEDIDO\t\t\t\t\t\t<\/h1>\n\t\t\t\t\t\t<\/div>\n<\/div><\/div><div id=\"panel-2617-2-0-2\" class=\"so-panel widget widget_sow-editor panel-last-child\" data-index=\"7\" ><div\n\t\t\t\n\t\t\tclass=\"so-widget-sow-editor so-widget-sow-editor-base\"\n\t\t\t\n\t\t>\n<div class=\"siteorigin-widget-tinymce textwidget\">\n\t<p><span style=\"font-size: 14pt;\"><strong>PASSO 1<\/strong><\/span><\/p>\n<p><span style=\"font-weight: 400;\">Para encaminhar uma Notifica\u00e7\u00e3o de Inven\u00e7\u00e3o, o pesquisador dever\u00e1 abrir um processo no <\/span><span style=\"font-weight: 400;\">Sistema Eletr\u00f4nico de Informa\u00e7\u00f5es (SEI)<\/span><span style=\"font-weight: 400;\">,<\/span><span style=\"font-weight: 400;\"> no per\u00edodo de 1\u00ba a 15\u00ba de cada m\u00eas.<\/span><\/p>\n<p><span style=\"font-weight: 400;\">Na abertura do processo, dever\u00e3o ser preenchidos os seguintes formul\u00e1rios:<\/span><\/p>\n<p><b>PRPPGI Formul\u00e1rio de Informa\u00e7\u00e3o Tecnol\u00f3gica<\/b><span style=\"font-weight: 400;\"> \u00a0 \u00a0 | \u00a0 \u00a0 <\/span><b>PRPPGI Busca de Anterioridade<\/b><\/p>\n<p>&nbsp;<\/p>\n<p><span style=\"font-size: 14pt;\"><strong>PASSO 2<\/strong><\/span><\/p>\n<p><span style=\"font-weight: 400;\">Ap\u00f3s o preenchimento, dever\u00e3o ser enviados ao <\/span><b>Escrit\u00f3rio de Propriedade Intelectual, Transfer\u00eancia de Tecnologia e Empreendedorismo (EPITTE)<\/b><span style=\"font-weight: 400;\">, que fornecer\u00e1 a credencial de acesso ao pesquisador.<\/span><\/p>\n<\/div>\n<\/div><\/div><\/div><\/div><div id=\"pg-2617-3\"  class=\"panel-grid panel-no-style\" ><div id=\"pgc-2617-3-0\"  class=\"panel-grid-cell\" ><div id=\"panel-2617-3-0-0\" class=\"so-panel widget widget_sow-headline panel-first-child\" data-index=\"8\" ><div\n\t\t\t\n\t\t\tclass=\"so-widget-sow-headline so-widget-sow-headline-default-46b75ae3f4c5-2617 so-widget-fittext-wrapper\"\n\t\t\t data-fit-text-compressor=\"0.85\"\n\t\t><div class=\"sow-headline-container \">\n\t\t\t\t\t\t<div class=\"decoration\">\n\t\t\t\t\t\t<div class=\"decoration-inside\"><\/div>\n\t\t\t\t\t<\/div>\n\t\t\t\t\t<\/div>\n<\/div><\/div><div id=\"panel-2617-3-0-1\" class=\"so-panel widget widget_sow-headline\" data-index=\"9\" ><div\n\t\t\t\n\t\t\tclass=\"so-widget-sow-headline so-widget-sow-headline-default-46b75ae3f4c5-2617 so-widget-fittext-wrapper\"\n\t\t\t data-fit-text-compressor=\"0.85\"\n\t\t><div class=\"sow-headline-container \">\n\t\t\t\t\t\t\t<h3 class=\"sow-headline\">\n\t\t\t\t\t\tETAPA 4\t\t\t\t\t\t<\/h3>\n\t\t\t\t\t\t\t\t\t\t\t<div class=\"decoration\">\n\t\t\t\t\t\t<div class=\"decoration-inside\"><\/div>\n\t\t\t\t\t<\/div>\n\t\t\t\t\t\t\t\t\t\t\t<h1 class=\"sow-sub-headline\">\n\t\t\t\t\t\tAN\u00c1LISE DO PEDIDO\t\t\t\t\t\t<\/h1>\n\t\t\t\t\t\t<\/div>\n<\/div><\/div><div id=\"panel-2617-3-0-2\" class=\"so-panel widget widget_sow-editor panel-last-child\" data-index=\"10\" ><div\n\t\t\t\n\t\t\tclass=\"so-widget-sow-editor so-widget-sow-editor-base\"\n\t\t\t\n\t\t>\n<div class=\"siteorigin-widget-tinymce textwidget\">\n\t<p><strong><span style=\"font-size: 14pt;\">PASSO 3<\/span><\/strong><\/p>\n<p><span style=\"font-weight: 400;\">Com a credencial de acesso fornecida pelo EPITTE, o pesquisador dever\u00e1 retornar ao <\/span><span style=\"font-weight: 400;\">Sistema Eletr\u00f4nico de Informa\u00e7\u00f5es<\/span><span style=\"font-weight: 400;\"> e incluir a <\/span><span style=\"font-weight: 400;\">documenta\u00e7\u00e3o da patente<\/span><span style=\"font-weight: 400;\"> em formato PDF.<\/span><\/p>\n<p><span style=\"font-weight: 400;\">O EPITTE ir\u00e1 analisar a documenta\u00e7\u00e3o e dentro de um per\u00edodo de 15 dias poder\u00e1 solicitar corre\u00e7\u00f5es formais.<\/span><\/p>\n<p>&nbsp;<\/p>\n<p><strong><span style=\"font-size: 14pt;\">PASSO 4<\/span><\/strong><\/p>\n<p><span style=\"font-weight: 400;\">Estando correto, o EPITTE dar\u00e1 credencial de acesso a um dos membros do Comit\u00ea, que ir\u00e1 atuar como Relator, para que em um per\u00edodo de at\u00e9 15 dias este insira a sua an\u00e1lise do aspecto material do pedido no seguinte formul\u00e1rio: <\/span><b>PRPPGI Relat\u00f3rio Detalhado SDAP<\/b><\/p>\n<p><span style=\"font-weight: 400;\">Durante esse per\u00edodo o EPITTE poder\u00e1 solicitar ao pesquisador que realize corre\u00e7\u00f5es materiais no pedido.<\/span><\/p>\n<p>&nbsp;<\/p>\n<p><strong><span style=\"font-size: 14pt;\">PASSO 5<\/span><\/strong><\/p>\n<p><span style=\"font-weight: 400;\">Ap\u00f3s a inclus\u00e3o da an\u00e1lise do Relator, o EPITTE insere o Relat\u00f3rio Final de An\u00e1lise e encaminha o processo para o Comit\u00ea, que dever\u00e1 deliberar sobre o relat\u00f3rio, podendo ratificar ou alterar seu conte\u00fado. Feitas as altera\u00e7\u00f5es indicadas, o EPITTE conclui o processo de an\u00e1lise.\u00a0<\/span><\/p>\n<\/div>\n<\/div><\/div><\/div><\/div><div id=\"pg-2617-4\"  class=\"panel-grid panel-no-style\" ><div id=\"pgc-2617-4-0\"  class=\"panel-grid-cell\" ><div id=\"panel-2617-4-0-0\" class=\"so-panel widget widget_sow-headline panel-first-child\" data-index=\"11\" ><div\n\t\t\t\n\t\t\tclass=\"so-widget-sow-headline so-widget-sow-headline-default-46b75ae3f4c5-2617 so-widget-fittext-wrapper\"\n\t\t\t data-fit-text-compressor=\"0.85\"\n\t\t><div class=\"sow-headline-container \">\n\t\t\t\t\t\t<div class=\"decoration\">\n\t\t\t\t\t\t<div class=\"decoration-inside\"><\/div>\n\t\t\t\t\t<\/div>\n\t\t\t\t\t<\/div>\n<\/div><\/div><div id=\"panel-2617-4-0-1\" class=\"so-panel widget widget_sow-headline\" data-index=\"12\" ><div\n\t\t\t\n\t\t\tclass=\"so-widget-sow-headline so-widget-sow-headline-default-46b75ae3f4c5-2617 so-widget-fittext-wrapper\"\n\t\t\t data-fit-text-compressor=\"0.85\"\n\t\t><div class=\"sow-headline-container \">\n\t\t\t\t\t\t\t<h3 class=\"sow-headline\">\n\t\t\t\t\t\tETAPA 5\t\t\t\t\t\t<\/h3>\n\t\t\t\t\t\t\t\t\t\t\t<div class=\"decoration\">\n\t\t\t\t\t\t<div class=\"decoration-inside\"><\/div>\n\t\t\t\t\t<\/div>\n\t\t\t\t\t\t\t\t\t\t\t<h1 class=\"sow-sub-headline\">\n\t\t\t\t\t\tDEP\u00d3SITO E ACOMPANHAMENTO\t\t\t\t\t\t<\/h1>\n\t\t\t\t\t\t<\/div>\n<\/div><\/div><div id=\"panel-2617-4-0-2\" class=\"so-panel widget widget_sow-editor panel-last-child\" data-index=\"13\" ><div\n\t\t\t\n\t\t\tclass=\"so-widget-sow-editor so-widget-sow-editor-base\"\n\t\t\t\n\t\t>\n<div class=\"siteorigin-widget-tinymce textwidget\">\n\t<p><span style=\"font-weight: 400;\">Se aprovado o pedido, o EPITTE d\u00e1 in\u00edcio ao procedimento para pagamento e dep\u00f3sito no INPI. Depois de protocolado o dep\u00f3sito o EPITTE passa a realizar o acompanhamento do Pedido junto ao INPI.<\/span><\/p>\n<\/div>\n<\/div><\/div><\/div><\/div><\/div>","protected":false},"excerpt":{"rendered":"<p>A busca de anterioridade pode ser definida como uma atividade de pesquisa sobre informa\u00e7\u00f5es tecnol\u00f3gicas que atestem\/comprovem a inexist\u00eancia de [&hellip;]<\/p>\n","protected":false},"author":46,"featured_media":0,"parent":0,"menu_order":0,"comment_status":"closed","ping_status":"closed","template":"","meta":{"footnotes":""},"class_list":["post-2617","page","type-page","status-publish","hentry","post"],"_links":{"self":[{"href":"https:\/\/wp.ufpel.edu.br\/epitte\/wp-json\/wp\/v2\/pages\/2617","targetHints":{"allow":["GET"]}}],"collection":[{"href":"https:\/\/wp.ufpel.edu.br\/epitte\/wp-json\/wp\/v2\/pages"}],"about":[{"href":"https:\/\/wp.ufpel.edu.br\/epitte\/wp-json\/wp\/v2\/types\/page"}],"author":[{"embeddable":true,"href":"https:\/\/wp.ufpel.edu.br\/epitte\/wp-json\/wp\/v2\/users\/46"}],"replies":[{"embeddable":true,"href":"https:\/\/wp.ufpel.edu.br\/epitte\/wp-json\/wp\/v2\/comments?post=2617"}],"version-history":[{"count":31,"href":"https:\/\/wp.ufpel.edu.br\/epitte\/wp-json\/wp\/v2\/pages\/2617\/revisions"}],"predecessor-version":[{"id":3056,"href":"https:\/\/wp.ufpel.edu.br\/epitte\/wp-json\/wp\/v2\/pages\/2617\/revisions\/3056"}],"wp:attachment":[{"href":"https:\/\/wp.ufpel.edu.br\/epitte\/wp-json\/wp\/v2\/media?parent=2617"}],"curies":[{"name":"wp","href":"https:\/\/api.w.org\/{rel}","templated":true}]}}