{"id":22,"date":"2014-10-30T12:55:56","date_gmt":"2014-10-30T12:55:56","guid":{"rendered":"http:\/\/localhost\/wordpress\/?page_id=22"},"modified":"2021-03-16T15:12:53","modified_gmt":"2021-03-16T18:12:53","slug":"normas-reguladoras","status":"publish","type":"page","link":"https:\/\/wp.ufpel.edu.br\/epitte\/propriedade-intelectual\/deposito-de-patentes-e-registro-de-marcas-e-programas-de-computador\/normas-reguladoras\/","title":{"rendered":"Normas Reguladoras da Propriedade Intelectual"},"content":{"rendered":"<h3><b>PROPRIEDADE INDUSTRIAL \/ PATENTES DE INVEN\u00c7\u00c3O<\/b><\/h3>\n<p><a href=\"http:\/\/www.planalto.gov.br\/ccivil_03\/leis\/l9279.htm\"><span style=\"font-weight: 400\">Lei n<\/span><\/a><a href=\"http:\/\/www.planalto.gov.br\/ccivil_03\/leis\/L9609.htm\"><span style=\"font-weight: 400\">\u00ba<\/span><\/a><a href=\"http:\/\/www.planalto.gov.br\/ccivil_03\/leis\/l9279.htm\"><span style=\"font-weight: 400\"> 9.279 de 14\/05\/1996 \u2013 Lei de Propriedade Industrial.<\/span><\/a><\/p>\n<p><a href=\"https:\/\/wp.ufpel.edu.br\/cit\/files\/2020\/03\/Decreto-n%C2%A7-2553-de-16-de-Abril-de-1998_Regulamenta-aspectos-da-Lei-de-Propriedade-Industrial.pdf\"><span style=\"font-weight: 400\">Decreto n<\/span><\/a><a href=\"http:\/\/www.planalto.gov.br\/ccivil_03\/leis\/L9609.htm\"><span style=\"font-weight: 400\">\u00ba<\/span><\/a><a href=\"https:\/\/wp.ufpel.edu.br\/cit\/files\/2020\/03\/Decreto-n%C2%A7-2553-de-16-de-Abril-de-1998_Regulamenta-aspectos-da-Lei-de-Propriedade-Industrial.pdf\"><span style=\"font-weight: 400\"> 2553 de 16 de Abril de 1998_Regulamenta aspectos da Lei de Propriedade Industrial<\/span><\/a><\/p>\n<p><a href=\"https:\/\/drive.google.com\/file\/d\/0B8gJZ7_S-CGKc3FKMkJINW9pMkE\/view?usp=sharing\"><span style=\"font-weight: 400\">Instru\u00e7\u00e3o Normativa INPI n\u00ba 30 de 04\/12\/2013 \u2013 Estabelece as especifica\u00e7\u00f5es para apresenta\u00e7\u00e3o de pedidos de patente.<\/span><\/a><\/p>\n<p><a href=\"https:\/\/drive.google.com\/file\/d\/0B8gJZ7_S-CGKZzFLUGdReHl3bnM\/view?usp=sharing\"><span style=\"font-weight: 400\">Instru\u00e7\u00e3o Normativa INPI n\u00ba 31 de 04\/12\/2013 \u2013 Estabelece as especifica\u00e7\u00f5es formais dos pedidos de patente.<\/span><\/a><\/p>\n<p><a href=\"https:\/\/wp.ufpel.edu.br\/cit\/files\/2020\/03\/RN-034.2014_-_Propriedade_Intelectual.pdf\"><span style=\"font-weight: 400\">RN-034.2014_-_Propriedade_Intelectual Regulamenta os direitos sobre cria\u00e7\u00f5es intelectuais resultantes de pesquisas apoiadas por instrumentos de fomento disponibilizados pelo CNPq.<\/span><\/a><\/p>\n<h3><b>\u00a0<\/b><\/h3>\n<h3><b>PROGRAMAS DE COMPUTADOR<\/b><\/h3>\n<p><a href=\"http:\/\/www.planalto.gov.br\/ccivil_03\/leis\/L9609.htm\"><span style=\"font-weight: 400\">Lei n\u00ba 9.606 de 19\/02\/1998 \u2013 Lei de Software.<\/span><\/a><\/p>\n<p><a href=\"https:\/\/www.planalto.gov.br\/ccivil_03\/_Ato2004-2006\/2005\/Lei\/L11196.htm\"><span style=\"font-weight: 400\">Lei n\u00ba 11.196 de 21\/11\/2005 \u2013 Disp\u00f5e sobre incentivos fiscais para a inova\u00e7\u00e3o tecnol\u00f3gica.<\/span><\/a><\/p>\n<p><a href=\"http:\/\/www.planalto.gov.br\/ccivil_03\/_ato2004-2006\/2004\/lei\/l10.973.htm\"><span style=\"font-weight: 400\">Lei n\u00ba 10.973 de 02\/12\/2004 \u2013 Disp\u00f5e sobre incentivos \u00e0 inova\u00e7\u00e3o e \u00e0 pesquisa cient\u00edfica e tecnol\u00f3gica no ambiente produtivo.<\/span><\/a><\/p>\n<h3><b>\u00a0<\/b><\/h3>\n<h3><b>BIOSSEGURAN\u00c7A E PATRIM\u00d4NIO GEN\u00c9TICO<\/b><\/h3>\n<p><a href=\"http:\/\/www.planalto.gov.br\/ccivil_03\/_Ato2004-2006\/2005\/Lei\/L11105.htm\"><span style=\"font-weight: 400\">Lei n\u00ba 11.105 de 24\/03\/2005 \u2013 Lei de Biosseguran\u00e7a.<\/span><\/a><\/p>\n<p><a href=\"http:\/\/www.planalto.gov.br\/ccivil_03\/_Ato2004-2006\/2005\/Decreto\/D5591.htm\"><span style=\"font-weight: 400\">Decreto n\u00ba 5.591 de 22\/11\/2005 \u2013 Regulamenta a Lei de Biosseguran\u00e7a<\/span><\/a><\/p>\n<p><a href=\"https:\/\/www.normasbrasil.com.br\/norma\/resolucao-29-2007_106527.html\"><span style=\"font-weight: 400\">Resolu\u00e7\u00e3o CGEN n\u00ba 29 de 06\/12\/2007 \u2013 Disp\u00f5es sobre \u00d3leos essenciais.<\/span><\/a><\/p>\n<h3><b>\u00a0<\/b><\/h3>\n<h3><b>CULTIVARES<\/b><\/h3>\n<p><a href=\"http:\/\/www.planalto.gov.br\/ccivil_03\/LEIS\/L9456.htm\"><span style=\"font-weight: 400\">Lei n\u00ba 9.456 de 25 de abril de 1997 \u2013 Lei de Prote\u00e7\u00e3o de Cultivares.<\/span><\/a><\/p>\n<p><a href=\"http:\/\/www.planalto.gov.br\/ccivil_03\/decreto\/1997\/D2366.htm\"><span style=\"font-weight: 400\">Decreto n\u00ba 2.366 de 05 de novembro de 1997 &#8211; Regulamenta a Lei de Prote\u00e7\u00e3o de Cultivares.<\/span><\/a><\/p>\n<h3><b>\u00a0<\/b><\/h3>\n<h3><b>DIREITOS AUTORAIS<\/b><\/h3>\n<p><a href=\"http:\/\/www.planalto.gov.br\/ccivil_03\/leis\/l9610.htm\"><span style=\"font-weight: 400\">Lei 9.610 de 19\/02\/1998 \u2013 Lei de Direitos Autorais.<\/span><\/a><\/p>\n<p><a href=\"http:\/\/www.planalto.gov.br\/ccivil_03\/_Ato2004-2006\/2004\/Lei\/L10994.htm\"><span style=\"font-weight: 400\">Lei n\u00ba 10.994 de 14\/12\/2001 \u2013 Disp\u00f5e sobre o dep\u00f3sito legal de publica\u00e7\u00f5es na Biblioteca Nacional.<\/span><\/a><\/p>\n<h3><b>\u00a0<\/b><\/h3>\n<h3><b>LEGISLA\u00c7\u00d5ES COMPLEMENTARES<\/b><\/h3>\n<p><a href=\"http:\/\/www.planalto.gov.br\/ccivil_03\/leis\/l8112cons.htm\"><span style=\"font-weight: 400\">Lei n\u00ba 8.112 de 11\/12\/1990 \u2013 Regime jur\u00eddico dos servidores p\u00fablicos civis da Uni\u00e3o.<\/span><\/a><\/p>\n<p><a href=\"http:\/\/www.planalto.gov.br\/ccivil_03\/leis\/l9784.htm\"><span style=\"font-weight: 400\">Lei n\u00ba 9.784 de 29\/01\/1999 \u2013 Regula o processo administrativo no \u00e2mbito da administra\u00e7\u00e3o p\u00fablica federal.<\/span><\/a><\/p>\n<p><a href=\"http:\/\/www.planalto.gov.br\/ccivil_03\/leis\/l8666cons.htm\"><span style=\"font-weight: 400\">Lei n\u00ba 8.666 de 21\/06\/1993 \u2013 Lei das Licita\u00e7\u00f5es e Contratos da Administra\u00e7\u00e3o P\u00fablica.<\/span><\/a><\/p>\n<p><a href=\"http:\/\/www.planalto.gov.br\/ccivil_03\/leis\/lcp\/lcp73.htm\"><span style=\"font-weight: 400\">Lei Complementar n\u00ba 73 \u2013 Institui a Lei Org\u00e2nica da Advocacia Geral da Uni\u00e3o.<\/span><\/a><\/p>\n<p><a href=\"http:\/\/www.planalto.gov.br\/ccivil_03\/LEIS\/L8958.htm\"><span style=\"font-weight: 400\">Lei n\u00ba 8.958 de 20\/12\/1994 \u2013 Disp\u00f5e sobre a rela\u00e7\u00e3o das IFES com funda\u00e7\u00f5es de apoio.<\/span><\/a><\/p>\n<p><a href=\"http:\/\/www.planalto.gov.br\/ccivil_03\/_Ato2011-2014\/2014\/Decreto\/D8241.htm\"><span style=\"font-weight: 400\">Decreto n\u00ba 8.241 de 21\/05\/2014 \u2013 Regulamenta aspectos da Lei n\u00ba 8.958.<\/span><\/a><\/p>\n<p>&nbsp;<\/p>\n","protected":false},"excerpt":{"rendered":"<p>PROPRIEDADE INDUSTRIAL \/ PATENTES DE INVEN\u00c7\u00c3O Lei n\u00ba 9.279 de 14\/05\/1996 \u2013 Lei de Propriedade Industrial. Decreto n\u00ba 2553 de [&hellip;]<\/p>\n","protected":false},"author":46,"featured_media":0,"parent":1380,"menu_order":0,"comment_status":"closed","ping_status":"closed","template":"","meta":{"footnotes":""},"class_list":["post-22","page","type-page","status-publish","hentry","post"],"_links":{"self":[{"href":"https:\/\/wp.ufpel.edu.br\/epitte\/wp-json\/wp\/v2\/pages\/22","targetHints":{"allow":["GET"]}}],"collection":[{"href":"https:\/\/wp.ufpel.edu.br\/epitte\/wp-json\/wp\/v2\/pages"}],"about":[{"href":"https:\/\/wp.ufpel.edu.br\/epitte\/wp-json\/wp\/v2\/types\/page"}],"author":[{"embeddable":true,"href":"https:\/\/wp.ufpel.edu.br\/epitte\/wp-json\/wp\/v2\/users\/46"}],"replies":[{"embeddable":true,"href":"https:\/\/wp.ufpel.edu.br\/epitte\/wp-json\/wp\/v2\/comments?post=22"}],"version-history":[{"count":9,"href":"https:\/\/wp.ufpel.edu.br\/epitte\/wp-json\/wp\/v2\/pages\/22\/revisions"}],"predecessor-version":[{"id":2184,"href":"https:\/\/wp.ufpel.edu.br\/epitte\/wp-json\/wp\/v2\/pages\/22\/revisions\/2184"}],"up":[{"embeddable":true,"href":"https:\/\/wp.ufpel.edu.br\/epitte\/wp-json\/wp\/v2\/pages\/1380"}],"wp:attachment":[{"href":"https:\/\/wp.ufpel.edu.br\/epitte\/wp-json\/wp\/v2\/media?parent=22"}],"curies":[{"name":"wp","href":"https:\/\/api.w.org\/{rel}","templated":true}]}}