{"id":1816,"date":"2018-11-20T11:02:48","date_gmt":"2018-11-20T13:02:48","guid":{"rendered":"https:\/\/wp.ufpel.edu.br\/cit\/?page_id=1816"},"modified":"2020-08-19T19:21:33","modified_gmt":"2020-08-19T22:21:33","slug":"chamamento-publico-para-habilitacao-e-cadastro-de-empresas","status":"publish","type":"page","link":"https:\/\/wp.ufpel.edu.br\/epitte\/propriedade-intelectual\/transferencia-tecnologica\/chamamento-publico-para-habilitacao-e-cadastro-de-empresas\/","title":{"rendered":"Chamamento P\u00fablico para Habilita\u00e7\u00e3o e Cadastro de Empresas"},"content":{"rendered":"<p><a href=\"https:\/\/wp.ufpel.edu.br\/cit\/files\/2019\/04\/SEI_UFPel-0476449-Edital.pdf\">SEI_UFPel &#8211; 0476449 &#8211; Edital 01\/2019<\/a><\/p>\n<p><a href=\"https:\/\/docs.google.com\/forms\/d\/e\/1FAIpQLSfug7NNo4G5j8gBRwFQN9uc-QhL55OnnmsrLNG6tQCZ3a_HoA\/viewform\">FORMUL\u00c1RIO PARA SOLICITA\u00c7\u00c3O DE CADASTRO<\/a><\/p>\n","protected":false},"excerpt":{"rendered":"<p>SEI_UFPel &#8211; 0476449 &#8211; Edital 01\/2019 FORMUL\u00c1RIO PARA SOLICITA\u00c7\u00c3O DE CADASTRO<\/p>\n","protected":false},"author":46,"featured_media":0,"parent":8,"menu_order":0,"comment_status":"closed","ping_status":"closed","template":"","meta":{"footnotes":""},"class_list":["post-1816","page","type-page","status-publish","hentry","post"],"_links":{"self":[{"href":"https:\/\/wp.ufpel.edu.br\/epitte\/wp-json\/wp\/v2\/pages\/1816","targetHints":{"allow":["GET"]}}],"collection":[{"href":"https:\/\/wp.ufpel.edu.br\/epitte\/wp-json\/wp\/v2\/pages"}],"about":[{"href":"https:\/\/wp.ufpel.edu.br\/epitte\/wp-json\/wp\/v2\/types\/page"}],"author":[{"embeddable":true,"href":"https:\/\/wp.ufpel.edu.br\/epitte\/wp-json\/wp\/v2\/users\/46"}],"replies":[{"embeddable":true,"href":"https:\/\/wp.ufpel.edu.br\/epitte\/wp-json\/wp\/v2\/comments?post=1816"}],"version-history":[{"count":5,"href":"https:\/\/wp.ufpel.edu.br\/epitte\/wp-json\/wp\/v2\/pages\/1816\/revisions"}],"predecessor-version":[{"id":2276,"href":"https:\/\/wp.ufpel.edu.br\/epitte\/wp-json\/wp\/v2\/pages\/1816\/revisions\/2276"}],"up":[{"embeddable":true,"href":"https:\/\/wp.ufpel.edu.br\/epitte\/wp-json\/wp\/v2\/pages\/8"}],"wp:attachment":[{"href":"https:\/\/wp.ufpel.edu.br\/epitte\/wp-json\/wp\/v2\/media?parent=1816"}],"curies":[{"name":"wp","href":"https:\/\/api.w.org\/{rel}","templated":true}]}}