{"id":1684,"date":"2017-11-07T10:14:09","date_gmt":"2017-11-07T12:14:09","guid":{"rendered":"https:\/\/wp.ufpel.edu.br\/cit\/?page_id=1684"},"modified":"2017-11-07T11:15:07","modified_gmt":"2017-11-07T13:15:07","slug":"acordos-de-divisao-de-resultados","status":"publish","type":"page","link":"https:\/\/wp.ufpel.edu.br\/epitte\/propriedade-intelectual\/transferencia-tecnologica\/acordos-de-divisao-de-resultados\/","title":{"rendered":"Acordos de Divis\u00e3o de Resultados"},"content":{"rendered":"<p>Angelus Ind\u00fastria de Produtos Odontol\u00f3gicos S\/A:<\/p>\n<p><a href=\"https:\/\/wp.ufpel.edu.br\/cit\/files\/2017\/11\/FINEP_0111008803.pdf\">\u00a01. FINEP_0111008803<\/a><\/p>\n<p>2. <a href=\"https:\/\/wp.ufpel.edu.br\/cit\/files\/2017\/11\/FINEP_0110070900.pdf\">FINEP_0110070900<\/a><\/p>\n","protected":false},"excerpt":{"rendered":"<p>Angelus Ind\u00fastria de Produtos Odontol\u00f3gicos S\/A: \u00a01. FINEP_0111008803 2. FINEP_0110070900<\/p>\n","protected":false},"author":46,"featured_media":0,"parent":8,"menu_order":0,"comment_status":"closed","ping_status":"closed","template":"","meta":{"footnotes":""},"class_list":["post-1684","page","type-page","status-publish","hentry","post"],"_links":{"self":[{"href":"https:\/\/wp.ufpel.edu.br\/epitte\/wp-json\/wp\/v2\/pages\/1684","targetHints":{"allow":["GET"]}}],"collection":[{"href":"https:\/\/wp.ufpel.edu.br\/epitte\/wp-json\/wp\/v2\/pages"}],"about":[{"href":"https:\/\/wp.ufpel.edu.br\/epitte\/wp-json\/wp\/v2\/types\/page"}],"author":[{"embeddable":true,"href":"https:\/\/wp.ufpel.edu.br\/epitte\/wp-json\/wp\/v2\/users\/46"}],"replies":[{"embeddable":true,"href":"https:\/\/wp.ufpel.edu.br\/epitte\/wp-json\/wp\/v2\/comments?post=1684"}],"version-history":[{"count":3,"href":"https:\/\/wp.ufpel.edu.br\/epitte\/wp-json\/wp\/v2\/pages\/1684\/revisions"}],"predecessor-version":[{"id":1692,"href":"https:\/\/wp.ufpel.edu.br\/epitte\/wp-json\/wp\/v2\/pages\/1684\/revisions\/1692"}],"up":[{"embeddable":true,"href":"https:\/\/wp.ufpel.edu.br\/epitte\/wp-json\/wp\/v2\/pages\/8"}],"wp:attachment":[{"href":"https:\/\/wp.ufpel.edu.br\/epitte\/wp-json\/wp\/v2\/media?parent=1684"}],"curies":[{"name":"wp","href":"https:\/\/api.w.org\/{rel}","templated":true}]}}