{"id":1639,"date":"2017-08-16T10:10:36","date_gmt":"2017-08-16T13:10:36","guid":{"rendered":"https:\/\/wp.ufpel.edu.br\/cit\/?page_id=1639"},"modified":"2019-06-18T09:37:09","modified_gmt":"2019-06-18T12:37:09","slug":"notificacao-de-invencao","status":"publish","type":"page","link":"https:\/\/wp.ufpel.edu.br\/epitte\/propriedade-intelectual\/deposito-de-patentes-e-registro-de-marcas-e-programas-de-computador\/notificacao-de-invencao\/","title":{"rendered":"Leia aqui como enviar um pedido de patente (Notifica\u00e7\u00e3o de Inven\u00e7\u00e3o)"},"content":{"rendered":"<p><span style=\"color: #000000;font-size: 12pt\"><span style=\"font-family: inherit, serif\">O processo de um pedido de patente na UFPel \u00e9 completamente on-line e sigiloso. Para encaminhar uma\u00a0<\/span><span style=\"font-family: inherit, serif\"><b>Notifica\u00e7\u00e3o de Inven\u00e7\u00e3o<\/b><\/span><span style=\"font-family: inherit, serif\">, voc\u00ea dever\u00e1 abrir um processo no Sistema Eletr\u00f4nico de Informa\u00e7\u00f5es (SEI) de acordo com as etapas ilustradas abaixo:<\/span><\/span><\/p>\n<p><span style=\"font-size: 12pt\"><a href=\"https:\/\/wp.ufpel.edu.br\/cit\/files\/2019\/06\/download-1.png\"><img loading=\"lazy\" decoding=\"async\" class=\"aligncenter wp-image-1976\" src=\"https:\/\/wp.ufpel.edu.br\/cit\/files\/2019\/06\/download-1-400x132.png\" alt=\"\" width=\"569\" height=\"188\" srcset=\"https:\/\/wp.ufpel.edu.br\/epitte\/files\/2019\/06\/download-1-400x132.png 400w, https:\/\/wp.ufpel.edu.br\/epitte\/files\/2019\/06\/download-1-768x253.png 768w, https:\/\/wp.ufpel.edu.br\/epitte\/files\/2019\/06\/download-1-1024x338.png 1024w, https:\/\/wp.ufpel.edu.br\/epitte\/files\/2019\/06\/download-1.png 1276w\" sizes=\"auto, (max-width: 569px) 100vw, 569px\" \/><\/a><\/span><\/p>\n<p align=\"justify\"><span style=\"font-family: 'Times New Roman', serif;font-size: 12pt\"><span style=\"color: #000000\">O pesquisador interessado em submeter pedido de registro de patente dever\u00e1, no per\u00edodo de 1\u00ba a 15<\/span><span style=\"color: #000000\">\u00ba<\/span><span style=\"color: #000000\"> de cada m\u00eas, abrir processo p\u00fablico no SEI \u201cPesquisa: Registro de Propriedade Intelectual \u2013 Patente\u201d, preencher os formul\u00e1rios \u201cPRPPGI Formul\u00e1rio de Informa\u00e7\u00e3o Tecnol\u00f3gica\u201d e \u201cPRPPGI Busca de Anterioridade\u201d, assinar e enviar para a SDAP. <\/span><\/span><\/p>\n<p align=\"justify\"><span style=\"font-family: 'Times New Roman', serif;font-size: 12pt\"><span style=\"color: #000000\">Ap\u00f3s receber os formul\u00e1rios, a SDAP abrir\u00e1 Processo de An\u00e1lise relacionado (sigiloso), incluir\u00e1 nele o \u201cPRPPGI Formul\u00e1rio TCI\u201d e dar\u00e1 credencial de acesso ao pesquisador. <\/span><\/span><\/p>\n<p align=\"justify\"><span style=\"font-family: 'Times New Roman', serif;font-size: 12pt\"><span style=\"color: #000000\">O pesquisador incluir\u00e1 a documenta\u00e7\u00e3o da patente em PDF. A SDAP incluir\u00e1 no Processo de An\u00e1lise (Sigiloso) o formul\u00e1rio \u201cPRPPGI Relat\u00f3rio Detalhado SDAP\u201d onde ir\u00e1 inserir a sua an\u00e1lise do aspecto formal da documenta\u00e7\u00e3o num per\u00edodo de 15 dias. <\/span><\/span><\/p>\n<p align=\"justify\"><span style=\"font-family: 'Times New Roman', serif;font-size: 12pt\"><span style=\"color: #000000\">Nesse per\u00edodo poder\u00e1 solicitar ao pesquisador que realize corre\u00e7\u00f5es formais. Estando correto, a SDAP dar\u00e1 credencial de acesso ao Processo de An\u00e1lise (Sigiloso) a um dos membros do Comit\u00ea, que ir\u00e1 atuar como Relator, para que este insira no \u201cPRPPGI Relat\u00f3rio Detalhado SDAP\u201d a sua an\u00e1lise do aspecto material do pedido num per\u00edodo de 15 dias. <\/span><\/span><\/p>\n<p align=\"justify\"><span style=\"font-family: 'Times New Roman', serif;font-size: 12pt\"><span style=\"color: #000000\">Nesse per\u00edodo poder\u00e1 solicitar ao pesquisador que realize corre\u00e7\u00f5es materiais no pedido. Depois de encerrada a an\u00e1lise do Relator a SDAP insere no Processo P\u00fablico \u201cPesquisa: Registro de Propriedade Intelectual \u2013 Patente\u201d o formul\u00e1rio \u201cPRPPGI Relat\u00f3rio Final de An\u00e1lise\u201d, inserindo os dados relativos ao processo de an\u00e1lise detalhada formal e material realizado no Processo de An\u00e1lise (Sigiloso). <\/span><\/span><\/p>\n<p align=\"justify\"><span style=\"font-family: 'Times New Roman', serif;font-size: 12pt\"><span style=\"color: #000000\">A SDAP encaminha o processo p\u00fablico \u201cPesquisa: Registro de Propriedade Intelectual \u2013 Patente\u201d para o Comit\u00ea, que dever\u00e1 deliberar sobre o \u201cPRPPGI Relat\u00f3rio Final de An\u00e1lise\u201d, podendo ratificar ou alterar seu conte\u00fado. Ap\u00f3s delibera\u00e7\u00e3o do Comit\u00ea, a SDAP insere uma via do \u201cPRPPGI Relat\u00f3rio Final de An\u00e1lise\u201d e, feitas as altera\u00e7\u00f5es indicadas pelo Comit\u00ea, encerra o processo de An\u00e1lise (sigiloso). Se aprovado o pedido, o SDAP\u00a0d\u00e1 in\u00edcio ao procedimento para pagamento e dep\u00f3sito no INPI. Depois de protocolado o dep\u00f3sito a SDAP insere uma via do Protocolo de Dep\u00f3sito do INPI no Processo P\u00fablico \u201cPesquisa: Registro de Propriedade Intelectual \u2013 Patente\u201d e passa a realizar o acompanhamento do Pedido junto ao INPI.<\/span><\/span><\/p>\n<p style=\"text-align: center\">Para melhor visualiza\u00e7\u00e3o do processo,<a href=\"https:\/\/wp.ufpel.edu.br\/cit\/files\/2019\/06\/download.png\">clique aqui<\/a> para vizualizar o fluxograma detalhado.<\/p>\n<p><em><span style=\"color: #666666\"><span style=\"font-family: inherit, serif\"><span style=\"font-size: small\">Para maiores esclarecimentos, consulte o\u00a0<\/span><\/span><\/span><span style=\"color: #248cc8\"><span style=\"font-family: inherit, serif\"><span style=\"font-size: small\"><u><a href=\"https:\/\/wp.ufpel.edu.br\/cit\/files\/2018\/11\/Guia-de-Propriedade-Intelectual_Ver.-4.0_05_11_2018.pdf\">Guia de Propriedade Intelectual_Ver. 4.0_05_11_2018<\/a><\/u><\/span><\/span><\/span><span style=\"color: #666666\"><span style=\"font-family: inherit, serif\"><span style=\"font-size: small\">\u00a0ou utilize o servi\u00e7o do nosso <a href=\"https:\/\/docs.google.com\/forms\/d\/e\/1FAIpQLSegKJdTHqO3hRzCkUYKpZSjd1wOFF5qOlzdEdi-hFN-LaHwdw\/viewform\">FALE CONOSCO<\/a><\/span><\/span><\/span><\/em><\/p>\n","protected":false},"excerpt":{"rendered":"<p>O processo de um pedido de patente na UFPel \u00e9 completamente on-line e sigiloso. Para encaminhar uma\u00a0Notifica\u00e7\u00e3o de Inven\u00e7\u00e3o, voc\u00ea [&hellip;]<\/p>\n","protected":false},"author":46,"featured_media":0,"parent":1380,"menu_order":0,"comment_status":"closed","ping_status":"closed","template":"","meta":{"footnotes":""},"class_list":["post-1639","page","type-page","status-publish","hentry","post"],"_links":{"self":[{"href":"https:\/\/wp.ufpel.edu.br\/epitte\/wp-json\/wp\/v2\/pages\/1639","targetHints":{"allow":["GET"]}}],"collection":[{"href":"https:\/\/wp.ufpel.edu.br\/epitte\/wp-json\/wp\/v2\/pages"}],"about":[{"href":"https:\/\/wp.ufpel.edu.br\/epitte\/wp-json\/wp\/v2\/types\/page"}],"author":[{"embeddable":true,"href":"https:\/\/wp.ufpel.edu.br\/epitte\/wp-json\/wp\/v2\/users\/46"}],"replies":[{"embeddable":true,"href":"https:\/\/wp.ufpel.edu.br\/epitte\/wp-json\/wp\/v2\/comments?post=1639"}],"version-history":[{"count":9,"href":"https:\/\/wp.ufpel.edu.br\/epitte\/wp-json\/wp\/v2\/pages\/1639\/revisions"}],"predecessor-version":[{"id":1979,"href":"https:\/\/wp.ufpel.edu.br\/epitte\/wp-json\/wp\/v2\/pages\/1639\/revisions\/1979"}],"up":[{"embeddable":true,"href":"https:\/\/wp.ufpel.edu.br\/epitte\/wp-json\/wp\/v2\/pages\/1380"}],"wp:attachment":[{"href":"https:\/\/wp.ufpel.edu.br\/epitte\/wp-json\/wp\/v2\/media?parent=1639"}],"curies":[{"name":"wp","href":"https:\/\/api.w.org\/{rel}","templated":true}]}}