{"id":1428,"date":"2016-12-27T10:33:55","date_gmt":"2016-12-27T12:33:55","guid":{"rendered":"https:\/\/wp.ufpel.edu.br\/cit\/?page_id=1428"},"modified":"2022-04-01T16:26:27","modified_gmt":"2022-04-01T19:26:27","slug":"equipe-de-trabalho","status":"publish","type":"page","link":"https:\/\/wp.ufpel.edu.br\/epitte\/institucional-2\/equipe-de-trabalho\/","title":{"rendered":"Equipe"},"content":{"rendered":"<h3>Escrit\u00f3rio de Propriedade Intelectual, Transfer\u00eancia de Tecnologia e Empreendedorismo<\/h3>\n<p><strong>Telefone: <\/strong>(53) 3284-4086<br \/>\n<strong>Email:<\/strong> epitte@ufpel.edu.br<\/p>\n<p><strong>Coordenador: <\/strong>Felipe de Souza Marques<br \/>\n<strong>Email:<\/strong> felipe.marques@ufpel.edu.br<\/p>\n<p><strong>Dep\u00f3sitos e Acompanhamentos de Patentes<\/strong><\/p>\n<p>S\u00edlvia Trisch dos Santos Acunha &#8211; e-mail: silviatrisch@gmail.com<\/p>\n<p>Amanda Krolow &#8211; e-mail: amandakrolown@gmail.com<\/p>\n<p>&nbsp;<\/p>\n<div>\n<ul>\n<li><strong>Se\u00e7\u00e3o de Desenvolvimento e Transfer\u00eancia de Tecnologia (SDTTEC)<\/strong><br \/>\n<strong>Chefe:<\/strong><span style=\"font-weight: 400;\"> Glenio do Couto Pinto Jr<br \/>\n<\/span><strong>Email:<\/strong>\u00a0glenio.junior@ufpel.edu.br<\/li>\n<\/ul>\n<p>&nbsp;<\/p>\n<ul>\n<li><a href=\"https:\/\/wp.ufpel.edu.br\/conectar\/\"><strong>Incubadora Conectar<\/strong><\/a><br \/>\n<strong>Telefone:<\/strong> (53) 3284-4316<br \/>\n<strong>Email:\u00a0<\/strong>conectar@ufpel.edu.br<br \/>\n<strong>Administradora:\u00a0<\/strong>Adalice Andrade Kosby<\/li>\n<\/ul>\n<ul>\n<li style=\"list-style-type: none;\"><\/li>\n<\/ul>\n<\/div>\n","protected":false},"excerpt":{"rendered":"<p>Escrit\u00f3rio de Propriedade Intelectual, Transfer\u00eancia de Tecnologia e Empreendedorismo Telefone: (53) 3284-4086 Email: epitte@ufpel.edu.br Coordenador: Felipe de Souza Marques Email: [&hellip;]<\/p>\n","protected":false},"author":46,"featured_media":0,"parent":10,"menu_order":0,"comment_status":"closed","ping_status":"closed","template":"","meta":{"footnotes":""},"class_list":["post-1428","page","type-page","status-publish","hentry","post"],"_links":{"self":[{"href":"https:\/\/wp.ufpel.edu.br\/epitte\/wp-json\/wp\/v2\/pages\/1428","targetHints":{"allow":["GET"]}}],"collection":[{"href":"https:\/\/wp.ufpel.edu.br\/epitte\/wp-json\/wp\/v2\/pages"}],"about":[{"href":"https:\/\/wp.ufpel.edu.br\/epitte\/wp-json\/wp\/v2\/types\/page"}],"author":[{"embeddable":true,"href":"https:\/\/wp.ufpel.edu.br\/epitte\/wp-json\/wp\/v2\/users\/46"}],"replies":[{"embeddable":true,"href":"https:\/\/wp.ufpel.edu.br\/epitte\/wp-json\/wp\/v2\/comments?post=1428"}],"version-history":[{"count":19,"href":"https:\/\/wp.ufpel.edu.br\/epitte\/wp-json\/wp\/v2\/pages\/1428\/revisions"}],"predecessor-version":[{"id":3087,"href":"https:\/\/wp.ufpel.edu.br\/epitte\/wp-json\/wp\/v2\/pages\/1428\/revisions\/3087"}],"up":[{"embeddable":true,"href":"https:\/\/wp.ufpel.edu.br\/epitte\/wp-json\/wp\/v2\/pages\/10"}],"wp:attachment":[{"href":"https:\/\/wp.ufpel.edu.br\/epitte\/wp-json\/wp\/v2\/media?parent=1428"}],"curies":[{"name":"wp","href":"https:\/\/api.w.org\/{rel}","templated":true}]}}