{"id":1082,"date":"2016-05-30T14:12:31","date_gmt":"2016-05-30T17:12:31","guid":{"rendered":"https:\/\/wp.ufpel.edu.br\/cit\/?page_id=1082"},"modified":"2016-12-20T10:01:14","modified_gmt":"2016-12-20T12:01:14","slug":"acordos-de-cooperacao-e-convenios","status":"publish","type":"page","link":"https:\/\/wp.ufpel.edu.br\/epitte\/propriedade-intelectual\/transferencia-tecnologica\/acordos-de-cooperacao-e-convenios\/","title":{"rendered":"Acordos de Coopera\u00e7\u00e3o e Conv\u00eanios ECTI"},"content":{"rendered":"<ul>\n<li><a href=\"https:\/\/wp.ufpel.edu.br\/cit\/files\/2016\/05\/PA23110_005181_2015_11_BAYER001.pdf\">PA23110_005181_2015_11_BAYER<\/a>.<\/li>\n<li><a href=\"https:\/\/wp.ufpel.edu.br\/cit\/files\/2016\/05\/PA23110_010426_2014_33_SLC002.pdf\">PA23110_010426_2014_33_SLC<\/a>.\n<ul>\n<li><a href=\"https:\/\/wp.ufpel.edu.br\/cit\/files\/2016\/05\/Inovacao_tecnologica_na_gestao_dos_subpr_4384-1.pdf\">PA23110_010426_2014_33_SLC_Projeto<\/a>.<\/li>\n<li><a href=\"https:\/\/wp.ufpel.edu.br\/cit\/files\/2016\/05\/PA23110_010426_2014_33_SLC_Plano_de_Trabalho003.pdf\">PA23110_010426_2014_33_SLC_Plano_de_Trabalho<\/a>.<\/li>\n<\/ul>\n<\/li>\n<\/ul>\n<p>&nbsp;<\/p>\n","protected":false},"excerpt":{"rendered":"<p>PA23110_005181_2015_11_BAYER. PA23110_010426_2014_33_SLC. PA23110_010426_2014_33_SLC_Projeto. PA23110_010426_2014_33_SLC_Plano_de_Trabalho. &nbsp;<\/p>\n","protected":false},"author":46,"featured_media":0,"parent":8,"menu_order":0,"comment_status":"closed","ping_status":"closed","template":"","meta":{"footnotes":""},"class_list":["post-1082","page","type-page","status-publish","hentry","post"],"_links":{"self":[{"href":"https:\/\/wp.ufpel.edu.br\/epitte\/wp-json\/wp\/v2\/pages\/1082","targetHints":{"allow":["GET"]}}],"collection":[{"href":"https:\/\/wp.ufpel.edu.br\/epitte\/wp-json\/wp\/v2\/pages"}],"about":[{"href":"https:\/\/wp.ufpel.edu.br\/epitte\/wp-json\/wp\/v2\/types\/page"}],"author":[{"embeddable":true,"href":"https:\/\/wp.ufpel.edu.br\/epitte\/wp-json\/wp\/v2\/users\/46"}],"replies":[{"embeddable":true,"href":"https:\/\/wp.ufpel.edu.br\/epitte\/wp-json\/wp\/v2\/comments?post=1082"}],"version-history":[{"count":12,"href":"https:\/\/wp.ufpel.edu.br\/epitte\/wp-json\/wp\/v2\/pages\/1082\/revisions"}],"predecessor-version":[{"id":1094,"href":"https:\/\/wp.ufpel.edu.br\/epitte\/wp-json\/wp\/v2\/pages\/1082\/revisions\/1094"}],"up":[{"embeddable":true,"href":"https:\/\/wp.ufpel.edu.br\/epitte\/wp-json\/wp\/v2\/pages\/8"}],"wp:attachment":[{"href":"https:\/\/wp.ufpel.edu.br\/epitte\/wp-json\/wp\/v2\/media?parent=1082"}],"curies":[{"name":"wp","href":"https:\/\/api.w.org\/{rel}","templated":true}]}}