{"id":171,"date":"2013-08-08T10:07:43","date_gmt":"2013-08-08T13:07:43","guid":{"rendered":"https:\/\/wp.ufpel.edu.br\/epim\/?page_id=171"},"modified":"2013-08-08T10:12:01","modified_gmt":"2013-08-08T13:12:01","slug":"disciplinas-2","status":"publish","type":"page","link":"https:\/\/wp.ufpel.edu.br\/epim\/?page_id=171","title":{"rendered":"DISCIPLINAS"},"content":{"rendered":"<table border=\"1\" cellspacing=\"0\" cellpadding=\"0\">\n<tbody>\n<tr>\n<td valign=\"top\">\n<p align=\"center\"><b>Disciplina<\/b><\/p>\n<\/td>\n<td valign=\"top\">\n<p align=\"center\"><b>Categoria<\/b><\/p>\n<\/td>\n<td valign=\"top\">\n<p align=\"center\"><b>Cr\u00e9ditos<\/b><\/p>\n<\/td>\n<\/tr>\n<tr>\n<td valign=\"top\">Introdu\u00e7\u00e3o aos Sistemas Produtivos<\/td>\n<td valign=\"top\">\n<p align=\"center\">Obrigat\u00f3ria<\/p>\n<\/td>\n<td valign=\"top\">\n<p align=\"center\">4<\/p>\n<\/td>\n<\/tr>\n<tr>\n<td valign=\"top\">Semin\u00e1rio<\/td>\n<td valign=\"top\">\n<p align=\"center\">Obrigat\u00f3ria<\/p>\n<\/td>\n<td valign=\"top\">\n<p align=\"center\">2<\/p>\n<\/td>\n<\/tr>\n<tr>\n<td valign=\"top\">Uso Industrial\u00a0 da Madeira<\/td>\n<td valign=\"top\">\n<p align=\"center\">Obrigat\u00f3ria<\/p>\n<\/td>\n<td valign=\"top\">\n<p align=\"center\">4<\/p>\n<\/td>\n<\/tr>\n<tr>\n<td valign=\"top\">Automa\u00e7\u00e3o na Ind\u00fastria Madeireira<\/td>\n<td valign=\"top\">\n<p align=\"center\">Optativa<\/p>\n<\/td>\n<td valign=\"top\">\n<p align=\"center\">3<\/p>\n<\/td>\n<\/tr>\n<tr>\n<td valign=\"top\">Desenvolvimento de Produtos Moveleiros<\/td>\n<td valign=\"top\">\n<p align=\"center\">Optativa<\/p>\n<\/td>\n<td valign=\"top\">\n<p align=\"center\">3<\/p>\n<\/td>\n<\/tr>\n<tr>\n<td valign=\"top\">Esquadrias de Madeira<\/td>\n<td valign=\"top\">\n<p align=\"center\">Optativa<\/p>\n<\/td>\n<td valign=\"top\">\n<p align=\"center\">3<\/p>\n<\/td>\n<\/tr>\n<tr>\n<td valign=\"top\">Gest\u00e3o da Qualidade e Produtividade<\/td>\n<td valign=\"top\">\n<p align=\"center\">Optativa<\/p>\n<\/td>\n<td valign=\"top\">\n<p align=\"center\">3<\/p>\n<\/td>\n<\/tr>\n<tr>\n<td valign=\"top\">Inova\u00e7\u00e3o Tecnol\u00f3gica na Ind\u00fastria de Pain\u00e9is<\/td>\n<td valign=\"top\">\n<p align=\"center\">Optativa<\/p>\n<\/td>\n<td valign=\"top\">\n<p align=\"center\">3<\/p>\n<\/td>\n<\/tr>\n<tr>\n<td valign=\"top\">Planejamento e Controle da Produ\u00e7\u00e3o<\/td>\n<td valign=\"top\">\n<p align=\"center\">Optativa<\/p>\n<\/td>\n<td valign=\"top\">\n<p align=\"center\">3<\/p>\n<\/td>\n<\/tr>\n<tr>\n<td valign=\"top\">Processos Industriais de Secagem da Madeira<\/td>\n<td valign=\"top\">\n<p align=\"center\">Optativa<\/p>\n<\/td>\n<td valign=\"top\">\n<p align=\"center\">3<\/p>\n<\/td>\n<\/tr>\n<tr>\n<td valign=\"top\">Tecnologia da Produ\u00e7\u00e3o de Celulose e Papel<\/td>\n<td valign=\"top\">\n<p align=\"center\">Optativa<\/p>\n<\/td>\n<td valign=\"top\">\n<p align=\"center\">3<\/p>\n<\/td>\n<\/tr>\n<tr>\n<td valign=\"top\">T\u00f3picos Especiais<\/td>\n<td valign=\"top\">\n<p align=\"center\">Optativa<\/p>\n<\/td>\n<td valign=\"top\">\n<p align=\"center\">3<\/p>\n<\/td>\n<\/tr>\n<\/tbody>\n<\/table>\n","protected":false},"excerpt":{"rendered":"<p>Disciplina Categoria Cr\u00e9ditos Introdu\u00e7\u00e3o aos Sistemas Produtivos Obrigat\u00f3ria 4 Semin\u00e1rio Obrigat\u00f3ria 2 Uso Industrial\u00a0 da Madeira Obrigat\u00f3ria 4 Automa\u00e7\u00e3o na Ind\u00fastria Madeireira Optativa 3 Desenvolvimento de Produtos Moveleiros Optativa 3 Esquadrias de Madeira Optativa 3 Gest\u00e3o da Qualidade e Produtividade Optativa 3 Inova\u00e7\u00e3o Tecnol\u00f3gica na Ind\u00fastria de Pain\u00e9is Optativa 3 Planejamento e Controle da Produ\u00e7\u00e3o &hellip; <\/p>\n<p><a class=\"more-link btn\" href=\"https:\/\/wp.ufpel.edu.br\/epim\/?page_id=171\">Continue lendo<\/a><\/p>\n","protected":false},"author":264,"featured_media":0,"parent":0,"menu_order":0,"comment_status":"closed","ping_status":"closed","template":"","meta":{"jetpack_post_was_ever_published":false,"footnotes":""},"class_list":["post-171","page","type-page","status-publish","hentry","nodate","item-wrap"],"jetpack_sharing_enabled":true,"jetpack_shortlink":"https:\/\/wp.me\/P6REk8-2L","_links":{"self":[{"href":"https:\/\/wp.ufpel.edu.br\/epim\/index.php?rest_route=\/wp\/v2\/pages\/171","targetHints":{"allow":["GET"]}}],"collection":[{"href":"https:\/\/wp.ufpel.edu.br\/epim\/index.php?rest_route=\/wp\/v2\/pages"}],"about":[{"href":"https:\/\/wp.ufpel.edu.br\/epim\/index.php?rest_route=\/wp\/v2\/types\/page"}],"author":[{"embeddable":true,"href":"https:\/\/wp.ufpel.edu.br\/epim\/index.php?rest_route=\/wp\/v2\/users\/264"}],"replies":[{"embeddable":true,"href":"https:\/\/wp.ufpel.edu.br\/epim\/index.php?rest_route=%2Fwp%2Fv2%2Fcomments&post=171"}],"version-history":[{"count":1,"href":"https:\/\/wp.ufpel.edu.br\/epim\/index.php?rest_route=\/wp\/v2\/pages\/171\/revisions"}],"predecessor-version":[{"id":183,"href":"https:\/\/wp.ufpel.edu.br\/epim\/index.php?rest_route=\/wp\/v2\/pages\/171\/revisions\/183"}],"wp:attachment":[{"href":"https:\/\/wp.ufpel.edu.br\/epim\/index.php?rest_route=%2Fwp%2Fv2%2Fmedia&parent=171"}],"curies":[{"name":"wp","href":"https:\/\/api.w.org\/{rel}","templated":true}]}}