{"id":92,"date":"2019-01-28T20:01:27","date_gmt":"2019-01-28T22:01:27","guid":{"rendered":"https:\/\/wp.ufpel.edu.br\/epgqsul\/?page_id=92"},"modified":"2019-03-19T12:28:56","modified_gmt":"2019-03-19T15:28:56","slug":"programacao","status":"publish","type":"page","link":"https:\/\/wp.ufpel.edu.br\/epgqsul\/programacao\/","title":{"rendered":"Programa\u00e7\u00e3o"},"content":{"rendered":"<p align=\"center\"><b>PROGRAMA\u00c7\u00c3O &#8211; I EPGQSul 2019<br \/>\n<\/b><\/p>\n<table style=\"width: 648px\" width=\"559\" cellspacing=\"0\" cellpadding=\"7\">\n<colgroup>\n<col width=\"189\" \/>\n<col width=\"340\" \/> <\/colgroup>\n<tbody>\n<tr>\n<td style=\"background-color: #0b999e;width: 648px;vertical-align: middle\" colspan=\"2\" valign=\"top\" bgcolor=\"#dfdfdf\" width=\"543\">\n<p style=\"text-align: center\" align=\"justify\"><b>20\/03\/19 (Quarta)<\/b><\/p>\n<\/td>\n<\/tr>\n<tr valign=\"top\">\n<td style=\"width: 242px\" width=\"189\">\n<p align=\"center\">08h00 &#8211; 08h45<\/p>\n<\/td>\n<td style=\"width: 406px\" width=\"340\">\n<p align=\"center\">Credenciamento<\/p>\n<\/td>\n<\/tr>\n<tr valign=\"top\">\n<td style=\"width: 242px\" width=\"189\">\n<p align=\"center\">08h45 &#8211; 09h00<\/p>\n<\/td>\n<td style=\"width: 406px\" width=\"340\">\n<p align=\"center\">Abertura<\/p>\n<\/td>\n<\/tr>\n<tr valign=\"top\">\n<td style=\"width: 242px\" width=\"189\">\n<p align=\"center\">09h00 &#8211; 10h00<\/p>\n<\/td>\n<td style=\"width: 406px\" width=\"340\"><strong><span style=\"color: #3366ff\">Programa de descoberta de f\u00e1rmacos em colabora\u00e7\u00e3o com a <em>Medicines for Malaria Venture<\/em> (MMV) e com a <em>Drugs for Neglected Diseases initiative<\/em> (DNDi)<\/span><\/strong><\/p>\n<p style=\"text-align: center\"><span style=\"color: #3366ff\">Luiz Carlos Dias (UNICAMP)<br \/>\n<\/span><\/p>\n<\/td>\n<\/tr>\n<tr valign=\"top\">\n<td style=\"width: 242px\" width=\"189\">\n<p align=\"center\">10h00 &#8211; 10h30<\/p>\n<\/td>\n<td style=\"width: 406px\" width=\"340\">\n<p align=\"center\"><i><b>Coffee Break<\/b><\/i><\/p>\n<\/td>\n<\/tr>\n<tr valign=\"top\">\n<td style=\"width: 242px\" width=\"189\">\n<p align=\"center\">10h30 &#8211; 11h00<\/p>\n<\/td>\n<td style=\"width: 406px\" width=\"340\">\n<p align=\"center\"><strong><span style=\"color: #3366ff\">\u00a0Tend\u00eancias em preparo de amostras empregando radia\u00e7\u00e3o micro-ondas<br \/>\n<\/span><\/strong><\/p>\n<p align=\"center\"><span style=\"color: #3366ff\">Profa. Dra. Rochele Sogari Picoloto (UFSM) <\/span><\/p>\n<\/td>\n<\/tr>\n<tr valign=\"top\">\n<td style=\"width: 242px\" width=\"189\">\n<p align=\"center\">11h00 &#8211; 12h00<\/p>\n<\/td>\n<td style=\"width: 406px\" width=\"340\">\n<p align=\"center\">Apresenta\u00e7\u00e3o de alunos<\/p>\n<\/td>\n<\/tr>\n<tr valign=\"top\">\n<td style=\"width: 242px\" width=\"189\">\n<p align=\"center\">12h00 &#8211; 14h00<\/p>\n<\/td>\n<td style=\"width: 406px\" width=\"340\">\n<p align=\"center\"><b>Almo\u00e7o<\/b><\/p>\n<\/td>\n<\/tr>\n<tr valign=\"top\">\n<td style=\"width: 242px\" width=\"189\">\n<p align=\"center\">14h00 &#8211; 15h30<\/p>\n<\/td>\n<td style=\"width: 406px\" width=\"340\">\n<p align=\"center\">Apresenta\u00e7\u00e3o dos grupos de pesquisa<\/p>\n<\/td>\n<\/tr>\n<tr valign=\"top\">\n<td style=\"width: 242px\" width=\"189\">\n<p align=\"center\">15h30 &#8211; 16h00<\/p>\n<\/td>\n<td style=\"width: 406px\" width=\"340\">\n<p align=\"center\"><i><b>Coffee Break<\/b><\/i><\/p>\n<\/td>\n<\/tr>\n<tr valign=\"top\">\n<td style=\"width: 242px\" width=\"189\">\n<p align=\"center\">16h00 &#8211; 17h00<\/p>\n<\/td>\n<td style=\"width: 406px\" width=\"340\">\n<p align=\"center\">Apresenta\u00e7\u00e3o de alunos<\/p>\n<\/td>\n<\/tr>\n<tr valign=\"top\">\n<td style=\"width: 242px\" width=\"189\">\n<p align=\"center\">17h00 &#8211; 18h00<\/p>\n<\/td>\n<td style=\"width: 406px\" width=\"340\">\n<p align=\"center\"><strong><span style=\"color: #3366ff\">Qu\u00edmica 4.0<\/span><\/strong><\/p>\n<p align=\"center\"><span style=\"color: #3366ff\">Maximiliano Segala (UFRGS)<\/span><\/p>\n<\/td>\n<\/tr>\n<tr>\n<td style=\"background-color: #0b999e;width: 648px;vertical-align: middle\" colspan=\"2\" valign=\"top\" bgcolor=\"#dfdfdf\" width=\"543\">\n<p style=\"text-align: center\" align=\"justify\"><b>21\/03\/19 (Quinta)<\/b><\/p>\n<\/td>\n<\/tr>\n<tr valign=\"top\">\n<td style=\"width: 242px\" width=\"189\">\n<p align=\"center\">08h00 &#8211; 09h00<\/p>\n<\/td>\n<td style=\"width: 406px\" width=\"340\">\n<p align=\"center\"><strong><span style=\"color: #3366ff\">Pesquisa e P\u00f3s-Gradua\u00e7\u00e3o: Inova\u00e7\u00e3o e Oportunidades<\/span><\/strong><\/p>\n<p align=\"center\"><span style=\"color: #3366ff\">Adley Rubira (UEM)<\/span><\/p>\n<\/td>\n<\/tr>\n<tr valign=\"top\">\n<td style=\"width: 242px\" width=\"189\">\n<p align=\"center\">09h00 &#8211; 09h30<\/p>\n<\/td>\n<td style=\"width: 406px\" width=\"340\">\n<p align=\"center\"><i><b>Coffee Break<\/b><\/i><\/p>\n<\/td>\n<\/tr>\n<tr valign=\"top\">\n<td style=\"width: 242px\" width=\"189\">\n<p align=\"center\">09h30 \u2013 11h00<\/p>\n<\/td>\n<td style=\"width: 406px\" width=\"340\">\n<p align=\"center\">Apresenta\u00e7\u00e3o dos grupos de pesquisa<\/p>\n<\/td>\n<\/tr>\n<tr valign=\"top\">\n<td style=\"width: 242px\" width=\"189\">\n<p align=\"center\">11h00 \u2013 12h00<\/p>\n<\/td>\n<td style=\"width: 406px\" width=\"340\">\n<p align=\"center\">Apresenta\u00e7\u00e3o de alunos<\/p>\n<\/td>\n<\/tr>\n<tr valign=\"top\">\n<td style=\"width: 242px\" width=\"189\">\n<p align=\"center\">12h00 &#8211; 14h00<\/p>\n<\/td>\n<td style=\"width: 406px\" width=\"340\">\n<p align=\"center\"><b>Almo\u00e7o<\/b><\/p>\n<\/td>\n<\/tr>\n<tr valign=\"top\">\n<td style=\"width: 242px\" width=\"189\">\n<p align=\"center\">14h00 &#8211; 15h00<\/p>\n<\/td>\n<td style=\"width: 406px\" width=\"340\">\n<p align=\"center\">Apresenta\u00e7\u00e3o dos grupos de pesquisa<\/p>\n<\/td>\n<\/tr>\n<tr valign=\"top\">\n<td style=\"width: 242px\" width=\"189\">\n<p align=\"center\">15h00 &#8211; 16h00<\/p>\n<\/td>\n<td style=\"width: 406px\" width=\"340\">\n<p align=\"center\">Apresenta\u00e7\u00e3o de alunos<\/p>\n<\/td>\n<\/tr>\n<tr valign=\"top\">\n<td style=\"width: 242px\" width=\"189\">\n<p align=\"center\">16h00 \u2013 16h30<\/p>\n<\/td>\n<td style=\"width: 406px\" width=\"340\">\n<p align=\"center\"><i><b>Coffee Break<\/b><\/i><\/p>\n<\/td>\n<\/tr>\n<tr valign=\"top\">\n<td style=\"width: 242px\" width=\"189\">\n<p align=\"center\"><a name=\"_GoBack\"><\/a>16h30 &#8211; 17h30<\/p>\n<\/td>\n<td style=\"width: 406px\" width=\"340\">\n<p align=\"center\"><span style=\"color: #ff0000\">Mesa Redonda<\/span><\/p>\n<p align=\"center\"><strong><span style=\"color: #ff0000\">Perspectivas sobre a P\u00f3s-Gradua\u00e7\u00e3o no Brasil<\/span><\/strong><\/p>\n<\/td>\n<\/tr>\n<tr valign=\"top\">\n<td style=\"width: 242px\" width=\"189\">\n<p align=\"center\">17h30 &#8211; 18h00<\/p>\n<\/td>\n<td style=\"width: 406px\" width=\"340\">\n<p align=\"center\">Encerramento<\/p>\n<\/td>\n<\/tr>\n<\/tbody>\n<\/table>\n<p>&nbsp;<\/p>\n<p>&nbsp;<\/p>\n<p>&nbsp;<\/p>\n<p>&nbsp;<\/p>\n<p>&nbsp;<\/p>\n<p>&nbsp;<\/p>\n","protected":false},"excerpt":{"rendered":"<p>PROGRAMA\u00c7\u00c3O &#8211; I EPGQSul 2019 20\/03\/19 (Quarta) 08h00 &#8211; 08h45 Credenciamento 08h45 &#8211; 09h00 Abertura 09h00 &#8211; 10h00 Programa de descoberta de f\u00e1rmacos em colabora\u00e7\u00e3o com a Medicines for Malaria Venture (MMV) e com a Drugs for Neglected Diseases initiative &hellip; <a href=\"https:\/\/wp.ufpel.edu.br\/epgqsul\/programacao\/\">Continue lendo <span class=\"meta-nav\">&rarr;<\/span><\/a><\/p>\n","protected":false},"author":899,"featured_media":0,"parent":0,"menu_order":0,"comment_status":"closed","ping_status":"closed","template":"","meta":{"jetpack_post_was_ever_published":false,"footnotes":""},"class_list":["post-92","page","type-page","status-publish","hentry"],"jetpack_sharing_enabled":true,"jetpack_shortlink":"https:\/\/wp.me\/PaFvuo-1u","_links":{"self":[{"href":"https:\/\/wp.ufpel.edu.br\/epgqsul\/wp-json\/wp\/v2\/pages\/92","targetHints":{"allow":["GET"]}}],"collection":[{"href":"https:\/\/wp.ufpel.edu.br\/epgqsul\/wp-json\/wp\/v2\/pages"}],"about":[{"href":"https:\/\/wp.ufpel.edu.br\/epgqsul\/wp-json\/wp\/v2\/types\/page"}],"author":[{"embeddable":true,"href":"https:\/\/wp.ufpel.edu.br\/epgqsul\/wp-json\/wp\/v2\/users\/899"}],"replies":[{"embeddable":true,"href":"https:\/\/wp.ufpel.edu.br\/epgqsul\/wp-json\/wp\/v2\/comments?post=92"}],"version-history":[{"count":23,"href":"https:\/\/wp.ufpel.edu.br\/epgqsul\/wp-json\/wp\/v2\/pages\/92\/revisions"}],"predecessor-version":[{"id":246,"href":"https:\/\/wp.ufpel.edu.br\/epgqsul\/wp-json\/wp\/v2\/pages\/92\/revisions\/246"}],"wp:attachment":[{"href":"https:\/\/wp.ufpel.edu.br\/epgqsul\/wp-json\/wp\/v2\/media?parent=92"}],"curies":[{"name":"wp","href":"https:\/\/api.w.org\/{rel}","templated":true}]}}