{"id":21,"date":"2019-01-14T00:06:53","date_gmt":"2019-01-14T02:06:53","guid":{"rendered":"https:\/\/wp.ufpel.edu.br\/epgqsul\/?page_id=21"},"modified":"2019-02-20T17:31:14","modified_gmt":"2019-02-20T20:31:14","slug":"submissao-de-resumos","status":"publish","type":"page","link":"https:\/\/wp.ufpel.edu.br\/epgqsul\/submissao-de-resumos\/","title":{"rendered":"Submiss\u00e3o de Resumos"},"content":{"rendered":"<p>O prazo para a submiss\u00e3o de resumos \u00e9 de<strong> 28\/01\/2019 a 28\/02\/2019.<\/strong><\/p>\n<p>&nbsp;<\/p>\n<p>Os resumos dever\u00e3o ser enviados ao preencher o formul\u00e1rio de inscri\u00e7\u00e3o, disponibilizado online no per\u00edodo de inscri\u00e7\u00e3o, ou entregues pessoalmente nas secretarias da PPGQ-UFPel e PPGQTA-FURG.<\/p>\n<div>\n<ul>\n<li>O template do resumo \u00a0ser\u00e1 disponibilizado na data de abertura de submiss\u00f5es;<\/li>\n<li>Apenas um resumo por inscri\u00e7\u00e3o;<\/li>\n<li>O resumo n\u00e3o deve ultrapassar uma p\u00e1gina;<\/li>\n<li>O trabalho n\u00e3o precisa ser in\u00e9dito;<\/li>\n<li>Todos os trabalhos aceitos, sem exce\u00e7\u00e3o, dever\u00e3o ser apresentados na forma <strong>ORAL<\/strong> no dia e hor\u00e1rio estabelecido pela Comiss\u00e3o Organizadora;<\/li>\n<li>A data limite para a submiss\u00e3o de resumos \u00e9 20 de fevereiro de 2019.<\/li>\n<\/ul>\n<p>Para o envio de resumos, consulte a aba <strong>INSCRI\u00c7\u00d5ES<\/strong>.<\/p>\n<\/div>\n","protected":false},"excerpt":{"rendered":"<p>O prazo para a submiss\u00e3o de resumos \u00e9 de 28\/01\/2019 a 28\/02\/2019. &nbsp; Os resumos dever\u00e3o ser enviados ao preencher o formul\u00e1rio de inscri\u00e7\u00e3o, disponibilizado online no per\u00edodo de inscri\u00e7\u00e3o, ou entregues pessoalmente nas secretarias da PPGQ-UFPel e PPGQTA-FURG. O &hellip; <a href=\"https:\/\/wp.ufpel.edu.br\/epgqsul\/submissao-de-resumos\/\">Continue lendo <span class=\"meta-nav\">&rarr;<\/span><\/a><\/p>\n","protected":false},"author":899,"featured_media":0,"parent":0,"menu_order":0,"comment_status":"closed","ping_status":"closed","template":"","meta":{"jetpack_post_was_ever_published":false,"footnotes":""},"class_list":["post-21","page","type-page","status-publish","hentry"],"jetpack_sharing_enabled":true,"jetpack_shortlink":"https:\/\/wp.me\/PaFvuo-l","_links":{"self":[{"href":"https:\/\/wp.ufpel.edu.br\/epgqsul\/wp-json\/wp\/v2\/pages\/21","targetHints":{"allow":["GET"]}}],"collection":[{"href":"https:\/\/wp.ufpel.edu.br\/epgqsul\/wp-json\/wp\/v2\/pages"}],"about":[{"href":"https:\/\/wp.ufpel.edu.br\/epgqsul\/wp-json\/wp\/v2\/types\/page"}],"author":[{"embeddable":true,"href":"https:\/\/wp.ufpel.edu.br\/epgqsul\/wp-json\/wp\/v2\/users\/899"}],"replies":[{"embeddable":true,"href":"https:\/\/wp.ufpel.edu.br\/epgqsul\/wp-json\/wp\/v2\/comments?post=21"}],"version-history":[{"count":6,"href":"https:\/\/wp.ufpel.edu.br\/epgqsul\/wp-json\/wp\/v2\/pages\/21\/revisions"}],"predecessor-version":[{"id":183,"href":"https:\/\/wp.ufpel.edu.br\/epgqsul\/wp-json\/wp\/v2\/pages\/21\/revisions\/183"}],"wp:attachment":[{"href":"https:\/\/wp.ufpel.edu.br\/epgqsul\/wp-json\/wp\/v2\/media?parent=21"}],"curies":[{"name":"wp","href":"https:\/\/api.w.org\/{rel}","templated":true}]}}