{"id":2,"date":"2019-01-12T19:18:17","date_gmt":"2019-01-12T21:18:17","guid":{"rendered":"https:\/\/wp.ufpel.edu.br\/epgqsul\/?page_id=2"},"modified":"2019-02-20T17:33:52","modified_gmt":"2019-02-20T20:33:52","slug":"1epgqsul2019","status":"publish","type":"page","link":"https:\/\/wp.ufpel.edu.br\/epgqsul\/","title":{"rendered":"P\u00e1gina Inicial"},"content":{"rendered":"<p>Bem-vindo ao site do I Encontro de P\u00f3s-Gradua\u00e7\u00e3o em Qu\u00edmica da Metade Sul do Rio Grande (EPGQ-Sul).<\/p>\n<p>Este evento \u00e9 uma iniciativa da P\u00f3s-Gradua\u00e7\u00e3o em Qu\u00edmica da UFPel (<a href=\"https:\/\/wp.ufpel.edu.br\/ppgq\/pt\/index\/\" target=\"_blank\" rel=\"noopener\">PPGQ-UFPel<\/a>) e do Programa de P\u00f3s-Gradua\u00e7\u00e3o em Qu\u00edmica Tecnol\u00f3gica e Ambiental da FURG (<a href=\"https:\/\/ppgqta.furg.br\/pt\/\" target=\"_blank\" rel=\"noopener\">PPGQTA-FURG<\/a>) e pretende promover e fortalecer os programas de P\u00f3s-Gradua\u00e7\u00e3o em Qu\u00edmica do extremo sul do RS.<\/p>\n<p>&nbsp;<\/p>\n<p><strong>**Inscri\u00e7\u00f5es prorrogadas at\u00e9 28\/02\/2019!<\/strong><\/p>\n<p>&nbsp;<\/p>\n<p><strong>Empresas parceiras:<\/strong><\/p>\n<p><a href=\"https:\/\/www.anton-paar.com\/br-pt\/\" target=\"_blank\" rel=\"noopener\"><img loading=\"lazy\" decoding=\"async\" class=\"size-full wp-image-65 alignleft\" src=\"https:\/\/wp.ufpel.edu.br\/epgqsul\/files\/2019\/01\/antonpaar-e1547555481516.png\" alt=\"\" width=\"200\" height=\"200\" \/> <\/a><a href=\"https:\/\/www.metrohm.com\/pt-br\/\" target=\"_blank\" rel=\"noopener\"><img loading=\"lazy\" decoding=\"async\" class=\"size-full wp-image-66 alignnone\" src=\"https:\/\/wp.ufpel.edu.br\/epgqsul\/files\/2019\/01\/download.png\" alt=\"\" width=\"225\" height=\"225\" srcset=\"https:\/\/wp.ufpel.edu.br\/epgqsul\/files\/2019\/01\/download.png 225w, https:\/\/wp.ufpel.edu.br\/epgqsul\/files\/2019\/01\/download-200x200.png 200w\" sizes=\"auto, (max-width: 225px) 100vw, 225px\" \/><\/a><\/p>\n<p><a href=\"https:\/\/www.allcrom.com.br\/\" target=\"_blank\" rel=\"noopener\"><img loading=\"lazy\" decoding=\"async\" class=\"size-full wp-image-73 alignleft\" src=\"https:\/\/wp.ufpel.edu.br\/epgqsul\/files\/2019\/01\/allcrom_edit3.png\" alt=\"\" width=\"241\" height=\"197\" \/><\/a><a href=\"https:\/\/www.facebook.com\/wfcientifica\/\" target=\"_blank\" rel=\"noopener\"><img loading=\"lazy\" decoding=\"async\" class=\"size-full wp-image-102 alignnone\" src=\"https:\/\/wp.ufpel.edu.br\/epgqsul\/files\/2019\/01\/index.jpeg\" alt=\"\" width=\"225\" height=\"225\" srcset=\"https:\/\/wp.ufpel.edu.br\/epgqsul\/files\/2019\/01\/index.jpeg 225w, https:\/\/wp.ufpel.edu.br\/epgqsul\/files\/2019\/01\/index-200x200.jpeg 200w\" sizes=\"auto, (max-width: 225px) 100vw, 225px\" \/><\/a><\/p>\n","protected":false},"excerpt":{"rendered":"<p>Bem-vindo ao site do I Encontro de P\u00f3s-Gradua\u00e7\u00e3o em Qu\u00edmica da Metade Sul do Rio Grande (EPGQ-Sul). Este evento \u00e9 uma iniciativa da P\u00f3s-Gradua\u00e7\u00e3o em Qu\u00edmica da UFPel (PPGQ-UFPel) e do Programa de P\u00f3s-Gradua\u00e7\u00e3o em Qu\u00edmica Tecnol\u00f3gica e Ambiental da &hellip; <a href=\"https:\/\/wp.ufpel.edu.br\/epgqsul\/\">Continue lendo <span class=\"meta-nav\">&rarr;<\/span><\/a><\/p>\n","protected":false},"author":899,"featured_media":0,"parent":0,"menu_order":0,"comment_status":"closed","ping_status":"closed","template":"","meta":{"jetpack_post_was_ever_published":false,"footnotes":""},"class_list":["post-2","page","type-page","status-publish","hentry"],"jetpack_sharing_enabled":true,"jetpack_shortlink":"https:\/\/wp.me\/PaFvuo-2","_links":{"self":[{"href":"https:\/\/wp.ufpel.edu.br\/epgqsul\/wp-json\/wp\/v2\/pages\/2","targetHints":{"allow":["GET"]}}],"collection":[{"href":"https:\/\/wp.ufpel.edu.br\/epgqsul\/wp-json\/wp\/v2\/pages"}],"about":[{"href":"https:\/\/wp.ufpel.edu.br\/epgqsul\/wp-json\/wp\/v2\/types\/page"}],"author":[{"embeddable":true,"href":"https:\/\/wp.ufpel.edu.br\/epgqsul\/wp-json\/wp\/v2\/users\/899"}],"replies":[{"embeddable":true,"href":"https:\/\/wp.ufpel.edu.br\/epgqsul\/wp-json\/wp\/v2\/comments?post=2"}],"version-history":[{"count":16,"href":"https:\/\/wp.ufpel.edu.br\/epgqsul\/wp-json\/wp\/v2\/pages\/2\/revisions"}],"predecessor-version":[{"id":185,"href":"https:\/\/wp.ufpel.edu.br\/epgqsul\/wp-json\/wp\/v2\/pages\/2\/revisions\/185"}],"wp:attachment":[{"href":"https:\/\/wp.ufpel.edu.br\/epgqsul\/wp-json\/wp\/v2\/media?parent=2"}],"curies":[{"name":"wp","href":"https:\/\/api.w.org\/{rel}","templated":true}]}}