{"id":17,"date":"2019-01-14T00:03:06","date_gmt":"2019-01-14T02:03:06","guid":{"rendered":"https:\/\/wp.ufpel.edu.br\/epgqsul\/?page_id=17"},"modified":"2019-03-08T15:08:51","modified_gmt":"2019-03-08T18:08:51","slug":"inscricoes","status":"publish","type":"page","link":"https:\/\/wp.ufpel.edu.br\/epgqsul\/inscricoes\/","title":{"rendered":"Inscri\u00e7\u00f5es"},"content":{"rendered":"<p><strong>Inscri\u00e7\u00f5es encerradas!<\/strong><\/p>\n","protected":false},"excerpt":{"rendered":"<p>Inscri\u00e7\u00f5es encerradas!<\/p>\n","protected":false},"author":899,"featured_media":0,"parent":0,"menu_order":0,"comment_status":"closed","ping_status":"closed","template":"","meta":{"jetpack_post_was_ever_published":false,"footnotes":""},"class_list":["post-17","page","type-page","status-publish","hentry"],"jetpack_sharing_enabled":true,"jetpack_shortlink":"https:\/\/wp.me\/PaFvuo-h","_links":{"self":[{"href":"https:\/\/wp.ufpel.edu.br\/epgqsul\/wp-json\/wp\/v2\/pages\/17","targetHints":{"allow":["GET"]}}],"collection":[{"href":"https:\/\/wp.ufpel.edu.br\/epgqsul\/wp-json\/wp\/v2\/pages"}],"about":[{"href":"https:\/\/wp.ufpel.edu.br\/epgqsul\/wp-json\/wp\/v2\/types\/page"}],"author":[{"embeddable":true,"href":"https:\/\/wp.ufpel.edu.br\/epgqsul\/wp-json\/wp\/v2\/users\/899"}],"replies":[{"embeddable":true,"href":"https:\/\/wp.ufpel.edu.br\/epgqsul\/wp-json\/wp\/v2\/comments?post=17"}],"version-history":[{"count":22,"href":"https:\/\/wp.ufpel.edu.br\/epgqsul\/wp-json\/wp\/v2\/pages\/17\/revisions"}],"predecessor-version":[{"id":209,"href":"https:\/\/wp.ufpel.edu.br\/epgqsul\/wp-json\/wp\/v2\/pages\/17\/revisions\/209"}],"wp:attachment":[{"href":"https:\/\/wp.ufpel.edu.br\/epgqsul\/wp-json\/wp\/v2\/media?parent=17"}],"curies":[{"name":"wp","href":"https:\/\/api.w.org\/{rel}","templated":true}]}}