{"id":95,"date":"2020-05-14T18:59:34","date_gmt":"2020-05-14T21:59:34","guid":{"rendered":"https:\/\/wp.ufpel.edu.br\/epdi\/?page_id=95"},"modified":"2021-01-06T10:26:48","modified_gmt":"2021-01-06T13:26:48","slug":"para-alem-das-fronteiras-videoconferencias-em-ri","status":"publish","type":"page","link":"https:\/\/wp.ufpel.edu.br\/epdi\/para-alem-das-fronteiras-videoconferencias-em-ri\/","title":{"rendered":"Para al\u00e9m das Fronteiras: videoconfer\u00eancias em RI"},"content":{"rendered":"<p><img loading=\"lazy\" decoding=\"async\" class=\"aligncenter wp-image-111 size-full\" src=\"https:\/\/wp.ufpel.edu.br\/epdi\/files\/2020\/05\/alemdasfronteiras-2.png\" alt=\"\" width=\"541\" height=\"202\" srcset=\"https:\/\/wp.ufpel.edu.br\/epdi\/files\/2020\/05\/alemdasfronteiras-2.png 541w, https:\/\/wp.ufpel.edu.br\/epdi\/files\/2020\/05\/alemdasfronteiras-2-400x149.png 400w\" sizes=\"auto, (max-width: 541px) 100vw, 541px\" \/><\/p>\n<p style=\"text-align: justify\">\u201cPara al\u00e9m das Fronteiras: videoconfer\u00eancias em RI\u201d \u00e9 um projeto por meio de parcerias com grandes centros de estudos nacionais e internacionais e com o aux\u00edlio de recursos de comunica\u00e7\u00e3o digitais, oferece videoconfer\u00eancias com pesquisadores renomados acerca de temas ligados as rela\u00e7\u00f5es internacionais. Aberto a toda a comunidade acad\u00eamica e da regi\u00e3o.<\/p>\n<p style=\"text-align: justify\">Tem com objetivo apresentar e debater pesquisas altamente qualificadas na \u00e1rea de Rela\u00e7\u00f5es\u00a0Internacionais promovendo o di\u00e1logo e interc\u00e2mbio com grandes centros de estudos nacionais e\u00a0internacionais.<\/p>\n<p style=\"text-align: justify\">Tr\u00eas pilares assentam e refor\u00e7am o projeto &#8220;Para al\u00e9m das Fronteiras: videoconfer\u00eancias em RI&#8221;(1) a demanda pelo acesso a novas abordagens e metodologias de aprendizagem associada a pluralidade de ideias, (2) a promo\u00e7\u00e3o do interc\u00e2mbio de pesquisas, pesquisadores e alunos associada a parcerias interinstitucionais e (3) o rompimento com as dificuldades f\u00edsicas e de recursos para atra\u00e7\u00e3o e debate com pesquisadores externos a universidade.<\/p>\n<p style=\"text-align: justify\">\u00c9 promovido pelo Grupo de Pesquisa &#8220;Economia, Pol\u00edtica e Desenvolvimento Internacional&#8221; ligado ao curso de gradu\u00e7\u00e3o em Rela\u00e7\u00f5es Internacionais e ao Instituto de Filosofia, Sociologia e Pol\u00edtica (IFISP) e conta com o apoio da \u00a0Pr\u00f3 Reitoria de Ensino da Universidade Federal de Pelotas (UFPel). \u00a0[PBA\/ProjEnsino\/ AC &#8211; Edital 03\/2020].<\/p>\n","protected":false},"excerpt":{"rendered":"<p>\u201cPara al\u00e9m das Fronteiras: videoconfer\u00eancias em RI\u201d \u00e9 um projeto por meio de parcerias com grandes centros de estudos nacionais e internacionais e com o aux\u00edlio de recursos de comunica\u00e7\u00e3o digitais, oferece videoconfer\u00eancias com pesquisadores renomados acerca de temas ligados as rela\u00e7\u00f5es internacionais. Aberto a toda a comunidade acad\u00eamica e da regi\u00e3o. Tem com objetivo &hellip; <\/p>\n<p><a class=\"more-link btn\" href=\"https:\/\/wp.ufpel.edu.br\/epdi\/para-alem-das-fronteiras-videoconferencias-em-ri\/\">Continue lendo<\/a><\/p>\n","protected":false},"author":1006,"featured_media":211,"parent":0,"menu_order":0,"comment_status":"closed","ping_status":"closed","template":"template-twocolumnsleft.php","meta":{"footnotes":""},"class_list":["post-95","page","type-page","status-publish","has-post-thumbnail","hentry","nodate","item-wrap"],"jetpack_sharing_enabled":true,"_links":{"self":[{"href":"https:\/\/wp.ufpel.edu.br\/epdi\/wp-json\/wp\/v2\/pages\/95","targetHints":{"allow":["GET"]}}],"collection":[{"href":"https:\/\/wp.ufpel.edu.br\/epdi\/wp-json\/wp\/v2\/pages"}],"about":[{"href":"https:\/\/wp.ufpel.edu.br\/epdi\/wp-json\/wp\/v2\/types\/page"}],"author":[{"embeddable":true,"href":"https:\/\/wp.ufpel.edu.br\/epdi\/wp-json\/wp\/v2\/users\/1006"}],"replies":[{"embeddable":true,"href":"https:\/\/wp.ufpel.edu.br\/epdi\/wp-json\/wp\/v2\/comments?post=95"}],"version-history":[{"count":16,"href":"https:\/\/wp.ufpel.edu.br\/epdi\/wp-json\/wp\/v2\/pages\/95\/revisions"}],"predecessor-version":[{"id":583,"href":"https:\/\/wp.ufpel.edu.br\/epdi\/wp-json\/wp\/v2\/pages\/95\/revisions\/583"}],"wp:featuredmedia":[{"embeddable":true,"href":"https:\/\/wp.ufpel.edu.br\/epdi\/wp-json\/wp\/v2\/media\/211"}],"wp:attachment":[{"href":"https:\/\/wp.ufpel.edu.br\/epdi\/wp-json\/wp\/v2\/media?parent=95"}],"curies":[{"name":"wp","href":"https:\/\/api.w.org\/{rel}","templated":true}]}}