{"id":437,"date":"2022-03-23T10:01:27","date_gmt":"2022-03-23T13:01:27","guid":{"rendered":"https:\/\/wp.ufpel.edu.br\/ensinodedanca\/?page_id=437"},"modified":"2022-06-03T13:31:19","modified_gmt":"2022-06-03T16:31:19","slug":"primeiro-ciclo-de-encontros-2022","status":"publish","type":"page","link":"https:\/\/wp.ufpel.edu.br\/ensinodedanca\/primeiro-ciclo-de-encontros-2022\/","title":{"rendered":"PRIMEIRO CICLO DE ENCONTROS 2022"},"content":{"rendered":"<p>Ol\u00e1 pessoal! Estamos retornando com nosso ciclo de encontros. Para esse primeiro momento, nosso interesse \u00e9 conhecer e nos aproximarmos das trajet\u00f3rias e das abordagens pedag\u00f3gicas que nossas alunas e alunos, egressas ou n\u00e3o, tem desenvolvido ao longo de sua forma\u00e7\u00e3o docente.<\/p>\n<p>&nbsp;<\/p>\n<p>Em nosso primeiro encontro, contamos com a participa\u00e7\u00e3o do egresso Ederson Vergara e aluno Thiago \u00c1vila.<\/p>\n<p>&nbsp;<\/p>\n<p><img class=\"alignnone size-medium wp-image-439 aligncenter\" src=\"https:\/\/wp.ufpel.edu.br\/ensinodedanca\/files\/2022\/03\/CARTAZ-1-400x400.png\" alt=\"\" width=\"400\" height=\"400\" srcset=\"https:\/\/wp.ufpel.edu.br\/ensinodedanca\/files\/2022\/03\/CARTAZ-1-400x400.png 400w, https:\/\/wp.ufpel.edu.br\/ensinodedanca\/files\/2022\/03\/CARTAZ-1-1024x1024.png 1024w, https:\/\/wp.ufpel.edu.br\/ensinodedanca\/files\/2022\/03\/CARTAZ-1-200x200.png 200w, https:\/\/wp.ufpel.edu.br\/ensinodedanca\/files\/2022\/03\/CARTAZ-1-768x768.png 768w, https:\/\/wp.ufpel.edu.br\/ensinodedanca\/files\/2022\/03\/CARTAZ-1.png 1080w\" sizes=\"(max-width: 400px) 100vw, 400px\" \/><\/p>\n<p>Ederson \u00e9 professor de Dan\u00e7as Tradicionais Ga\u00fachas desde 1998 com forma\u00e7\u00e3o de Instrutor de Dan\u00e7as Tradicionais em 2009 pelo MTG. Core\u00f3grafo de Entradas e Sa\u00eddas de grupos de dan\u00e7as de CTG\u2019s desde 2007. Graduado em Dan\u00e7a Licenciatura-UFPel. Formado nos cursos livres de Gest\u00e3o de Pessoas, Constru\u00e7\u00e3o da Identidade do Educador, Introdu\u00e7\u00e3o aos Estudos de Educa\u00e7\u00e3o a Dist\u00e2ncia e, por fim, Metodologia da Pesquisa Cient\u00edfica pela Escola Superior Aberta do Brasil (ESAB). Atua como instrutor de Dan\u00e7as Tradicionais Ga\u00fachas no CTG Os Farrapos (Pelotas-RS) e CCN Sentinela do Rio Grande (Rio Grande-RS), e como core\u00f3grafo de Entradas e Sa\u00eddas em v\u00e1rias entidades tradicionalistas do RS, PR e MS.<\/p>\n<p>Thiago \u00e9 graduando de Dan\u00e7a Licenciatura na Universidade Federal de Pelotas, na qual tamb\u00e9m integro o PIBID (n\u00facleo Dan\u00e7a e Teatro). Profissionalmente atuo como instrutor de Dan\u00e7as Tradicionais Ga\u00fachas e como core\u00f3grafo em CTG&#8217;s e escolas h\u00e1 mais de 15 anos, e fa\u00e7o parte do mesmo meio como dan\u00e7arino, h\u00e1 quase 20 anos.<\/p>\n<p>&nbsp;<\/p>\n<p>Na pr\u00f3xima sexta-feira (25 de mar\u00e7o de 2022) nos encontraremos no nosso segundo encontro, que contar\u00e1 com a participa\u00e7\u00e3o das alunas do curso de Dan\u00e7a-Licenciatura UFPel Tain\u00e1 e Steph\u00e2nia, tamb\u00e9m com a participa\u00e7\u00e3o da aluna do curso de Cinema Rayssa. Te esperamos!!!<\/p>\n<p><img class=\"alignnone size-medium wp-image-440 aligncenter\" src=\"https:\/\/wp.ufpel.edu.br\/ensinodedanca\/files\/2022\/03\/WhatsApp-Image-2022-03-18-at-20.00.09-400x400.jpeg\" alt=\"\" width=\"400\" height=\"400\" srcset=\"https:\/\/wp.ufpel.edu.br\/ensinodedanca\/files\/2022\/03\/WhatsApp-Image-2022-03-18-at-20.00.09-400x400.jpeg 400w, https:\/\/wp.ufpel.edu.br\/ensinodedanca\/files\/2022\/03\/WhatsApp-Image-2022-03-18-at-20.00.09-1024x1024.jpeg 1024w, https:\/\/wp.ufpel.edu.br\/ensinodedanca\/files\/2022\/03\/WhatsApp-Image-2022-03-18-at-20.00.09-200x200.jpeg 200w, https:\/\/wp.ufpel.edu.br\/ensinodedanca\/files\/2022\/03\/WhatsApp-Image-2022-03-18-at-20.00.09-768x768.jpeg 768w, https:\/\/wp.ufpel.edu.br\/ensinodedanca\/files\/2022\/03\/WhatsApp-Image-2022-03-18-at-20.00.09.jpeg 1080w\" sizes=\"(max-width: 400px) 100vw, 400px\" \/><\/p>\n<p>Tain\u00e1 \u00e9 DE Bag\u00e9 \u2013 RS. Artista do corpo, professora e core\u00f3grafa, graduanda no curso de Dan\u00e7a \u2013 Licenciatura da UFPel. Mulher l\u00e9sbica, pesquisadora da Dan\u00e7a dos Ventres e feminismos numa vis\u00e3o contempor\u00e2nea. Diretora e int\u00e9rprete criadora da v\u00eddeodan\u00e7a ECDISE.<\/p>\n<p>Rayssa de Oliveira Fontoura \u00e9 editora e montadora de v\u00eddeo, estudante de bacharelado em Cinema e Audiovisual na Universidade Federal de Pelotas (UFPel) \u2013 Bolsista de inicia\u00e7\u00e3o cient\u00edfica pelo Projeto de Extens\u00e3o e Pesquisa Tat\u00e1 \u2013 N\u00facleo de Dan\u00e7a-Teatro. T\u00e9cnica em agropecu\u00e1ria pelo IFSUL campus CAVG.<\/p>\n<p>Steph\u00e2nia Lengruber \u00e9 artista do corpo e da cena, graduanda no curso de Dan\u00e7a &#8211; Licenciatura pela Universidade Federal de Pelotas (UFPel). Foi bolsista de Inicia\u00e7\u00e3o Cient\u00edfica CNPq no Projeto de Pesquisa Produ\u00e7\u00e3o do Corpo-Sujeito nas Pr\u00e1ticas de Dan\u00e7a e \u00e9 integrante do Grupo Tat\u00e1 &#8211; N\u00facleo de Dan\u00e7a-Teatro.<\/p>\n<p>&nbsp;<\/p>\n<p>Contaremoms com a presen\u00e7a na sexta-feira (8 de abril de 2022) do egresso do curso de Dan\u00e7a-Licenciatura UFPel Eduardo Bemfica. Contamos com a sua participa\u00e7\u00e3o!!!<\/p>\n<p><img class=\"alignnone size-medium wp-image-445 aligncenter\" src=\"https:\/\/wp.ufpel.edu.br\/ensinodedanca\/files\/2022\/04\/edu-400x400.png\" alt=\"\" width=\"400\" height=\"400\" srcset=\"https:\/\/wp.ufpel.edu.br\/ensinodedanca\/files\/2022\/04\/edu-400x400.png 400w, https:\/\/wp.ufpel.edu.br\/ensinodedanca\/files\/2022\/04\/edu-1024x1024.png 1024w, https:\/\/wp.ufpel.edu.br\/ensinodedanca\/files\/2022\/04\/edu-200x200.png 200w, https:\/\/wp.ufpel.edu.br\/ensinodedanca\/files\/2022\/04\/edu-768x768.png 768w, https:\/\/wp.ufpel.edu.br\/ensinodedanca\/files\/2022\/04\/edu.png 1080w\" sizes=\"(max-width: 400px) 100vw, 400px\" \/><\/p>\n<p style=\"text-align: justify;\">BemFox \u00e9 formado em Dan\u00e7a Licenciatura pela UFPel e ministra aulas\/laborat\u00f3rios de dan\u00e7a contempor\u00e2nea e consci\u00eancia corporal atualmente, levando sua bagagem corporal provenientes do parkour, artes marciais, capoeira, gin\u00e1stica e circo<\/p>\n<p style=\"text-align: justify;\">Em nosso encontro de sexta (29 de abril de 2022), marcar\u00e1 presen\u00e7a a acad\u00eamica e bolsista Jane Rodrigues e acad\u00eamica Laura Concei\u00e7\u00e3o. N\u00e3o perca, vai ser massa!<\/p>\n<p><img class=\"alignnone size-medium wp-image-447 aligncenter\" src=\"https:\/\/wp.ufpel.edu.br\/ensinodedanca\/files\/2022\/04\/jane-400x400.png\" alt=\"\" width=\"400\" height=\"400\" srcset=\"https:\/\/wp.ufpel.edu.br\/ensinodedanca\/files\/2022\/04\/jane-400x400.png 400w, https:\/\/wp.ufpel.edu.br\/ensinodedanca\/files\/2022\/04\/jane-1024x1024.png 1024w, https:\/\/wp.ufpel.edu.br\/ensinodedanca\/files\/2022\/04\/jane-200x200.png 200w, https:\/\/wp.ufpel.edu.br\/ensinodedanca\/files\/2022\/04\/jane-768x768.png 768w, https:\/\/wp.ufpel.edu.br\/ensinodedanca\/files\/2022\/04\/jane.png 1080w\" sizes=\"(max-width: 400px) 100vw, 400px\" \/><\/p>\n<p style=\"text-align: justify;\">Jane Rodrigues, \u00e9 artista, professora, pesquisadora, caipoerista e produtora cultural. Interiorana de Len\u00e7\u00f3is Paulista &#8211; SP \u00e9 acad\u00eamica do curso de Dan\u00e7a-Licenciatura UFPel. Integra como bolsista o projeto &#8220;Ensino Contempor\u00e2neo de Dan\u00e7a na Educa\u00e7\u00e3o B\u00e1sica: pedagogias poss\u00edveis&#8221;. \u00c9 bolsista volunt\u00e1ria nos projetos: &#8220;Janelas do feminino&#8221;, do curso de Teatro (UFPel) e Tat\u00e1 &#8211; N\u00facleo de Dan\u00e7a-Teatro, do curso de Dan\u00e7a (UFPel).<\/p>\n<p style=\"text-align: justify;\">Laura Concei\u00e7\u00e3o, natural de Rio grande e acad\u00eamica do curso de dan\u00e7a licenciatura pela faculdade federal de Pelotas desde 2020. Sempre gostei de dan\u00e7ar, da arte como ferramenta de express\u00e3o, me levando a participar de grupos de dan\u00e7a na escola e coreografar para algumas apresenta\u00e7\u00f5es escolares. Desenvolvi a pesquisa quanto a evolu\u00e7\u00e3o do pop coreano em 2021, devido a disciplina de Dan\u00e7a, Teoria e Conhecimento, ministrada pelo professor Thiago Silva de Amorim Jesus. Com base em relatos de coreanos que viram o fen\u00f4meno acontecer, em jornais e outras pesquisas, fui capaz de tra\u00e7ar como ocorreu a evolu\u00e7\u00e3o do g\u00eanero musical e suas performances t\u00e3o plurais.<\/p>\n<p>&nbsp;<\/p>\n<p>Na pr\u00f3xima sexta-feira, dia 6 de maio de 2022, iremos receber dois discentes do curso de dan\u00e7a nos nossos encontros. Eles ir\u00e3o compartilhar um relato de experi\u00eancia com suas pr\u00e1ticas e pesquisas dentro e fora da Universidade. Esperamos todes!!! N\u00e3o vai perder!! \ud83c\udf86\ud83d\udcdd\ud83d\udcda<\/p>\n<p><img class=\"alignnone size-medium wp-image-450 aligncenter\" src=\"https:\/\/wp.ufpel.edu.br\/ensinodedanca\/files\/2022\/06\/DI-400x400.jpeg\" alt=\"\" width=\"400\" height=\"400\" srcset=\"https:\/\/wp.ufpel.edu.br\/ensinodedanca\/files\/2022\/06\/DI-400x400.jpeg 400w, https:\/\/wp.ufpel.edu.br\/ensinodedanca\/files\/2022\/06\/DI-1024x1024.jpeg 1024w, https:\/\/wp.ufpel.edu.br\/ensinodedanca\/files\/2022\/06\/DI-200x200.jpeg 200w, https:\/\/wp.ufpel.edu.br\/ensinodedanca\/files\/2022\/06\/DI-768x768.jpeg 768w, https:\/\/wp.ufpel.edu.br\/ensinodedanca\/files\/2022\/06\/DI.jpeg 1080w\" sizes=\"(max-width: 400px) 100vw, 400px\" \/><\/p>\n<p>\ud83d\udfe3Claudilene Castro:<br \/>\nIngressei no Curso de Dan\u00e7a Licenciatura da Universidade Federal de Pelotas \u2013 UFPel em mar\u00e7o 2020.<br \/>\nNo mesmo ano tornei-me membro da Equipe do Projeto de Pesquisa Mapeamento da Dan\u00e7a no Rio Grande do Sul (UFPel), Bolsista volunt\u00e1ria do Projeto de Extens\u00e3o Bailar \u2013 N\u00facleo de Dan\u00e7a na Maturidade (UFPel) e Bolsista no PIBID \u2013Programa Institucional de Bolsas de Inicia\u00e7\u00e3o \u00e0 Doc\u00eancia-N\u00facleo Dan\u00e7a e Teatro (UFPel).<br \/>\nEm 2021 comecei a participar como aluna-pesquisadora no Projeto de Pesquisa Literacorpo (UFPel).<br \/>\nEm todos os projetos a Dan\u00e7a est\u00e1 sempre acentuada, pois \u00e9 ela que move, que me transforma, que me atravessa nas suas mais diversas nuances. Dentre elas, a instiga\u00e7\u00e3o de pesquisar e me entender enquanto artista-pesquisadora e enquanto corpo artr\u00edtico. Como Dan\u00e7ar a Imobilidade \u00e9 a minha linha de investiga\u00e7\u00e3o.<\/p>\n<p>\ud83d\udfe3Mayson Brum<br \/>\nAcad\u00eamico do Curso de Dan\u00e7a Licenciatura na Universidade Federal de Pelotas, atualmente dan\u00e7a na companhia de Dan\u00e7a Daniel Amaro, Professor de dan\u00e7a na \u00e1rea de ensino n\u00e3o formal, core\u00f3grafo de comiss\u00e3o frente,bailarino da companhia de dan\u00e7a 1 Ato Tavane Viana. Babalorix\u00e1 e dirigente junto com sua m\u00e3e da casa de umbanda Consagrada Luz de Angelo, presidente da Associa\u00e7\u00e3o Religiosa Afro-Umbandista da cidade de Arroio grande. Bolsista (UFPel\/CNPq) atualmente no Projeto FOLK-COVID: Diagn\u00f3stico Internacional sobre os Impactos da Pandemia do Covid-19 em Contextos Folcl\u00f3ricos.<\/p>\n<p>&nbsp;<\/p>\n<p>Boa tarde galera, na pr\u00f3xima sexta-feira iremos receber tr\u00eas alunos do curso de Dan\u00e7a da UFPel!!!!<\/p>\n<p><img class=\"alignnone size-medium wp-image-451 aligncenter\" src=\"https:\/\/wp.ufpel.edu.br\/ensinodedanca\/files\/2022\/06\/JULIA-2-400x400.jpeg\" alt=\"\" width=\"400\" height=\"400\" srcset=\"https:\/\/wp.ufpel.edu.br\/ensinodedanca\/files\/2022\/06\/JULIA-2-400x400.jpeg 400w, https:\/\/wp.ufpel.edu.br\/ensinodedanca\/files\/2022\/06\/JULIA-2-1024x1024.jpeg 1024w, https:\/\/wp.ufpel.edu.br\/ensinodedanca\/files\/2022\/06\/JULIA-2-200x200.jpeg 200w, https:\/\/wp.ufpel.edu.br\/ensinodedanca\/files\/2022\/06\/JULIA-2-768x768.jpeg 768w, https:\/\/wp.ufpel.edu.br\/ensinodedanca\/files\/2022\/06\/JULIA-2.jpeg 1080w\" sizes=\"(max-width: 400px) 100vw, 400px\" \/><\/p>\n<p>@juliahenriquescosta: &#8220;Sou J\u00falia Henriques Costa, tenho 23 anos.<br \/>\nEu desde pequena dan\u00e7o, sempre fui apaixonada pela dan\u00e7a. Quando chegou perto de acabar o ensino m\u00e9dio j\u00e1 tinha certo que queria fazer na faculdade . Na faculdade fui convidada a dar aulas nos Novos Caminhos da FaE, para pessoas com s\u00edndrome de down, l\u00e1 j\u00e1 estou mais de 2 anos. E tamb\u00e9m fa\u00e7o parte do projeto resid\u00eancia pedag\u00f3gica, que ministrei aulas online e agora presenciais no Col\u00e9gio Luciana de Ara\u00fajo. Ministrei aulas para turmas do 1\u00b0, 2\u00b0 e 3\u00b0 ano. Sou apaixonada pelos pequenos! Agora estou acabando o \u00faltimo m\u00f3dulo.&#8221;<\/p>\n<p>@luizarangelmoresco : &#8220;Na minha dan\u00e7a eu gosto de dar aulas para as crian\u00e7as nas escolas para ensinar ritmos e coreografias da dan\u00e7a. Desde pequena eu gosto de dan\u00e7ar, me agita muito!&#8221; Entrou para o curso de Licenciatura em dan\u00e7a em 2020.<\/p>\n<p>@invictooor: Bailarino, pesquisador, educador e acad\u00eamico do curso de licenciatura em dan\u00e7a. Trabalho com dan\u00e7a e inclus\u00e3o voltado para o p\u00fablico surdo. Percebo a surdez como uma diferen\u00e7a cultural da comunidade surda para pensar no ensino-aprendizagem com o foco na percep\u00e7\u00e3o visual.<\/p>\n<p>&nbsp;<\/p>\n<p>Em nosso \u00faltimo encontro receberemos com alegria duas pessoas muito queridas que ir\u00e3o compartilhar suas trajet\u00f3rias art\u00edstico-pedag\u00f3gica conosco!<\/p>\n<p><img class=\"alignnone size-medium wp-image-452 aligncenter\" src=\"https:\/\/wp.ufpel.edu.br\/ensinodedanca\/files\/2022\/06\/JOA-400x400.jpeg\" alt=\"\" width=\"400\" height=\"400\" srcset=\"https:\/\/wp.ufpel.edu.br\/ensinodedanca\/files\/2022\/06\/JOA-400x400.jpeg 400w, https:\/\/wp.ufpel.edu.br\/ensinodedanca\/files\/2022\/06\/JOA-1024x1024.jpeg 1024w, https:\/\/wp.ufpel.edu.br\/ensinodedanca\/files\/2022\/06\/JOA-200x200.jpeg 200w, https:\/\/wp.ufpel.edu.br\/ensinodedanca\/files\/2022\/06\/JOA-768x768.jpeg 768w, https:\/\/wp.ufpel.edu.br\/ensinodedanca\/files\/2022\/06\/JOA.jpeg 1080w\" sizes=\"(max-width: 400px) 100vw, 400px\" \/><\/p>\n<p>Julia Garcia: Bailarina, aluna do curso de Dan\u00e7a &#8211; licenciatura (Ufpel), bolsista do projeto Pedagogias Poss\u00edveis desde 2021.<br \/>\nEm fase de finaliza\u00e7\u00e3o de sua monografia sobre o Accumulation, tarefa em dan\u00e7a proposta por Trisha Brown.<\/p>\n<p>Jo\u00e3o Reis: Criado nas ruas da Baixada Santista, \u00e9 MC, Compositor, Produtor Musical, Dan\u00e7arino, Professor e estudioso das Dan\u00e7as Urbanas: Popping, Hip-hop Dance, Freestyle Hip-hop, Krump e tamb\u00e9m o Funk Brasileiro. Hoje graduando em Dan\u00e7a &#8211; Licenciatura pela UFPel, bolsista e pesquisador no projeto Aspectos Hist\u00f3ricos do Rio Grande do Sul, j\u00e1 participou do projeto Resid\u00eancias Art\u00edsticas e atualmente inicia sua trajet\u00f3ria no projeto de pesquisa L.U.A.<\/p>\n<p>&nbsp;<\/p>\n","protected":false},"excerpt":{"rendered":"<p>Ol\u00e1 pessoal! Estamos retornando com nosso ciclo de encontros. Para esse primeiro momento, nosso interesse \u00e9 conhecer e nos aproximarmos das trajet\u00f3rias e das abordagens pedag\u00f3gicas que nossas alunas e alunos, egressas ou n\u00e3o, tem desenvolvido ao longo de sua forma\u00e7\u00e3o docente. &nbsp; Em nosso primeiro encontro, contamos com a participa\u00e7\u00e3o do egresso Ederson Vergara [&hellip;]<\/p>\n","protected":false},"author":960,"featured_media":0,"parent":0,"menu_order":0,"comment_status":"closed","ping_status":"closed","template":"","meta":{"footnotes":""},"class_list":["post-437","page","type-page","status-publish","hentry"],"_links":{"self":[{"href":"https:\/\/wp.ufpel.edu.br\/ensinodedanca\/wp-json\/wp\/v2\/pages\/437","targetHints":{"allow":["GET"]}}],"collection":[{"href":"https:\/\/wp.ufpel.edu.br\/ensinodedanca\/wp-json\/wp\/v2\/pages"}],"about":[{"href":"https:\/\/wp.ufpel.edu.br\/ensinodedanca\/wp-json\/wp\/v2\/types\/page"}],"author":[{"embeddable":true,"href":"https:\/\/wp.ufpel.edu.br\/ensinodedanca\/wp-json\/wp\/v2\/users\/960"}],"replies":[{"embeddable":true,"href":"https:\/\/wp.ufpel.edu.br\/ensinodedanca\/wp-json\/wp\/v2\/comments?post=437"}],"version-history":[{"count":4,"href":"https:\/\/wp.ufpel.edu.br\/ensinodedanca\/wp-json\/wp\/v2\/pages\/437\/revisions"}],"predecessor-version":[{"id":453,"href":"https:\/\/wp.ufpel.edu.br\/ensinodedanca\/wp-json\/wp\/v2\/pages\/437\/revisions\/453"}],"wp:attachment":[{"href":"https:\/\/wp.ufpel.edu.br\/ensinodedanca\/wp-json\/wp\/v2\/media?parent=437"}],"curies":[{"name":"wp","href":"https:\/\/api.w.org\/{rel}","templated":true}]}}