{"id":211,"date":"2020-02-18T08:59:26","date_gmt":"2020-02-18T11:59:26","guid":{"rendered":"https:\/\/wp.ufpel.edu.br\/ensinodedanca\/?page_id=211"},"modified":"2020-02-18T12:24:50","modified_gmt":"2020-02-18T15:24:50","slug":"colaboradores","status":"publish","type":"page","link":"https:\/\/wp.ufpel.edu.br\/ensinodedanca\/apresentacao\/colaboradores\/","title":{"rendered":"COLABORADORES"},"content":{"rendered":"<p><strong>Colaboradores do Projeto Ensino Contempor\u00e2neo de Dan\u00e7a na Educa\u00e7\u00e3o B\u00e1sica: pedagogias poss\u00edveis<\/strong><\/p>\n<p>&nbsp;<\/p>\n<p><a href=\"http:\/\/buscatextual.cnpq.br\/buscatextual\/visualizacv.do?id=K4533557H5&amp;tokenCaptchar=03AOLTBLQ_h87vsARUxo6ptYIReu-RFUHNsTv66beW2AXbRlaui0yYVEvj14QKcZHxHHfILNITMADI0r32QqIWn7wyqaoU5f9uSxu3PMpbwVoNMsTneKxMRUsHigMR_Mhi76_2Yw_Vn29kMGpccyfLZTnbLvV9h08tXUc3UYFGdBegZxxbTV9mZbv4r6h0XGOZ405xT9HP7nUwyKHMBqMv91H2sQJmlBf-scDUAoImvA0rEsEBgU03Ini-2Y_hOevdYmll1OXq8UW9rED8OlWKviH-yPv6A3-Gr1y4uNbgK4Q9q1ikPMBEspJtprmYPVQpij4mPy0ld7IdujQZTSzJdo7te94yMC8GPOyT7LbcEW10qX0wXWTlBv-oSFMzpU21cTQEz-jfdELiVuQkBv0LLH_oJqajpenBsg\" target=\"_blank\" rel=\"noopener noreferrer\">Andrisa Kemel Zanella<\/a><\/p>\n<p><a href=\"http:\/\/buscatextual.cnpq.br\/buscatextual\/visualizacv.do?id=K4709317J6&amp;tokenCaptchar=03AOLTBLTbSrArFFP80c1i42uxwiyHcUUMqYPZ0jrYZMvMCCZ8aCEbonunuDv-ju30PlWdQt24jqBnBkovnLPZEk1ZeSx63n48yKydaB16vUoToDD-XCRGJVQH3C2P9_Xa9i1XU_HbHUWd3ByhxSTZkrULL0s__ZaZ6hsh31dxhBh3carCqOg_lWTjjjLJKPvTfA8ooqk8UWf26CB5kQ130WN87zVmUYYXpyfhLUOwlbBM5grnMx8TJO_0f80LP8HQUxOjhoU9dGsNhPj8eHfatZYiLr5A8G_vFKRluBdcmzWWdBbsjkdDsmXP5PHbi3M45sLL1uIxwRy9YPPfVrCLUiygaohv-0krtkvAPmfPbtPMwjghRZivFL1cbZYewF2DFHu-Oc_bGgPb6UdFvTm08kl9Loi9fVpQjw\" target=\"_blank\" rel=\"noopener noreferrer\">Carmen Anita Hoffmann<\/a><\/p>\n<p><a href=\"http:\/\/buscatextual.cnpq.br\/buscatextual\/visualizacv.do?id=K8497630Y1&amp;tokenCaptchar=03AOLTBLTWu2VocfBzxa_9R0Ap9c2USmG4zI4RM0M1H-JSl3S_l6BgQcwwGkMhIuN_qiAFQMNi70WdEtav7hqlhIf-KN9pnclntsrkonR2ltRLcNJ32rCognsDYIyf3W2Q1FktTMtQ2tS07SS7N1z8-I5nw8IbbGS7NhqvuIkr4eDmRzpDW6JtysP8beKyvtu0g7avH6-ISHoMaLBHnyN_idMeQYAodRNwYRQ2bQG1_WS8QxrlcLVn9df0Go9rJHmsqy1GbqDnlN8JnJGwhVr7YF4P8oD4mLFjVOhlb7B171RPXKHKO16r57koUhqRS1p2nhEviSbmivUEjn1mkHQzLyP_ofDGEgFnqXgVrRi3QSasTdi6fuqc4EFjrgQ-DMHGNEr7IcaIQaAxH9bA8biMXdcd-Bk5kB4Azg\" target=\"_blank\" rel=\"noopener noreferrer\">Carolina Martins Portela<\/a><\/p>\n<p><a href=\"http:\/\/buscatextual.cnpq.br\/buscatextual\/visualizacv.do?id=K4736595P7&amp;tokenCaptchar=03AOLTBLSROIn4a_ZALNYPsMSYrWlGkvLfQlKYTacEfMHtz4hrbiXmm3GgOBqTLTiWbb4i9cij6kQpnCdQMNMcb22soSgXA_jw4IVMm5G-GxoXeWIPzJIIysuA8TZ--qNnsCossSYjcE15GbvxMS3exzvIuophfSDUgfNaGkh3aKMTasnJ_z_oByaqAzkKkLFNlsMVnYkrlUK_zlKz4jLh1TTmW5vwovvFGHZPp6o_UjQN6yuH_9tAWPlFjNuptuwJz5jqQtsBE7HoPEfaoeRjx5iKcuCLEESyae4IpXnFeE6VsLYLtXvhCIyzIpBFz-4H9z_uBg44SdrwLpMQbXK7VddsktbAZ5Y40TcIvqmX5EHGypht7FAE8y3ilcyHJyYtIhiuNsmp5_Z4gRO9ZezHUqnvfHs2AbA1hQ\" target=\"_blank\" rel=\"noopener noreferrer\">Carolina Pinto da Silva<\/a><\/p>\n<p><a href=\"http:\/\/buscatextual.cnpq.br\/buscatextual\/visualizacv.do?id=K2075824Z0&amp;tokenCaptchar=03AOLTBLTdSCpITg3wQruAeQy16_ll4qR87Wj7EZXoFx65gHWz9XMKBRwsOAInD8n4SV9m9AbV9udmw5DkvvIxMtP-VXmwfYVlvlE8_cjKJ_PrVwsmzfMLoFfZUjtkH88Wdyih7Epyds-vBeYsrFCNIA08F-lyjLvDkm9AdUzC0Au6ZLCm6_dlvdE-y0Jbcm67VHpt2uJw3z8JhX31ujJjAvoWbrDsep8tn6wcNUqw8mjfT3-YiHII09B3g9CYrDVaDR5gupw0xtoNFr-Vp8-aHhaWXIGCT2c3JRM_uQQbet5LqAtFse4-2toHqABBF_GPt3987nI2Fupt1jiOLfmTju2GUSSyHqmzacPpLJ9B7VaKMUvmAiah-8GQ_xf6OnhGCG5gu8C5Xr9hGwF4T3IMcLD0WtaIjxxzcw\" target=\"_blank\" rel=\"noopener noreferrer\">Caroline da Silva Villar<\/a><\/p>\n<p><a href=\"http:\/\/buscatextual.cnpq.br\/buscatextual\/visualizacv.do?id=K4775933A7&amp;tokenCaptchar=03AOLTBLQmB4WuS4amx-pip0_etVQXxIHym9BoPQdXkVbqlnhiRa6ajLeNK-LlD_S0aHLvNzhdtJWnuCb_amaAfsY1Zu92zXC-OQ2FbA2bsPY9mh_IRgUGaT5_ca44I6REyx4F89Ij09DisSdpBewDcF-12K2FrqL6ADTLsTmC87LiK_u-Fdh_j3uoTBYxcM--NzZV_fBrpIxwD3FtZbF0SsfZ-cehJByhIJd8vObw_eDfuEsojfzrc6zsMVT5x1jOt12f62fXcihongIGZH1UEGZYwVh30_gGWZLvOcWqoP-kT0nctfsDqstN8FS-UT-6raMcNpU9fOdpkZ0nWgOdSbrgFgv2DqMzEuIu72CmsMy8352Glo1tSNeaCSSNmyBWNkKO2Tz0AxO5WCGmw3xO51CyWHnnLjYIjA\" target=\"_blank\" rel=\"noopener noreferrer\">Catia Fernandes de Carvalho<\/a><\/p>\n<p><a href=\"http:\/\/buscatextual.cnpq.br\/buscatextual\/visualizacv.do?id=K4933366Y8&amp;tokenCaptchar=03AOLTBLTOMWYgMcHNe6lsaUOoWVsCRCb0cRCnm9obLZQv1CNlFjcuno1-LXuoxFFeScTcggxL10_KI9EUMUu0DD4q2ZWROAZ2YG28icmq438rss9NHvKZ9mbE_R1O2vZ27LYk-405sTjwMeKfL2oO3tgzO2NNw1smQWXFawdwxdPh1gIM3Zr_uYnuAP7Sj8a17PKsGfOK_RTKofEcHdC3spq-gnsGRUmRkjQznD5drpvoCENkB_LrMPkxWNzbGn_je8Wcp_YVDwQJ_tJBapBqDSf-NorS9tXYfcpMcAa5TPCSCWwJf0fvACH9ymFZRd55uyh-QlQtDRO3u1c-4t4hCtWlLMcmjm5pxgcV6I1Suld3E8cVHEBEXJEvPEYOfWl2RhcwfVwWiaNx7cjv0qmYceDtwSTttkrcuQ\" target=\"_blank\" rel=\"noopener noreferrer\">D\u00e9bora Souto Allemand<\/a><\/p>\n<p><a href=\"http:\/\/buscatextual.cnpq.br\/buscatextual\/visualizacv.do?id=K4213242D8&amp;tokenCaptchar=03AOLTBLT-EzNvB-FogNdk3y9O1xKhHI1EB0u6Hi3wx4xLYwI0lE5DGMT4P1kdSEuUL3tPXenfnz0DfxLbMztDwh-KmKM7pHM3Kdb7300JmUEXbPtaXPn7iJ7EZphDimPnPshJnOS_ynLndP9YH7w8pKC1xSCy3jDE2kzAgXmPfXym8uIipMlJf6cc7Qyj19lc5-R5YWBLTOQXCyJq2A_wv64EpTdQbS7p05X47xCSPEktSIZ2XkYomAQ5dKrlNQn3NzYTMGb12s6UW9QE5H2Hwub37TiiMRP4hQU1_CuSqJpzDfig17a30EeBlWTdQtzUks6Yfpcq8ZOo6Gdu7PB7dclh8rNriNEQR5NH3PLNQjoSr13hxG2gylnJ_Uv_Q-7VDIwg4tS7arUb4WgrHjHJd4BYpAD0ja6mbg\" target=\"_blank\" rel=\"noopener noreferrer\">Jaciara Jorge<\/a><\/p>\n<p>Janete Rodrigues<\/p>\n<p><a href=\"http:\/\/buscatextual.cnpq.br\/buscatextual\/visualizacv.do?id=K4277552Z4&amp;tokenCaptchar=03AOLTBLR0u6pjFLkPIn-kDSMDW0o71gwdsiPbdIjXSL7RTpaT2OviLpqO9RIuxoGhbnNTIMvwzzmYqhSd9q6urMliAdWVhZqxQUi_7xkxWPe4XLA1kMZanVtHq4nnhKKRInWuBxlSunEciKIo8t_8smJga9Kh4GvxNoL23lINY-2xtvp4TSiRZ_x84c1UMTOI8Ed6EpX-M-mdMuwaPPF3PDHI1i9hfH96RZ4tqO9F5_A0dJ4wxgAzWikgGb_O8m46swListkWNXThH-c0Bi9-xBIwYgfnMgYe4aIlqWZs2VNveLoxXbcPmUACIn4l_CGP3Ioq-LBevzOuwd7_5z_ZluoJU2Oy4vnnoQqLO8a3pykPVhyygojz9V5w0ZVojElj_lmonBlizA5eELKw8f36uRVcBfbaVsU5LQ\" target=\"_blank\" rel=\"noopener noreferrer\">Josiane Gisela Franken Corr\u00eaa<\/a><\/p>\n<p><a href=\"http:\/\/buscatextual.cnpq.br\/buscatextual\/visualizacv.do?id=K4830258U7&amp;tokenCaptchar=03AOLTBLQ08yMNR0SMtwfU5Os13q28tWFy7GGtF8P5l5s5XzqRXYngbO2xrmlP5tVQkDkKgCJV1Bo37RjLC8XOnagrnUxqwOgUJHNEb_TTDf5lY4ap0U0kzvibnsDYIdTfbuIgEJoiN1oPizgptJe8Aei9diwXI_QfrsdJAIhFu4sP1S3CMN_qiCY20kpu8DLKY3PfwuLPwe9sy0CEZC7HVavkn9Nr0VwBoGOZsUZbl4-TgnHYeG7aYOF4m0-Rv8byoYPDC7kVrMU0OH-cMlr_REPvUT-WuYIMs0GQ69YDfuCmqJxztS4NUmPSHisRPGW1zNtVXqnXpczvNUSps5GehI82C33EBtj-hsmw7kTM6cISlqDOTeWl377awNWjejtLmzBxD0EjFfCLLBaTFi10ryZBUBGoUuOv_w\" target=\"_blank\" rel=\"noopener noreferrer\">Manoel Gildo Alves Neto<\/a><\/p>\n<p><a href=\"http:\/\/buscatextual.cnpq.br\/buscatextual\/visualizacv.do?id=K2495381P9&amp;tokenCaptchar=03AOLTBLQ6yEPItURhAPJsl-cwjfc01B0NFVEewfW6RaDU9Wny8YdYRfKlL9EQ5Jm2-YJn19b43_OYjg39GhDomvmzoLm16HaNe_yiMOrkU52IBM0iKuVFFd5eg8CCi4PVtfmWlMUJJ_b7_ijhT4XllZCPI-9EpKmdc4RkIImoKYzsP_CjEsDrUwL9VnsFDiTuKQxab_O-CrOqd_ZtMBl6-n_MtaXBYJcd1CvBZIjBgmgqaxTDz_QssjcHOptej-fPwRq4TPO9MUiWg_tRDt-8Vurf9TG-te_kqjw9tA1Q4m84ztP1KaOdilrxj3lgTx7BDmv0dGDP0c4CagiJKeKn6DLpPu0YvWZdmzvwNZ0Rt9xlGIvQPDQSET3Qqge2z8Jc2peLCmEAoKzEycnhrqfzyPZFK8iKOQFrCQ\" target=\"_blank\" rel=\"noopener noreferrer\">Marina Becker Mocellin<\/a><\/p>\n<p><a href=\"http:\/\/buscatextual.cnpq.br\/buscatextual\/visualizacv.do?id=K4079375Y7&amp;tokenCaptchar=03AOLTBLTZYjtiiOakyAtHhC-LBKi06Lpgk74TzdKxkyCpkqPcSJr5Daul-Hka86Xh1cLhHofkbjPQFoKLTAwspWR_ieMmJhMheUF8qs8RUX6_7vUBs6CEmLNQHJ5sL5cSWPpG20vj7QuRKuwD7nN59ttgrTUNBa9mycaDpl79xV4x88mJ0Y3UdHmESXYR1wN8C_50D2VEU9oXWRR_1usRiUP-kRTZiwGZO2RedNKMX-yRygdpEHnTG5Ud4QJsy0q0JxuzAVARlELeaHhWiiMYeiGi_mTDKzQa5ZzeLPr2upIbtV3_9iKBi7pZKoeJQFT05abZoJ3du01BPXI9YGNlVq4uJKXeonoo_zGd6ISY37FQO83j4Mf2JGpKecbjvg8RqoiwnEFxz8nnzzRKh3Ip4Mpqh3xbR89kNA\" target=\"_blank\" rel=\"noopener noreferrer\">Ta\u00eds Chaves Prestes<\/a><\/p>\n<p><a href=\"http:\/\/buscatextual.cnpq.br\/buscatextual\/visualizacv.do?id=K4418435J3&amp;tokenCaptchar=03AOLTBLTgJcngUjtgHlh2jzCxTQzra3a5AN4s5FPf_IfkgD4JO5ExaYBekwCfv9XYFAtyGE6CVvTaYL78aOdXtYC-ackxDSC-Vo6r0mtNb5eFr-Q8KBEQDqdH6ym001E3XtkwOy7xpjjgHLtpLqkDrgEql0plbaCuw11gwihxPJzfZNcyjRTSkJeSLIAm9nZ4ZPdDm6gjI2XKS4v51eDmg73bEtB6xRrvimzw_UUtukgwOcdA77T4zPfhGBEZDl1rUIMqWRB7LQY_UaAivx2TSNd6fzYN6gSr8BiOTY8HDkgXtP6QOJgrLmHd1BlkDPrDP5mz-ZdxSQ3FsqrTSmYuIwDBKGPyLCoZMz47YqfS4SxG3nTsaCeSe82M-lYFhmIFk1pA35Ryt5zdZuj0TmHcJBBod_JIee3KmA\" target=\"_blank\" rel=\"noopener noreferrer\">Tauana Oxley<\/a><\/p>\n<p><a href=\"http:\/\/buscatextual.cnpq.br\/buscatextual\/visualizacv.do?id=K4745426T6&amp;tokenCaptchar=03AOLTBLSK-8knuHfGKaFI6aCORF7KxYcMJa7NTsE7vF85tjQSHgFTPeA1F0cRIYGrnoeGreL-qY0IFYJYuR0-NoE7ROIvbj0b_njXjGD0947He6rgpWOu02QvpQnMVPt3EJooeNQwFzinXkMxM_2oiKJj9iAwDjvBRb_JdPYvQ0mdo84fZLAMDX2aMBlwr2yOXRSEmxmofPrUgmL61jXYKWLJLe4sikRrjG_ZhUNRZ58_qO2smUW5aTkUCBk0_5dfL0_rSu8drhfTEt6RwxiRMfISxYLrrl1dZPQjLV7_b-tgsZL1NZEMubTi-rbuav8BAWEGj0woPxvn_bZD5E6_hdAj-GIlXG4ohUbYjMSpJojzJKlocdEbl77x7Iopryk8GPiGrz7a0CT_BKcBHFljv9poqrtsYW7ZAg\" target=\"_blank\" rel=\"noopener noreferrer\">Thiago de Amorim Jesus<\/a><\/p>\n","protected":false},"excerpt":{"rendered":"<p>Colaboradores do Projeto Ensino Contempor\u00e2neo de Dan\u00e7a na Educa\u00e7\u00e3o B\u00e1sica: pedagogias poss\u00edveis &nbsp; Andrisa Kemel Zanella Carmen Anita Hoffmann Carolina Martins Portela Carolina Pinto da Silva Caroline da Silva Villar Catia Fernandes de Carvalho D\u00e9bora Souto Allemand Jaciara Jorge Janete Rodrigues Josiane Gisela Franken Corr\u00eaa Manoel Gildo Alves Neto Marina Becker Mocellin Ta\u00eds Chaves Prestes [&hellip;]<\/p>\n","protected":false},"author":960,"featured_media":0,"parent":175,"menu_order":2,"comment_status":"closed","ping_status":"closed","template":"","meta":{"footnotes":""},"class_list":["post-211","page","type-page","status-publish","hentry"],"_links":{"self":[{"href":"https:\/\/wp.ufpel.edu.br\/ensinodedanca\/wp-json\/wp\/v2\/pages\/211","targetHints":{"allow":["GET"]}}],"collection":[{"href":"https:\/\/wp.ufpel.edu.br\/ensinodedanca\/wp-json\/wp\/v2\/pages"}],"about":[{"href":"https:\/\/wp.ufpel.edu.br\/ensinodedanca\/wp-json\/wp\/v2\/types\/page"}],"author":[{"embeddable":true,"href":"https:\/\/wp.ufpel.edu.br\/ensinodedanca\/wp-json\/wp\/v2\/users\/960"}],"replies":[{"embeddable":true,"href":"https:\/\/wp.ufpel.edu.br\/ensinodedanca\/wp-json\/wp\/v2\/comments?post=211"}],"version-history":[{"count":5,"href":"https:\/\/wp.ufpel.edu.br\/ensinodedanca\/wp-json\/wp\/v2\/pages\/211\/revisions"}],"predecessor-version":[{"id":227,"href":"https:\/\/wp.ufpel.edu.br\/ensinodedanca\/wp-json\/wp\/v2\/pages\/211\/revisions\/227"}],"up":[{"embeddable":true,"href":"https:\/\/wp.ufpel.edu.br\/ensinodedanca\/wp-json\/wp\/v2\/pages\/175"}],"wp:attachment":[{"href":"https:\/\/wp.ufpel.edu.br\/ensinodedanca\/wp-json\/wp\/v2\/media?parent=211"}],"curies":[{"name":"wp","href":"https:\/\/api.w.org\/{rel}","templated":true}]}}