{"id":208,"date":"2020-02-18T08:54:22","date_gmt":"2020-02-18T11:54:22","guid":{"rendered":"https:\/\/wp.ufpel.edu.br\/ensinodedanca\/?page_id=208"},"modified":"2020-02-18T08:54:22","modified_gmt":"2020-02-18T11:54:22","slug":"musicas","status":"publish","type":"page","link":"https:\/\/wp.ufpel.edu.br\/ensinodedanca\/recomendamos-2\/musicas\/","title":{"rendered":"M\u00daSICAS"},"content":{"rendered":"<header class=\"entry-header\">\n<h1 class=\"entry-title\">M\u00daSICA E DAN\u00c7A PARA\u00a0CRIAN\u00c7AS<\/h1>\n<\/header>\n<div class=\"entry-content\">\n<p>Segue abaixo uma lista de artistas e \u00a0t\u00edtulos de \u00e1lbuns de m\u00fasicas que indicamos para dar aula de dan\u00e7a para crian\u00e7as. Procurem por eles no Google, Youtube e Spotify:<\/p>\n<p>\u2013 A arca de No\u00e9 \u2013 Vin\u00edcius de Moraes<\/p>\n<p>\u2013 Adriana Calcanhoto<\/p>\n<p>\u2013 Badulaque<\/p>\n<p>\u2013 Banda Estralo<\/p>\n<p>\u2013 Banda Trupicada<\/p>\n<p>\u2013 Barbatuques<\/p>\n<p>\u2013 Bia Bedran<\/p>\n<p>\u2013 Cante escola<\/p>\n<p>\u2013 Can\u00e7\u00f5es de Ninar \u2013 Turma da M\u00f4nica<\/p>\n<p>\u2013 Crianceiras<\/p>\n<p>\u2013 Cuidado que mancha<\/p>\n<p>\u2013 F\u00e1bulas de Leonardo da Vinci<\/p>\n<p>\u2013 Fadas Magrinhas<\/p>\n<p>\u2013 Fortuna<\/p>\n<p>\u2013 Grupo Cria<\/p>\n<p>\u2013 Grupo Curupaco<\/p>\n<p>\u2013 Grupo \u00c9ramos tr\u00eas<\/p>\n<p>\u2013 Grupo Parampampam<\/p>\n<p>\u2013 Grupo Rumo<\/p>\n<p>\u2013 Grupo Triii<\/p>\n<p>\u2013 Gui Calegari<\/p>\n<p>\u2013 Hamilton Catete<\/p>\n<p>\u2013 Isadora Canto<\/p>\n<p>\u2013 Ivete Sangalo para crian\u00e7as<\/p>\n<p>\u2013 Lenga la lenga<\/p>\n<p>\u2013 Mandinho \u2013 Leandro Maia<\/p>\n<p>\u2013 Mundo Bita<\/p>\n<p>\u2013 M\u00fasica de Brinquedo \u2013 Pato Fu<\/p>\n<p>\u2013 Murucututu<\/p>\n<p>\u2013 Ol\u00e1<\/p>\n<p>\u2013 Os sons do beb\u00ea<\/p>\n<p>\u2013 OssoBanda<\/p>\n<p>\u2013 Palavra Cantada<\/p>\n<p>\u2013 Pandorga da Lua<\/p>\n<p>\u2013 Par ou \u00cdmpar \u2013 Kleiton e Kledir<\/p>\n<p>\u2013 Pequeno Cidad\u00e3o<\/p>\n<p>\u2013\u00a0Rita Rameh e Luiz Waack<\/p>\n<p>\u2013 Rubinho do Vale<\/p>\n<p>\u2013 S\u00edtio do Pica Pau Amarelo<\/p>\n<p>\u2013 Tiquequ\u00ea<\/p>\n<p>\u2013 Toquinho<\/p>\n<p>\u2013 Villa Lobos e Os brinquedos de roda<\/p>\n<p>\u2013 Z\u00e9 Zuca<\/p>\n<p>\u2013 Zor\u00f3 \u2013 Zeca Baleiro<\/p>\n<p>E a\u00ed, o que acharam? Se tiverem sugest\u00f5es para incluir, envie nos coment\u00e1rios ou por e-mail!!!<\/p>\n<\/div>\n","protected":false},"excerpt":{"rendered":"<p>M\u00daSICA E DAN\u00c7A PARA\u00a0CRIAN\u00c7AS Segue abaixo uma lista de artistas e \u00a0t\u00edtulos de \u00e1lbuns de m\u00fasicas que indicamos para dar aula de dan\u00e7a para crian\u00e7as. Procurem por eles no Google, Youtube e Spotify: \u2013 A arca de No\u00e9 \u2013 Vin\u00edcius de Moraes \u2013 Adriana Calcanhoto \u2013 Badulaque \u2013 Banda Estralo \u2013 Banda Trupicada \u2013 Barbatuques [&hellip;]<\/p>\n","protected":false},"author":960,"featured_media":0,"parent":120,"menu_order":0,"comment_status":"closed","ping_status":"closed","template":"","meta":{"footnotes":""},"class_list":["post-208","page","type-page","status-publish","hentry"],"_links":{"self":[{"href":"https:\/\/wp.ufpel.edu.br\/ensinodedanca\/wp-json\/wp\/v2\/pages\/208","targetHints":{"allow":["GET"]}}],"collection":[{"href":"https:\/\/wp.ufpel.edu.br\/ensinodedanca\/wp-json\/wp\/v2\/pages"}],"about":[{"href":"https:\/\/wp.ufpel.edu.br\/ensinodedanca\/wp-json\/wp\/v2\/types\/page"}],"author":[{"embeddable":true,"href":"https:\/\/wp.ufpel.edu.br\/ensinodedanca\/wp-json\/wp\/v2\/users\/960"}],"replies":[{"embeddable":true,"href":"https:\/\/wp.ufpel.edu.br\/ensinodedanca\/wp-json\/wp\/v2\/comments?post=208"}],"version-history":[{"count":1,"href":"https:\/\/wp.ufpel.edu.br\/ensinodedanca\/wp-json\/wp\/v2\/pages\/208\/revisions"}],"predecessor-version":[{"id":210,"href":"https:\/\/wp.ufpel.edu.br\/ensinodedanca\/wp-json\/wp\/v2\/pages\/208\/revisions\/210"}],"up":[{"embeddable":true,"href":"https:\/\/wp.ufpel.edu.br\/ensinodedanca\/wp-json\/wp\/v2\/pages\/120"}],"wp:attachment":[{"href":"https:\/\/wp.ufpel.edu.br\/ensinodedanca\/wp-json\/wp\/v2\/media?parent=208"}],"curies":[{"name":"wp","href":"https:\/\/api.w.org\/{rel}","templated":true}]}}