{"id":203,"date":"2020-02-18T08:48:33","date_gmt":"2020-02-18T11:48:33","guid":{"rendered":"https:\/\/wp.ufpel.edu.br\/ensinodedanca\/?page_id=203"},"modified":"2020-02-18T08:48:33","modified_gmt":"2020-02-18T11:48:33","slug":"livros","status":"publish","type":"page","link":"https:\/\/wp.ufpel.edu.br\/ensinodedanca\/recomendamos-2\/livros\/","title":{"rendered":"LIVROS"},"content":{"rendered":"<header class=\"entry-header\">\n<h1 class=\"entry-title\">LIVROS SOBRE OU PARA O ENSINO DE\u00a0ARTES-DAN\u00c7A<\/h1>\n<\/header>\n<div class=\"entry-content\">\n<p>ALMEIDA, Fernanda de Souza.\u00a0<strong>Dan\u00e7a e Educa\u00e7\u00e3o<\/strong>: 30 experi\u00eancias l\u00fadicas com crian\u00e7as. S\u00e3o Paulo: Summus, 2018.<\/p>\n<p>ALMEIDA, Fernanda de Souza.\u00a0<strong>Que dan\u00e7a \u00e9 essa?<\/strong>\u00a0Uma proposta para a Educa\u00e7\u00e3o Infantil. S\u00e3o Paulo: Summus, 2016.<\/p>\n<p>ANDRADE, Carolina Romano de; GODOY, Kathya Maria Ayres de. <strong>Dan\u00e7a com crian\u00e7as:<\/strong> propostas, ensino e possibilidades. Curitiba: Appris, 2018.<\/p>\n<p>BARRETO, D\u00e9bora.\u00a0<strong>Dan\u00e7a\u2026 Ensino, sentidos e possibilidades na escola<\/strong>. Campinas: Autores Associados, 2004.<\/p>\n<p>BOFF, Fernanda Bertoncello.\u00a0<strong>Pequenices:<\/strong>\u00a0dan\u00e7a, corpo e educa\u00e7\u00e3o. Porto Alegre: Canto-cultura e arte, 2017.<\/p>\n<p>CONE, Theresa Purcell; CONE, Stephen L.\u00a0<strong>Ensinando dan\u00e7a para crian\u00e7as<\/strong>. 3 ed. Barueri, SP: Manole, 2015.<\/p>\n<p>DUARTE JR, Jo\u00e3o Francisco.\u00a0<strong>Por que arte-educa\u00e7\u00e3o?<\/strong>\u00a022\u00aa Ed. Campinas, SP: Papirus, 2012.<\/p>\n<p>FERREIRA, Sueli.\u00a0<strong>O ensino das artes<\/strong>: construindo caminhos. 10 ed. Campinas, SP: Papirus, 2012.<\/p>\n<p>FERREIRA, Ta\u00eds; FALKEMBACH, Maria Fonseca.\u00a0<b>Teatro e dan\u00e7a nos anos iniciais.<\/b>\u00a0Porto Alegre: Media\u00e7\u00e3o, 2012. p. 59-130.<\/p>\n<p>ICLE, Gilberto (Org.).\u00a0<b>Pedagogia da arte<\/b>: entre-lugares da cria\u00e7\u00e3o. Porto Alegre: UFRGS, 2010.<\/p>\n<p>LABAN, Rudolf.\u00a0<b>Dom\u00ednio do movimento<\/b>. 5.ed. Edi\u00e7\u00e3o organizada por Lisa Ullmann [tradu\u00e7\u00e3o: Anna Maria Barros De Vecchi e Maria S\u00edlvia Mour\u00e3o Netto]. S\u00e3o Paulo: Summus, 1978.<\/p>\n<p>MARQUES, Isabel; BRAZIL, F\u00e1bio.\u00a0<strong>Arte em Quest\u00f5es<\/strong>. S\u00e3o Paulo: Digitexto, 2012.<\/p>\n<p>MARQUES, Isabel A.\u00a0<b>Dan\u00e7ando na escola<\/b>. 5. ed. S\u00e3o Paulo: Cortez, 2010.<\/p>\n<p>MARQUES, Isabel A. <strong>Ensino de Dan\u00e7a hoje:<\/strong> textos e contextos. 6. ed. S\u00e3o Paulo: Cortez, 2011.<\/p>\n<p>MARQUES, Isabel A.<strong> Intera\u00e7\u00f5es:<\/strong> crian\u00e7as, dan\u00e7a e escola. S\u00e3o Paulo: Blucher, 2012<\/p>\n<p>MARQUES, Isabel A.<b>\u00a0Linguagem da dan\u00e7a<\/b>: arte e ensino. S\u00e3o Paulo: Digitexto, 2010.<\/p>\n<p>MARQUES, Isabel.\u00a0<strong>Metodologia para o Ensino de Dan\u00e7a<\/strong>: luxo ou necessidade? In: PEREIRA, Roberto &amp; SOTER, Silvia. (org.)\u00a0Li\u00e7\u00f5es de Dan\u00e7a 4. Rio de Janeiro: UniverCidade, 2003.<\/p>\n<p>M\u00d6DINGER, Carlos Roberto\u00a0<em>et al<\/em>.\u00a0<strong>Artes Visuais, Dan\u00e7a, M\u00fasica e Teatro<\/strong>: pr\u00e1ticas pedag\u00f3gicas e colabora\u00e7\u00f5es docentes. Erechim: Edelbra, 2012.<\/p>\n<p>M\u00d6DINGER, Carlos Roberto\u00a0<em>et al<\/em>.\u00a0<strong>Pr\u00e1ticas Pedag\u00f3gicas em Artes:\u00a0<\/strong>espa\u00e7o, tempo e corporeidade.. Erechim: Edelbra, 2012.<\/p>\n<p>MORANDI, Carla; STRAZZACAPPA, M\u00e1rcia.\u00a0<b>Entre a arte e a doc\u00eancia<\/b>: a forma\u00e7\u00e3o do artista da dan\u00e7a. Campinas, SP: Papirus, 2006.<\/p>\n<p>NANNI, Dion\u00edsia.\u00a0<strong>Dan\u00e7a Educa\u00e7\u00e3o<\/strong>: pr\u00e9-escola a universidade. Rio de Janeiro: Sprint, 1995.<\/p>\n<p>NANNI, Dion\u00edsia.\u00a0<strong>Dan\u00e7a Educa\u00e7\u00e3o<\/strong>: princ\u00edpios, m\u00e9todos e t\u00e9cnicas. Rio de Janeiro \u2013 RJ: Sprint, 1995.<\/p>\n<p>OSSONA, Paulina. <strong>A educa\u00e7\u00e3o pela dan\u00e7a<\/strong>. 6. ed. S\u00e3o Paulo: Summus, 2011.<\/p>\n<p>PORCHER, Louis.\u00a0<strong>Educa\u00e7\u00e3o Art\u00edstica<\/strong>: luxo ou necessidade? S\u00e3o Paulo: Summus, 1982.<\/p>\n<p>PORPINO, Karenine de Oliveira.\u00a0<strong>Dan\u00e7a \u00e9 educa\u00e7\u00e3o:<\/strong>\u00a0interfaces entre corporeidade e est\u00e9tica. Natal, RN: Editora da UFRN, 2006.<\/p>\n<p>RENGEL, Lenira.\u00a0<b>Os temas de movimento de Rudolf Laban<\/b>: modos de aplica\u00e7\u00e3o e refer\u00eancias I, II, III, IV, V, VI, VII e VIII. S\u00e3o Paulo: Annablume, 2008.<\/p>\n<p>RENGEL, Lenira; LANGENDONCK, Rosana.\u00a0<strong>Pequena viagem pelo mundo da dan\u00e7a<\/strong>. S\u00e3o Paulo: Moderna, 2006.<\/p>\n<p>ROBATTO, Lia.\u00a0<strong>A dan\u00e7a como via privilegiada de educa\u00e7\u00e3o<\/strong>: relato de uma experi\u00eancia. Salvador: EDUFBA, 2012.<\/p>\n<p>S\u00c1, Ivo Ribeiro de; GODOY, Kathya Maria Ayres de. <strong>Oficinas de dan\u00e7a e express\u00e3o corporal para o Ensino Fundamental<\/strong>. S\u00e3o Paulo: Cortez, 2009.<\/p>\n<p>SANTOS, Vera L\u00facia Bertoni dos.\u00a0<b>Brincadeira e Conhecimento<\/b>: do faz-de-conta \u00e0 representa\u00e7\u00e3o teatral. Porto Alegre: Media\u00e7\u00e3o, 2002.<\/p>\n<p>SPOLIN, Viola.\u00a0<b>Improvisa\u00e7\u00e3o para o teatro<\/b>.\u00a0 5. ed. S\u00e3o Paulo: Editora Perspectiva, 2008.<\/p>\n<p>STOKOE, Patricia; HARF, Ruth. <strong>Express\u00e3o corporal na pr\u00e9-escola<\/strong>. 5. ed. S\u00e3o Paulo: Summus, 2015.<\/p>\n<p>TADRA, D\u00e9bora; VIOL, Rosimara; ORTOLAN, Sabrina; MA\u00c7ANEIRO, Scheila.\u00a0<strong>Linguagem da Dan\u00e7a<\/strong>. Curitiba: InterSaberes, 2012.<\/p>\n<p>TOMAZZONI, Airton (Org.).\u00a0<b>Algumas perguntas sobre dan\u00e7a e educa\u00e7\u00e3o<\/b>. Joinville: Nova Letra, 2010.<\/p>\n<p>VARGAS, Lisete Arnizaut Machado.\u00a0<b>Escola em Dan\u00e7a<\/b>: movimento, express\u00e3o e arte. Porto Alegre: Media\u00e7\u00e3o, 2007.<\/p>\n<\/div>\n","protected":false},"excerpt":{"rendered":"<p>LIVROS SOBRE OU PARA O ENSINO DE\u00a0ARTES-DAN\u00c7A ALMEIDA, Fernanda de Souza.\u00a0Dan\u00e7a e Educa\u00e7\u00e3o: 30 experi\u00eancias l\u00fadicas com crian\u00e7as. S\u00e3o Paulo: Summus, 2018. ALMEIDA, Fernanda de Souza.\u00a0Que dan\u00e7a \u00e9 essa?\u00a0Uma proposta para a Educa\u00e7\u00e3o Infantil. S\u00e3o Paulo: Summus, 2016. ANDRADE, Carolina Romano de; GODOY, Kathya Maria Ayres de. Dan\u00e7a com crian\u00e7as: propostas, ensino e possibilidades. Curitiba: [&hellip;]<\/p>\n","protected":false},"author":960,"featured_media":0,"parent":120,"menu_order":0,"comment_status":"closed","ping_status":"closed","template":"","meta":{"footnotes":""},"class_list":["post-203","page","type-page","status-publish","hentry"],"_links":{"self":[{"href":"https:\/\/wp.ufpel.edu.br\/ensinodedanca\/wp-json\/wp\/v2\/pages\/203","targetHints":{"allow":["GET"]}}],"collection":[{"href":"https:\/\/wp.ufpel.edu.br\/ensinodedanca\/wp-json\/wp\/v2\/pages"}],"about":[{"href":"https:\/\/wp.ufpel.edu.br\/ensinodedanca\/wp-json\/wp\/v2\/types\/page"}],"author":[{"embeddable":true,"href":"https:\/\/wp.ufpel.edu.br\/ensinodedanca\/wp-json\/wp\/v2\/users\/960"}],"replies":[{"embeddable":true,"href":"https:\/\/wp.ufpel.edu.br\/ensinodedanca\/wp-json\/wp\/v2\/comments?post=203"}],"version-history":[{"count":1,"href":"https:\/\/wp.ufpel.edu.br\/ensinodedanca\/wp-json\/wp\/v2\/pages\/203\/revisions"}],"predecessor-version":[{"id":205,"href":"https:\/\/wp.ufpel.edu.br\/ensinodedanca\/wp-json\/wp\/v2\/pages\/203\/revisions\/205"}],"up":[{"embeddable":true,"href":"https:\/\/wp.ufpel.edu.br\/ensinodedanca\/wp-json\/wp\/v2\/pages\/120"}],"wp:attachment":[{"href":"https:\/\/wp.ufpel.edu.br\/ensinodedanca\/wp-json\/wp\/v2\/media?parent=203"}],"curies":[{"name":"wp","href":"https:\/\/api.w.org\/{rel}","templated":true}]}}