{"id":769,"date":"2021-05-31T16:26:46","date_gmt":"2021-05-31T19:26:46","guid":{"rendered":"https:\/\/wp.ufpel.edu.br\/enpos\/?page_id=769"},"modified":"2021-06-15T11:34:36","modified_gmt":"2021-06-15T14:34:36","slug":"xxii-enpos-2020","status":"publish","type":"page","link":"https:\/\/wp.ufpel.edu.br\/enpos\/edicoes-anteriores\/xxii-enpos-2020\/","title":{"rendered":"XXII ENPOS (2020)"},"content":{"rendered":"<p style=\"text-align: center;\"><img loading=\"lazy\" decoding=\"async\" class=\"alignnone size-large wp-image-708\" src=\"https:\/\/wp.ufpel.edu.br\/enpos\/files\/2020\/08\/ENPOS-984x220.png\" alt=\"\" width=\"604\" height=\"135\" \/><br \/>\n<strong>DE 23 A 27 DE NOVEMBRO DE 2020, EM FORMATO REMOTO.<\/strong><\/p>\n<ul>\n<li><a href=\"https:\/\/wp.ufpel.edu.br\/enpos\/anais\/anais-2020\/\">Anais 2020<\/a><\/li>\n<li><a href=\"https:\/\/wp.ufpel.edu.br\/enpos\/category\/noticias\/2020\/\">Not\u00edcias<\/a><\/li>\n<\/ul>\n<h3>Trabalhos apresentados (v\u00eddeos):<\/h3>\n<ul>\n<li><a href=\"https:\/\/cti.ufpel.edu.br\/siiepe\/apresentacoes\/2020\/ca\/enpos\">Ci\u00eancias Agr\u00e1rias<\/a><\/li>\n<li><a href=\"https:\/\/cti.ufpel.edu.br\/siiepe\/apresentacoes\/2020\/cb\/enpos\">Ci\u00eancias Biol\u00f3gicas<\/a><\/li>\n<li><a href=\"https:\/\/cti.ufpel.edu.br\/siiepe\/apresentacoes\/2020\/ce\/enpos\">Ci\u00eancias Exatas e da Terra<\/a><\/li>\n<li><a href=\"https:\/\/cti.ufpel.edu.br\/siiepe\/apresentacoes\/2020\/ch\/enpos\">Ci\u00eancias Humanas<\/a><\/li>\n<li><a href=\"https:\/\/cti.ufpel.edu.br\/siiepe\/apresentacoes\/2020\/cs\/enpos\">Ci\u00eancias da Sa\u00fade<\/a><\/li>\n<li><a href=\"https:\/\/cti.ufpel.edu.br\/siiepe\/apresentacoes\/2020\/sa\/enpos\">Ci\u00eancias Sociais Aplicadas<\/a><\/li>\n<li><a href=\"https:\/\/cti.ufpel.edu.br\/siiepe\/apresentacoes\/2020\/en\/enpos\">Engenharias<\/a><\/li>\n<li><a href=\"https:\/\/cti.ufpel.edu.br\/siiepe\/apresentacoes\/2020\/la\/enpos\">Ling\u00fc\u00edstica, Letras e Artes<\/a><\/li>\n<li><a href=\"https:\/\/cti.ufpel.edu.br\/siiepe\/apresentacoes\/2020\/md\/enpos\">Multidisciplinar<\/a><\/li>\n<\/ul>\n<hr \/>\n<h3><strong>Comit\u00ea Executivo do ENPOS<br \/>\n<\/strong><\/h3>\n<ul>\n<li>Rafael Vetromille de Castro<\/li>\n<li>Tania Maria Campelo Machado<\/li>\n<li>Helen Montes Vieira<\/li>\n<li>Evandro Dotto Dias<\/li>\n<\/ul>\n<p>&nbsp;<\/p>\n","protected":false},"excerpt":{"rendered":"<p>DE 23 A 27 DE NOVEMBRO DE 2020, EM FORMATO REMOTO. Anais 2020 Not\u00edcias Trabalhos apresentados (v\u00eddeos): Ci\u00eancias Agr\u00e1rias Ci\u00eancias Biol\u00f3gicas Ci\u00eancias Exatas e da Terra Ci\u00eancias Humanas Ci\u00eancias da Sa\u00fade Ci\u00eancias Sociais Aplicadas Engenharias Ling\u00fc\u00edstica, Letras e Artes Multidisciplinar Comit\u00ea Executivo do ENPOS Rafael Vetromille de Castro Tania Maria Campelo Machado Helen Montes Vieira &hellip; <a href=\"https:\/\/wp.ufpel.edu.br\/enpos\/edicoes-anteriores\/xxii-enpos-2020\/\" class=\"more-link\">Continue lendo <span class=\"screen-reader-text\">XXII ENPOS (2020)<\/span> <span class=\"meta-nav\">&rarr;<\/span><\/a><\/p>\n","protected":false},"author":20,"featured_media":0,"parent":417,"menu_order":0,"comment_status":"closed","ping_status":"closed","template":"","meta":{"jetpack_post_was_ever_published":false,"footnotes":"","_links_to":"","_links_to_target":""},"class_list":["post-769","page","type-page","status-publish","hentry"],"jetpack_sharing_enabled":true,"_links":{"self":[{"href":"https:\/\/wp.ufpel.edu.br\/enpos\/wp-json\/wp\/v2\/pages\/769","targetHints":{"allow":["GET"]}}],"collection":[{"href":"https:\/\/wp.ufpel.edu.br\/enpos\/wp-json\/wp\/v2\/pages"}],"about":[{"href":"https:\/\/wp.ufpel.edu.br\/enpos\/wp-json\/wp\/v2\/types\/page"}],"author":[{"embeddable":true,"href":"https:\/\/wp.ufpel.edu.br\/enpos\/wp-json\/wp\/v2\/users\/20"}],"replies":[{"embeddable":true,"href":"https:\/\/wp.ufpel.edu.br\/enpos\/wp-json\/wp\/v2\/comments?post=769"}],"version-history":[{"count":2,"href":"https:\/\/wp.ufpel.edu.br\/enpos\/wp-json\/wp\/v2\/pages\/769\/revisions"}],"predecessor-version":[{"id":784,"href":"https:\/\/wp.ufpel.edu.br\/enpos\/wp-json\/wp\/v2\/pages\/769\/revisions\/784"}],"up":[{"embeddable":true,"href":"https:\/\/wp.ufpel.edu.br\/enpos\/wp-json\/wp\/v2\/pages\/417"}],"wp:attachment":[{"href":"https:\/\/wp.ufpel.edu.br\/enpos\/wp-json\/wp\/v2\/media?parent=769"}],"curies":[{"name":"wp","href":"https:\/\/api.w.org\/{rel}","templated":true}]}}