{"id":7,"date":"2015-04-02T15:26:48","date_gmt":"2015-04-02T18:26:48","guid":{"rendered":"https:\/\/wp.ufpel.edu.br\/enpos\/?page_id=7"},"modified":"2020-08-19T23:58:30","modified_gmt":"2020-08-20T02:58:30","slug":"sobre","status":"publish","type":"page","link":"https:\/\/wp.ufpel.edu.br\/enpos\/sobre\/","title":{"rendered":"Sobre"},"content":{"rendered":"<p><strong>Encontro de P\u00f3s-Gradua\u00e7\u00e3o (ENPOS)<\/strong><\/p>\n<p style=\"text-align: justify\">O <strong>Encontro de P\u00f3s-Gradua\u00e7\u00e3o (ENPOS)<\/strong> \u00e9 um evento destinado a discentes de p\u00f3s-gradua\u00e7\u00e3o de institui\u00e7\u00f5es de ensino superior, p\u00fablicas ou privadas, nacionais e do exterior, ex-alunos de p\u00f3s-gradua\u00e7\u00e3o que defenderam os seus trabalhos no prazo m\u00e1ximo de um ano e membros de \u00f3rg\u00e3os de pesquisa, organiza\u00e7\u00f5es de desenvolvimento regional, institutos tecnol\u00f3gicos e de centros de pesquisa. O ENPOS possibilita que os discentes apresentem as suas pesquisas e discutam com a comunidade acad\u00eamica, buscando contribui\u00e7\u00f5es para o trabalho desenvolvido.<\/p>\n<p style=\"text-align: justify\">O <strong>Encontro de P\u00f3s-Gradua\u00e7\u00e3o (ENPOS)<\/strong> tem por objetivos:<\/p>\n<ul style=\"text-align: justify\">\n<li>Compartilhar conhecimento constru\u00eddo em n\u00edvel de p\u00f3s-gradua\u00e7\u00e3o na Universidade;<\/li>\n<li>Buscar contribui\u00e7\u00f5es aos trabalhos desenvolvidos com a troca de informa\u00e7\u00f5es;<\/li>\n<li>Fomentar a intera\u00e7\u00e3o e a constitui\u00e7\u00e3o de redes de saberes e de pesquisa entre discentes, docentes e Programas;<\/li>\n<li>Integrar a comunidade cient\u00edfica e acad\u00eamica;<\/li>\n<li>Promover a intera\u00e7\u00e3o entre a UFPEL e institui\u00e7\u00f5es com interesse nas atividades de p\u00f3s-gradua\u00e7\u00e3o desenvolvidas nesta Universidade;<\/li>\n<li>Divulgar para a sociedade o que est\u00e1 sendo constru\u00eddo nos Programas de P\u00f3s-Gradua\u00e7\u00e3o da UFPel;<\/li>\n<li>Aproximar a Universidade da sociedade.<\/li>\n<\/ul>\n<p style=\"text-align: justify\">O <strong>Encontro de P\u00f3s-Gradua\u00e7\u00e3o (ENPOS)<\/strong> \u00e9 um dos maiores eventos cient\u00edficos da UFPel, unificando a participa\u00e7\u00e3o de todos os Programas de P\u00f3s-Gradua\u00e7\u00e3o desta Universidade, contando ainda com a participa\u00e7\u00e3o de estudantes das Universidades da regi\u00e3o, do Brasil e do exterior.<\/p>\n","protected":false},"excerpt":{"rendered":"<p>Encontro de P\u00f3s-Gradua\u00e7\u00e3o (ENPOS) O Encontro de P\u00f3s-Gradua\u00e7\u00e3o (ENPOS) \u00e9 um evento destinado a discentes de p\u00f3s-gradua\u00e7\u00e3o de institui\u00e7\u00f5es de ensino superior, p\u00fablicas ou privadas, nacionais e do exterior, ex-alunos de p\u00f3s-gradua\u00e7\u00e3o que defenderam os seus trabalhos no prazo m\u00e1ximo de um ano e membros de \u00f3rg\u00e3os de pesquisa, organiza\u00e7\u00f5es de desenvolvimento regional, institutos tecnol\u00f3gicos &hellip; <a href=\"https:\/\/wp.ufpel.edu.br\/enpos\/sobre\/\" class=\"more-link\">Continue lendo <span class=\"screen-reader-text\">Sobre<\/span> <span class=\"meta-nav\">&rarr;<\/span><\/a><\/p>\n","protected":false},"author":296,"featured_media":0,"parent":0,"menu_order":0,"comment_status":"closed","ping_status":"closed","template":"","meta":{"jetpack_post_was_ever_published":false,"footnotes":"","_links_to":"","_links_to_target":""},"class_list":["post-7","page","type-page","status-publish","hentry"],"jetpack_sharing_enabled":true,"_links":{"self":[{"href":"https:\/\/wp.ufpel.edu.br\/enpos\/wp-json\/wp\/v2\/pages\/7","targetHints":{"allow":["GET"]}}],"collection":[{"href":"https:\/\/wp.ufpel.edu.br\/enpos\/wp-json\/wp\/v2\/pages"}],"about":[{"href":"https:\/\/wp.ufpel.edu.br\/enpos\/wp-json\/wp\/v2\/types\/page"}],"author":[{"embeddable":true,"href":"https:\/\/wp.ufpel.edu.br\/enpos\/wp-json\/wp\/v2\/users\/296"}],"replies":[{"embeddable":true,"href":"https:\/\/wp.ufpel.edu.br\/enpos\/wp-json\/wp\/v2\/comments?post=7"}],"version-history":[{"count":12,"href":"https:\/\/wp.ufpel.edu.br\/enpos\/wp-json\/wp\/v2\/pages\/7\/revisions"}],"predecessor-version":[{"id":705,"href":"https:\/\/wp.ufpel.edu.br\/enpos\/wp-json\/wp\/v2\/pages\/7\/revisions\/705"}],"wp:attachment":[{"href":"https:\/\/wp.ufpel.edu.br\/enpos\/wp-json\/wp\/v2\/media?parent=7"}],"curies":[{"name":"wp","href":"https:\/\/api.w.org\/{rel}","templated":true}]}}