{"id":382,"date":"2017-08-17T10:57:41","date_gmt":"2017-08-17T13:57:41","guid":{"rendered":"https:\/\/wp.ufpel.edu.br\/enpos\/?page_id=382"},"modified":"2017-08-28T09:20:03","modified_gmt":"2017-08-28T12:20:03","slug":"xvii-enpos-2015","status":"publish","type":"page","link":"https:\/\/wp.ufpel.edu.br\/enpos\/edicoes-anteriores\/xvii-enpos-2015\/","title":{"rendered":"XVII ENPOS (2015)"},"content":{"rendered":"<p><img loading=\"lazy\" decoding=\"async\" class=\"alignnone size-large wp-image-5\" src=\"https:\/\/wp.ufpel.edu.br\/enpos\/files\/2015\/04\/site-enpos-984x220.jpg\" alt=\"\" width=\"604\" height=\"135\" \/><\/p>\n<ul>\n<li><a href=\"https:\/\/wp.ufpel.edu.br\/enpos\/anais\/anais2015\/\">Anais (2015)<\/a><\/li>\n<li><a href=\"https:\/\/wp.ufpel.edu.br\/enpos\/files\/2015\/04\/Regulamento-I-Semana-Integrada.pdf\">Regulamento I Semana Integrada (2015)<\/a><\/li>\n<li><a href=\"https:\/\/wp.ufpel.edu.br\/enpos\/category\/noticias\/2015\/\">Not\u00edcias (2015)<\/a><\/li>\n<\/ul>\n<hr \/>\n<h3>Comiss\u00e3o Executiva XVII ENPOS<\/h3>\n<ul>\n<li>Luciano Volcan Agostini<\/li>\n<li>Maria Cecilia Lorea Leite<\/li>\n<li>Luciana Debli Kr\u00fcger<\/li>\n<li>Catia Regina M\u00fcller<\/li>\n<li>Mara Regina Gomes da Silva<\/li>\n<li>Tania Maria Campelo Machado<\/li>\n<li>Magda Terezinha Silva de Oliveira<\/li>\n<li>Angelo Aldrin Duarte Malta<\/li>\n<li>Thaise Schiavon<\/li>\n<li>Jonas Hammes<\/li>\n<\/ul>\n<p>&nbsp;<\/p>\n","protected":false},"excerpt":{"rendered":"<p>Anais (2015) Regulamento I Semana Integrada (2015) Not\u00edcias (2015) Comiss\u00e3o Executiva XVII ENPOS Luciano Volcan Agostini Maria Cecilia Lorea Leite Luciana Debli Kr\u00fcger Catia Regina M\u00fcller Mara Regina Gomes da Silva Tania Maria Campelo Machado Magda Terezinha Silva de Oliveira Angelo Aldrin Duarte Malta Thaise Schiavon Jonas Hammes &nbsp;<\/p>\n","protected":false},"author":20,"featured_media":0,"parent":417,"menu_order":0,"comment_status":"closed","ping_status":"closed","template":"","meta":{"jetpack_post_was_ever_published":false,"footnotes":"","_links_to":"","_links_to_target":""},"class_list":["post-382","page","type-page","status-publish","hentry"],"jetpack_sharing_enabled":true,"_links":{"self":[{"href":"https:\/\/wp.ufpel.edu.br\/enpos\/wp-json\/wp\/v2\/pages\/382","targetHints":{"allow":["GET"]}}],"collection":[{"href":"https:\/\/wp.ufpel.edu.br\/enpos\/wp-json\/wp\/v2\/pages"}],"about":[{"href":"https:\/\/wp.ufpel.edu.br\/enpos\/wp-json\/wp\/v2\/types\/page"}],"author":[{"embeddable":true,"href":"https:\/\/wp.ufpel.edu.br\/enpos\/wp-json\/wp\/v2\/users\/20"}],"replies":[{"embeddable":true,"href":"https:\/\/wp.ufpel.edu.br\/enpos\/wp-json\/wp\/v2\/comments?post=382"}],"version-history":[{"count":7,"href":"https:\/\/wp.ufpel.edu.br\/enpos\/wp-json\/wp\/v2\/pages\/382\/revisions"}],"predecessor-version":[{"id":398,"href":"https:\/\/wp.ufpel.edu.br\/enpos\/wp-json\/wp\/v2\/pages\/382\/revisions\/398"}],"up":[{"embeddable":true,"href":"https:\/\/wp.ufpel.edu.br\/enpos\/wp-json\/wp\/v2\/pages\/417"}],"wp:attachment":[{"href":"https:\/\/wp.ufpel.edu.br\/enpos\/wp-json\/wp\/v2\/media?parent=382"}],"curies":[{"name":"wp","href":"https:\/\/api.w.org\/{rel}","templated":true}]}}