{"id":15,"date":"2015-04-02T15:27:47","date_gmt":"2015-04-02T18:27:47","guid":{"rendered":"https:\/\/wp.ufpel.edu.br\/enpos\/?page_id=15"},"modified":"2025-07-21T11:06:54","modified_gmt":"2025-07-21T14:06:54","slug":"organizacao","status":"publish","type":"page","link":"https:\/\/wp.ufpel.edu.br\/enpos\/organizacao\/","title":{"rendered":"Organiza\u00e7\u00e3o"},"content":{"rendered":"<h3><strong>Comit\u00ea Executivo do ENPOS<br \/>\n<\/strong><\/h3>\n<p>Georgina Helena Xavier Lima<\/p>\n<p>Helen Montes Vieira<\/p>\n<p>Evandro Dotto Dias<\/p>\n<p>Aline Acosta Mathies<\/p>\n<p>Diego Vieira Braga<\/p>\n<p>Marco Antonio Tonus Marinho<\/p>\n","protected":false},"excerpt":{"rendered":"<p>Comit\u00ea Executivo do ENPOS Georgina Helena Xavier Lima Helen Montes Vieira Evandro Dotto Dias Aline Acosta Mathies Diego Vieira Braga Marco Antonio Tonus Marinho<\/p>\n","protected":false},"author":296,"featured_media":0,"parent":0,"menu_order":0,"comment_status":"closed","ping_status":"closed","template":"","meta":{"jetpack_post_was_ever_published":false,"footnotes":"","_links_to":"","_links_to_target":""},"class_list":["post-15","page","type-page","status-publish","hentry"],"jetpack_sharing_enabled":true,"_links":{"self":[{"href":"https:\/\/wp.ufpel.edu.br\/enpos\/wp-json\/wp\/v2\/pages\/15","targetHints":{"allow":["GET"]}}],"collection":[{"href":"https:\/\/wp.ufpel.edu.br\/enpos\/wp-json\/wp\/v2\/pages"}],"about":[{"href":"https:\/\/wp.ufpel.edu.br\/enpos\/wp-json\/wp\/v2\/types\/page"}],"author":[{"embeddable":true,"href":"https:\/\/wp.ufpel.edu.br\/enpos\/wp-json\/wp\/v2\/users\/296"}],"replies":[{"embeddable":true,"href":"https:\/\/wp.ufpel.edu.br\/enpos\/wp-json\/wp\/v2\/comments?post=15"}],"version-history":[{"count":12,"href":"https:\/\/wp.ufpel.edu.br\/enpos\/wp-json\/wp\/v2\/pages\/15\/revisions"}],"predecessor-version":[{"id":1179,"href":"https:\/\/wp.ufpel.edu.br\/enpos\/wp-json\/wp\/v2\/pages\/15\/revisions\/1179"}],"wp:attachment":[{"href":"https:\/\/wp.ufpel.edu.br\/enpos\/wp-json\/wp\/v2\/media?parent=15"}],"curies":[{"name":"wp","href":"https:\/\/api.w.org\/{rel}","templated":true}]}}