{"id":1171,"date":"2025-03-31T10:23:48","date_gmt":"2025-03-31T13:23:48","guid":{"rendered":"https:\/\/wp.ufpel.edu.br\/enpos\/?page_id=1171"},"modified":"2025-10-16T15:08:03","modified_gmt":"2025-10-16T18:08:03","slug":"programacao","status":"publish","type":"page","link":"https:\/\/wp.ufpel.edu.br\/enpos\/edicoes-anteriores\/xxvi-enpos-2024\/programacao\/","title":{"rendered":"Programa\u00e7\u00e3o Enp\u00f3s 2025"},"content":{"rendered":"<p>A Comiss\u00e3o Executiva do\u00a0<strong>XXVII Encontro de P\u00f3s-Gradua\u00e7\u00e3o (ENPOS)<\/strong>\u00a0est\u00e1 divulgando o cronograma final com todos os trabalhos aprovados para apresenta\u00e7\u00e3o no evento.<\/p>\n<p><strong>Informa\u00e7\u00f5es importantes:<\/strong><\/p>\n<ul>\n<li>O evento ocorrer\u00e1 no Campus Anglo, localizado na Rua Gomes Carneiro, n\u00ba01 \u2013 Pelotas.<\/li>\n<li>Considerando a proximidade do congresso e que os estudantes da UFPel n\u00e3o ter\u00e3o aulas no per\u00edodo, N\u00c3O SER\u00c1 POSS\u00cdVEL REALIZAR MODIFICA\u00c7\u00d5ES NA PROGRAMA\u00c7\u00c3O;<\/li>\n<li>Verifique com anteced\u00eancia o dia, hor\u00e1rio e sala da sua apresenta\u00e7\u00e3o e leve anotado com voc\u00ea;<\/li>\n<li>Programe-se para chegar alguns minutos antes da sua apresenta\u00e7\u00e3o, ap\u00f3s iniciada a sess\u00e3o n\u00e3o ser\u00e1 permitida a entrada na sala, nem do do orientador;<\/li>\n<li>O hor\u00e1rio de apresenta\u00e7\u00e3o \u00e9 o mesmo para todos(as) do sub-turno, conforme tabelas.\u00a0<strong>Todos(as) apresentadores(as)<\/strong>\u00a0devem estar na sala no hor\u00e1rio indicado (in\u00edcio do sub-turno);<\/li>\n<li>As sess\u00f5es de apresenta\u00e7\u00f5es transcorrer\u00e3o por subturnos. Cada sess\u00e3o ter\u00e1 a<br \/>\napresenta\u00e7\u00e3o oral de at\u00e9 sete trabalhos. No in\u00edcio da sess\u00e3o, ser\u00e3o concedidos at\u00e9 10 (dez) minutos para a apresenta\u00e7\u00e3o de cada trabalho, as quais ser\u00e3o feitas em sequ\u00eancia, sem interven\u00e7\u00f5es dos debatedores. Ap\u00f3s o t\u00e9rmino das apresenta\u00e7\u00f5es, dentro do sub-turno, os debatedores ter\u00e3o 20 (vinte) minutos para discutir em conjunto com os apresentadores os trabalhos apresentados na sess\u00e3o. \u00c9 permitido e estimulado que os apresentadores participem ativamente deste momento, inclusive com questionamentos aos pares.<\/li>\n<li>Os apresentadores dever\u00e3o informar seus orientadores do dia e hora da sua apresenta\u00e7\u00e3o;<\/li>\n<li>Ser\u00e3o disponibilizados computador e projetor nas salas, leve sua apresenta\u00e7\u00e3o em formato PDF salva em um pendrive;<\/li>\n<li>Leia o regulamento atentamente, qualquer d\u00favida entre em contato atrav\u00e9s do telefone (53)3284-4085.<\/li>\n<\/ul>\n<p>Programa\u00e7\u00e3o:<\/p>\n<p><a href=\"https:\/\/wp.ufpel.edu.br\/enpos\/files\/2025\/10\/Multi.-pdf-2.pdf\">Multi. pdf (2)<\/a><\/p>\n<p><a href=\"https:\/\/wp.ufpel.edu.br\/enpos\/files\/2025\/10\/Linguisticas-Letras-e-Artes-1-1.pdf\">Lingu\u00edsticas Letras e Artes-<\/a><\/p>\n<p><a href=\"https:\/\/wp.ufpel.edu.br\/enpos\/files\/2025\/10\/Engenharias-3.pdf\">Engenharias (3)<\/a><\/p>\n<p><a href=\"https:\/\/wp.ufpel.edu.br\/enpos\/files\/2025\/10\/Ciencias-Sociais-Aplicadas-4.pdf\">Ci\u00eancias Sociais Aplicadas (4)<\/a><\/p>\n<p><a href=\"https:\/\/wp.ufpel.edu.br\/enpos\/files\/2025\/10\/Ciencias-Humanas-6.pdf\">Ci\u00eancias Humanas (6)<\/a><\/p>\n<p><a href=\"https:\/\/wp.ufpel.edu.br\/enpos\/files\/2025\/10\/Ciencias-Exatas-e-da-Terra-3.pdf\">Ci\u00eancias Exatas e da Terra (3)<\/a><\/p>\n<p><a href=\"https:\/\/wp.ufpel.edu.br\/enpos\/files\/2025\/10\/Ciencias-da-Saude-3-2.pdf\">Ci\u00eancias da Sa\u00fade (3)<\/a><\/p>\n<p><a href=\"https:\/\/wp.ufpel.edu.br\/enpos\/files\/2025\/10\/Ciencias-Agrarias-8.pdf\">Ci\u00eancias Agr\u00e1rias (8)<\/a><\/p>\n<p><a href=\"https:\/\/wp.ufpel.edu.br\/enpos\/files\/2025\/10\/Ciencias-Biologicas-6.pdf\">Ci\u00eancias Biol\u00f3gicas (6)<\/a><\/p>\n<p>&nbsp;<\/p>\n<p>&nbsp;<\/p>\n","protected":false},"excerpt":{"rendered":"<p>A Comiss\u00e3o Executiva do\u00a0XXVII Encontro de P\u00f3s-Gradua\u00e7\u00e3o (ENPOS)\u00a0est\u00e1 divulgando o cronograma final com todos os trabalhos aprovados para apresenta\u00e7\u00e3o no evento. Informa\u00e7\u00f5es importantes: O evento ocorrer\u00e1 no Campus Anglo, localizado na Rua Gomes Carneiro, n\u00ba01 \u2013 Pelotas. Considerando a proximidade do congresso e que os estudantes da UFPel n\u00e3o ter\u00e3o aulas no per\u00edodo, N\u00c3O SER\u00c1 &hellip; <a href=\"https:\/\/wp.ufpel.edu.br\/enpos\/edicoes-anteriores\/xxvi-enpos-2024\/programacao\/\" class=\"more-link\">Continue lendo <span class=\"screen-reader-text\">Programa\u00e7\u00e3o Enp\u00f3s 2025<\/span> <span class=\"meta-nav\">&rarr;<\/span><\/a><\/p>\n","protected":false},"author":20,"featured_media":0,"parent":1164,"menu_order":0,"comment_status":"closed","ping_status":"closed","template":"","meta":{"jetpack_post_was_ever_published":false,"footnotes":"","_links_to":"","_links_to_target":""},"class_list":["post-1171","page","type-page","status-publish","hentry"],"jetpack_sharing_enabled":true,"_links":{"self":[{"href":"https:\/\/wp.ufpel.edu.br\/enpos\/wp-json\/wp\/v2\/pages\/1171","targetHints":{"allow":["GET"]}}],"collection":[{"href":"https:\/\/wp.ufpel.edu.br\/enpos\/wp-json\/wp\/v2\/pages"}],"about":[{"href":"https:\/\/wp.ufpel.edu.br\/enpos\/wp-json\/wp\/v2\/types\/page"}],"author":[{"embeddable":true,"href":"https:\/\/wp.ufpel.edu.br\/enpos\/wp-json\/wp\/v2\/users\/20"}],"replies":[{"embeddable":true,"href":"https:\/\/wp.ufpel.edu.br\/enpos\/wp-json\/wp\/v2\/comments?post=1171"}],"version-history":[{"count":4,"href":"https:\/\/wp.ufpel.edu.br\/enpos\/wp-json\/wp\/v2\/pages\/1171\/revisions"}],"predecessor-version":[{"id":1252,"href":"https:\/\/wp.ufpel.edu.br\/enpos\/wp-json\/wp\/v2\/pages\/1171\/revisions\/1252"}],"up":[{"embeddable":true,"href":"https:\/\/wp.ufpel.edu.br\/enpos\/wp-json\/wp\/v2\/pages\/1164"}],"wp:attachment":[{"href":"https:\/\/wp.ufpel.edu.br\/enpos\/wp-json\/wp\/v2\/media?parent=1171"}],"curies":[{"name":"wp","href":"https:\/\/api.w.org\/{rel}","templated":true}]}}