{"id":1164,"date":"2025-03-31T09:59:48","date_gmt":"2025-03-31T12:59:48","guid":{"rendered":"https:\/\/wp.ufpel.edu.br\/enpos\/?page_id=1164"},"modified":"2025-03-31T10:24:21","modified_gmt":"2025-03-31T13:24:21","slug":"xxvi-enpos-2024","status":"publish","type":"page","link":"https:\/\/wp.ufpel.edu.br\/enpos\/edicoes-anteriores\/xxvi-enpos-2024\/","title":{"rendered":"XXVI ENPOS (2024)"},"content":{"rendered":"<p style=\"text-align: center;\"><img loading=\"lazy\" decoding=\"async\" class=\"aligncenter size-large wp-image-1071\" src=\"https:\/\/wp.ufpel.edu.br\/enpos\/files\/2024\/05\/Cabec\u0327alhos_Site_ENPO\u0301S-984x220.png\" alt=\"\" width=\"604\" height=\"135\" \/><strong>DE 25 A 29 DE NOVEMBRO DE 2024<\/strong><\/p>\n<ul>\n<li><a href=\"https:\/\/wp.ufpel.edu.br\/enpos\/anais\/anais-2024\/\">Anais<\/a><\/li>\n<li><a href=\"https:\/\/wp.ufpel.edu.br\/enpos\/category\/noticias\/2024\/\">Not\u00edcias<\/a><\/li>\n<li><a href=\"https:\/\/wp.ufpel.edu.br\/enpos\/edicoes-anteriores\/xxvi-enpos-2024\/programacao\/\">Programa\u00e7\u00e3o<\/a><\/li>\n<\/ul>\n<p>&nbsp;<\/p>\n","protected":false},"excerpt":{"rendered":"<p>DE 25 A 29 DE NOVEMBRO DE 2024 Anais Not\u00edcias Programa\u00e7\u00e3o &nbsp;<\/p>\n","protected":false},"author":20,"featured_media":0,"parent":417,"menu_order":0,"comment_status":"closed","ping_status":"closed","template":"","meta":{"jetpack_post_was_ever_published":false,"footnotes":"","_links_to":"","_links_to_target":""},"class_list":["post-1164","page","type-page","status-publish","hentry"],"jetpack_sharing_enabled":true,"_links":{"self":[{"href":"https:\/\/wp.ufpel.edu.br\/enpos\/wp-json\/wp\/v2\/pages\/1164","targetHints":{"allow":["GET"]}}],"collection":[{"href":"https:\/\/wp.ufpel.edu.br\/enpos\/wp-json\/wp\/v2\/pages"}],"about":[{"href":"https:\/\/wp.ufpel.edu.br\/enpos\/wp-json\/wp\/v2\/types\/page"}],"author":[{"embeddable":true,"href":"https:\/\/wp.ufpel.edu.br\/enpos\/wp-json\/wp\/v2\/users\/20"}],"replies":[{"embeddable":true,"href":"https:\/\/wp.ufpel.edu.br\/enpos\/wp-json\/wp\/v2\/comments?post=1164"}],"version-history":[{"count":2,"href":"https:\/\/wp.ufpel.edu.br\/enpos\/wp-json\/wp\/v2\/pages\/1164\/revisions"}],"predecessor-version":[{"id":1174,"href":"https:\/\/wp.ufpel.edu.br\/enpos\/wp-json\/wp\/v2\/pages\/1164\/revisions\/1174"}],"up":[{"embeddable":true,"href":"https:\/\/wp.ufpel.edu.br\/enpos\/wp-json\/wp\/v2\/pages\/417"}],"wp:attachment":[{"href":"https:\/\/wp.ufpel.edu.br\/enpos\/wp-json\/wp\/v2\/media?parent=1164"}],"curies":[{"name":"wp","href":"https:\/\/api.w.org\/{rel}","templated":true}]}}