{"id":11,"date":"2024-11-08T09:56:14","date_gmt":"2024-11-08T12:56:14","guid":{"rendered":"https:\/\/wp.ufpel.edu.br\/enpos\/?page_id=11"},"modified":"2025-10-01T18:26:49","modified_gmt":"2025-10-01T21:26:49","slug":"programacao","status":"publish","type":"page","link":"https:\/\/wp.ufpel.edu.br\/enpos\/programacao\/","title":{"rendered":"Programa\u00e7\u00e3o"},"content":{"rendered":"<p>A Comiss\u00e3o Executiva do\u00a0<strong>XXVI Encontro de P\u00f3s-Gradua\u00e7\u00e3o (ENPOS)<\/strong>\u00a0est\u00e1 divulgando o cronograma final com todos os trabalhos aprovados para apresenta\u00e7\u00e3o no evento.<\/p>\n<p><strong>Informa\u00e7\u00f5es importantes:<\/strong><\/p>\n<ul>\n<li>O evento ocorrer\u00e1 no Campus Anglo, localizado na Rua Gomes Carneiro, n\u00ba01 \u2013 Pelotas.<\/li>\n<li>Considerando a proximidade do congresso e que os estudantes da UFPel n\u00e3o ter\u00e3o aulas no per\u00edodo, N\u00c3O SER\u00c1 POSS\u00cdVEL REALIZAR MODIFICA\u00c7\u00d5ES NA PROGRAMA\u00c7\u00c3O;<\/li>\n<li>Verifique com anteced\u00eancia o dia, hor\u00e1rio e sala da sua apresenta\u00e7\u00e3o e leve anotado com voc\u00ea;<\/li>\n<li>Programe-se para chegar alguns minutos antes da sua apresenta\u00e7\u00e3o, ap\u00f3s iniciada a sess\u00e3o n\u00e3o ser\u00e1 permitida a entrada na sala, nem do do orientador;<\/li>\n<li>O hor\u00e1rio de apresenta\u00e7\u00e3o \u00e9 o mesmo para todos(as) do sub-turno, conforme tabelas.\u00a0<strong>Todos(as) apresentadores(as)<\/strong>\u00a0devem estar na sala no hor\u00e1rio indicado (in\u00edcio do sub-turno);<\/li>\n<li>As sess\u00f5es de apresenta\u00e7\u00f5es transcorrer\u00e3o por subturnos. Cada sess\u00e3o ter\u00e1 a<br \/>\napresenta\u00e7\u00e3o oral de at\u00e9 sete trabalhos. No in\u00edcio da sess\u00e3o, ser\u00e3o concedidos at\u00e9 10 (dez) minutos para a apresenta\u00e7\u00e3o de cada trabalho, as quais ser\u00e3o feitas em sequ\u00eancia, sem interven\u00e7\u00f5es dos debatedores. Ap\u00f3s o t\u00e9rmino das apresenta\u00e7\u00f5es, dentro do sub-turno, os debatedores ter\u00e3o 20 (vinte) minutos para discutir em conjunto com os apresentadores os trabalhos apresentados na sess\u00e3o. \u00c9 permitido e estimulado que os apresentadores participem ativamente deste momento, inclusive com questionamentos aos pares.<\/li>\n<li>Os apresentadores dever\u00e3o informar seus orientadores do dia e hora da sua apresenta\u00e7\u00e3o;<\/li>\n<li>Ser\u00e3o disponibilizados computador e projetor nas salas, leve sua apresenta\u00e7\u00e3o em formato PDF salva em um pendrive;<\/li>\n<li>Leia o regulamento atentamente, qualquer d\u00favida entre em contato atrav\u00e9s do telefone (53)3284-4085.<\/li>\n<\/ul>\n<p>Programa\u00e7\u00e3o: <a href=\"https:\/\/wp.ufpel.edu.br\/enpos\/2025\/10\/01\/programacao-do-xxvii-enpos\/\">CLIQUE AQUI<\/a><\/p>\n<p style=\"text-align: justify;\">\n","protected":false},"excerpt":{"rendered":"<p>A Comiss\u00e3o Executiva do\u00a0XXVI Encontro de P\u00f3s-Gradua\u00e7\u00e3o (ENPOS)\u00a0est\u00e1 divulgando o cronograma final com todos os trabalhos aprovados para apresenta\u00e7\u00e3o no evento. Informa\u00e7\u00f5es importantes: O evento ocorrer\u00e1 no Campus Anglo, localizado na Rua Gomes Carneiro, n\u00ba01 \u2013 Pelotas. Considerando a proximidade do congresso e que os estudantes da UFPel n\u00e3o ter\u00e3o aulas no per\u00edodo, N\u00c3O SER\u00c1 &hellip; <a href=\"https:\/\/wp.ufpel.edu.br\/enpos\/programacao\/\" class=\"more-link\">Continue lendo <span class=\"screen-reader-text\">Programa\u00e7\u00e3o<\/span> <span class=\"meta-nav\">&rarr;<\/span><\/a><\/p>\n","protected":false},"author":296,"featured_media":0,"parent":0,"menu_order":0,"comment_status":"closed","ping_status":"closed","template":"","meta":{"jetpack_post_was_ever_published":true,"footnotes":"","_links_to":"","_links_to_target":""},"class_list":["post-11","page","type-page","status-publish","hentry"],"jetpack_sharing_enabled":true,"_links":{"self":[{"href":"https:\/\/wp.ufpel.edu.br\/enpos\/wp-json\/wp\/v2\/pages\/11","targetHints":{"allow":["GET"]}}],"collection":[{"href":"https:\/\/wp.ufpel.edu.br\/enpos\/wp-json\/wp\/v2\/pages"}],"about":[{"href":"https:\/\/wp.ufpel.edu.br\/enpos\/wp-json\/wp\/v2\/types\/page"}],"author":[{"embeddable":true,"href":"https:\/\/wp.ufpel.edu.br\/enpos\/wp-json\/wp\/v2\/users\/296"}],"replies":[{"embeddable":true,"href":"https:\/\/wp.ufpel.edu.br\/enpos\/wp-json\/wp\/v2\/comments?post=11"}],"version-history":[{"count":5,"href":"https:\/\/wp.ufpel.edu.br\/enpos\/wp-json\/wp\/v2\/pages\/11\/revisions"}],"predecessor-version":[{"id":1203,"href":"https:\/\/wp.ufpel.edu.br\/enpos\/wp-json\/wp\/v2\/pages\/11\/revisions\/1203"}],"wp:attachment":[{"href":"https:\/\/wp.ufpel.edu.br\/enpos\/wp-json\/wp\/v2\/media?parent=11"}],"curies":[{"name":"wp","href":"https:\/\/api.w.org\/{rel}","templated":true}]}}